{"id":95397,"date":"2020-04-03T13:11:18","date_gmt":"2020-04-03T11:11:18","guid":{"rendered":"https:\/\/globalsew.com\/?post_type=product&#038;p=95397"},"modified":"2024-05-22T09:53:49","modified_gmt":"2024-05-22T07:53:49","slug":"bh-1793","status":"publish","type":"product","link":"https:\/\/globalsew.com\/es\/product\/bh-1793\/","title":{"rendered":"BH 1793"},"content":{"rendered":"<p><strong>BH 1793<br \/>\n<\/strong>M\u00e1quina de ojales de pespunte electr\u00f3nico de alta velocidad. Esta m\u00e1quina est\u00e1 equipada con bobinadora incorporada, mecanismo de corte de hilo superior e inferior y es adecuada para producir ojales rectos perfectos en una amplia variedad de materiales. La m\u00e1quina est\u00e1 equipada con una funci\u00f3n de colocaci\u00f3n m\u00faltiple de cuchillas. Gracias a esta funci\u00f3n, ya no es necesario cambiar la cuchilla cada vez que se modifica el tama\u00f1o del ojal. El n\u00famero de veces que se deja caer la cuchilla se ajusta autom\u00e1ticamente seg\u00fan el tama\u00f1o del ojal, en los casos en que el tama\u00f1o del ojal se cambia con frecuencia para producciones de lotes peque\u00f1os o durante la costura c\u00edclica de ojales que son diferentes en tama\u00f1o. La longitud de corte m\u00e1xima est\u00e1ndar es de 25,4 mm y la anchura de cosido est\u00e1ndar de 4 mm. Otros tama\u00f1os son posibles con piezas opcionales adicionales.<\/p>","protected":false},"excerpt":{"rendered":"<p>BH 1793 High speed electronic lockstitch buttonhole machine. This machine is equipped with built-in bobbin winder, upper and lower thread trimmer mechanism and is suitable to produce perfect straight buttonholes on a wide variety of materials. The machine is equipped with a multiple knife-dropping function. Thanks to this function, it is no longer necessary, to [&hellip;]<\/p>\n","protected":false},"featured_media":95429,"template":"","meta":{"_acf_changed":false},"product_brand":[],"product_cat":[24,69],"product_tag":[],"class_list":{"0":"post-95397","1":"product","2":"type-product","3":"status-publish","4":"has-post-thumbnail","6":"product_cat-garment","7":"product_cat-straight-buttonhole","8":"tm-has-options","10":"first","11":"instock","12":"shipping-taxable","13":"purchasable","14":"product-type-simple"},"acf":[],"gallery_images":[95427,95428],"yoast_head":"<!-- This site is optimized with the Yoast SEO plugin v27.3 - https:\/\/yoast.com\/product\/yoast-seo-wordpress\/ -->\n<title>BH 1793 - Global International B.V.<\/title>\n<meta name=\"robots\" content=\"index, follow, max-snippet:-1, max-image-preview:large, max-video-preview:-1\" \/>\n<link rel=\"canonical\" href=\"https:\/\/globalsew.com\/es\/producto\/bh-1793\/\" \/>\n<meta property=\"og:locale\" content=\"es_ES\" \/>\n<meta property=\"og:type\" content=\"article\" \/>\n<meta property=\"og:title\" content=\"BH 1793 - Global International B.V.\" \/>\n<meta property=\"og:description\" content=\"BH 1793 High speed electronic lockstitch buttonhole machine. This machine is equipped with built-in bobbin winder, upper and lower thread trimmer mechanism and is suitable to produce perfect straight buttonholes on a wide variety of materials. The machine is equipped with a multiple knife-dropping function. Thanks to this function, it is no longer necessary, to [&hellip;]\" \/>\n<meta property=\"og:url\" content=\"https:\/\/globalsew.com\/es\/producto\/bh-1793\/\" \/>\n<meta property=\"og:site_name\" content=\"Global International B.V.\" \/>\n<meta property=\"article:modified_time\" content=\"2024-05-22T07:53:49+00:00\" \/>\n<meta property=\"og:image\" content=\"https:\/\/globalsew.com\/wp-content\/uploads\/2020\/04\/bh1793-a.jpg\" \/>\n\t<meta property=\"og:image:width\" content=\"555\" \/>\n\t<meta property=\"og:image:height\" content=\"347\" \/>\n\t<meta property=\"og:image:type\" content=\"image\/jpeg\" \/>\n<meta name=\"twitter:card\" content=\"summary_large_image\" \/>\n<meta name=\"twitter:label1\" content=\"Tiempo de lectura\" \/>\n\t<meta name=\"twitter:data1\" content=\"1 minuto\" \/>\n<script type=\"application\/ld+json\" class=\"yoast-schema-graph\">{\"@context\":\"https:\\\/\\\/schema.org\",\"@graph\":[{\"@type\":\"WebPage\",\"@id\":\"https:\\\/\\\/globalsew.com\\\/product\\\/bh-1793\\\/\",\"url\":\"https:\\\/\\\/globalsew.com\\\/product\\\/bh-1793\\\/\",\"name\":\"BH 1793 - Global International B.V.\",\"isPartOf\":{\"@id\":\"https:\\\/\\\/globalsew.com\\\/#website\"},\"primaryImageOfPage\":{\"@id\":\"https:\\\/\\\/globalsew.com\\\/product\\\/bh-1793\\\/#primaryimage\"},\"image\":{\"@id\":\"https:\\\/\\\/globalsew.com\\\/product\\\/bh-1793\\\/#primaryimage\"},\"thumbnailUrl\":\"https:\\\/\\\/globalsew.com\\\/wp-content\\\/uploads\\\/2020\\\/04\\\/bh1793-a.jpg\",\"datePublished\":\"2020-04-03T11:11:18+00:00\",\"dateModified\":\"2024-05-22T07:53:49+00:00\",\"breadcrumb\":{\"@id\":\"https:\\\/\\\/globalsew.com\\\/product\\\/bh-1793\\\/#breadcrumb\"},\"inLanguage\":\"es\",\"potentialAction\":[{\"@type\":\"ReadAction\",\"target\":[\"https:\\\/\\\/globalsew.com\\\/product\\\/bh-1793\\\/\"]}]},{\"@type\":\"ImageObject\",\"inLanguage\":\"es\",\"@id\":\"https:\\\/\\\/globalsew.com\\\/product\\\/bh-1793\\\/#primaryimage\",\"url\":\"https:\\\/\\\/globalsew.com\\\/wp-content\\\/uploads\\\/2020\\\/04\\\/bh1793-a.jpg\",\"contentUrl\":\"https:\\\/\\\/globalsew.com\\\/wp-content\\\/uploads\\\/2020\\\/04\\\/bh1793-a.jpg\",\"width\":555,\"height\":347},{\"@type\":\"BreadcrumbList\",\"@id\":\"https:\\\/\\\/globalsew.com\\\/product\\\/bh-1793\\\/#breadcrumb\",\"itemListElement\":[{\"@type\":\"ListItem\",\"position\":1,\"name\":\"Home\",\"item\":\"https:\\\/\\\/globalsew.com\\\/\"},{\"@type\":\"ListItem\",\"position\":2,\"name\":\"Products\",\"item\":\"https:\\\/\\\/globalsew.com\\\/products\\\/\"},{\"@type\":\"ListItem\",\"position\":3,\"name\":\"BH 1793\"}]},{\"@type\":\"WebSite\",\"@id\":\"https:\\\/\\\/globalsew.com\\\/#website\",\"url\":\"https:\\\/\\\/globalsew.com\\\/\",\"name\":\"Global International B.V.\",\"description\":\"Industrial Sewing Machines\",\"potentialAction\":[{\"@type\":\"SearchAction\",\"target\":{\"@type\":\"EntryPoint\",\"urlTemplate\":\"https:\\\/\\\/globalsew.com\\\/?s={search_term_string}\"},\"query-input\":{\"@type\":\"PropertyValueSpecification\",\"valueRequired\":true,\"valueName\":\"search_term_string\"}}],\"inLanguage\":\"es\"}]}<\/script>\n<!-- \/ Yoast SEO plugin. -->","yoast_head_json":{"title":"BH 1793 - Global International B.V.","robots":{"index":"index","follow":"follow","max-snippet":"max-snippet:-1","max-image-preview":"max-image-preview:large","max-video-preview":"max-video-preview:-1"},"canonical":"https:\/\/globalsew.com\/es\/producto\/bh-1793\/","og_locale":"es_ES","og_type":"article","og_title":"BH 1793 - Global International B.V.","og_description":"BH 1793 High speed electronic lockstitch buttonhole machine. This machine is equipped with built-in bobbin winder, upper and lower thread trimmer mechanism and is suitable to produce perfect straight buttonholes on a wide variety of materials. The machine is equipped with a multiple knife-dropping function. Thanks to this function, it is no longer necessary, to [&hellip;]","og_url":"https:\/\/globalsew.com\/es\/producto\/bh-1793\/","og_site_name":"Global International B.V.","article_modified_time":"2024-05-22T07:53:49+00:00","og_image":[{"width":555,"height":347,"url":"https:\/\/globalsew.com\/wp-content\/uploads\/2020\/04\/bh1793-a.jpg","type":"image\/jpeg"}],"twitter_card":"summary_large_image","twitter_misc":{"Tiempo de lectura":"1 minuto"},"schema":{"@context":"https:\/\/schema.org","@graph":[{"@type":"WebPage","@id":"https:\/\/globalsew.com\/product\/bh-1793\/","url":"https:\/\/globalsew.com\/product\/bh-1793\/","name":"BH 1793 - Global International B.V.","isPartOf":{"@id":"https:\/\/globalsew.com\/#website"},"primaryImageOfPage":{"@id":"https:\/\/globalsew.com\/product\/bh-1793\/#primaryimage"},"image":{"@id":"https:\/\/globalsew.com\/product\/bh-1793\/#primaryimage"},"thumbnailUrl":"https:\/\/globalsew.com\/wp-content\/uploads\/2020\/04\/bh1793-a.jpg","datePublished":"2020-04-03T11:11:18+00:00","dateModified":"2024-05-22T07:53:49+00:00","breadcrumb":{"@id":"https:\/\/globalsew.com\/product\/bh-1793\/#breadcrumb"},"inLanguage":"es","potentialAction":[{"@type":"ReadAction","target":["https:\/\/globalsew.com\/product\/bh-1793\/"]}]},{"@type":"ImageObject","inLanguage":"es","@id":"https:\/\/globalsew.com\/product\/bh-1793\/#primaryimage","url":"https:\/\/globalsew.com\/wp-content\/uploads\/2020\/04\/bh1793-a.jpg","contentUrl":"https:\/\/globalsew.com\/wp-content\/uploads\/2020\/04\/bh1793-a.jpg","width":555,"height":347},{"@type":"BreadcrumbList","@id":"https:\/\/globalsew.com\/product\/bh-1793\/#breadcrumb","itemListElement":[{"@type":"ListItem","position":1,"name":"Home","item":"https:\/\/globalsew.com\/"},{"@type":"ListItem","position":2,"name":"Products","item":"https:\/\/globalsew.com\/products\/"},{"@type":"ListItem","position":3,"name":"BH 1793"}]},{"@type":"WebSite","@id":"https:\/\/globalsew.com\/#website","url":"https:\/\/globalsew.com\/","name":"Global International B.V.","description":"M\u00e1quinas de coser industriales","potentialAction":[{"@type":"SearchAction","target":{"@type":"EntryPoint","urlTemplate":"https:\/\/globalsew.com\/?s={search_term_string}"},"query-input":{"@type":"PropertyValueSpecification","valueRequired":true,"valueName":"search_term_string"}}],"inLanguage":"es"}]}},"_links":{"self":[{"href":"https:\/\/globalsew.com\/es\/wp-json\/wp\/v2\/product\/95397","targetHints":{"allow":["GET"]}}],"collection":[{"href":"https:\/\/globalsew.com\/es\/wp-json\/wp\/v2\/product"}],"about":[{"href":"https:\/\/globalsew.com\/es\/wp-json\/wp\/v2\/types\/product"}],"wp:featuredmedia":[{"embeddable":true,"href":"https:\/\/globalsew.com\/es\/wp-json\/wp\/v2\/media\/95429"}],"wp:attachment":[{"href":"https:\/\/globalsew.com\/es\/wp-json\/wp\/v2\/media?parent=95397"}],"wp:term":[{"taxonomy":"product_brand","embeddable":true,"href":"https:\/\/globalsew.com\/es\/wp-json\/wp\/v2\/product_brand?post=95397"},{"taxonomy":"product_cat","embeddable":true,"href":"https:\/\/globalsew.com\/es\/wp-json\/wp\/v2\/product_cat?post=95397"},{"taxonomy":"product_tag","embeddable":true,"href":"https:\/\/globalsew.com\/es\/wp-json\/wp\/v2\/product_tag?post=95397"}],"curies":[{"name":"wp","href":"https:\/\/api.w.org\/{rel}","templated":true}]}}