{"id":95356,"date":"2020-03-25T15:19:15","date_gmt":"2020-03-25T14:19:15","guid":{"rendered":"https:\/\/globalsew.com\/?post_type=product&#038;p=95356"},"modified":"2025-10-22T09:14:47","modified_gmt":"2025-10-22T07:14:47","slug":"bt-1335-lh-copia","status":"publish","type":"product","link":"https:\/\/globalsew.com\/es\/product\/bt-1335-lh-copy\/","title":{"rendered":"BT 1335 LH"},"content":{"rendered":"<p style=\"text-align: left;\"><strong>Global BT 1335 LH\u00a0 \u00a0 \u00a0 <img decoding=\"async\" class=\"alignnone wp-image-95402\" src=\"https:\/\/globalsew.com\/wp-content\/uploads\/2020\/03\/koban-xs-global.jpg\" alt=\"\" width=\"40\" height=\"37\" \/>\u00a0 \u00a0 \u00a0 \u00a0 \u00a0 \u00a0 \u00a0 \u00a0 \u00a0 \u00a0 \u00a0 \u00a0 \u00a0 \u00a0 \u00a0 \u00a0 \u00a0 \u00a0 \u00a0 \u00a0 \u00a0 \u00a0 \u00a0 \u00a0 \u00a0 \u00a0<\/strong><br \/>\nCosedora de patrones electr\u00f3nica programable de accionamiento directo con bancada cil\u00edndrica y garfio de gran capacidad. Esta m\u00e1quina incorpora de serie un dispositivo de rotura de hilo. La refrigeraci\u00f3n de la aguja y el lector de c\u00f3digo de barras son opcionales. Esta m\u00e1quina es adecuada para coser materiales medios \/ pesados. La circunferencia del cilindro es de 180 mm. Hay un bastidor opcional disponible para utilizar la m\u00e1quina, con un \u00e1rea de costura de 250 x 160 mm. Es posible programar la m\u00e1quina con el software de dise\u00f1o de patrones para PC (opcional). La m\u00e1quina se entrega completa con tablero de mesa, soporte y un miniservomotor de accionamiento directo.<\/p>\n<p style=\"padding-left: 40px;\"><img fetchpriority=\"high\" decoding=\"async\" class=\"alignleft wp-image-95401\" src=\"https:\/\/globalsew.com\/wp-content\/uploads\/2020\/03\/BT-SOFTWARE-DAHAO-GLOBAL-1-1024x603.jpg\" alt=\"\" width=\"355\" height=\"209\" srcset=\"https:\/\/globalsew.com\/wp-content\/uploads\/2020\/03\/BT-SOFTWARE-DAHAO-GLOBAL-1-1024x603.jpg 1024w, https:\/\/globalsew.com\/wp-content\/uploads\/2020\/03\/BT-SOFTWARE-DAHAO-GLOBAL-1-1080x636.jpg 1080w, https:\/\/globalsew.com\/wp-content\/uploads\/2020\/03\/BT-SOFTWARE-DAHAO-GLOBAL-1-555x327.jpg 555w, https:\/\/globalsew.com\/wp-content\/uploads\/2020\/03\/BT-SOFTWARE-DAHAO-GLOBAL-1-300x177.jpg 300w, https:\/\/globalsew.com\/wp-content\/uploads\/2020\/03\/BT-SOFTWARE-DAHAO-GLOBAL-1-768x452.jpg 768w, https:\/\/globalsew.com\/wp-content\/uploads\/2020\/03\/BT-SOFTWARE-DAHAO-GLOBAL-1-205x121.jpg 205w, https:\/\/globalsew.com\/wp-content\/uploads\/2020\/03\/BT-SOFTWARE-DAHAO-GLOBAL-1.jpg 1417w\" sizes=\"(max-width: 355px) 100vw, 355px\" \/><img decoding=\"async\" class=\"wp-image-95338 alignright\" src=\"https:\/\/globalsew.com\/wp-content\/uploads\/2020\/03\/bt-panel-pc-global-m-300x180.jpg\" alt=\"\" width=\"299\" height=\"180\" srcset=\"https:\/\/globalsew.com\/wp-content\/uploads\/2020\/03\/bt-panel-pc-global-m-300x180.jpg 300w, https:\/\/globalsew.com\/wp-content\/uploads\/2020\/03\/bt-panel-pc-global-m-205x123.jpg 205w, https:\/\/globalsew.com\/wp-content\/uploads\/2020\/03\/bt-panel-pc-global-m.jpg 369w\" sizes=\"(max-width: 299px) 100vw, 299px\" \/><\/p>\n<p style=\"text-align: left;\">Dahao Technologies le permite dise\u00f1ar y modificar patrones tanto en el panel t\u00e1ctil de f\u00e1cil uso como por software y se pueden descargar directamente por USB. La m\u00e1quina puede leer : <span style=\"font-size: 10pt;\"><strong>Ficheros .DXF .NSP .DST .SEW .EMB<\/strong><\/span><\/p>\n<p><a href=\"https:\/\/globalsew.com\/es\/dahao\/\"><img loading=\"lazy\" decoding=\"async\" class=\"alignnone wp-image-95625\" src=\"https:\/\/globalsew.com\/wp-content\/uploads\/2020\/03\/BANNER-TEST2-GLOBAL-DAHOA.jpg\" alt=\"\" width=\"176\" height=\"51\" srcset=\"https:\/\/globalsew.com\/wp-content\/uploads\/2020\/03\/BANNER-TEST2-GLOBAL-DAHOA.jpg 789w, https:\/\/globalsew.com\/wp-content\/uploads\/2020\/03\/BANNER-TEST2-GLOBAL-DAHOA-555x160.jpg 555w, https:\/\/globalsew.com\/wp-content\/uploads\/2020\/03\/BANNER-TEST2-GLOBAL-DAHOA-300x87.jpg 300w, https:\/\/globalsew.com\/wp-content\/uploads\/2020\/03\/BANNER-TEST2-GLOBAL-DAHOA-768x222.jpg 768w, https:\/\/globalsew.com\/wp-content\/uploads\/2020\/03\/BANNER-TEST2-GLOBAL-DAHOA-205x59.jpg 205w\" sizes=\"(max-width: 176px) 100vw, 176px\" \/><\/a><\/p>\n<p>&nbsp;<\/p>\n<p>&nbsp;<\/p>\n<p style=\"text-align: left;\"><strong>APLICACI\u00d3N :\u00a0<\/strong><br \/>\n<span style=\"font-size: inherit;\">etiquetas o patrones en el interior de los zapatos, o diferentes tipos de dise\u00f1os para coser tirantes en bolsos. El \u00e1rea de costura es de 250 x160 mm. La altura del prensatelas puede ajustarse mediante un motor paso a paso. La m\u00e1quina se entrega completa con tablero de mesa, soporte y miniservomotor de accionamiento directo. Incluye dispositivo de rotura de hilo.<\/span><\/p>\n<p>&nbsp;<\/p>\n<p><strong>EST\u00c1NDAR :<\/strong><\/p>\n<p><img loading=\"lazy\" decoding=\"async\" class=\"alignnone wp-image-95409\" src=\"https:\/\/globalsew.com\/wp-content\/uploads\/2020\/03\/test-thread-software-bt-options-global-1.jpg\" alt=\"\" width=\"161\" height=\"169\" \/>\u00a0 \u00a0<img loading=\"lazy\" decoding=\"async\" class=\"alignnone wp-image-95411\" src=\"https:\/\/globalsew.com\/wp-content\/uploads\/2020\/03\/test-led-bt-options-global.jpg\" alt=\"\" width=\"163\" height=\"171\" \/>\u00a0 \u00a0 <img loading=\"lazy\" decoding=\"async\" class=\"alignnone wp-image-95412\" src=\"https:\/\/globalsew.com\/wp-content\/uploads\/2020\/03\/test-2-padel-bt-options-global.jpg\" alt=\"\" width=\"165\" height=\"173\" \/><\/p>\n<p style=\"text-align: left;\"><strong>OPCIONES :<\/strong><\/p>\n<p>\u00a0 \u00a0<img loading=\"lazy\" decoding=\"async\" class=\"alignnone wp-image-95407\" src=\"https:\/\/globalsew.com\/wp-content\/uploads\/2020\/03\/test-thread-software-bt-options-global.jpg\" alt=\"\" width=\"154\" height=\"161\" \/>\u00a0 \u00a0 \u00a0<img loading=\"lazy\" decoding=\"async\" class=\"alignnone wp-image-95410\" src=\"https:\/\/globalsew.com\/wp-content\/uploads\/2020\/03\/test-needle-cooling-bt-options-global.jpg\" alt=\"\" width=\"159\" height=\"167\" \/>\u00a0 \u00a0 \u00a0<img loading=\"lazy\" decoding=\"async\" class=\"alignnone wp-image-95413\" src=\"https:\/\/globalsew.com\/wp-content\/uploads\/2020\/03\/test-3-padel-bt-options-global.jpg\" alt=\"\" width=\"162\" height=\"170\" \/>\u00a0 \u00a0 \u00a0 <img loading=\"lazy\" decoding=\"async\" class=\"alignnone wp-image-95414\" src=\"https:\/\/globalsew.com\/wp-content\/uploads\/2020\/03\/test-SECOND-TENTION-bt-options-global.jpg\" alt=\"\" width=\"163\" height=\"171\" \/>\u00a0 \u00a0 \u00a0 <img loading=\"lazy\" decoding=\"async\" class=\"alignnone wp-image-95415\" src=\"https:\/\/globalsew.com\/wp-content\/uploads\/2020\/03\/test-flat-plate-bt-options-global.jpg\" alt=\"\" width=\"168\" height=\"176\" \/>\u00a0 \u00a0 \u00a0 <img loading=\"lazy\" decoding=\"async\" class=\"alignnone wp-image-95416\" src=\"https:\/\/globalsew.com\/wp-content\/uploads\/2020\/03\/test-barcode-reader-bt-options-global.jpg\" alt=\"\" width=\"169\" height=\"177\" \/><\/p>\n<p style=\"text-align: left;\">","protected":false},"excerpt":{"rendered":"<p>&nbsp;<\/p>\n<div class=\"row\">\n<div class=\"col-md-4\"><a class=\"download-button\" href=\"https:\/\/globalsew.com\/wp-content\/uploads\/2017\/02\/Global-BT-1335-series.pdf\" target=\"_blank\" rel=\"noopener noreferrer\">Folleto<\/a><\/div>\n<\/div>\n<p><img loading=\"lazy\" decoding=\"async\" class=\"alignnone size-medium wp-image-95335\" src=\"https:\/\/globalsew.com\/wp-content\/uploads\/2020\/03\/icons-global-bt-m-300x42.jpg\" alt=\"\" width=\"300\" height=\"42\" srcset=\"https:\/\/globalsew.com\/wp-content\/uploads\/2020\/03\/icons-global-bt-m-300x42.jpg 300w, https:\/\/globalsew.com\/wp-content\/uploads\/2020\/03\/icons-global-bt-m-205x29.jpg 205w, https:\/\/globalsew.com\/wp-content\/uploads\/2020\/03\/icons-global-bt-m.jpg 344w\" sizes=\"(max-width: 300px) 100vw, 300px\" \/>\u00a0 \u00a0 \u00a0 \u00a0 \u00a0 \u00a0 \u00a0 \u00a0 \u00a0 \u00a0 \u00a0 \u00a0 \u00a0 \u00a0 <img loading=\"lazy\" decoding=\"async\" class=\"alignnone wp-image-95406\" src=\"https:\/\/globalsew.com\/wp-content\/uploads\/2020\/03\/CE-EAC-ICON-GLOBALSEW-300x148.jpg\" alt=\"\" width=\"77\" height=\"38\" srcset=\"https:\/\/globalsew.com\/wp-content\/uploads\/2020\/03\/CE-EAC-ICON-GLOBALSEW-300x148.jpg 300w, https:\/\/globalsew.com\/wp-content\/uploads\/2020\/03\/CE-EAC-ICON-GLOBALSEW-scaled-1080x533.jpg 1080w, https:\/\/globalsew.com\/wp-content\/uploads\/2020\/03\/CE-EAC-ICON-GLOBALSEW-555x274.jpg 555w, https:\/\/globalsew.com\/wp-content\/uploads\/2020\/03\/CE-EAC-ICON-GLOBALSEW-1024x505.jpg 1024w, https:\/\/globalsew.com\/wp-content\/uploads\/2020\/03\/CE-EAC-ICON-GLOBALSEW-768x379.jpg 768w, https:\/\/globalsew.com\/wp-content\/uploads\/2020\/03\/CE-EAC-ICON-GLOBALSEW-1536x758.jpg 1536w, https:\/\/globalsew.com\/wp-content\/uploads\/2020\/03\/CE-EAC-ICON-GLOBALSEW-2048x1011.jpg 2048w, https:\/\/globalsew.com\/wp-content\/uploads\/2020\/03\/CE-EAC-ICON-GLOBALSEW-205x101.jpg 205w\" sizes=\"(max-width: 77px) 100vw, 77px\" \/><\/p>\n<p>&nbsp;<\/p>\n<p><strong>Especificaciones t\u00e9cnicas:<\/strong><\/p>\n<ul>\n<li>Velocidad de la m\u00e1quina: 1200 spm<\/li>\n<li>Sistema de alimentaci\u00f3n: por motor de impulsos (X-Y)<br \/>\nTipo de gancho: ook giratorio grande<\/li>\n<li>Longitud de puntada: m\u00e1x. 12 mm<\/li>\n<li>Elevaci\u00f3n del prensatelas: m\u00e1x. 16 mm<\/li>\n<li>Elevaci\u00f3n de la pinza: hasta 22 mm (neum\u00e1tica)<\/li>\n<li>Tipo de aguja: DPx17<\/li>\n<li>Fuente de alimentaci\u00f3n: servomotor de CA de accionamiento directo de 220-240 V, monof\u00e1sico, 50-60 Hz<\/li>\n<li>Campo de costura 250\u00d7160 mm<\/li>\n<\/ul>","protected":false},"featured_media":105228,"template":"","meta":{"_acf_changed":false},"product_brand":[],"product_cat":[157,97,152],"product_tag":[],"class_list":{"0":"post-95356","1":"product","2":"type-product","3":"status-publish","4":"has-post-thumbnail","6":"product_cat-pattern-sewing-machines-upholstery","7":"product_cat-pattern-sewing-machines","8":"product_cat-patternsewers","9":"tm-has-options","11":"first","12":"instock","13":"shipping-taxable","14":"purchasable","15":"product-type-simple"},"acf":[],"gallery_images":[105728,105229,105227,105226],"yoast_head":"<!-- This site is optimized with the Yoast SEO plugin v27.3 - https:\/\/yoast.com\/product\/yoast-seo-wordpress\/ -->\n<title>BT 1335 LH - Global International B.V.<\/title>\n<meta name=\"robots\" content=\"index, follow, max-snippet:-1, max-image-preview:large, max-video-preview:-1\" \/>\n<link rel=\"canonical\" href=\"https:\/\/globalsew.com\/es\/producto\/bt-1335-lh-copia\/\" \/>\n<meta property=\"og:locale\" content=\"es_ES\" \/>\n<meta property=\"og:type\" content=\"article\" \/>\n<meta property=\"og:title\" content=\"BT 1335 LH - Global International B.V.\" \/>\n<meta property=\"og:description\" content=\"&nbsp;  Leaflet  \u00a0 \u00a0 \u00a0 \u00a0 \u00a0 \u00a0 \u00a0 \u00a0 \u00a0 \u00a0 \u00a0 \u00a0 \u00a0 \u00a0   &nbsp;  Technical specifications:   Machine speed: 1200 spm  Feeding system: by pulse motor (X-Y) Hook type: large rotating ook  Stitch length: max 12 mm  Presser foot lift: max 16 mm  Clamp lift: up to 22 mm (pneumatic)  Needle type: DPx17  Power source: 220-240 V, single phase, 50-60 Hz direct drive AC servo motor  Sewing range 250x160 mm\" \/>\n<meta property=\"og:url\" content=\"https:\/\/globalsew.com\/es\/producto\/bt-1335-lh-copia\/\" \/>\n<meta property=\"og:site_name\" content=\"Global International B.V.\" \/>\n<meta property=\"article:modified_time\" content=\"2025-10-22T07:14:47+00:00\" \/>\n<meta property=\"og:image\" content=\"https:\/\/globalsew.com\/wp-content\/uploads\/2020\/03\/products-bt-1335-lh-06-global-1080-website-2024.jpg\" \/>\n\t<meta property=\"og:image:width\" content=\"1819\" \/>\n\t<meta property=\"og:image:height\" content=\"1080\" \/>\n\t<meta property=\"og:image:type\" content=\"image\/jpeg\" \/>\n<meta name=\"twitter:card\" content=\"summary_large_image\" \/>\n<meta name=\"twitter:label1\" content=\"Tiempo de lectura\" \/>\n\t<meta name=\"twitter:data1\" content=\"4 minutos\" \/>\n<script type=\"application\/ld+json\" class=\"yoast-schema-graph\">{\"@context\":\"https:\\\/\\\/schema.org\",\"@graph\":[{\"@type\":\"WebPage\",\"@id\":\"https:\\\/\\\/globalsew.com\\\/product\\\/bt-1335-lh-copy\\\/\",\"url\":\"https:\\\/\\\/globalsew.com\\\/product\\\/bt-1335-lh-copy\\\/\",\"name\":\"BT 1335 LH - Global International B.V.\",\"isPartOf\":{\"@id\":\"https:\\\/\\\/globalsew.com\\\/#website\"},\"primaryImageOfPage\":{\"@id\":\"https:\\\/\\\/globalsew.com\\\/product\\\/bt-1335-lh-copy\\\/#primaryimage\"},\"image\":{\"@id\":\"https:\\\/\\\/globalsew.com\\\/product\\\/bt-1335-lh-copy\\\/#primaryimage\"},\"thumbnailUrl\":\"https:\\\/\\\/globalsew.com\\\/wp-content\\\/uploads\\\/2020\\\/03\\\/products-bt-1335-lh-06-global-1080-website-2024.jpg\",\"datePublished\":\"2020-03-25T14:19:15+00:00\",\"dateModified\":\"2025-10-22T07:14:47+00:00\",\"breadcrumb\":{\"@id\":\"https:\\\/\\\/globalsew.com\\\/product\\\/bt-1335-lh-copy\\\/#breadcrumb\"},\"inLanguage\":\"es\",\"potentialAction\":[{\"@type\":\"ReadAction\",\"target\":[\"https:\\\/\\\/globalsew.com\\\/product\\\/bt-1335-lh-copy\\\/\"]}]},{\"@type\":\"ImageObject\",\"inLanguage\":\"es\",\"@id\":\"https:\\\/\\\/globalsew.com\\\/product\\\/bt-1335-lh-copy\\\/#primaryimage\",\"url\":\"https:\\\/\\\/globalsew.com\\\/wp-content\\\/uploads\\\/2020\\\/03\\\/products-bt-1335-lh-06-global-1080-website-2024.jpg\",\"contentUrl\":\"https:\\\/\\\/globalsew.com\\\/wp-content\\\/uploads\\\/2020\\\/03\\\/products-bt-1335-lh-06-global-1080-website-2024.jpg\",\"width\":1819,\"height\":1080,\"caption\":\"BT 1335 LH\"},{\"@type\":\"BreadcrumbList\",\"@id\":\"https:\\\/\\\/globalsew.com\\\/product\\\/bt-1335-lh-copy\\\/#breadcrumb\",\"itemListElement\":[{\"@type\":\"ListItem\",\"position\":1,\"name\":\"Home\",\"item\":\"https:\\\/\\\/globalsew.com\\\/\"},{\"@type\":\"ListItem\",\"position\":2,\"name\":\"Products\",\"item\":\"https:\\\/\\\/globalsew.com\\\/products\\\/\"},{\"@type\":\"ListItem\",\"position\":3,\"name\":\"BT 1335 LH\"}]},{\"@type\":\"WebSite\",\"@id\":\"https:\\\/\\\/globalsew.com\\\/#website\",\"url\":\"https:\\\/\\\/globalsew.com\\\/\",\"name\":\"Global International B.V.\",\"description\":\"Industrial Sewing Machines\",\"potentialAction\":[{\"@type\":\"SearchAction\",\"target\":{\"@type\":\"EntryPoint\",\"urlTemplate\":\"https:\\\/\\\/globalsew.com\\\/?s={search_term_string}\"},\"query-input\":{\"@type\":\"PropertyValueSpecification\",\"valueRequired\":true,\"valueName\":\"search_term_string\"}}],\"inLanguage\":\"es\"}]}<\/script>\n<!-- \/ Yoast SEO plugin. -->","yoast_head_json":{"title":"BT 1335 LH - Global International B.V.","robots":{"index":"index","follow":"follow","max-snippet":"max-snippet:-1","max-image-preview":"max-image-preview:large","max-video-preview":"max-video-preview:-1"},"canonical":"https:\/\/globalsew.com\/es\/producto\/bt-1335-lh-copia\/","og_locale":"es_ES","og_type":"article","og_title":"BT 1335 LH - Global International B.V.","og_description":"&nbsp;  Leaflet  \u00a0 \u00a0 \u00a0 \u00a0 \u00a0 \u00a0 \u00a0 \u00a0 \u00a0 \u00a0 \u00a0 \u00a0 \u00a0 \u00a0   &nbsp;  Technical specifications:   Machine speed: 1200 spm  Feeding system: by pulse motor (X-Y) Hook type: large rotating ook  Stitch length: max 12 mm  Presser foot lift: max 16 mm  Clamp lift: up to 22 mm (pneumatic)  Needle type: DPx17  Power source: 220-240 V, single phase, 50-60 Hz direct drive AC servo motor  Sewing range 250x160 mm","og_url":"https:\/\/globalsew.com\/es\/producto\/bt-1335-lh-copia\/","og_site_name":"Global International B.V.","article_modified_time":"2025-10-22T07:14:47+00:00","og_image":[{"width":1819,"height":1080,"url":"https:\/\/globalsew.com\/wp-content\/uploads\/2020\/03\/products-bt-1335-lh-06-global-1080-website-2024.jpg","type":"image\/jpeg"}],"twitter_card":"summary_large_image","twitter_misc":{"Tiempo de lectura":"4 minutos"},"schema":{"@context":"https:\/\/schema.org","@graph":[{"@type":"WebPage","@id":"https:\/\/globalsew.com\/product\/bt-1335-lh-copy\/","url":"https:\/\/globalsew.com\/product\/bt-1335-lh-copy\/","name":"BT 1335 LH - Global International B.V.","isPartOf":{"@id":"https:\/\/globalsew.com\/#website"},"primaryImageOfPage":{"@id":"https:\/\/globalsew.com\/product\/bt-1335-lh-copy\/#primaryimage"},"image":{"@id":"https:\/\/globalsew.com\/product\/bt-1335-lh-copy\/#primaryimage"},"thumbnailUrl":"https:\/\/globalsew.com\/wp-content\/uploads\/2020\/03\/products-bt-1335-lh-06-global-1080-website-2024.jpg","datePublished":"2020-03-25T14:19:15+00:00","dateModified":"2025-10-22T07:14:47+00:00","breadcrumb":{"@id":"https:\/\/globalsew.com\/product\/bt-1335-lh-copy\/#breadcrumb"},"inLanguage":"es","potentialAction":[{"@type":"ReadAction","target":["https:\/\/globalsew.com\/product\/bt-1335-lh-copy\/"]}]},{"@type":"ImageObject","inLanguage":"es","@id":"https:\/\/globalsew.com\/product\/bt-1335-lh-copy\/#primaryimage","url":"https:\/\/globalsew.com\/wp-content\/uploads\/2020\/03\/products-bt-1335-lh-06-global-1080-website-2024.jpg","contentUrl":"https:\/\/globalsew.com\/wp-content\/uploads\/2020\/03\/products-bt-1335-lh-06-global-1080-website-2024.jpg","width":1819,"height":1080,"caption":"BT 1335 LH"},{"@type":"BreadcrumbList","@id":"https:\/\/globalsew.com\/product\/bt-1335-lh-copy\/#breadcrumb","itemListElement":[{"@type":"ListItem","position":1,"name":"Home","item":"https:\/\/globalsew.com\/"},{"@type":"ListItem","position":2,"name":"Products","item":"https:\/\/globalsew.com\/products\/"},{"@type":"ListItem","position":3,"name":"BT 1335 LH"}]},{"@type":"WebSite","@id":"https:\/\/globalsew.com\/#website","url":"https:\/\/globalsew.com\/","name":"Global International B.V.","description":"M\u00e1quinas de coser industriales","potentialAction":[{"@type":"SearchAction","target":{"@type":"EntryPoint","urlTemplate":"https:\/\/globalsew.com\/?s={search_term_string}"},"query-input":{"@type":"PropertyValueSpecification","valueRequired":true,"valueName":"search_term_string"}}],"inLanguage":"es"}]}},"_links":{"self":[{"href":"https:\/\/globalsew.com\/es\/wp-json\/wp\/v2\/product\/95356","targetHints":{"allow":["GET"]}}],"collection":[{"href":"https:\/\/globalsew.com\/es\/wp-json\/wp\/v2\/product"}],"about":[{"href":"https:\/\/globalsew.com\/es\/wp-json\/wp\/v2\/types\/product"}],"wp:featuredmedia":[{"embeddable":true,"href":"https:\/\/globalsew.com\/es\/wp-json\/wp\/v2\/media\/105228"}],"wp:attachment":[{"href":"https:\/\/globalsew.com\/es\/wp-json\/wp\/v2\/media?parent=95356"}],"wp:term":[{"taxonomy":"product_brand","embeddable":true,"href":"https:\/\/globalsew.com\/es\/wp-json\/wp\/v2\/product_brand?post=95356"},{"taxonomy":"product_cat","embeddable":true,"href":"https:\/\/globalsew.com\/es\/wp-json\/wp\/v2\/product_cat?post=95356"},{"taxonomy":"product_tag","embeddable":true,"href":"https:\/\/globalsew.com\/es\/wp-json\/wp\/v2\/product_tag?post=95356"}],"curies":[{"name":"wp","href":"https:\/\/api.w.org\/{rel}","templated":true}]}}