{"id":95324,"date":"2020-03-12T13:15:25","date_gmt":"2020-03-12T12:15:25","guid":{"rendered":"https:\/\/globalsew.com\/?post_type=product&#038;p=95324"},"modified":"2026-04-07T08:59:48","modified_gmt":"2026-04-07T06:59:48","slug":"serie-zz-2560","status":"publish","type":"product","link":"https:\/\/globalsew.com\/es\/product\/zz-2560-series\/","title":{"rendered":"SERIE ZZ 2560"},"content":{"rendered":"<p><strong>ZZ 2565<\/strong><br \/>M\u00e1quina zig-zag de alta velocidad, lubricaci\u00f3n semiautom\u00e1tica, bobinadora incorporada. Retroceso exc\u00e9ntrico deslizante, mecanismo de avance de eslab\u00f3n colgante. Con garfio est\u00e1ndar, ancho de puntada 6 mm incluyendo kit de accionamiento directo. Velocidad m\u00e1xima de la m\u00e1quina 5000 spm.<\/p>\r\n<!-- \/wp:post-content -->\r\n<p><!-- wp:paragraph --><strong>ZZ 2565 AUT<\/strong><br \/>Igual que la ZZ 2565, pero equipada con recortadora bajo la cama, remate trasero y alzaprensatelas (todo el\u00e9ctrico)<\/p>\r\n<!-- \/wp:paragraph -->\r\n<p><!-- wp:paragraph --><strong>ZZ 2567<\/strong><br \/>M\u00e1quina de alta velocidad, controlada por levas, de puntada de fantas\u00eda en zig-zag, suministrada de serie con 2 levas. Extra: 18 levas opcionales. Con garfio grande, anchura de puntada de 10 mm, incluido kit de accionamiento directo. La velocidad m\u00e1xima de la m\u00e1quina depende del tipo de leva.<\/p>\r\n<!-- \/wp:paragraph -->\r\n<p><!-- wp:paragraph --><strong>ZZ 2567 AUT<\/strong><br \/>Igual que la ZZ 2567, pero equipada con recortadora bajo la cama, remate trasero y alzaprensatelas (todo el\u00e9ctrico)<\/p>\r\n<!-- \/wp:paragraph -->\r\n<p><!-- wp:paragraph --><strong>ZZ 2568<\/strong><br \/>M\u00e1quina de zig-zag de alta velocidad, lubricaci\u00f3n semiautom\u00e1tica, bobinadora incorporada. Retroceso exc\u00e9ntrico deslizante, mecanismo de avance de eslab\u00f3n colgante. Con gancho grande, ancho de puntada 10 mm, incluye kit de accionamiento directo. Velocidad m\u00e1xima de la m\u00e1quina 3400 spm.<\/p>\r\n<!-- \/wp:paragraph -->\r\n<p><!-- wp:paragraph --><strong>ZZ 2568 AUT<\/strong><br \/>Igual que la ZZ 2568, pero equipada con recortadora bajo la cama, remate trasero y alzaprensatelas (todo el\u00e9ctrico)<\/p>\r\n<!-- \/wp:paragraph -->\r\n<p><!-- wp:paragraph -->\u00a0<\/p>\r\n<p>&nbsp;<\/p>","protected":false},"excerpt":{"rendered":"<p>Para las descargas, consulte nuestra p\u00e1gina de descargas del <a class=\"download-link\" href=\"https:\/\/globalsew.com\/es\/descargar\/maquinas-de-coser-zig-zag-serie-zz-2560\/\">Accionamiento directo en zig-zag Serie ZZ 2560<\/a>.<\/p>\n<p><a href=\"https:\/\/youtu.be\/CW7cqDXarZA\" target=\"_blank\" rel=\"noopener\"><img decoding=\"async\" src=\"https:\/\/globalsew.com\/wp-content\/uploads\/2017\/11\/youtube-logo-4.png\" \/><\/a><\/p>","protected":false},"featured_media":95322,"template":"","meta":{"_acf_changed":false},"product_brand":[],"product_cat":[375,100,377,151],"product_tag":[],"class_list":{"0":"post-95324","1":"product","2":"type-product","3":"status-publish","4":"has-post-thumbnail","6":"product_cat-sailmaking-machines","7":"product_cat-zig-zag-machines","8":"product_cat-zig-zag-machines-garment","9":"product_cat-zig-zag-machines-heavy-duty","10":"tm-has-options","12":"first","13":"instock","14":"shipping-taxable","15":"purchasable","16":"product-type-variable"},"acf":[],"gallery_images":[],"yoast_head":"<!-- This site is optimized with the Yoast SEO plugin v27.3 - https:\/\/yoast.com\/product\/yoast-seo-wordpress\/ -->\n<title>ZZ 2560 SERIES - Global International B.V.<\/title>\n<meta name=\"robots\" content=\"index, follow, max-snippet:-1, max-image-preview:large, max-video-preview:-1\" \/>\n<link rel=\"canonical\" href=\"https:\/\/globalsew.com\/es\/producto\/serie-zz-2560\/\" \/>\n<meta property=\"og:locale\" content=\"es_ES\" \/>\n<meta property=\"og:type\" content=\"article\" \/>\n<meta property=\"og:title\" content=\"ZZ 2560 SERIES - Global International B.V.\" \/>\n<meta property=\"og:description\" content=\"For downloads see our downloads page for the Direct drive zig-zag ZZ 2560 Series.\" \/>\n<meta property=\"og:url\" content=\"https:\/\/globalsew.com\/es\/producto\/serie-zz-2560\/\" \/>\n<meta property=\"og:site_name\" content=\"Global International B.V.\" \/>\n<meta property=\"article:modified_time\" content=\"2026-04-07T06:59:48+00:00\" \/>\n<meta property=\"og:image\" content=\"https:\/\/globalsew.com\/wp-content\/uploads\/2020\/03\/WEB-GLOBAL-ZZ-2500-01-GLOBAL.jpg\" \/>\n\t<meta property=\"og:image:width\" content=\"555\" \/>\n\t<meta property=\"og:image:height\" content=\"347\" \/>\n\t<meta property=\"og:image:type\" content=\"image\/jpeg\" \/>\n<meta name=\"twitter:card\" content=\"summary_large_image\" \/>\n<meta name=\"twitter:label1\" content=\"Tiempo de lectura\" \/>\n\t<meta name=\"twitter:data1\" content=\"1 minuto\" \/>\n<script type=\"application\/ld+json\" class=\"yoast-schema-graph\">{\"@context\":\"https:\\\/\\\/schema.org\",\"@graph\":[{\"@type\":\"WebPage\",\"@id\":\"https:\\\/\\\/globalsew.com\\\/product\\\/zz-2560-series\\\/\",\"url\":\"https:\\\/\\\/globalsew.com\\\/product\\\/zz-2560-series\\\/\",\"name\":\"ZZ 2560 SERIES - Global International B.V.\",\"isPartOf\":{\"@id\":\"https:\\\/\\\/globalsew.com\\\/#website\"},\"primaryImageOfPage\":{\"@id\":\"https:\\\/\\\/globalsew.com\\\/product\\\/zz-2560-series\\\/#primaryimage\"},\"image\":{\"@id\":\"https:\\\/\\\/globalsew.com\\\/product\\\/zz-2560-series\\\/#primaryimage\"},\"thumbnailUrl\":\"https:\\\/\\\/globalsew.com\\\/wp-content\\\/uploads\\\/2020\\\/03\\\/WEB-GLOBAL-ZZ-2500-01-GLOBAL.jpg\",\"datePublished\":\"2020-03-12T12:15:25+00:00\",\"dateModified\":\"2026-04-07T06:59:48+00:00\",\"breadcrumb\":{\"@id\":\"https:\\\/\\\/globalsew.com\\\/product\\\/zz-2560-series\\\/#breadcrumb\"},\"inLanguage\":\"es\",\"potentialAction\":[{\"@type\":\"ReadAction\",\"target\":[\"https:\\\/\\\/globalsew.com\\\/product\\\/zz-2560-series\\\/\"]}]},{\"@type\":\"ImageObject\",\"inLanguage\":\"es\",\"@id\":\"https:\\\/\\\/globalsew.com\\\/product\\\/zz-2560-series\\\/#primaryimage\",\"url\":\"https:\\\/\\\/globalsew.com\\\/wp-content\\\/uploads\\\/2020\\\/03\\\/WEB-GLOBAL-ZZ-2500-01-GLOBAL.jpg\",\"contentUrl\":\"https:\\\/\\\/globalsew.com\\\/wp-content\\\/uploads\\\/2020\\\/03\\\/WEB-GLOBAL-ZZ-2500-01-GLOBAL.jpg\",\"width\":555,\"height\":347},{\"@type\":\"BreadcrumbList\",\"@id\":\"https:\\\/\\\/globalsew.com\\\/product\\\/zz-2560-series\\\/#breadcrumb\",\"itemListElement\":[{\"@type\":\"ListItem\",\"position\":1,\"name\":\"Home\",\"item\":\"https:\\\/\\\/globalsew.com\\\/\"},{\"@type\":\"ListItem\",\"position\":2,\"name\":\"Products\",\"item\":\"https:\\\/\\\/globalsew.com\\\/products\\\/\"},{\"@type\":\"ListItem\",\"position\":3,\"name\":\"ZZ 2560 SERIES\"}]},{\"@type\":\"WebSite\",\"@id\":\"https:\\\/\\\/globalsew.com\\\/#website\",\"url\":\"https:\\\/\\\/globalsew.com\\\/\",\"name\":\"Global International B.V.\",\"description\":\"Industrial Sewing Machines\",\"potentialAction\":[{\"@type\":\"SearchAction\",\"target\":{\"@type\":\"EntryPoint\",\"urlTemplate\":\"https:\\\/\\\/globalsew.com\\\/?s={search_term_string}\"},\"query-input\":{\"@type\":\"PropertyValueSpecification\",\"valueRequired\":true,\"valueName\":\"search_term_string\"}}],\"inLanguage\":\"es\"}]}<\/script>\n<!-- \/ Yoast SEO plugin. -->","yoast_head_json":{"title":"SERIE ZZ 2560 - Global International B.V.","robots":{"index":"index","follow":"follow","max-snippet":"max-snippet:-1","max-image-preview":"max-image-preview:large","max-video-preview":"max-video-preview:-1"},"canonical":"https:\/\/globalsew.com\/es\/producto\/serie-zz-2560\/","og_locale":"es_ES","og_type":"article","og_title":"ZZ 2560 SERIES - Global International B.V.","og_description":"For downloads see our downloads page for the Direct drive zig-zag ZZ 2560 Series.","og_url":"https:\/\/globalsew.com\/es\/producto\/serie-zz-2560\/","og_site_name":"Global International B.V.","article_modified_time":"2026-04-07T06:59:48+00:00","og_image":[{"width":555,"height":347,"url":"https:\/\/globalsew.com\/wp-content\/uploads\/2020\/03\/WEB-GLOBAL-ZZ-2500-01-GLOBAL.jpg","type":"image\/jpeg"}],"twitter_card":"summary_large_image","twitter_misc":{"Tiempo de lectura":"1 minuto"},"schema":{"@context":"https:\/\/schema.org","@graph":[{"@type":"WebPage","@id":"https:\/\/globalsew.com\/product\/zz-2560-series\/","url":"https:\/\/globalsew.com\/product\/zz-2560-series\/","name":"SERIE ZZ 2560 - Global International B.V.","isPartOf":{"@id":"https:\/\/globalsew.com\/#website"},"primaryImageOfPage":{"@id":"https:\/\/globalsew.com\/product\/zz-2560-series\/#primaryimage"},"image":{"@id":"https:\/\/globalsew.com\/product\/zz-2560-series\/#primaryimage"},"thumbnailUrl":"https:\/\/globalsew.com\/wp-content\/uploads\/2020\/03\/WEB-GLOBAL-ZZ-2500-01-GLOBAL.jpg","datePublished":"2020-03-12T12:15:25+00:00","dateModified":"2026-04-07T06:59:48+00:00","breadcrumb":{"@id":"https:\/\/globalsew.com\/product\/zz-2560-series\/#breadcrumb"},"inLanguage":"es","potentialAction":[{"@type":"ReadAction","target":["https:\/\/globalsew.com\/product\/zz-2560-series\/"]}]},{"@type":"ImageObject","inLanguage":"es","@id":"https:\/\/globalsew.com\/product\/zz-2560-series\/#primaryimage","url":"https:\/\/globalsew.com\/wp-content\/uploads\/2020\/03\/WEB-GLOBAL-ZZ-2500-01-GLOBAL.jpg","contentUrl":"https:\/\/globalsew.com\/wp-content\/uploads\/2020\/03\/WEB-GLOBAL-ZZ-2500-01-GLOBAL.jpg","width":555,"height":347},{"@type":"BreadcrumbList","@id":"https:\/\/globalsew.com\/product\/zz-2560-series\/#breadcrumb","itemListElement":[{"@type":"ListItem","position":1,"name":"Home","item":"https:\/\/globalsew.com\/"},{"@type":"ListItem","position":2,"name":"Products","item":"https:\/\/globalsew.com\/products\/"},{"@type":"ListItem","position":3,"name":"ZZ 2560 SERIES"}]},{"@type":"WebSite","@id":"https:\/\/globalsew.com\/#website","url":"https:\/\/globalsew.com\/","name":"Global International B.V.","description":"M\u00e1quinas de coser industriales","potentialAction":[{"@type":"SearchAction","target":{"@type":"EntryPoint","urlTemplate":"https:\/\/globalsew.com\/?s={search_term_string}"},"query-input":{"@type":"PropertyValueSpecification","valueRequired":true,"valueName":"search_term_string"}}],"inLanguage":"es"}]}},"_links":{"self":[{"href":"https:\/\/globalsew.com\/es\/wp-json\/wp\/v2\/product\/95324","targetHints":{"allow":["GET"]}}],"collection":[{"href":"https:\/\/globalsew.com\/es\/wp-json\/wp\/v2\/product"}],"about":[{"href":"https:\/\/globalsew.com\/es\/wp-json\/wp\/v2\/types\/product"}],"wp:featuredmedia":[{"embeddable":true,"href":"https:\/\/globalsew.com\/es\/wp-json\/wp\/v2\/media\/95322"}],"wp:attachment":[{"href":"https:\/\/globalsew.com\/es\/wp-json\/wp\/v2\/media?parent=95324"}],"wp:term":[{"taxonomy":"product_brand","embeddable":true,"href":"https:\/\/globalsew.com\/es\/wp-json\/wp\/v2\/product_brand?post=95324"},{"taxonomy":"product_cat","embeddable":true,"href":"https:\/\/globalsew.com\/es\/wp-json\/wp\/v2\/product_cat?post=95324"},{"taxonomy":"product_tag","embeddable":true,"href":"https:\/\/globalsew.com\/es\/wp-json\/wp\/v2\/product_tag?post=95324"}],"curies":[{"name":"wp","href":"https:\/\/api.w.org\/{rel}","templated":true}]}}