{"id":94559,"date":"2018-03-19T13:27:49","date_gmt":"2018-03-19T12:27:49","guid":{"rendered":"https:\/\/globalsew.com\/?post_type=product&#038;p=94559"},"modified":"2024-05-22T09:46:56","modified_gmt":"2024-05-22T07:46:56","slug":"serie-i70","status":"publish","type":"product","link":"https:\/\/globalsew.com\/es\/product\/i70-series\/","title":{"rendered":"Serie i70"},"content":{"rendered":"<p><em>Caja de control independiente que puede utilizarse en combinaci\u00f3n con un minimotor de 500, 600 \u00f3 750 vatios. Eligiendo el mini motor adecuado para la aplicaci\u00f3n de su m\u00e1quina de coser, se puede equipar una amplia variedad de modelos de m\u00e1quinas de coser con esta unidad de control (incluido el accionamiento directo). El panel de control C300 (i70) es opcional.<\/p>\n<p>Funciones disponibles (seg\u00fan el modelo de caja de control):<br \/>\ntrimmer, limpiador, liberador de tensi\u00f3n, elevador de prensatelas, marcha atr\u00e1s, funci\u00f3n HP, segunda longitud de puntada, extractor, gu\u00eda de material, entrada de fotoc\u00e9lula, funci\u00f3n flip flop y sistema IOT.<\/p>\n<p>Los modelos i60 e i70 utilizan una unidad de control de velocidad independiente que puede instalarse en una posici\u00f3n aleatoria debajo de la mesa, por lo que resulta muy pr\u00e1ctica para m\u00e1quinas de brazo largo.<\/p>\n<p>Modelos i70 disponibles: D\u00fcrkopp Adler (i70L) , Global, Brother, Mitsubishi, Pegasus (i70M), Juki.<\/p>\n<p>Minimotores para las series i60, i70:<br \/>\nLas series i60 e i70 funcionan en combinaci\u00f3n con un minimotor independiente. Con los modelos de 500, 600 y 750 vatios se consigue una amplia<br \/>\nde aplicaciones de costura. Los minimotores para debajo de la mesa se suministran con montaje incluido<br \/>\nsoporte, cubierta de la correa trapezoidal y polea del motor.<\/p>\n<p>Tambi\u00e9n hay disponibles varios modelos de transmisi\u00f3n directa.<\/p>\n<p>Unidad de control con todas las funciones y unidad de control de velocidad. Mini motor no est\u00e1 incluido.<\/em><\/p>\n<p><strong>i70M-4-11-220<\/strong> - Modelo Mitsubishi<br \/>\n<strong>i70M-4-7W-220<\/strong> - Modelo Juki<br \/>\n<strong>i70M-4-BR-220<\/strong> - Modelo Brother<br \/>\n<strong>i70L-4-ED-220<\/strong> - para varios modelos de postes Global y DA<\/p>\n<p><em>Minimotores para la serie i70:<\/em><br \/>\n<strong>MT0150 - <\/strong>Mini motor de 500 vatios para montaje debajo de la mesa<br \/>\n<strong>MT0160 - <\/strong>Mini motor de 600 vatios para montaje debajo de la mesa<br \/>\n<strong>MT0175 - <\/strong>Mini motor de 750 vatios para montaje debajo de la mesa<br \/>\n<strong>MT0250 - <\/strong>Mini motor de 500 vatios para m\u00e1quinas de accionamiento directo (este motor no tiene soporte y lleva un sincronizador incorporado)<br \/>\n<strong>MT0260 - <\/strong>Mini motor de 600 vatios para m\u00e1quinas de accionamiento directo (este motor no tiene soporte y lleva un sincronizador incorporado)<br \/>\n<strong>MT0275 - <\/strong>Minimotor de 750 vatios para m\u00e1quinas de accionamiento directo (este motor no tiene soporte y lleva un sincronizador incorporado)<br \/>\n<strong>MT0350 - <\/strong>Mini motor de 500 W para m\u00e1quinas de punto de cadeneta (polea del motor 85) para montaje debajo de la mesa<\/p>\n<p>Tama\u00f1o est\u00e1ndar de la polea del minimotor 75 mm<\/p>\n<p>&nbsp;<\/p>\n<p>&nbsp;<\/p>\n<p><img decoding=\"async\" class=\"alignnone size-full wp-image-94846\" src=\"https:\/\/globalsew.com\/wp-content\/uploads\/2018\/03\/iso-xs-global.jpg\" alt=\"\" width=\"73\" height=\"68\" \/>\u00a0<img decoding=\"async\" class=\"alignnone size-full wp-image-94845\" src=\"https:\/\/globalsew.com\/wp-content\/uploads\/2018\/03\/rohs-xs-global.jpg\" alt=\"\" width=\"73\" height=\"68\" \/>\u00a0<img decoding=\"async\" class=\"alignnone size-full wp-image-94794\" src=\"https:\/\/globalsew.com\/wp-content\/uploads\/2017\/04\/eac-xs-global.jpg\" alt=\"\" width=\"73\" height=\"68\" \/>\u00a0<img loading=\"lazy\" decoding=\"async\" class=\"alignnone size-full wp-image-94793\" src=\"https:\/\/globalsew.com\/wp-content\/uploads\/2017\/04\/ce-xs-global.jpg\" alt=\"\" width=\"73\" height=\"68\" \/><\/p>","protected":false},"excerpt":{"rendered":"<div class=\"row\">\n<div class=\"col-md-6\"><a class=\"download-button\" href=\"https:\/\/globalsew.com\/wp-content\/uploads\/2017\/03\/Ho-Hsing-brochure.pdf\" target=\"_blank\" rel=\"noopener\">Descargar folleto<\/a><\/div>\n<\/div>","protected":false},"featured_media":94887,"template":"","meta":{"_acf_changed":false},"product_brand":[],"product_cat":[378,141],"product_tag":[],"class_list":{"0":"post-94559","1":"product","2":"type-product","3":"status-publish","4":"has-post-thumbnail","6":"product_cat-ho-hsing-servomotors","7":"product_cat-motors","8":"tm-has-options","10":"first","11":"instock","12":"shipping-taxable","13":"purchasable","14":"product-type-simple"},"acf":[],"gallery_images":[94888,94889,94544],"yoast_head":"<!-- This site is optimized with the Yoast SEO plugin v27.3 - https:\/\/yoast.com\/product\/yoast-seo-wordpress\/ -->\n<title>i70 series - Global International B.V.<\/title>\n<meta name=\"robots\" content=\"index, follow, max-snippet:-1, max-image-preview:large, max-video-preview:-1\" \/>\n<link rel=\"canonical\" href=\"https:\/\/globalsew.com\/es\/producto\/serie-i70\/\" \/>\n<meta property=\"og:locale\" content=\"es_ES\" \/>\n<meta property=\"og:type\" content=\"article\" \/>\n<meta property=\"og:title\" content=\"i70 series - Global International B.V.\" \/>\n<meta property=\"og:description\" content=\"Download Leaflet\" \/>\n<meta property=\"og:url\" content=\"https:\/\/globalsew.com\/es\/producto\/serie-i70\/\" \/>\n<meta property=\"og:site_name\" content=\"Global International B.V.\" \/>\n<meta property=\"article:modified_time\" content=\"2024-05-22T07:46:56+00:00\" \/>\n<meta property=\"og:image\" content=\"https:\/\/globalsew.com\/wp-content\/uploads\/2018\/03\/WEB-HOHSING-BOX-I70-02-GLOBAL.jpg\" \/>\n\t<meta property=\"og:image:width\" content=\"555\" \/>\n\t<meta property=\"og:image:height\" content=\"347\" \/>\n\t<meta property=\"og:image:type\" content=\"image\/jpeg\" \/>\n<meta name=\"twitter:card\" content=\"summary_large_image\" \/>\n<meta name=\"twitter:label1\" content=\"Tiempo de lectura\" \/>\n\t<meta name=\"twitter:data1\" content=\"3 minutos\" \/>\n<script type=\"application\/ld+json\" class=\"yoast-schema-graph\">{\"@context\":\"https:\\\/\\\/schema.org\",\"@graph\":[{\"@type\":\"WebPage\",\"@id\":\"https:\\\/\\\/globalsew.com\\\/product\\\/i70-series\\\/\",\"url\":\"https:\\\/\\\/globalsew.com\\\/product\\\/i70-series\\\/\",\"name\":\"i70 series - Global International B.V.\",\"isPartOf\":{\"@id\":\"https:\\\/\\\/globalsew.com\\\/#website\"},\"primaryImageOfPage\":{\"@id\":\"https:\\\/\\\/globalsew.com\\\/product\\\/i70-series\\\/#primaryimage\"},\"image\":{\"@id\":\"https:\\\/\\\/globalsew.com\\\/product\\\/i70-series\\\/#primaryimage\"},\"thumbnailUrl\":\"https:\\\/\\\/globalsew.com\\\/wp-content\\\/uploads\\\/2018\\\/03\\\/WEB-HOHSING-BOX-I70-02-GLOBAL.jpg\",\"datePublished\":\"2018-03-19T12:27:49+00:00\",\"dateModified\":\"2024-05-22T07:46:56+00:00\",\"breadcrumb\":{\"@id\":\"https:\\\/\\\/globalsew.com\\\/product\\\/i70-series\\\/#breadcrumb\"},\"inLanguage\":\"es\",\"potentialAction\":[{\"@type\":\"ReadAction\",\"target\":[\"https:\\\/\\\/globalsew.com\\\/product\\\/i70-series\\\/\"]}]},{\"@type\":\"ImageObject\",\"inLanguage\":\"es\",\"@id\":\"https:\\\/\\\/globalsew.com\\\/product\\\/i70-series\\\/#primaryimage\",\"url\":\"https:\\\/\\\/globalsew.com\\\/wp-content\\\/uploads\\\/2018\\\/03\\\/WEB-HOHSING-BOX-I70-02-GLOBAL.jpg\",\"contentUrl\":\"https:\\\/\\\/globalsew.com\\\/wp-content\\\/uploads\\\/2018\\\/03\\\/WEB-HOHSING-BOX-I70-02-GLOBAL.jpg\",\"width\":555,\"height\":347},{\"@type\":\"BreadcrumbList\",\"@id\":\"https:\\\/\\\/globalsew.com\\\/product\\\/i70-series\\\/#breadcrumb\",\"itemListElement\":[{\"@type\":\"ListItem\",\"position\":1,\"name\":\"Home\",\"item\":\"https:\\\/\\\/globalsew.com\\\/\"},{\"@type\":\"ListItem\",\"position\":2,\"name\":\"Products\",\"item\":\"https:\\\/\\\/globalsew.com\\\/products\\\/\"},{\"@type\":\"ListItem\",\"position\":3,\"name\":\"i70 series\"}]},{\"@type\":\"WebSite\",\"@id\":\"https:\\\/\\\/globalsew.com\\\/#website\",\"url\":\"https:\\\/\\\/globalsew.com\\\/\",\"name\":\"Global International B.V.\",\"description\":\"Industrial Sewing Machines\",\"potentialAction\":[{\"@type\":\"SearchAction\",\"target\":{\"@type\":\"EntryPoint\",\"urlTemplate\":\"https:\\\/\\\/globalsew.com\\\/?s={search_term_string}\"},\"query-input\":{\"@type\":\"PropertyValueSpecification\",\"valueRequired\":true,\"valueName\":\"search_term_string\"}}],\"inLanguage\":\"es\"}]}<\/script>\n<!-- \/ Yoast SEO plugin. -->","yoast_head_json":{"title":"Serie i70 - Global International B.V.","robots":{"index":"index","follow":"follow","max-snippet":"max-snippet:-1","max-image-preview":"max-image-preview:large","max-video-preview":"max-video-preview:-1"},"canonical":"https:\/\/globalsew.com\/es\/producto\/serie-i70\/","og_locale":"es_ES","og_type":"article","og_title":"i70 series - Global International B.V.","og_description":"Download Leaflet","og_url":"https:\/\/globalsew.com\/es\/producto\/serie-i70\/","og_site_name":"Global International B.V.","article_modified_time":"2024-05-22T07:46:56+00:00","og_image":[{"width":555,"height":347,"url":"https:\/\/globalsew.com\/wp-content\/uploads\/2018\/03\/WEB-HOHSING-BOX-I70-02-GLOBAL.jpg","type":"image\/jpeg"}],"twitter_card":"summary_large_image","twitter_misc":{"Tiempo de lectura":"3 minutos"},"schema":{"@context":"https:\/\/schema.org","@graph":[{"@type":"WebPage","@id":"https:\/\/globalsew.com\/product\/i70-series\/","url":"https:\/\/globalsew.com\/product\/i70-series\/","name":"Serie i70 - Global International B.V.","isPartOf":{"@id":"https:\/\/globalsew.com\/#website"},"primaryImageOfPage":{"@id":"https:\/\/globalsew.com\/product\/i70-series\/#primaryimage"},"image":{"@id":"https:\/\/globalsew.com\/product\/i70-series\/#primaryimage"},"thumbnailUrl":"https:\/\/globalsew.com\/wp-content\/uploads\/2018\/03\/WEB-HOHSING-BOX-I70-02-GLOBAL.jpg","datePublished":"2018-03-19T12:27:49+00:00","dateModified":"2024-05-22T07:46:56+00:00","breadcrumb":{"@id":"https:\/\/globalsew.com\/product\/i70-series\/#breadcrumb"},"inLanguage":"es","potentialAction":[{"@type":"ReadAction","target":["https:\/\/globalsew.com\/product\/i70-series\/"]}]},{"@type":"ImageObject","inLanguage":"es","@id":"https:\/\/globalsew.com\/product\/i70-series\/#primaryimage","url":"https:\/\/globalsew.com\/wp-content\/uploads\/2018\/03\/WEB-HOHSING-BOX-I70-02-GLOBAL.jpg","contentUrl":"https:\/\/globalsew.com\/wp-content\/uploads\/2018\/03\/WEB-HOHSING-BOX-I70-02-GLOBAL.jpg","width":555,"height":347},{"@type":"BreadcrumbList","@id":"https:\/\/globalsew.com\/product\/i70-series\/#breadcrumb","itemListElement":[{"@type":"ListItem","position":1,"name":"Home","item":"https:\/\/globalsew.com\/"},{"@type":"ListItem","position":2,"name":"Products","item":"https:\/\/globalsew.com\/products\/"},{"@type":"ListItem","position":3,"name":"i70 series"}]},{"@type":"WebSite","@id":"https:\/\/globalsew.com\/#website","url":"https:\/\/globalsew.com\/","name":"Global International B.V.","description":"M\u00e1quinas de coser industriales","potentialAction":[{"@type":"SearchAction","target":{"@type":"EntryPoint","urlTemplate":"https:\/\/globalsew.com\/?s={search_term_string}"},"query-input":{"@type":"PropertyValueSpecification","valueRequired":true,"valueName":"search_term_string"}}],"inLanguage":"es"}]}},"_links":{"self":[{"href":"https:\/\/globalsew.com\/es\/wp-json\/wp\/v2\/product\/94559","targetHints":{"allow":["GET"]}}],"collection":[{"href":"https:\/\/globalsew.com\/es\/wp-json\/wp\/v2\/product"}],"about":[{"href":"https:\/\/globalsew.com\/es\/wp-json\/wp\/v2\/types\/product"}],"wp:featuredmedia":[{"embeddable":true,"href":"https:\/\/globalsew.com\/es\/wp-json\/wp\/v2\/media\/94887"}],"wp:attachment":[{"href":"https:\/\/globalsew.com\/es\/wp-json\/wp\/v2\/media?parent=94559"}],"wp:term":[{"taxonomy":"product_brand","embeddable":true,"href":"https:\/\/globalsew.com\/es\/wp-json\/wp\/v2\/product_brand?post=94559"},{"taxonomy":"product_cat","embeddable":true,"href":"https:\/\/globalsew.com\/es\/wp-json\/wp\/v2\/product_cat?post=94559"},{"taxonomy":"product_tag","embeddable":true,"href":"https:\/\/globalsew.com\/es\/wp-json\/wp\/v2\/product_tag?post=94559"}],"curies":[{"name":"wp","href":"https:\/\/api.w.org\/{rel}","templated":true}]}}