{"id":94558,"date":"2018-03-19T13:26:57","date_gmt":"2018-03-19T12:26:57","guid":{"rendered":"https:\/\/globalsew.com\/?post_type=product&#038;p=94558"},"modified":"2024-05-22T09:46:56","modified_gmt":"2024-05-22T07:46:56","slug":"serie-i60","status":"publish","type":"product","link":"https:\/\/globalsew.com\/es\/product\/i60-series\/","title":{"rendered":"Serie i60"},"content":{"rendered":"<p><em>Caja de control independiente que puede utilizarse en combinaci\u00f3n con un minimotor de 500, 600 \u00f3 750 vatios. Eligiendo el mini motor adecuado para la aplicaci\u00f3n de su m\u00e1quina de coser, se puede equipar una amplia variedad de modelos de m\u00e1quinas de coser con esta unidad de control (incluido el accionamiento directo). El panel de control C-200 (i60) es opcional.<\/p>\n<p>Funciones disponibles (seg\u00fan el modelo de caja de control):<br \/>\ntrimmer, limpiaparabrisas, desbloqueo de tensi\u00f3n, elevaci\u00f3n del prensatelas, marcha atr\u00e1s,<br \/>\nFunci\u00f3n HP, segunda longitud de puntada, extractor, gu\u00eda de material, fotoc\u00e9lula<br \/>\nentrada, funci\u00f3n flip flop y sistema IOT.<\/p>\n<p>Los modelos i60 e i70 utilizan una unidad de control de velocidad independiente que se puede<br \/>\ninstalado en una posici\u00f3n aleatoria debajo de la mesa, por lo tanto muy<br \/>\nconveniente para m\u00e1quinas de brazo largo.<\/p>\n<p>Modelos i60 disponibles: Global, D\u00fcrkopp Adler, Brother, Juki,<br \/>\nMitsubishi y Pegasus.<\/p>\n<p>Unidad de control de bajo coste y unidad de control de velocidad. Mini motor no incluido.<\/em><\/p>\n<p><strong>i60-4-11-220<\/strong> - Modelo Mitsubishi<br \/>\n<strong>i60-4-7W-220<\/strong> - Modelo Juki<br \/>\n<strong>i60-4-66-220<\/strong> - Modelo Pegasus<br \/>\n<strong>i60-4-BR-220<\/strong> - Modelo Brother<br \/>\n<strong>i60-4-GL-220<\/strong> - para varios modelos de postes Global y DA<\/p>\n<p><em>Minimotores para la serie i60:<\/em><br \/>\n<strong>MT0150 - <\/strong>Mini motor de 500 vatios para montaje debajo de la mesa<br \/>\n<strong>MT0160 - <\/strong>Mini motor de 600 vatios para montaje debajo de la mesa<br \/>\n<strong>MT0175 - <\/strong>Mini motor de 750 vatios para montaje debajo de la mesa<br \/>\n<strong>MT0250 - <\/strong>Mini motor de 500 vatios para m\u00e1quinas de accionamiento directo (este motor no tiene soporte y lleva un sincronizador incorporado)<br \/>\n<strong>MT0260 - <\/strong>Mini motor de 600 vatios para m\u00e1quinas de accionamiento directo (este motor no tiene soporte y lleva un sincronizador incorporado)<br \/>\n<strong>MT0275 - <\/strong>Minimotor de 750 vatios para m\u00e1quinas de accionamiento directo (este motor no tiene soporte y lleva un sincronizador incorporado)<br \/>\n<strong>MT0350 - <\/strong>Mini motor de 500 W para m\u00e1quinas de punto de cadeneta (polea del motor 85) para montaje debajo de la mesa<\/p>\n<p>Tama\u00f1o est\u00e1ndar de la polea del minimotor 75 mm<\/p>\n<p>&nbsp;<\/p>","protected":false},"excerpt":{"rendered":"<div class=\"row\">\n<div class=\"col-md-6\"><a class=\"download-button\" href=\"https:\/\/globalsew.com\/wp-content\/uploads\/2017\/03\/Ho-Hsing-brochure.pdf\" target=\"_blank\" rel=\"noopener\">Descargar folleto<\/a><\/div>\n<\/div>","protected":false},"featured_media":94890,"template":"","meta":{"_acf_changed":false},"product_brand":[],"product_cat":[378,141],"product_tag":[],"class_list":{"0":"post-94558","1":"product","2":"type-product","3":"status-publish","4":"has-post-thumbnail","6":"product_cat-ho-hsing-servomotors","7":"product_cat-motors","8":"tm-has-options","10":"first","11":"instock","12":"shipping-taxable","13":"purchasable","14":"product-type-simple"},"acf":[],"gallery_images":[94891,94892],"yoast_head":"<!-- This site is optimized with the Yoast SEO plugin v27.5 - https:\/\/yoast.com\/product\/yoast-seo-wordpress\/ -->\n<title>i60 series - Global International B.V.<\/title>\n<meta name=\"robots\" content=\"index, follow, max-snippet:-1, max-image-preview:large, max-video-preview:-1\" \/>\n<link rel=\"canonical\" href=\"https:\/\/globalsew.com\/es\/producto\/serie-i60\/\" \/>\n<meta property=\"og:locale\" content=\"es_ES\" \/>\n<meta property=\"og:type\" content=\"article\" \/>\n<meta property=\"og:title\" content=\"i60 series - Global International B.V.\" \/>\n<meta property=\"og:description\" content=\"Download Leaflet\" \/>\n<meta property=\"og:url\" content=\"https:\/\/globalsew.com\/es\/producto\/serie-i60\/\" \/>\n<meta property=\"og:site_name\" content=\"Global International B.V.\" \/>\n<meta property=\"article:modified_time\" content=\"2024-05-22T07:46:56+00:00\" \/>\n<meta property=\"og:image\" content=\"https:\/\/globalsew.com\/wp-content\/uploads\/2018\/03\/WEB-HOHSING-BOX-I60-01-GLOBAL.jpg\" \/>\n\t<meta property=\"og:image:width\" content=\"555\" \/>\n\t<meta property=\"og:image:height\" content=\"347\" \/>\n\t<meta property=\"og:image:type\" content=\"image\/jpeg\" \/>\n<meta name=\"twitter:card\" content=\"summary_large_image\" \/>\n<meta name=\"twitter:label1\" content=\"Tiempo de lectura\" \/>\n\t<meta name=\"twitter:data1\" content=\"2 minutos\" \/>\n<script type=\"application\/ld+json\" class=\"yoast-schema-graph\">{\"@context\":\"https:\\\/\\\/schema.org\",\"@graph\":[{\"@type\":\"WebPage\",\"@id\":\"https:\\\/\\\/globalsew.com\\\/product\\\/i60-series\\\/\",\"url\":\"https:\\\/\\\/globalsew.com\\\/product\\\/i60-series\\\/\",\"name\":\"i60 series - Global International B.V.\",\"isPartOf\":{\"@id\":\"https:\\\/\\\/globalsew.com\\\/#website\"},\"primaryImageOfPage\":{\"@id\":\"https:\\\/\\\/globalsew.com\\\/product\\\/i60-series\\\/#primaryimage\"},\"image\":{\"@id\":\"https:\\\/\\\/globalsew.com\\\/product\\\/i60-series\\\/#primaryimage\"},\"thumbnailUrl\":\"https:\\\/\\\/globalsew.com\\\/wp-content\\\/uploads\\\/2018\\\/03\\\/WEB-HOHSING-BOX-I60-01-GLOBAL.jpg\",\"datePublished\":\"2018-03-19T12:26:57+00:00\",\"dateModified\":\"2024-05-22T07:46:56+00:00\",\"breadcrumb\":{\"@id\":\"https:\\\/\\\/globalsew.com\\\/product\\\/i60-series\\\/#breadcrumb\"},\"inLanguage\":\"es\",\"potentialAction\":[{\"@type\":\"ReadAction\",\"target\":[\"https:\\\/\\\/globalsew.com\\\/product\\\/i60-series\\\/\"]}]},{\"@type\":\"ImageObject\",\"inLanguage\":\"es\",\"@id\":\"https:\\\/\\\/globalsew.com\\\/product\\\/i60-series\\\/#primaryimage\",\"url\":\"https:\\\/\\\/globalsew.com\\\/wp-content\\\/uploads\\\/2018\\\/03\\\/WEB-HOHSING-BOX-I60-01-GLOBAL.jpg\",\"contentUrl\":\"https:\\\/\\\/globalsew.com\\\/wp-content\\\/uploads\\\/2018\\\/03\\\/WEB-HOHSING-BOX-I60-01-GLOBAL.jpg\",\"width\":555,\"height\":347},{\"@type\":\"BreadcrumbList\",\"@id\":\"https:\\\/\\\/globalsew.com\\\/product\\\/i60-series\\\/#breadcrumb\",\"itemListElement\":[{\"@type\":\"ListItem\",\"position\":1,\"name\":\"Home\",\"item\":\"https:\\\/\\\/globalsew.com\\\/\"},{\"@type\":\"ListItem\",\"position\":2,\"name\":\"Products\",\"item\":\"https:\\\/\\\/globalsew.com\\\/products\\\/\"},{\"@type\":\"ListItem\",\"position\":3,\"name\":\"i60 series\"}]},{\"@type\":\"WebSite\",\"@id\":\"https:\\\/\\\/globalsew.com\\\/#website\",\"url\":\"https:\\\/\\\/globalsew.com\\\/\",\"name\":\"Global International B.V.\",\"description\":\"Industrial Sewing Machines\",\"potentialAction\":[{\"@type\":\"SearchAction\",\"target\":{\"@type\":\"EntryPoint\",\"urlTemplate\":\"https:\\\/\\\/globalsew.com\\\/?s={search_term_string}\"},\"query-input\":{\"@type\":\"PropertyValueSpecification\",\"valueRequired\":true,\"valueName\":\"search_term_string\"}}],\"inLanguage\":\"es\"}]}<\/script>\n<!-- \/ Yoast SEO plugin. -->","yoast_head_json":{"title":"Serie i60 - Global International B.V.","robots":{"index":"index","follow":"follow","max-snippet":"max-snippet:-1","max-image-preview":"max-image-preview:large","max-video-preview":"max-video-preview:-1"},"canonical":"https:\/\/globalsew.com\/es\/producto\/serie-i60\/","og_locale":"es_ES","og_type":"article","og_title":"i60 series - Global International B.V.","og_description":"Download Leaflet","og_url":"https:\/\/globalsew.com\/es\/producto\/serie-i60\/","og_site_name":"Global International B.V.","article_modified_time":"2024-05-22T07:46:56+00:00","og_image":[{"width":555,"height":347,"url":"https:\/\/globalsew.com\/wp-content\/uploads\/2018\/03\/WEB-HOHSING-BOX-I60-01-GLOBAL.jpg","type":"image\/jpeg"}],"twitter_card":"summary_large_image","twitter_misc":{"Tiempo de lectura":"2 minutos"},"schema":{"@context":"https:\/\/schema.org","@graph":[{"@type":"WebPage","@id":"https:\/\/globalsew.com\/product\/i60-series\/","url":"https:\/\/globalsew.com\/product\/i60-series\/","name":"Serie i60 - Global International B.V.","isPartOf":{"@id":"https:\/\/globalsew.com\/#website"},"primaryImageOfPage":{"@id":"https:\/\/globalsew.com\/product\/i60-series\/#primaryimage"},"image":{"@id":"https:\/\/globalsew.com\/product\/i60-series\/#primaryimage"},"thumbnailUrl":"https:\/\/globalsew.com\/wp-content\/uploads\/2018\/03\/WEB-HOHSING-BOX-I60-01-GLOBAL.jpg","datePublished":"2018-03-19T12:26:57+00:00","dateModified":"2024-05-22T07:46:56+00:00","breadcrumb":{"@id":"https:\/\/globalsew.com\/product\/i60-series\/#breadcrumb"},"inLanguage":"es","potentialAction":[{"@type":"ReadAction","target":["https:\/\/globalsew.com\/product\/i60-series\/"]}]},{"@type":"ImageObject","inLanguage":"es","@id":"https:\/\/globalsew.com\/product\/i60-series\/#primaryimage","url":"https:\/\/globalsew.com\/wp-content\/uploads\/2018\/03\/WEB-HOHSING-BOX-I60-01-GLOBAL.jpg","contentUrl":"https:\/\/globalsew.com\/wp-content\/uploads\/2018\/03\/WEB-HOHSING-BOX-I60-01-GLOBAL.jpg","width":555,"height":347},{"@type":"BreadcrumbList","@id":"https:\/\/globalsew.com\/product\/i60-series\/#breadcrumb","itemListElement":[{"@type":"ListItem","position":1,"name":"Home","item":"https:\/\/globalsew.com\/"},{"@type":"ListItem","position":2,"name":"Products","item":"https:\/\/globalsew.com\/products\/"},{"@type":"ListItem","position":3,"name":"i60 series"}]},{"@type":"WebSite","@id":"https:\/\/globalsew.com\/#website","url":"https:\/\/globalsew.com\/","name":"Global International B.V.","description":"M\u00e1quinas de coser industriales","potentialAction":[{"@type":"SearchAction","target":{"@type":"EntryPoint","urlTemplate":"https:\/\/globalsew.com\/?s={search_term_string}"},"query-input":{"@type":"PropertyValueSpecification","valueRequired":true,"valueName":"search_term_string"}}],"inLanguage":"es"}]}},"_links":{"self":[{"href":"https:\/\/globalsew.com\/es\/wp-json\/wp\/v2\/product\/94558","targetHints":{"allow":["GET"]}}],"collection":[{"href":"https:\/\/globalsew.com\/es\/wp-json\/wp\/v2\/product"}],"about":[{"href":"https:\/\/globalsew.com\/es\/wp-json\/wp\/v2\/types\/product"}],"wp:featuredmedia":[{"embeddable":true,"href":"https:\/\/globalsew.com\/es\/wp-json\/wp\/v2\/media\/94890"}],"wp:attachment":[{"href":"https:\/\/globalsew.com\/es\/wp-json\/wp\/v2\/media?parent=94558"}],"wp:term":[{"taxonomy":"product_brand","embeddable":true,"href":"https:\/\/globalsew.com\/es\/wp-json\/wp\/v2\/product_brand?post=94558"},{"taxonomy":"product_cat","embeddable":true,"href":"https:\/\/globalsew.com\/es\/wp-json\/wp\/v2\/product_cat?post=94558"},{"taxonomy":"product_tag","embeddable":true,"href":"https:\/\/globalsew.com\/es\/wp-json\/wp\/v2\/product_tag?post=94558"}],"curies":[{"name":"wp","href":"https:\/\/api.w.org\/{rel}","templated":true}]}}