{"id":94490,"date":"2018-03-06T14:22:58","date_gmt":"2018-03-06T13:22:58","guid":{"rendered":"https:\/\/globalsew.com\/?post_type=product&#038;p=94490"},"modified":"2024-05-22T10:01:27","modified_gmt":"2024-05-22T08:01:27","slug":"serie-bonis-s","status":"publish","type":"product","link":"https:\/\/globalsew.com\/es\/product\/bonis-s-series\/","title":{"rendered":"Serie Bonis S"},"content":{"rendered":"<p><strong>S-51 - <\/strong>M\u00e1quina de coser pieles para pieles resistentes, como la piel de oveja.<strong><br \/>\nSL-64<\/strong> - M\u00e1quina para coser zapatos. El brazo m\u00e1s alto ofrece m\u00e1s espacio para que el operario manipule la parte superior a trav\u00e9s de las m\u00e1quinas. La Bonis SL-64 inserta el cord\u00f3n en el empeine del zapato.<br \/>\n<strong>SP-65<\/strong> - La aguja larga especialmente dise\u00f1ada para trabajos pesados se ha adaptado ahora para coser el acolchado de las suelas de las zapatillas. La rueda delantera peque\u00f1a permite un radio de giro adecuado en las zonas m\u00e1s peque\u00f1as. El brazo alto permite una maniobrabilidad completa de la zapatilla, dando al operador un control total.<br \/>\n<strong>ST-55 - <\/strong>Disco de rueda delantera m\u00e1s peque\u00f1o que permite a la rueda entrar y coser alrededor de aberturas muy peque\u00f1as, como coser alrededor de los talones de zapatos y zapatillas y fijar peque\u00f1os snoots de vinilo, manos y zapatos a juguetes de peluche. Adaptable para todos los dem\u00e1s trabajos de peque\u00f1os detalles.<\/p>","protected":false},"excerpt":{"rendered":"<p>&nbsp;<\/p>\n<div class=\"row\">\n<div class=\"col-md-4\"><a class=\"download-button\" href=\"https:\/\/globalsew.com\/wp-content\/uploads\/2018\/03\/bonis.pdf\" target=\"_blank\" rel=\"noopener\">Folleto<\/a><\/div>\n<\/div>\n<p>&nbsp;<\/p>","protected":false},"featured_media":108116,"template":"","meta":{"_acf_changed":false},"product_brand":[],"product_cat":[344,24],"product_tag":[],"class_list":{"0":"post-94490","1":"product","2":"type-product","3":"status-publish","4":"has-post-thumbnail","6":"product_cat-fur","7":"product_cat-garment","8":"tm-has-options","10":"first","11":"instock","12":"shipping-taxable","13":"purchasable","14":"product-type-simple"},"acf":[],"gallery_images":[108117,108118,108119],"yoast_head":"<!-- This site is optimized with the Yoast SEO plugin v27.3 - https:\/\/yoast.com\/product\/yoast-seo-wordpress\/ -->\n<title>Bonis S series - Global International B.V.<\/title>\n<meta name=\"robots\" content=\"index, follow, max-snippet:-1, max-image-preview:large, max-video-preview:-1\" \/>\n<link rel=\"canonical\" href=\"https:\/\/globalsew.com\/es\/producto\/serie-bonis-s\/\" \/>\n<meta property=\"og:locale\" content=\"es_ES\" \/>\n<meta property=\"og:type\" content=\"article\" \/>\n<meta property=\"og:title\" content=\"Bonis S series - Global International B.V.\" \/>\n<meta property=\"og:description\" content=\"&nbsp;  Leaflet  &nbsp;\" \/>\n<meta property=\"og:url\" content=\"https:\/\/globalsew.com\/es\/producto\/serie-bonis-s\/\" \/>\n<meta property=\"og:site_name\" content=\"Global International B.V.\" \/>\n<meta property=\"article:modified_time\" content=\"2024-05-22T08:01:27+00:00\" \/>\n<meta property=\"og:image\" content=\"https:\/\/globalsew.com\/wp-content\/uploads\/2018\/03\/Bonis-S51.jpg\" \/>\n\t<meta property=\"og:image:width\" content=\"1819\" \/>\n\t<meta property=\"og:image:height\" content=\"1080\" \/>\n\t<meta property=\"og:image:type\" content=\"image\/jpeg\" \/>\n<meta name=\"twitter:card\" content=\"summary_large_image\" \/>\n<meta name=\"twitter:label1\" content=\"Tiempo de lectura\" \/>\n\t<meta name=\"twitter:data1\" content=\"1 minuto\" \/>\n<script type=\"application\/ld+json\" class=\"yoast-schema-graph\">{\"@context\":\"https:\\\/\\\/schema.org\",\"@graph\":[{\"@type\":\"WebPage\",\"@id\":\"https:\\\/\\\/globalsew.com\\\/product\\\/bonis-s-series\\\/\",\"url\":\"https:\\\/\\\/globalsew.com\\\/product\\\/bonis-s-series\\\/\",\"name\":\"Bonis S series - Global International B.V.\",\"isPartOf\":{\"@id\":\"https:\\\/\\\/globalsew.com\\\/#website\"},\"primaryImageOfPage\":{\"@id\":\"https:\\\/\\\/globalsew.com\\\/product\\\/bonis-s-series\\\/#primaryimage\"},\"image\":{\"@id\":\"https:\\\/\\\/globalsew.com\\\/product\\\/bonis-s-series\\\/#primaryimage\"},\"thumbnailUrl\":\"https:\\\/\\\/globalsew.com\\\/wp-content\\\/uploads\\\/2018\\\/03\\\/Bonis-S51.jpg\",\"datePublished\":\"2018-03-06T13:22:58+00:00\",\"dateModified\":\"2024-05-22T08:01:27+00:00\",\"breadcrumb\":{\"@id\":\"https:\\\/\\\/globalsew.com\\\/product\\\/bonis-s-series\\\/#breadcrumb\"},\"inLanguage\":\"es\",\"potentialAction\":[{\"@type\":\"ReadAction\",\"target\":[\"https:\\\/\\\/globalsew.com\\\/product\\\/bonis-s-series\\\/\"]}]},{\"@type\":\"ImageObject\",\"inLanguage\":\"es\",\"@id\":\"https:\\\/\\\/globalsew.com\\\/product\\\/bonis-s-series\\\/#primaryimage\",\"url\":\"https:\\\/\\\/globalsew.com\\\/wp-content\\\/uploads\\\/2018\\\/03\\\/Bonis-S51.jpg\",\"contentUrl\":\"https:\\\/\\\/globalsew.com\\\/wp-content\\\/uploads\\\/2018\\\/03\\\/Bonis-S51.jpg\",\"width\":1819,\"height\":1080,\"caption\":\"Bonis S51 cupseamer, fur machine\"},{\"@type\":\"BreadcrumbList\",\"@id\":\"https:\\\/\\\/globalsew.com\\\/product\\\/bonis-s-series\\\/#breadcrumb\",\"itemListElement\":[{\"@type\":\"ListItem\",\"position\":1,\"name\":\"Home\",\"item\":\"https:\\\/\\\/globalsew.com\\\/\"},{\"@type\":\"ListItem\",\"position\":2,\"name\":\"Products\",\"item\":\"https:\\\/\\\/globalsew.com\\\/products\\\/\"},{\"@type\":\"ListItem\",\"position\":3,\"name\":\"Bonis S series\"}]},{\"@type\":\"WebSite\",\"@id\":\"https:\\\/\\\/globalsew.com\\\/#website\",\"url\":\"https:\\\/\\\/globalsew.com\\\/\",\"name\":\"Global International B.V.\",\"description\":\"Industrial Sewing Machines\",\"potentialAction\":[{\"@type\":\"SearchAction\",\"target\":{\"@type\":\"EntryPoint\",\"urlTemplate\":\"https:\\\/\\\/globalsew.com\\\/?s={search_term_string}\"},\"query-input\":{\"@type\":\"PropertyValueSpecification\",\"valueRequired\":true,\"valueName\":\"search_term_string\"}}],\"inLanguage\":\"es\"}]}<\/script>\n<!-- \/ Yoast SEO plugin. -->","yoast_head_json":{"title":"Serie Bonis S - Global International B.V.","robots":{"index":"index","follow":"follow","max-snippet":"max-snippet:-1","max-image-preview":"max-image-preview:large","max-video-preview":"max-video-preview:-1"},"canonical":"https:\/\/globalsew.com\/es\/producto\/serie-bonis-s\/","og_locale":"es_ES","og_type":"article","og_title":"Bonis S series - Global International B.V.","og_description":"&nbsp;  Leaflet  &nbsp;","og_url":"https:\/\/globalsew.com\/es\/producto\/serie-bonis-s\/","og_site_name":"Global International B.V.","article_modified_time":"2024-05-22T08:01:27+00:00","og_image":[{"width":1819,"height":1080,"url":"https:\/\/globalsew.com\/wp-content\/uploads\/2018\/03\/Bonis-S51.jpg","type":"image\/jpeg"}],"twitter_card":"summary_large_image","twitter_misc":{"Tiempo de lectura":"1 minuto"},"schema":{"@context":"https:\/\/schema.org","@graph":[{"@type":"WebPage","@id":"https:\/\/globalsew.com\/product\/bonis-s-series\/","url":"https:\/\/globalsew.com\/product\/bonis-s-series\/","name":"Serie Bonis S - Global International B.V.","isPartOf":{"@id":"https:\/\/globalsew.com\/#website"},"primaryImageOfPage":{"@id":"https:\/\/globalsew.com\/product\/bonis-s-series\/#primaryimage"},"image":{"@id":"https:\/\/globalsew.com\/product\/bonis-s-series\/#primaryimage"},"thumbnailUrl":"https:\/\/globalsew.com\/wp-content\/uploads\/2018\/03\/Bonis-S51.jpg","datePublished":"2018-03-06T13:22:58+00:00","dateModified":"2024-05-22T08:01:27+00:00","breadcrumb":{"@id":"https:\/\/globalsew.com\/product\/bonis-s-series\/#breadcrumb"},"inLanguage":"es","potentialAction":[{"@type":"ReadAction","target":["https:\/\/globalsew.com\/product\/bonis-s-series\/"]}]},{"@type":"ImageObject","inLanguage":"es","@id":"https:\/\/globalsew.com\/product\/bonis-s-series\/#primaryimage","url":"https:\/\/globalsew.com\/wp-content\/uploads\/2018\/03\/Bonis-S51.jpg","contentUrl":"https:\/\/globalsew.com\/wp-content\/uploads\/2018\/03\/Bonis-S51.jpg","width":1819,"height":1080,"caption":"Bonis S51 cupseamer, fur machine"},{"@type":"BreadcrumbList","@id":"https:\/\/globalsew.com\/product\/bonis-s-series\/#breadcrumb","itemListElement":[{"@type":"ListItem","position":1,"name":"Home","item":"https:\/\/globalsew.com\/"},{"@type":"ListItem","position":2,"name":"Products","item":"https:\/\/globalsew.com\/products\/"},{"@type":"ListItem","position":3,"name":"Bonis S series"}]},{"@type":"WebSite","@id":"https:\/\/globalsew.com\/#website","url":"https:\/\/globalsew.com\/","name":"Global International B.V.","description":"M\u00e1quinas de coser industriales","potentialAction":[{"@type":"SearchAction","target":{"@type":"EntryPoint","urlTemplate":"https:\/\/globalsew.com\/?s={search_term_string}"},"query-input":{"@type":"PropertyValueSpecification","valueRequired":true,"valueName":"search_term_string"}}],"inLanguage":"es"}]}},"_links":{"self":[{"href":"https:\/\/globalsew.com\/es\/wp-json\/wp\/v2\/product\/94490","targetHints":{"allow":["GET"]}}],"collection":[{"href":"https:\/\/globalsew.com\/es\/wp-json\/wp\/v2\/product"}],"about":[{"href":"https:\/\/globalsew.com\/es\/wp-json\/wp\/v2\/types\/product"}],"wp:featuredmedia":[{"embeddable":true,"href":"https:\/\/globalsew.com\/es\/wp-json\/wp\/v2\/media\/108116"}],"wp:attachment":[{"href":"https:\/\/globalsew.com\/es\/wp-json\/wp\/v2\/media?parent=94490"}],"wp:term":[{"taxonomy":"product_brand","embeddable":true,"href":"https:\/\/globalsew.com\/es\/wp-json\/wp\/v2\/product_brand?post=94490"},{"taxonomy":"product_cat","embeddable":true,"href":"https:\/\/globalsew.com\/es\/wp-json\/wp\/v2\/product_cat?post=94490"},{"taxonomy":"product_tag","embeddable":true,"href":"https:\/\/globalsew.com\/es\/wp-json\/wp\/v2\/product_tag?post=94490"}],"curies":[{"name":"wp","href":"https:\/\/api.w.org\/{rel}","templated":true}]}}