{"id":93913,"date":"2018-01-22T11:35:26","date_gmt":"2018-01-22T10:35:26","guid":{"rendered":"https:\/\/globalsew.com\/?post_type=product&#038;p=93913"},"modified":"2024-05-22T09:46:52","modified_gmt":"2024-05-22T07:46:52","slug":"serie-lp-8970-e-aut","status":"publish","type":"product","link":"https:\/\/globalsew.com\/es\/product\/lp-8970-e-aut-series\/","title":{"rendered":"LP 8970 Serie E-AUT"},"content":{"rendered":"<p><strong>LP 8971 E-AUT<\/strong><br \/>\nM\u00e1quina de alta velocidad de una sola aguja para postcostura, con rodillo de arrastre superior, alimentaci\u00f3n por rueda y aguja y garfio est\u00e1ndar. M\u00e1quina equipada con dispositivo de corte de hilo, remate trasero autom\u00e1tico y elevaci\u00f3n del prensatelas (todo el\u00e9ctrico). El mini servomotor de accionamiento directo HMC, la caja de control y el panel de control est\u00e1n integrados en la m\u00e1quina (Todo en uno).<\/p>\n<p><strong>LP 8971 E-LH-AUT<\/strong><\/p>\n<p>Igual que una LP 8971 E-AUT, pero equipada con un gancho grande.<\/p>\n<p><strong>LP 8974 E-AUT<\/strong><\/p>\n<p>M\u00e1quina de postcostura de doble aguja, accionada por miniservomotor incorporado HMC, con alimentaci\u00f3n por rueda y prensatelas de rodillo accionado desde arriba (sin alimentaci\u00f3n por aguja) y equipada con garfios est\u00e1ndar, dispositivo de corte de hilo, remate trasero autom\u00e1tico y elevaci\u00f3n del prensatelas (todo el\u00e9ctrico).<\/p>\n<p><strong>LP 8971 - E - ST - AUT<\/strong><\/p>\n<p>M\u00e1quina de alta velocidad, de una sola aguja, con rodillo de accionamiento superior, alimentaci\u00f3n por rueda y aguja y garfio est\u00e1ndar. La m\u00e1quina est\u00e1 equipada con dispositivo de corte de hilo, que se puede ajustar f\u00e1cilmente, para el corte de extremos cortos de hilo, remate trasero autom\u00e1tico y elevaci\u00f3n del prensatelas (todo el\u00e9ctrico).<br \/>\nGracias al exclusivo dispositivo de corte de hilo, los extremos de hilo restantes s\u00f3lo miden 6 mm. El miniservomotor de accionamiento directo HMC, la caja de control y el panel de control est\u00e1n integrados en la m\u00e1quina (Todo en uno).<\/p>\n<p><strong>LP 8971 - E - NP - AUT<\/strong><\/p>\n<p>M\u00e1quina de alta velocidad, de una sola aguja, con rodillo de arrastre superior, alimentaci\u00f3n por rueda y aguja y garfio est\u00e1ndar. M\u00e1quina equipada con dispositivo de corte de hilo, remate trasero autom\u00e1tico y elevaci\u00f3n del prensatelas (todo el\u00e9ctrico). Gracias al exclusivo dispositivo de corte de hilo, los extremos de hilo restantes s\u00f3lo miden 6 mm. El mini servomotor de accionamiento directo HMC, la caja de control y el panel de control est\u00e1n integrados en la m\u00e1quina (todo en uno).<\/p>\n<p>&nbsp;<\/p>","protected":false},"excerpt":{"rendered":"<p>Para las descargas, consulte nuestra p\u00e1gina de descargas del <a class=\"download-link\" href=\"https:\/\/globalsew.com\/es\/descargar\/lp-serie-8970-8990\/\">LP 8970 serie E<\/a>.<\/p>\n<p>&nbsp;<\/p>","protected":false},"featured_media":106468,"template":"","meta":{"_acf_changed":false},"product_brand":[],"product_cat":[123,25],"product_tag":[],"class_list":{"0":"post-93913","1":"product","2":"type-product","3":"status-publish","4":"has-post-thumbnail","6":"product_cat-postbed-shoe-machines","7":"product_cat-shoes","8":"tm-has-options","10":"first","11":"instock","12":"shipping-taxable","13":"purchasable","14":"product-type-simple"},"acf":[],"gallery_images":[106466,106467],"yoast_head":"<!-- This site is optimized with the Yoast SEO plugin v27.3 - https:\/\/yoast.com\/product\/yoast-seo-wordpress\/ -->\n<title>LP 8970 E-AUT Series - Global International B.V.<\/title>\n<meta name=\"robots\" content=\"index, follow, max-snippet:-1, max-image-preview:large, max-video-preview:-1\" \/>\n<link rel=\"canonical\" href=\"https:\/\/globalsew.com\/es\/producto\/serie-lp-8970-e-aut\/\" \/>\n<meta property=\"og:locale\" content=\"es_ES\" \/>\n<meta property=\"og:type\" content=\"article\" \/>\n<meta property=\"og:title\" content=\"LP 8970 E-AUT Series - Global International B.V.\" \/>\n<meta property=\"og:description\" content=\"For downloads see our downloads page for the LP 8970 E series.  &nbsp;\" \/>\n<meta property=\"og:url\" content=\"https:\/\/globalsew.com\/es\/producto\/serie-lp-8970-e-aut\/\" \/>\n<meta property=\"og:site_name\" content=\"Global International B.V.\" \/>\n<meta property=\"article:modified_time\" content=\"2024-05-22T07:46:52+00:00\" \/>\n<meta property=\"og:image\" content=\"https:\/\/globalsew.com\/wp-content\/uploads\/2018\/01\/LP-8971-E-SERIES.jpg\" \/>\n\t<meta property=\"og:image:width\" content=\"1819\" \/>\n\t<meta property=\"og:image:height\" content=\"1080\" \/>\n\t<meta property=\"og:image:type\" content=\"image\/jpeg\" \/>\n<meta name=\"twitter:card\" content=\"summary_large_image\" \/>\n<meta name=\"twitter:label1\" content=\"Tiempo de lectura\" \/>\n\t<meta name=\"twitter:data1\" content=\"2 minutos\" \/>\n<script type=\"application\/ld+json\" class=\"yoast-schema-graph\">{\"@context\":\"https:\\\/\\\/schema.org\",\"@graph\":[{\"@type\":\"WebPage\",\"@id\":\"https:\\\/\\\/globalsew.com\\\/product\\\/lp-8970-e-aut-series\\\/\",\"url\":\"https:\\\/\\\/globalsew.com\\\/product\\\/lp-8970-e-aut-series\\\/\",\"name\":\"LP 8970 E-AUT Series - Global International B.V.\",\"isPartOf\":{\"@id\":\"https:\\\/\\\/globalsew.com\\\/#website\"},\"primaryImageOfPage\":{\"@id\":\"https:\\\/\\\/globalsew.com\\\/product\\\/lp-8970-e-aut-series\\\/#primaryimage\"},\"image\":{\"@id\":\"https:\\\/\\\/globalsew.com\\\/product\\\/lp-8970-e-aut-series\\\/#primaryimage\"},\"thumbnailUrl\":\"https:\\\/\\\/globalsew.com\\\/wp-content\\\/uploads\\\/2018\\\/01\\\/LP-8971-E-SERIES.jpg\",\"datePublished\":\"2018-01-22T10:35:26+00:00\",\"dateModified\":\"2024-05-22T07:46:52+00:00\",\"breadcrumb\":{\"@id\":\"https:\\\/\\\/globalsew.com\\\/product\\\/lp-8970-e-aut-series\\\/#breadcrumb\"},\"inLanguage\":\"es\",\"potentialAction\":[{\"@type\":\"ReadAction\",\"target\":[\"https:\\\/\\\/globalsew.com\\\/product\\\/lp-8970-e-aut-series\\\/\"]}]},{\"@type\":\"ImageObject\",\"inLanguage\":\"es\",\"@id\":\"https:\\\/\\\/globalsew.com\\\/product\\\/lp-8970-e-aut-series\\\/#primaryimage\",\"url\":\"https:\\\/\\\/globalsew.com\\\/wp-content\\\/uploads\\\/2018\\\/01\\\/LP-8971-E-SERIES.jpg\",\"contentUrl\":\"https:\\\/\\\/globalsew.com\\\/wp-content\\\/uploads\\\/2018\\\/01\\\/LP-8971-E-SERIES.jpg\",\"width\":1819,\"height\":1080,\"caption\":\"LP 8971 E\"},{\"@type\":\"BreadcrumbList\",\"@id\":\"https:\\\/\\\/globalsew.com\\\/product\\\/lp-8970-e-aut-series\\\/#breadcrumb\",\"itemListElement\":[{\"@type\":\"ListItem\",\"position\":1,\"name\":\"Home\",\"item\":\"https:\\\/\\\/globalsew.com\\\/\"},{\"@type\":\"ListItem\",\"position\":2,\"name\":\"Products\",\"item\":\"https:\\\/\\\/globalsew.com\\\/products\\\/\"},{\"@type\":\"ListItem\",\"position\":3,\"name\":\"LP 8970 E-AUT Series\"}]},{\"@type\":\"WebSite\",\"@id\":\"https:\\\/\\\/globalsew.com\\\/#website\",\"url\":\"https:\\\/\\\/globalsew.com\\\/\",\"name\":\"Global International B.V.\",\"description\":\"Industrial Sewing Machines\",\"potentialAction\":[{\"@type\":\"SearchAction\",\"target\":{\"@type\":\"EntryPoint\",\"urlTemplate\":\"https:\\\/\\\/globalsew.com\\\/?s={search_term_string}\"},\"query-input\":{\"@type\":\"PropertyValueSpecification\",\"valueRequired\":true,\"valueName\":\"search_term_string\"}}],\"inLanguage\":\"es\"}]}<\/script>\n<!-- \/ Yoast SEO plugin. -->","yoast_head_json":{"title":"LP 8970 Serie E-AUT - Global International B.V.","robots":{"index":"index","follow":"follow","max-snippet":"max-snippet:-1","max-image-preview":"max-image-preview:large","max-video-preview":"max-video-preview:-1"},"canonical":"https:\/\/globalsew.com\/es\/producto\/serie-lp-8970-e-aut\/","og_locale":"es_ES","og_type":"article","og_title":"LP 8970 E-AUT Series - Global International B.V.","og_description":"For downloads see our downloads page for the LP 8970 E series.  &nbsp;","og_url":"https:\/\/globalsew.com\/es\/producto\/serie-lp-8970-e-aut\/","og_site_name":"Global International B.V.","article_modified_time":"2024-05-22T07:46:52+00:00","og_image":[{"width":1819,"height":1080,"url":"https:\/\/globalsew.com\/wp-content\/uploads\/2018\/01\/LP-8971-E-SERIES.jpg","type":"image\/jpeg"}],"twitter_card":"summary_large_image","twitter_misc":{"Tiempo de lectura":"2 minutos"},"schema":{"@context":"https:\/\/schema.org","@graph":[{"@type":"WebPage","@id":"https:\/\/globalsew.com\/product\/lp-8970-e-aut-series\/","url":"https:\/\/globalsew.com\/product\/lp-8970-e-aut-series\/","name":"LP 8970 Serie E-AUT - Global International B.V.","isPartOf":{"@id":"https:\/\/globalsew.com\/#website"},"primaryImageOfPage":{"@id":"https:\/\/globalsew.com\/product\/lp-8970-e-aut-series\/#primaryimage"},"image":{"@id":"https:\/\/globalsew.com\/product\/lp-8970-e-aut-series\/#primaryimage"},"thumbnailUrl":"https:\/\/globalsew.com\/wp-content\/uploads\/2018\/01\/LP-8971-E-SERIES.jpg","datePublished":"2018-01-22T10:35:26+00:00","dateModified":"2024-05-22T07:46:52+00:00","breadcrumb":{"@id":"https:\/\/globalsew.com\/product\/lp-8970-e-aut-series\/#breadcrumb"},"inLanguage":"es","potentialAction":[{"@type":"ReadAction","target":["https:\/\/globalsew.com\/product\/lp-8970-e-aut-series\/"]}]},{"@type":"ImageObject","inLanguage":"es","@id":"https:\/\/globalsew.com\/product\/lp-8970-e-aut-series\/#primaryimage","url":"https:\/\/globalsew.com\/wp-content\/uploads\/2018\/01\/LP-8971-E-SERIES.jpg","contentUrl":"https:\/\/globalsew.com\/wp-content\/uploads\/2018\/01\/LP-8971-E-SERIES.jpg","width":1819,"height":1080,"caption":"LP 8971 E"},{"@type":"BreadcrumbList","@id":"https:\/\/globalsew.com\/product\/lp-8970-e-aut-series\/#breadcrumb","itemListElement":[{"@type":"ListItem","position":1,"name":"Home","item":"https:\/\/globalsew.com\/"},{"@type":"ListItem","position":2,"name":"Products","item":"https:\/\/globalsew.com\/products\/"},{"@type":"ListItem","position":3,"name":"LP 8970 E-AUT Series"}]},{"@type":"WebSite","@id":"https:\/\/globalsew.com\/#website","url":"https:\/\/globalsew.com\/","name":"Global International B.V.","description":"M\u00e1quinas de coser industriales","potentialAction":[{"@type":"SearchAction","target":{"@type":"EntryPoint","urlTemplate":"https:\/\/globalsew.com\/?s={search_term_string}"},"query-input":{"@type":"PropertyValueSpecification","valueRequired":true,"valueName":"search_term_string"}}],"inLanguage":"es"}]}},"_links":{"self":[{"href":"https:\/\/globalsew.com\/es\/wp-json\/wp\/v2\/product\/93913","targetHints":{"allow":["GET"]}}],"collection":[{"href":"https:\/\/globalsew.com\/es\/wp-json\/wp\/v2\/product"}],"about":[{"href":"https:\/\/globalsew.com\/es\/wp-json\/wp\/v2\/types\/product"}],"wp:featuredmedia":[{"embeddable":true,"href":"https:\/\/globalsew.com\/es\/wp-json\/wp\/v2\/media\/106468"}],"wp:attachment":[{"href":"https:\/\/globalsew.com\/es\/wp-json\/wp\/v2\/media?parent=93913"}],"wp:term":[{"taxonomy":"product_brand","embeddable":true,"href":"https:\/\/globalsew.com\/es\/wp-json\/wp\/v2\/product_brand?post=93913"},{"taxonomy":"product_cat","embeddable":true,"href":"https:\/\/globalsew.com\/es\/wp-json\/wp\/v2\/product_cat?post=93913"},{"taxonomy":"product_tag","embeddable":true,"href":"https:\/\/globalsew.com\/es\/wp-json\/wp\/v2\/product_tag?post=93913"}],"curies":[{"name":"wp","href":"https:\/\/api.w.org\/{rel}","templated":true}]}}