{"id":92601,"date":"2018-01-09T13:19:38","date_gmt":"2018-01-09T12:19:38","guid":{"rendered":"https:\/\/globalsew.com\/?post_type=product&#038;p=92601"},"modified":"2024-05-22T09:51:02","modified_gmt":"2024-05-22T07:51:02","slug":"da-888-160122-888-356020","status":"publish","type":"product","link":"https:\/\/globalsew.com\/es\/product\/da-888-160122-888-356020\/","title":{"rendered":"DA 888-160020 \/ 888-356020"},"content":{"rendered":"<p><strong>888-160020<\/strong><br \/>\n- M\u00e1quina de poste de pespunte de una aguja con alimentaci\u00f3n por rueda, alimentaci\u00f3n por aguja y prensatelas de rodillo accionado y una longitud m\u00e1xima de puntada de 7 mm.<\/p>\n<p><strong>888-356020<\/strong><br \/>\n- M\u00e1quina de postcostura de pespunte de una aguja (poste izquierdo) con gancho grande, recorte de forro y remate manual, con alimentaci\u00f3n de rueda, alimentaci\u00f3n de aguja y prensatelas de rodillo accionado desde arriba (tambi\u00e9n durante el remate). Longitud m\u00e1xima de puntada 5 mm.<\/p>","protected":false},"excerpt":{"rendered":"<p>Para las descargas, consulte nuestra p\u00e1gina de descargas del <a class=\"download-link\" href=\"https:\/\/globalsew.com\/es\/descargar\/serie-da-888\/\">DA 888 Serie postbed Todas las funciones<\/a>.<\/p>\n<p>&nbsp;<\/p>","protected":false},"featured_media":67369,"template":"","meta":{"_acf_changed":false},"product_brand":[],"product_cat":[123,25],"product_tag":[],"class_list":{"0":"post-92601","1":"product","2":"type-product","3":"status-publish","4":"has-post-thumbnail","6":"product_cat-postbed-shoe-machines","7":"product_cat-shoes","8":"tm-has-options","10":"first","11":"instock","12":"shipping-taxable","13":"purchasable","14":"product-type-simple"},"acf":[],"gallery_images":[],"yoast_head":"<!-- This site is optimized with the Yoast SEO plugin v27.3 - https:\/\/yoast.com\/product\/yoast-seo-wordpress\/ -->\n<title>DA 888-160020 \/ 888-356020 - Global International B.V.<\/title>\n<meta name=\"robots\" content=\"index, follow, max-snippet:-1, max-image-preview:large, max-video-preview:-1\" \/>\n<link rel=\"canonical\" href=\"https:\/\/globalsew.com\/es\/producto\/da-888-160122-888-356020\/\" \/>\n<meta property=\"og:locale\" content=\"es_ES\" \/>\n<meta property=\"og:type\" content=\"article\" \/>\n<meta property=\"og:title\" content=\"DA 888-160020 \/ 888-356020 - Global International B.V.\" \/>\n<meta property=\"og:description\" content=\"For downloads see our downloads page for the DA 888 Series postbed All functions.  &nbsp;\" \/>\n<meta property=\"og:url\" content=\"https:\/\/globalsew.com\/es\/producto\/da-888-160122-888-356020\/\" \/>\n<meta property=\"og:site_name\" content=\"Global International B.V.\" \/>\n<meta property=\"article:modified_time\" content=\"2024-05-22T07:51:02+00:00\" \/>\n<meta property=\"og:image\" content=\"https:\/\/globalsew.com\/wp-content\/uploads\/2017\/02\/WEB-DURKOPP-888-160122-01-GLOBAL-sewing-machines.jpg\" \/>\n\t<meta property=\"og:image:width\" content=\"555\" \/>\n\t<meta property=\"og:image:height\" content=\"347\" \/>\n\t<meta property=\"og:image:type\" content=\"image\/jpeg\" \/>\n<meta name=\"twitter:card\" content=\"summary_large_image\" \/>\n<meta name=\"twitter:label1\" content=\"Tiempo de lectura\" \/>\n\t<meta name=\"twitter:data1\" content=\"1 minuto\" \/>\n<script type=\"application\/ld+json\" class=\"yoast-schema-graph\">{\"@context\":\"https:\\\/\\\/schema.org\",\"@graph\":[{\"@type\":\"WebPage\",\"@id\":\"https:\\\/\\\/globalsew.com\\\/product\\\/da-888-160122-888-356020\\\/\",\"url\":\"https:\\\/\\\/globalsew.com\\\/product\\\/da-888-160122-888-356020\\\/\",\"name\":\"DA 888-160020 \\\/ 888-356020 - Global International B.V.\",\"isPartOf\":{\"@id\":\"https:\\\/\\\/globalsew.com\\\/#website\"},\"primaryImageOfPage\":{\"@id\":\"https:\\\/\\\/globalsew.com\\\/product\\\/da-888-160122-888-356020\\\/#primaryimage\"},\"image\":{\"@id\":\"https:\\\/\\\/globalsew.com\\\/product\\\/da-888-160122-888-356020\\\/#primaryimage\"},\"thumbnailUrl\":\"https:\\\/\\\/globalsew.com\\\/wp-content\\\/uploads\\\/2017\\\/02\\\/WEB-DURKOPP-888-160122-01-GLOBAL-sewing-machines.jpg\",\"datePublished\":\"2018-01-09T12:19:38+00:00\",\"dateModified\":\"2024-05-22T07:51:02+00:00\",\"breadcrumb\":{\"@id\":\"https:\\\/\\\/globalsew.com\\\/product\\\/da-888-160122-888-356020\\\/#breadcrumb\"},\"inLanguage\":\"es\",\"potentialAction\":[{\"@type\":\"ReadAction\",\"target\":[\"https:\\\/\\\/globalsew.com\\\/product\\\/da-888-160122-888-356020\\\/\"]}]},{\"@type\":\"ImageObject\",\"inLanguage\":\"es\",\"@id\":\"https:\\\/\\\/globalsew.com\\\/product\\\/da-888-160122-888-356020\\\/#primaryimage\",\"url\":\"https:\\\/\\\/globalsew.com\\\/wp-content\\\/uploads\\\/2017\\\/02\\\/WEB-DURKOPP-888-160122-01-GLOBAL-sewing-machines.jpg\",\"contentUrl\":\"https:\\\/\\\/globalsew.com\\\/wp-content\\\/uploads\\\/2017\\\/02\\\/WEB-DURKOPP-888-160122-01-GLOBAL-sewing-machines.jpg\",\"width\":555,\"height\":347,\"caption\":\"WEB-DURKOPP-888-160122-01-GLOBAL-sewing-machines\"},{\"@type\":\"BreadcrumbList\",\"@id\":\"https:\\\/\\\/globalsew.com\\\/product\\\/da-888-160122-888-356020\\\/#breadcrumb\",\"itemListElement\":[{\"@type\":\"ListItem\",\"position\":1,\"name\":\"Home\",\"item\":\"https:\\\/\\\/globalsew.com\\\/\"},{\"@type\":\"ListItem\",\"position\":2,\"name\":\"Products\",\"item\":\"https:\\\/\\\/globalsew.com\\\/products\\\/\"},{\"@type\":\"ListItem\",\"position\":3,\"name\":\"DA 888-160020 \\\/ 888-356020\"}]},{\"@type\":\"WebSite\",\"@id\":\"https:\\\/\\\/globalsew.com\\\/#website\",\"url\":\"https:\\\/\\\/globalsew.com\\\/\",\"name\":\"Global International B.V.\",\"description\":\"Industrial Sewing Machines\",\"potentialAction\":[{\"@type\":\"SearchAction\",\"target\":{\"@type\":\"EntryPoint\",\"urlTemplate\":\"https:\\\/\\\/globalsew.com\\\/?s={search_term_string}\"},\"query-input\":{\"@type\":\"PropertyValueSpecification\",\"valueRequired\":true,\"valueName\":\"search_term_string\"}}],\"inLanguage\":\"es\"}]}<\/script>\n<!-- \/ Yoast SEO plugin. -->","yoast_head_json":{"title":"DA 888-160020 \/ 888-356020 - Global International B.V.","robots":{"index":"index","follow":"follow","max-snippet":"max-snippet:-1","max-image-preview":"max-image-preview:large","max-video-preview":"max-video-preview:-1"},"canonical":"https:\/\/globalsew.com\/es\/producto\/da-888-160122-888-356020\/","og_locale":"es_ES","og_type":"article","og_title":"DA 888-160020 \/ 888-356020 - Global International B.V.","og_description":"For downloads see our downloads page for the DA 888 Series postbed All functions.  &nbsp;","og_url":"https:\/\/globalsew.com\/es\/producto\/da-888-160122-888-356020\/","og_site_name":"Global International B.V.","article_modified_time":"2024-05-22T07:51:02+00:00","og_image":[{"width":555,"height":347,"url":"https:\/\/globalsew.com\/wp-content\/uploads\/2017\/02\/WEB-DURKOPP-888-160122-01-GLOBAL-sewing-machines.jpg","type":"image\/jpeg"}],"twitter_card":"summary_large_image","twitter_misc":{"Tiempo de lectura":"1 minuto"},"schema":{"@context":"https:\/\/schema.org","@graph":[{"@type":"WebPage","@id":"https:\/\/globalsew.com\/product\/da-888-160122-888-356020\/","url":"https:\/\/globalsew.com\/product\/da-888-160122-888-356020\/","name":"DA 888-160020 \/ 888-356020 - Global International B.V.","isPartOf":{"@id":"https:\/\/globalsew.com\/#website"},"primaryImageOfPage":{"@id":"https:\/\/globalsew.com\/product\/da-888-160122-888-356020\/#primaryimage"},"image":{"@id":"https:\/\/globalsew.com\/product\/da-888-160122-888-356020\/#primaryimage"},"thumbnailUrl":"https:\/\/globalsew.com\/wp-content\/uploads\/2017\/02\/WEB-DURKOPP-888-160122-01-GLOBAL-sewing-machines.jpg","datePublished":"2018-01-09T12:19:38+00:00","dateModified":"2024-05-22T07:51:02+00:00","breadcrumb":{"@id":"https:\/\/globalsew.com\/product\/da-888-160122-888-356020\/#breadcrumb"},"inLanguage":"es","potentialAction":[{"@type":"ReadAction","target":["https:\/\/globalsew.com\/product\/da-888-160122-888-356020\/"]}]},{"@type":"ImageObject","inLanguage":"es","@id":"https:\/\/globalsew.com\/product\/da-888-160122-888-356020\/#primaryimage","url":"https:\/\/globalsew.com\/wp-content\/uploads\/2017\/02\/WEB-DURKOPP-888-160122-01-GLOBAL-sewing-machines.jpg","contentUrl":"https:\/\/globalsew.com\/wp-content\/uploads\/2017\/02\/WEB-DURKOPP-888-160122-01-GLOBAL-sewing-machines.jpg","width":555,"height":347,"caption":"WEB-DURKOPP-888-160122-01-GLOBAL-sewing-machines"},{"@type":"BreadcrumbList","@id":"https:\/\/globalsew.com\/product\/da-888-160122-888-356020\/#breadcrumb","itemListElement":[{"@type":"ListItem","position":1,"name":"Home","item":"https:\/\/globalsew.com\/"},{"@type":"ListItem","position":2,"name":"Products","item":"https:\/\/globalsew.com\/products\/"},{"@type":"ListItem","position":3,"name":"DA 888-160020 \/ 888-356020"}]},{"@type":"WebSite","@id":"https:\/\/globalsew.com\/#website","url":"https:\/\/globalsew.com\/","name":"Global International B.V.","description":"M\u00e1quinas de coser industriales","potentialAction":[{"@type":"SearchAction","target":{"@type":"EntryPoint","urlTemplate":"https:\/\/globalsew.com\/?s={search_term_string}"},"query-input":{"@type":"PropertyValueSpecification","valueRequired":true,"valueName":"search_term_string"}}],"inLanguage":"es"}]}},"_links":{"self":[{"href":"https:\/\/globalsew.com\/es\/wp-json\/wp\/v2\/product\/92601","targetHints":{"allow":["GET"]}}],"collection":[{"href":"https:\/\/globalsew.com\/es\/wp-json\/wp\/v2\/product"}],"about":[{"href":"https:\/\/globalsew.com\/es\/wp-json\/wp\/v2\/types\/product"}],"wp:featuredmedia":[{"embeddable":true,"href":"https:\/\/globalsew.com\/es\/wp-json\/wp\/v2\/media\/67369"}],"wp:attachment":[{"href":"https:\/\/globalsew.com\/es\/wp-json\/wp\/v2\/media?parent=92601"}],"wp:term":[{"taxonomy":"product_brand","embeddable":true,"href":"https:\/\/globalsew.com\/es\/wp-json\/wp\/v2\/product_brand?post=92601"},{"taxonomy":"product_cat","embeddable":true,"href":"https:\/\/globalsew.com\/es\/wp-json\/wp\/v2\/product_cat?post=92601"},{"taxonomy":"product_tag","embeddable":true,"href":"https:\/\/globalsew.com\/es\/wp-json\/wp\/v2\/product_tag?post=92601"}],"curies":[{"name":"wp","href":"https:\/\/api.w.org\/{rel}","templated":true}]}}