{"id":92279,"date":"2018-01-04T12:47:37","date_gmt":"2018-01-04T11:47:37","guid":{"rendered":"https:\/\/globalsew.com\/?post_type=product&#038;p=92279"},"modified":"2024-05-22T09:49:06","modified_gmt":"2024-05-22T07:49:06","slug":"yamato-az-8020g-y5daabt-13-2","status":"publish","type":"product","link":"https:\/\/globalsew.com\/es\/product\/yamato-az-8020g-y5daabt-13-2\/","title":{"rendered":"Yamato AZ-8020G-Y5DA\/ABT-13"},"content":{"rendered":"","protected":false},"excerpt":{"rendered":"<p>M\u00e1quina de coser overlock industrial usada de 4 hilos con controlador autom\u00e1tico del pestillo trasero, totalmente autom\u00e1tica, completa con servomotor Mitsubishi limi (XL-554-20Y, 220 V).<\/p>","protected":false},"featured_media":92276,"template":"","meta":{"_acf_changed":false},"product_brand":[],"product_cat":[351,317,366],"product_tag":[],"class_list":{"0":"post-92279","1":"product","2":"type-product","3":"status-publish","4":"has-post-thumbnail","6":"product_cat-new-arrivals","7":"product_cat-used-products","8":"product_cat-yamato","9":"tm-no-options","11":"first","12":"instock","13":"shipping-taxable","14":"purchasable","15":"product-type-simple"},"acf":[],"gallery_images":[],"yoast_head":"<!-- This site is optimized with the Yoast SEO plugin v27.3 - https:\/\/yoast.com\/product\/yoast-seo-wordpress\/ -->\n<title>Yamato AZ-8020G-Y5DA\/ABT-13 - Global International B.V.<\/title>\n<meta name=\"robots\" content=\"index, follow, max-snippet:-1, max-image-preview:large, max-video-preview:-1\" \/>\n<link rel=\"canonical\" href=\"https:\/\/globalsew.com\/es\/producto\/yamato-az-8020g-y5daabt-13-2\/\" \/>\n<meta property=\"og:locale\" content=\"es_ES\" \/>\n<meta property=\"og:type\" content=\"article\" \/>\n<meta property=\"og:title\" content=\"Yamato AZ-8020G-Y5DA\/ABT-13 - Global International B.V.\" \/>\n<meta property=\"og:description\" content=\"Used industrial 4 thread overlock sewing machine with automatic back latch controller, fully automatic, complete with Mitsubishi limi servomotor (XL-554-20Y, 220 V).\" \/>\n<meta property=\"og:url\" content=\"https:\/\/globalsew.com\/es\/producto\/yamato-az-8020g-y5daabt-13-2\/\" \/>\n<meta property=\"og:site_name\" content=\"Global International B.V.\" \/>\n<meta property=\"article:modified_time\" content=\"2024-05-22T07:49:06+00:00\" \/>\n<meta property=\"og:image\" content=\"https:\/\/globalsew.com\/wp-content\/uploads\/2018\/01\/dsc08617.jpg\" \/>\n\t<meta property=\"og:image:width\" content=\"640\" \/>\n\t<meta property=\"og:image:height\" content=\"480\" \/>\n\t<meta property=\"og:image:type\" content=\"image\/jpeg\" \/>\n<meta name=\"twitter:card\" content=\"summary_large_image\" \/>\n<script type=\"application\/ld+json\" class=\"yoast-schema-graph\">{\"@context\":\"https:\\\/\\\/schema.org\",\"@graph\":[{\"@type\":\"WebPage\",\"@id\":\"https:\\\/\\\/globalsew.com\\\/product\\\/yamato-az-8020g-y5daabt-13-2\\\/\",\"url\":\"https:\\\/\\\/globalsew.com\\\/product\\\/yamato-az-8020g-y5daabt-13-2\\\/\",\"name\":\"Yamato AZ-8020G-Y5DA\\\/ABT-13 - Global International B.V.\",\"isPartOf\":{\"@id\":\"https:\\\/\\\/globalsew.com\\\/#website\"},\"primaryImageOfPage\":{\"@id\":\"https:\\\/\\\/globalsew.com\\\/product\\\/yamato-az-8020g-y5daabt-13-2\\\/#primaryimage\"},\"image\":{\"@id\":\"https:\\\/\\\/globalsew.com\\\/product\\\/yamato-az-8020g-y5daabt-13-2\\\/#primaryimage\"},\"thumbnailUrl\":\"https:\\\/\\\/globalsew.com\\\/wp-content\\\/uploads\\\/2018\\\/01\\\/dsc08617.jpg\",\"datePublished\":\"2018-01-04T11:47:37+00:00\",\"dateModified\":\"2024-05-22T07:49:06+00:00\",\"breadcrumb\":{\"@id\":\"https:\\\/\\\/globalsew.com\\\/product\\\/yamato-az-8020g-y5daabt-13-2\\\/#breadcrumb\"},\"inLanguage\":\"es\",\"potentialAction\":[{\"@type\":\"ReadAction\",\"target\":[\"https:\\\/\\\/globalsew.com\\\/product\\\/yamato-az-8020g-y5daabt-13-2\\\/\"]}]},{\"@type\":\"ImageObject\",\"inLanguage\":\"es\",\"@id\":\"https:\\\/\\\/globalsew.com\\\/product\\\/yamato-az-8020g-y5daabt-13-2\\\/#primaryimage\",\"url\":\"https:\\\/\\\/globalsew.com\\\/wp-content\\\/uploads\\\/2018\\\/01\\\/dsc08617.jpg\",\"contentUrl\":\"https:\\\/\\\/globalsew.com\\\/wp-content\\\/uploads\\\/2018\\\/01\\\/dsc08617.jpg\",\"width\":640,\"height\":480},{\"@type\":\"BreadcrumbList\",\"@id\":\"https:\\\/\\\/globalsew.com\\\/product\\\/yamato-az-8020g-y5daabt-13-2\\\/#breadcrumb\",\"itemListElement\":[{\"@type\":\"ListItem\",\"position\":1,\"name\":\"Home\",\"item\":\"https:\\\/\\\/globalsew.com\\\/\"},{\"@type\":\"ListItem\",\"position\":2,\"name\":\"Products\",\"item\":\"https:\\\/\\\/globalsew.com\\\/products\\\/\"},{\"@type\":\"ListItem\",\"position\":3,\"name\":\"Yamato AZ-8020G-Y5DA\\\/ABT-13\"}]},{\"@type\":\"WebSite\",\"@id\":\"https:\\\/\\\/globalsew.com\\\/#website\",\"url\":\"https:\\\/\\\/globalsew.com\\\/\",\"name\":\"Global International B.V.\",\"description\":\"Industrial Sewing Machines\",\"potentialAction\":[{\"@type\":\"SearchAction\",\"target\":{\"@type\":\"EntryPoint\",\"urlTemplate\":\"https:\\\/\\\/globalsew.com\\\/?s={search_term_string}\"},\"query-input\":{\"@type\":\"PropertyValueSpecification\",\"valueRequired\":true,\"valueName\":\"search_term_string\"}}],\"inLanguage\":\"es\"}]}<\/script>\n<!-- \/ Yoast SEO plugin. -->","yoast_head_json":{"title":"Yamato AZ-8020G-Y5DA\/ABT-13 - Global International B.V.","robots":{"index":"index","follow":"follow","max-snippet":"max-snippet:-1","max-image-preview":"max-image-preview:large","max-video-preview":"max-video-preview:-1"},"canonical":"https:\/\/globalsew.com\/es\/producto\/yamato-az-8020g-y5daabt-13-2\/","og_locale":"es_ES","og_type":"article","og_title":"Yamato AZ-8020G-Y5DA\/ABT-13 - Global International B.V.","og_description":"Used industrial 4 thread overlock sewing machine with automatic back latch controller, fully automatic, complete with Mitsubishi limi servomotor (XL-554-20Y, 220 V).","og_url":"https:\/\/globalsew.com\/es\/producto\/yamato-az-8020g-y5daabt-13-2\/","og_site_name":"Global International B.V.","article_modified_time":"2024-05-22T07:49:06+00:00","og_image":[{"width":640,"height":480,"url":"https:\/\/globalsew.com\/wp-content\/uploads\/2018\/01\/dsc08617.jpg","type":"image\/jpeg"}],"twitter_card":"summary_large_image","schema":{"@context":"https:\/\/schema.org","@graph":[{"@type":"WebPage","@id":"https:\/\/globalsew.com\/product\/yamato-az-8020g-y5daabt-13-2\/","url":"https:\/\/globalsew.com\/product\/yamato-az-8020g-y5daabt-13-2\/","name":"Yamato AZ-8020G-Y5DA\/ABT-13 - Global International B.V.","isPartOf":{"@id":"https:\/\/globalsew.com\/#website"},"primaryImageOfPage":{"@id":"https:\/\/globalsew.com\/product\/yamato-az-8020g-y5daabt-13-2\/#primaryimage"},"image":{"@id":"https:\/\/globalsew.com\/product\/yamato-az-8020g-y5daabt-13-2\/#primaryimage"},"thumbnailUrl":"https:\/\/globalsew.com\/wp-content\/uploads\/2018\/01\/dsc08617.jpg","datePublished":"2018-01-04T11:47:37+00:00","dateModified":"2024-05-22T07:49:06+00:00","breadcrumb":{"@id":"https:\/\/globalsew.com\/product\/yamato-az-8020g-y5daabt-13-2\/#breadcrumb"},"inLanguage":"es","potentialAction":[{"@type":"ReadAction","target":["https:\/\/globalsew.com\/product\/yamato-az-8020g-y5daabt-13-2\/"]}]},{"@type":"ImageObject","inLanguage":"es","@id":"https:\/\/globalsew.com\/product\/yamato-az-8020g-y5daabt-13-2\/#primaryimage","url":"https:\/\/globalsew.com\/wp-content\/uploads\/2018\/01\/dsc08617.jpg","contentUrl":"https:\/\/globalsew.com\/wp-content\/uploads\/2018\/01\/dsc08617.jpg","width":640,"height":480},{"@type":"BreadcrumbList","@id":"https:\/\/globalsew.com\/product\/yamato-az-8020g-y5daabt-13-2\/#breadcrumb","itemListElement":[{"@type":"ListItem","position":1,"name":"Home","item":"https:\/\/globalsew.com\/"},{"@type":"ListItem","position":2,"name":"Products","item":"https:\/\/globalsew.com\/products\/"},{"@type":"ListItem","position":3,"name":"Yamato AZ-8020G-Y5DA\/ABT-13"}]},{"@type":"WebSite","@id":"https:\/\/globalsew.com\/#website","url":"https:\/\/globalsew.com\/","name":"Global International B.V.","description":"M\u00e1quinas de coser industriales","potentialAction":[{"@type":"SearchAction","target":{"@type":"EntryPoint","urlTemplate":"https:\/\/globalsew.com\/?s={search_term_string}"},"query-input":{"@type":"PropertyValueSpecification","valueRequired":true,"valueName":"search_term_string"}}],"inLanguage":"es"}]}},"_links":{"self":[{"href":"https:\/\/globalsew.com\/es\/wp-json\/wp\/v2\/product\/92279","targetHints":{"allow":["GET"]}}],"collection":[{"href":"https:\/\/globalsew.com\/es\/wp-json\/wp\/v2\/product"}],"about":[{"href":"https:\/\/globalsew.com\/es\/wp-json\/wp\/v2\/types\/product"}],"wp:featuredmedia":[{"embeddable":true,"href":"https:\/\/globalsew.com\/es\/wp-json\/wp\/v2\/media\/92276"}],"wp:attachment":[{"href":"https:\/\/globalsew.com\/es\/wp-json\/wp\/v2\/media?parent=92279"}],"wp:term":[{"taxonomy":"product_brand","embeddable":true,"href":"https:\/\/globalsew.com\/es\/wp-json\/wp\/v2\/product_brand?post=92279"},{"taxonomy":"product_cat","embeddable":true,"href":"https:\/\/globalsew.com\/es\/wp-json\/wp\/v2\/product_cat?post=92279"},{"taxonomy":"product_tag","embeddable":true,"href":"https:\/\/globalsew.com\/es\/wp-json\/wp\/v2\/product_tag?post=92279"}],"curies":[{"name":"wp","href":"https:\/\/api.w.org\/{rel}","templated":true}]}}