{"id":91075,"date":"2017-10-24T16:08:27","date_gmt":"2017-10-24T14:08:27","guid":{"rendered":"https:\/\/globalsew.com\/?post_type=product&#038;p=91075"},"modified":"2024-05-22T09:49:01","modified_gmt":"2024-05-22T07:49:01","slug":"serie-dn-8400-aut","status":"publish","type":"product","link":"https:\/\/globalsew.com\/es\/product\/dn-8400-aut-series\/","title":{"rendered":"DN 8400 Serie AUT"},"content":{"rendered":"<h2>M\u00e1quinas de pespunte de doble aguja<\/h2>\n<p><strong>DN 8442 AUT<\/strong><br \/>\n- M\u00e1quina de pespunte de doble aguja con ca\u00edda y alimentaci\u00f3n de aguja. Esta m\u00e1quina es impulsada por Ho Hsing AC de accionamiento directo.<br \/>\nservomotor. La m\u00e1quina est\u00e1 equipada con cortahilos bajo la bancada, elevador de prensatelas, remate trasero autom\u00e1tico y limpiador.<br \/>\n(todos el\u00e9ctricos). La m\u00e1quina tiene ganchos de eje vertical est\u00e1ndar.<br \/>\n<strong>DN 8442 LH-AUT<\/strong><br \/>\n- Igual que DN 8442 AUT, pero con ganchos grandes<br \/>\n<strong>DN 8420-AUT<\/strong><br \/>\n- M\u00e1quina de pespunte de doble aguja con ca\u00edda y alimentaci\u00f3n de aguja. Esta m\u00e1quina es impulsada por Ho Hsing accionamiento directo<br \/>\nServomotor de CA. La m\u00e1quina est\u00e1 equipada con cortahilos debajo de la bancada, elevador del prensatelas, desconectable manualmente<br \/>\nbarras de agujas, remate trasero autom\u00e1tico y limpiador (todo el\u00e9ctrico). La m\u00e1quina tiene ganchos de eje vertical est\u00e1ndar.<br \/>\n<strong>DN 8420 LH-AUT<\/strong><br \/>\n- Igual que DN 8420 AUT, pero con ganchos grandes.<\/p>","protected":false},"excerpt":{"rendered":"<p>Para las descargas, consulte nuestra p\u00e1gina de descargas del <a class=\"download-link\" href=\"https:\/\/globalsew.com\/es\/descargar\/dn-8400\/\">Serie DN 8400<\/a>.<\/p>","protected":false},"featured_media":67376,"template":"","meta":{"_acf_changed":false},"product_brand":[],"product_cat":[89,24,29],"product_tag":[],"class_list":{"0":"post-91075","1":"product","2":"type-product","3":"status-publish","4":"has-post-thumbnail","6":"product_cat-double-needle","7":"product_cat-garment","8":"product_cat-lockstitch","9":"tm-has-options","11":"first","12":"instock","13":"shipping-taxable","14":"purchasable","15":"product-type-simple"},"acf":[],"gallery_images":[],"yoast_head":"<!-- This site is optimized with the Yoast SEO plugin v27.3 - https:\/\/yoast.com\/product\/yoast-seo-wordpress\/ -->\n<title>DN 8400 AUT Series - Global International B.V.<\/title>\n<meta name=\"robots\" content=\"index, follow, max-snippet:-1, max-image-preview:large, max-video-preview:-1\" \/>\n<link rel=\"canonical\" href=\"https:\/\/globalsew.com\/es\/producto\/serie-dn-8400-aut\/\" \/>\n<meta property=\"og:locale\" content=\"es_ES\" \/>\n<meta property=\"og:type\" content=\"article\" \/>\n<meta property=\"og:title\" content=\"DN 8400 AUT Series - Global International B.V.\" \/>\n<meta property=\"og:description\" content=\"For downloads see our downloads page for the DN 8400 series.\" \/>\n<meta property=\"og:url\" content=\"https:\/\/globalsew.com\/es\/producto\/serie-dn-8400-aut\/\" \/>\n<meta property=\"og:site_name\" content=\"Global International B.V.\" \/>\n<meta property=\"article:modified_time\" content=\"2024-05-22T07:49:01+00:00\" \/>\n<meta property=\"og:image\" content=\"https:\/\/globalsew.com\/wp-content\/uploads\/2017\/02\/WEB-GLOBAL-DN-8420-01-GLOBAL-industrial-sewing-machines.jpg\" \/>\n\t<meta property=\"og:image:width\" content=\"555\" \/>\n\t<meta property=\"og:image:height\" content=\"347\" \/>\n\t<meta property=\"og:image:type\" content=\"image\/jpeg\" \/>\n<meta name=\"twitter:card\" content=\"summary_large_image\" \/>\n<meta name=\"twitter:label1\" content=\"Tiempo de lectura\" \/>\n\t<meta name=\"twitter:data1\" content=\"1 minuto\" \/>\n<script type=\"application\/ld+json\" class=\"yoast-schema-graph\">{\"@context\":\"https:\\\/\\\/schema.org\",\"@graph\":[{\"@type\":\"WebPage\",\"@id\":\"https:\\\/\\\/globalsew.com\\\/product\\\/dn-8400-aut-series\\\/\",\"url\":\"https:\\\/\\\/globalsew.com\\\/product\\\/dn-8400-aut-series\\\/\",\"name\":\"DN 8400 AUT Series - Global International B.V.\",\"isPartOf\":{\"@id\":\"https:\\\/\\\/globalsew.com\\\/#website\"},\"primaryImageOfPage\":{\"@id\":\"https:\\\/\\\/globalsew.com\\\/product\\\/dn-8400-aut-series\\\/#primaryimage\"},\"image\":{\"@id\":\"https:\\\/\\\/globalsew.com\\\/product\\\/dn-8400-aut-series\\\/#primaryimage\"},\"thumbnailUrl\":\"https:\\\/\\\/globalsew.com\\\/wp-content\\\/uploads\\\/2017\\\/02\\\/WEB-GLOBAL-DN-8420-01-GLOBAL-industrial-sewing-machines.jpg\",\"datePublished\":\"2017-10-24T14:08:27+00:00\",\"dateModified\":\"2024-05-22T07:49:01+00:00\",\"breadcrumb\":{\"@id\":\"https:\\\/\\\/globalsew.com\\\/product\\\/dn-8400-aut-series\\\/#breadcrumb\"},\"inLanguage\":\"es\",\"potentialAction\":[{\"@type\":\"ReadAction\",\"target\":[\"https:\\\/\\\/globalsew.com\\\/product\\\/dn-8400-aut-series\\\/\"]}]},{\"@type\":\"ImageObject\",\"inLanguage\":\"es\",\"@id\":\"https:\\\/\\\/globalsew.com\\\/product\\\/dn-8400-aut-series\\\/#primaryimage\",\"url\":\"https:\\\/\\\/globalsew.com\\\/wp-content\\\/uploads\\\/2017\\\/02\\\/WEB-GLOBAL-DN-8420-01-GLOBAL-industrial-sewing-machines.jpg\",\"contentUrl\":\"https:\\\/\\\/globalsew.com\\\/wp-content\\\/uploads\\\/2017\\\/02\\\/WEB-GLOBAL-DN-8420-01-GLOBAL-industrial-sewing-machines.jpg\",\"width\":555,\"height\":347,\"caption\":\"WEB-GLOBAL-DN-8420-01-GLOBAL-industrial-sewing-machines\"},{\"@type\":\"BreadcrumbList\",\"@id\":\"https:\\\/\\\/globalsew.com\\\/product\\\/dn-8400-aut-series\\\/#breadcrumb\",\"itemListElement\":[{\"@type\":\"ListItem\",\"position\":1,\"name\":\"Home\",\"item\":\"https:\\\/\\\/globalsew.com\\\/\"},{\"@type\":\"ListItem\",\"position\":2,\"name\":\"Products\",\"item\":\"https:\\\/\\\/globalsew.com\\\/products\\\/\"},{\"@type\":\"ListItem\",\"position\":3,\"name\":\"DN 8400 AUT Series\"}]},{\"@type\":\"WebSite\",\"@id\":\"https:\\\/\\\/globalsew.com\\\/#website\",\"url\":\"https:\\\/\\\/globalsew.com\\\/\",\"name\":\"Global International B.V.\",\"description\":\"Industrial Sewing Machines\",\"potentialAction\":[{\"@type\":\"SearchAction\",\"target\":{\"@type\":\"EntryPoint\",\"urlTemplate\":\"https:\\\/\\\/globalsew.com\\\/?s={search_term_string}\"},\"query-input\":{\"@type\":\"PropertyValueSpecification\",\"valueRequired\":true,\"valueName\":\"search_term_string\"}}],\"inLanguage\":\"es\"}]}<\/script>\n<!-- \/ Yoast SEO plugin. -->","yoast_head_json":{"title":"Serie DN 8400 AUT - Global International B.V.","robots":{"index":"index","follow":"follow","max-snippet":"max-snippet:-1","max-image-preview":"max-image-preview:large","max-video-preview":"max-video-preview:-1"},"canonical":"https:\/\/globalsew.com\/es\/producto\/serie-dn-8400-aut\/","og_locale":"es_ES","og_type":"article","og_title":"DN 8400 AUT Series - Global International B.V.","og_description":"For downloads see our downloads page for the DN 8400 series.","og_url":"https:\/\/globalsew.com\/es\/producto\/serie-dn-8400-aut\/","og_site_name":"Global International B.V.","article_modified_time":"2024-05-22T07:49:01+00:00","og_image":[{"width":555,"height":347,"url":"https:\/\/globalsew.com\/wp-content\/uploads\/2017\/02\/WEB-GLOBAL-DN-8420-01-GLOBAL-industrial-sewing-machines.jpg","type":"image\/jpeg"}],"twitter_card":"summary_large_image","twitter_misc":{"Tiempo de lectura":"1 minuto"},"schema":{"@context":"https:\/\/schema.org","@graph":[{"@type":"WebPage","@id":"https:\/\/globalsew.com\/product\/dn-8400-aut-series\/","url":"https:\/\/globalsew.com\/product\/dn-8400-aut-series\/","name":"Serie DN 8400 AUT - Global International B.V.","isPartOf":{"@id":"https:\/\/globalsew.com\/#website"},"primaryImageOfPage":{"@id":"https:\/\/globalsew.com\/product\/dn-8400-aut-series\/#primaryimage"},"image":{"@id":"https:\/\/globalsew.com\/product\/dn-8400-aut-series\/#primaryimage"},"thumbnailUrl":"https:\/\/globalsew.com\/wp-content\/uploads\/2017\/02\/WEB-GLOBAL-DN-8420-01-GLOBAL-industrial-sewing-machines.jpg","datePublished":"2017-10-24T14:08:27+00:00","dateModified":"2024-05-22T07:49:01+00:00","breadcrumb":{"@id":"https:\/\/globalsew.com\/product\/dn-8400-aut-series\/#breadcrumb"},"inLanguage":"es","potentialAction":[{"@type":"ReadAction","target":["https:\/\/globalsew.com\/product\/dn-8400-aut-series\/"]}]},{"@type":"ImageObject","inLanguage":"es","@id":"https:\/\/globalsew.com\/product\/dn-8400-aut-series\/#primaryimage","url":"https:\/\/globalsew.com\/wp-content\/uploads\/2017\/02\/WEB-GLOBAL-DN-8420-01-GLOBAL-industrial-sewing-machines.jpg","contentUrl":"https:\/\/globalsew.com\/wp-content\/uploads\/2017\/02\/WEB-GLOBAL-DN-8420-01-GLOBAL-industrial-sewing-machines.jpg","width":555,"height":347,"caption":"WEB-GLOBAL-DN-8420-01-GLOBAL-industrial-sewing-machines"},{"@type":"BreadcrumbList","@id":"https:\/\/globalsew.com\/product\/dn-8400-aut-series\/#breadcrumb","itemListElement":[{"@type":"ListItem","position":1,"name":"Home","item":"https:\/\/globalsew.com\/"},{"@type":"ListItem","position":2,"name":"Products","item":"https:\/\/globalsew.com\/products\/"},{"@type":"ListItem","position":3,"name":"DN 8400 AUT Series"}]},{"@type":"WebSite","@id":"https:\/\/globalsew.com\/#website","url":"https:\/\/globalsew.com\/","name":"Global International B.V.","description":"M\u00e1quinas de coser industriales","potentialAction":[{"@type":"SearchAction","target":{"@type":"EntryPoint","urlTemplate":"https:\/\/globalsew.com\/?s={search_term_string}"},"query-input":{"@type":"PropertyValueSpecification","valueRequired":true,"valueName":"search_term_string"}}],"inLanguage":"es"}]}},"_links":{"self":[{"href":"https:\/\/globalsew.com\/es\/wp-json\/wp\/v2\/product\/91075","targetHints":{"allow":["GET"]}}],"collection":[{"href":"https:\/\/globalsew.com\/es\/wp-json\/wp\/v2\/product"}],"about":[{"href":"https:\/\/globalsew.com\/es\/wp-json\/wp\/v2\/types\/product"}],"wp:featuredmedia":[{"embeddable":true,"href":"https:\/\/globalsew.com\/es\/wp-json\/wp\/v2\/media\/67376"}],"wp:attachment":[{"href":"https:\/\/globalsew.com\/es\/wp-json\/wp\/v2\/media?parent=91075"}],"wp:term":[{"taxonomy":"product_brand","embeddable":true,"href":"https:\/\/globalsew.com\/es\/wp-json\/wp\/v2\/product_brand?post=91075"},{"taxonomy":"product_cat","embeddable":true,"href":"https:\/\/globalsew.com\/es\/wp-json\/wp\/v2\/product_cat?post=91075"},{"taxonomy":"product_tag","embeddable":true,"href":"https:\/\/globalsew.com\/es\/wp-json\/wp\/v2\/product_tag?post=91075"}],"curies":[{"name":"wp","href":"https:\/\/api.w.org\/{rel}","templated":true}]}}