{"id":91070,"date":"2017-10-24T15:17:50","date_gmt":"2017-10-24T13:17:50","guid":{"rendered":"https:\/\/globalsew.com\/?post_type=product&#038;p=91070"},"modified":"2024-02-27T09:24:26","modified_gmt":"2024-02-27T08:24:26","slug":"serie-dn-2220-aut","status":"publish","type":"product","link":"https:\/\/globalsew.com\/es\/product\/dn-2220-aut-series\/","title":{"rendered":"DN 2200 Serie AUT"},"content":{"rendered":"<h2>M\u00e1quinas de pespunte de doble aguja<\/h2>\n<p><strong>DN 2242 AUT<\/strong><br \/>\n- M\u00e1quina de pespunte de doble aguja con ca\u00edda y alimentaci\u00f3n de aguja. La m\u00e1quina est\u00e1 equipada con hilo debajo de la cama<br \/>\ntrimmer y auto back tack (el\u00e9ctrico). La m\u00e1quina tiene ganchos de eje vertical est\u00e1ndar.<br \/>\n<strong>DN 2242 LH-AUT<\/strong><br \/>\n- Igual que DN 2242 AUT, pero con ganchos grandes<br \/>\n<strong>DN 2220 AUT<\/strong><br \/>\n- M\u00e1quina de pespunte de doble aguja con ca\u00edda y alimentaci\u00f3n de aguja. La m\u00e1quina est\u00e1 equipada con debajo de la cama<br \/>\ncortahilos y dispone de barras de agujas desembragables manualmente y remate autom\u00e1tico (el\u00e9ctrico). La m\u00e1quina tiene<br \/>\nganchos de eje vertical est\u00e1ndar.<br \/>\n<strong>DN 2220 LH-AUT<\/strong><br \/>\n- Igual que DN 2220 AUT, pero con ganchos grandes<\/p>","protected":false},"excerpt":{"rendered":"<p>Para las descargas, consulte nuestra p\u00e1gina de descargas del <a class=\"download-link\" href=\"https:\/\/globalsew.com\/es\/descargar\/serie-dn\/\">Serie DN 2200<\/a>.<\/p>","protected":false},"featured_media":105970,"template":"","meta":{"_acf_changed":false},"product_brand":[],"product_cat":[89,24,29],"product_tag":[],"class_list":{"0":"post-91070","1":"product","2":"type-product","3":"status-publish","4":"has-post-thumbnail","6":"product_cat-double-needle","7":"product_cat-garment","8":"product_cat-lockstitch","9":"tm-has-options","11":"first","12":"instock","13":"shipping-taxable","14":"purchasable","15":"product-type-variable"},"acf":[],"gallery_images":[105972],"yoast_head":"<!-- This site is optimized with the Yoast SEO plugin v27.3 - https:\/\/yoast.com\/product\/yoast-seo-wordpress\/ -->\n<title>DN 2200 AUT series - Global International B.V.<\/title>\n<meta name=\"robots\" content=\"index, follow, max-snippet:-1, max-image-preview:large, max-video-preview:-1\" \/>\n<link rel=\"canonical\" href=\"https:\/\/globalsew.com\/es\/producto\/serie-dn-2220-aut\/\" \/>\n<meta property=\"og:locale\" content=\"es_ES\" \/>\n<meta property=\"og:type\" content=\"article\" \/>\n<meta property=\"og:title\" content=\"DN 2200 AUT series - Global International B.V.\" \/>\n<meta property=\"og:description\" content=\"For downloads see our downloads page for the DN 2200 series.\" \/>\n<meta property=\"og:url\" content=\"https:\/\/globalsew.com\/es\/producto\/serie-dn-2220-aut\/\" \/>\n<meta property=\"og:site_name\" content=\"Global International B.V.\" \/>\n<meta property=\"article:modified_time\" content=\"2024-02-27T08:24:26+00:00\" \/>\n<meta property=\"og:image\" content=\"https:\/\/globalsew.com\/wp-content\/uploads\/2017\/10\/products-DN-2220-AUT-SERIES-32-global-1080-website-2024.jpg\" \/>\n\t<meta property=\"og:image:width\" content=\"1819\" \/>\n\t<meta property=\"og:image:height\" content=\"1080\" \/>\n\t<meta property=\"og:image:type\" content=\"image\/jpeg\" \/>\n<meta name=\"twitter:card\" content=\"summary_large_image\" \/>\n<meta name=\"twitter:label1\" content=\"Tiempo de lectura\" \/>\n\t<meta name=\"twitter:data1\" content=\"1 minuto\" \/>\n<script type=\"application\/ld+json\" class=\"yoast-schema-graph\">{\"@context\":\"https:\\\/\\\/schema.org\",\"@graph\":[{\"@type\":\"WebPage\",\"@id\":\"https:\\\/\\\/globalsew.com\\\/product\\\/dn-2220-aut-series\\\/\",\"url\":\"https:\\\/\\\/globalsew.com\\\/product\\\/dn-2220-aut-series\\\/\",\"name\":\"DN 2200 AUT series - Global International B.V.\",\"isPartOf\":{\"@id\":\"https:\\\/\\\/globalsew.com\\\/#website\"},\"primaryImageOfPage\":{\"@id\":\"https:\\\/\\\/globalsew.com\\\/product\\\/dn-2220-aut-series\\\/#primaryimage\"},\"image\":{\"@id\":\"https:\\\/\\\/globalsew.com\\\/product\\\/dn-2220-aut-series\\\/#primaryimage\"},\"thumbnailUrl\":\"https:\\\/\\\/globalsew.com\\\/wp-content\\\/uploads\\\/2017\\\/10\\\/products-DN-2220-AUT-SERIES-32-global-1080-website-2024.jpg\",\"datePublished\":\"2017-10-24T13:17:50+00:00\",\"dateModified\":\"2024-02-27T08:24:26+00:00\",\"breadcrumb\":{\"@id\":\"https:\\\/\\\/globalsew.com\\\/product\\\/dn-2220-aut-series\\\/#breadcrumb\"},\"inLanguage\":\"es\",\"potentialAction\":[{\"@type\":\"ReadAction\",\"target\":[\"https:\\\/\\\/globalsew.com\\\/product\\\/dn-2220-aut-series\\\/\"]}]},{\"@type\":\"ImageObject\",\"inLanguage\":\"es\",\"@id\":\"https:\\\/\\\/globalsew.com\\\/product\\\/dn-2220-aut-series\\\/#primaryimage\",\"url\":\"https:\\\/\\\/globalsew.com\\\/wp-content\\\/uploads\\\/2017\\\/10\\\/products-DN-2220-AUT-SERIES-32-global-1080-website-2024.jpg\",\"contentUrl\":\"https:\\\/\\\/globalsew.com\\\/wp-content\\\/uploads\\\/2017\\\/10\\\/products-DN-2220-AUT-SERIES-32-global-1080-website-2024.jpg\",\"width\":1819,\"height\":1080,\"caption\":\"DN 2220 AUT\"},{\"@type\":\"BreadcrumbList\",\"@id\":\"https:\\\/\\\/globalsew.com\\\/product\\\/dn-2220-aut-series\\\/#breadcrumb\",\"itemListElement\":[{\"@type\":\"ListItem\",\"position\":1,\"name\":\"Home\",\"item\":\"https:\\\/\\\/globalsew.com\\\/\"},{\"@type\":\"ListItem\",\"position\":2,\"name\":\"Products\",\"item\":\"https:\\\/\\\/globalsew.com\\\/products\\\/\"},{\"@type\":\"ListItem\",\"position\":3,\"name\":\"DN 2200 AUT series\"}]},{\"@type\":\"WebSite\",\"@id\":\"https:\\\/\\\/globalsew.com\\\/#website\",\"url\":\"https:\\\/\\\/globalsew.com\\\/\",\"name\":\"Global International B.V.\",\"description\":\"Industrial Sewing Machines\",\"potentialAction\":[{\"@type\":\"SearchAction\",\"target\":{\"@type\":\"EntryPoint\",\"urlTemplate\":\"https:\\\/\\\/globalsew.com\\\/?s={search_term_string}\"},\"query-input\":{\"@type\":\"PropertyValueSpecification\",\"valueRequired\":true,\"valueName\":\"search_term_string\"}}],\"inLanguage\":\"es\"}]}<\/script>\n<!-- \/ Yoast SEO plugin. -->","yoast_head_json":{"title":"Serie DN 2200 AUT - Global International B.V.","robots":{"index":"index","follow":"follow","max-snippet":"max-snippet:-1","max-image-preview":"max-image-preview:large","max-video-preview":"max-video-preview:-1"},"canonical":"https:\/\/globalsew.com\/es\/producto\/serie-dn-2220-aut\/","og_locale":"es_ES","og_type":"article","og_title":"DN 2200 AUT series - Global International B.V.","og_description":"For downloads see our downloads page for the DN 2200 series.","og_url":"https:\/\/globalsew.com\/es\/producto\/serie-dn-2220-aut\/","og_site_name":"Global International B.V.","article_modified_time":"2024-02-27T08:24:26+00:00","og_image":[{"width":1819,"height":1080,"url":"https:\/\/globalsew.com\/wp-content\/uploads\/2017\/10\/products-DN-2220-AUT-SERIES-32-global-1080-website-2024.jpg","type":"image\/jpeg"}],"twitter_card":"summary_large_image","twitter_misc":{"Tiempo de lectura":"1 minuto"},"schema":{"@context":"https:\/\/schema.org","@graph":[{"@type":"WebPage","@id":"https:\/\/globalsew.com\/product\/dn-2220-aut-series\/","url":"https:\/\/globalsew.com\/product\/dn-2220-aut-series\/","name":"Serie DN 2200 AUT - Global International B.V.","isPartOf":{"@id":"https:\/\/globalsew.com\/#website"},"primaryImageOfPage":{"@id":"https:\/\/globalsew.com\/product\/dn-2220-aut-series\/#primaryimage"},"image":{"@id":"https:\/\/globalsew.com\/product\/dn-2220-aut-series\/#primaryimage"},"thumbnailUrl":"https:\/\/globalsew.com\/wp-content\/uploads\/2017\/10\/products-DN-2220-AUT-SERIES-32-global-1080-website-2024.jpg","datePublished":"2017-10-24T13:17:50+00:00","dateModified":"2024-02-27T08:24:26+00:00","breadcrumb":{"@id":"https:\/\/globalsew.com\/product\/dn-2220-aut-series\/#breadcrumb"},"inLanguage":"es","potentialAction":[{"@type":"ReadAction","target":["https:\/\/globalsew.com\/product\/dn-2220-aut-series\/"]}]},{"@type":"ImageObject","inLanguage":"es","@id":"https:\/\/globalsew.com\/product\/dn-2220-aut-series\/#primaryimage","url":"https:\/\/globalsew.com\/wp-content\/uploads\/2017\/10\/products-DN-2220-AUT-SERIES-32-global-1080-website-2024.jpg","contentUrl":"https:\/\/globalsew.com\/wp-content\/uploads\/2017\/10\/products-DN-2220-AUT-SERIES-32-global-1080-website-2024.jpg","width":1819,"height":1080,"caption":"DN 2220 AUT"},{"@type":"BreadcrumbList","@id":"https:\/\/globalsew.com\/product\/dn-2220-aut-series\/#breadcrumb","itemListElement":[{"@type":"ListItem","position":1,"name":"Home","item":"https:\/\/globalsew.com\/"},{"@type":"ListItem","position":2,"name":"Products","item":"https:\/\/globalsew.com\/products\/"},{"@type":"ListItem","position":3,"name":"DN 2200 AUT series"}]},{"@type":"WebSite","@id":"https:\/\/globalsew.com\/#website","url":"https:\/\/globalsew.com\/","name":"Global International B.V.","description":"M\u00e1quinas de coser industriales","potentialAction":[{"@type":"SearchAction","target":{"@type":"EntryPoint","urlTemplate":"https:\/\/globalsew.com\/?s={search_term_string}"},"query-input":{"@type":"PropertyValueSpecification","valueRequired":true,"valueName":"search_term_string"}}],"inLanguage":"es"}]}},"_links":{"self":[{"href":"https:\/\/globalsew.com\/es\/wp-json\/wp\/v2\/product\/91070","targetHints":{"allow":["GET"]}}],"collection":[{"href":"https:\/\/globalsew.com\/es\/wp-json\/wp\/v2\/product"}],"about":[{"href":"https:\/\/globalsew.com\/es\/wp-json\/wp\/v2\/types\/product"}],"wp:featuredmedia":[{"embeddable":true,"href":"https:\/\/globalsew.com\/es\/wp-json\/wp\/v2\/media\/105970"}],"wp:attachment":[{"href":"https:\/\/globalsew.com\/es\/wp-json\/wp\/v2\/media?parent=91070"}],"wp:term":[{"taxonomy":"product_brand","embeddable":true,"href":"https:\/\/globalsew.com\/es\/wp-json\/wp\/v2\/product_brand?post=91070"},{"taxonomy":"product_cat","embeddable":true,"href":"https:\/\/globalsew.com\/es\/wp-json\/wp\/v2\/product_cat?post=91070"},{"taxonomy":"product_tag","embeddable":true,"href":"https:\/\/globalsew.com\/es\/wp-json\/wp\/v2\/product_tag?post=91070"}],"curies":[{"name":"wp","href":"https:\/\/api.w.org\/{rel}","templated":true}]}}