{"id":88034,"date":"2017-03-21T09:40:49","date_gmt":"2017-03-21T08:40:49","guid":{"rendered":"https:\/\/globalsew.com\/?post_type=product&#038;p=88034"},"modified":"2024-01-18T16:14:55","modified_gmt":"2024-01-18T15:14:55","slug":"hp-9450","status":"publish","type":"product","link":"https:\/\/globalsew.com\/es\/product\/hp-9450\/","title":{"rendered":"HP 9450"},"content":{"rendered":"<p><strong>HP 9450<\/strong><br \/>\n- M\u00e1quina de prensado compacta (copia 100 % de la Global HP 450 MS), que no requiere espacio para su instalaci\u00f3n. El mecanismo de presi\u00f3n especial asegura una fuerza de presi\u00f3n de hasta 1,5 Kg \/ cm2 m\u00e1x. y est\u00e1 hecha para prensar todo tipo de material. El termostato electr\u00f3nico y el calentador especial minimizan la variaci\u00f3n de temperatura. La prensa HP utiliza una excelente correa de tefl\u00f3n a prueba de calor. Se instala un limpiador para facilitar el mantenimiento y la limpieza.<\/p>","protected":false},"excerpt":{"rendered":"<div class=\"row\">\n<div class=\"col-md-6\"><a class=\"download-button\" href=\"https:\/\/globalsew.com\/wp-content\/uploads\/2017\/01\/HP-leaflet.pdf\" target=\"_blank\" rel=\"noopener\">Descargar folleto<\/a><\/div>\n<div class=\"col-md-6\"><a class=\"download-button\" href=\"https:\/\/globalsew.com\/wp-content\/uploads\/2017\/01\/HP-9450-Manual.pdf\" target=\"_blank\" rel=\"noopener\">Descargar manual<\/a><\/div>\n<\/div>\n<p>&nbsp;<\/p>\n<p>Las especificaciones del producto para el HP 9450:<\/p>\n<ul>\n<li>Anchura de la cinta: 450 mm<\/li>\n<li>Tensi\u00f3n: 220 V - 1 Ph<\/li>\n<li>Potencia: 4,5 Kw<\/li>\n<li>Temperatura: 200 \u00b0C<\/li>\n<li>Presi\u00f3n: 1,5 kg \/ cm2<\/li>\n<li>Tiempo de calentamiento: 5-20 seg.<\/li>\n<li>Dimensiones (LXWXH): 200 \u00b0C<\/li>\n<li>Peso neto: 152 Kg<\/li>\n<li>Opcional: Soporte para HP 9450<\/li>\n<\/ul>","protected":false},"featured_media":91704,"template":"","meta":{"_acf_changed":false},"product_brand":[],"product_cat":[114,128,24,26,138,25],"product_tag":[],"class_list":{"0":"post-88034","1":"product","2":"type-product","3":"status-publish","4":"has-post-thumbnail","6":"product_cat-fusing-machines","7":"product_cat-fusing-machines-shoes","8":"product_cat-garment","9":"product_cat-miscellaneous","10":"product_cat-pressing-equipment","11":"product_cat-shoes","12":"tm-has-options","14":"first","15":"instock","16":"shipping-taxable","17":"purchasable","18":"product-type-simple"},"acf":[],"gallery_images":[],"yoast_head":"<!-- This site is optimized with the Yoast SEO plugin v27.3 - https:\/\/yoast.com\/product\/yoast-seo-wordpress\/ -->\n<title>HP 9450 - Global International B.V.<\/title>\n<meta name=\"robots\" content=\"index, follow, max-snippet:-1, max-image-preview:large, max-video-preview:-1\" \/>\n<link rel=\"canonical\" href=\"https:\/\/globalsew.com\/es\/producto\/hp-9450\/\" \/>\n<meta property=\"og:locale\" content=\"es_ES\" \/>\n<meta property=\"og:type\" content=\"article\" \/>\n<meta property=\"og:title\" content=\"HP 9450 - Global International B.V.\" \/>\n<meta property=\"og:description\" content=\"Download Leaflet Download Manual  &nbsp;  The product specifications for the HP 9450:   Belt width: 450 mm  Voltage: 220 V - 1 Ph  Power: 4,5 Kw  Temperature: 200 \u00b0C  Pressure: 1,5 kg \/ cm2  Heating time: 5-20 sec  Dimensions (LXWXH): 200 \u00b0C  Net weight: 152 Kg  Optional: Stand for HP 9450\" \/>\n<meta property=\"og:url\" content=\"https:\/\/globalsew.com\/es\/producto\/hp-9450\/\" \/>\n<meta property=\"og:site_name\" content=\"Global International B.V.\" \/>\n<meta property=\"article:modified_time\" content=\"2024-01-18T15:14:55+00:00\" \/>\n<meta property=\"og:image\" content=\"https:\/\/globalsew.com\/wp-content\/uploads\/2017\/03\/WEB-GLOBAL-HP-9450-01-GLOBAL.jpg\" \/>\n\t<meta property=\"og:image:width\" content=\"555\" \/>\n\t<meta property=\"og:image:height\" content=\"347\" \/>\n\t<meta property=\"og:image:type\" content=\"image\/jpeg\" \/>\n<meta name=\"twitter:card\" content=\"summary_large_image\" \/>\n<script type=\"application\/ld+json\" class=\"yoast-schema-graph\">{\"@context\":\"https:\\\/\\\/schema.org\",\"@graph\":[{\"@type\":\"WebPage\",\"@id\":\"https:\\\/\\\/globalsew.com\\\/product\\\/hp-9450\\\/\",\"url\":\"https:\\\/\\\/globalsew.com\\\/product\\\/hp-9450\\\/\",\"name\":\"HP 9450 - Global International B.V.\",\"isPartOf\":{\"@id\":\"https:\\\/\\\/globalsew.com\\\/#website\"},\"primaryImageOfPage\":{\"@id\":\"https:\\\/\\\/globalsew.com\\\/product\\\/hp-9450\\\/#primaryimage\"},\"image\":{\"@id\":\"https:\\\/\\\/globalsew.com\\\/product\\\/hp-9450\\\/#primaryimage\"},\"thumbnailUrl\":\"https:\\\/\\\/globalsew.com\\\/wp-content\\\/uploads\\\/2017\\\/03\\\/WEB-GLOBAL-HP-9450-01-GLOBAL.jpg\",\"datePublished\":\"2017-03-21T08:40:49+00:00\",\"dateModified\":\"2024-01-18T15:14:55+00:00\",\"breadcrumb\":{\"@id\":\"https:\\\/\\\/globalsew.com\\\/product\\\/hp-9450\\\/#breadcrumb\"},\"inLanguage\":\"es\",\"potentialAction\":[{\"@type\":\"ReadAction\",\"target\":[\"https:\\\/\\\/globalsew.com\\\/product\\\/hp-9450\\\/\"]}]},{\"@type\":\"ImageObject\",\"inLanguage\":\"es\",\"@id\":\"https:\\\/\\\/globalsew.com\\\/product\\\/hp-9450\\\/#primaryimage\",\"url\":\"https:\\\/\\\/globalsew.com\\\/wp-content\\\/uploads\\\/2017\\\/03\\\/WEB-GLOBAL-HP-9450-01-GLOBAL.jpg\",\"contentUrl\":\"https:\\\/\\\/globalsew.com\\\/wp-content\\\/uploads\\\/2017\\\/03\\\/WEB-GLOBAL-HP-9450-01-GLOBAL.jpg\",\"width\":555,\"height\":347},{\"@type\":\"BreadcrumbList\",\"@id\":\"https:\\\/\\\/globalsew.com\\\/product\\\/hp-9450\\\/#breadcrumb\",\"itemListElement\":[{\"@type\":\"ListItem\",\"position\":1,\"name\":\"Home\",\"item\":\"https:\\\/\\\/globalsew.com\\\/\"},{\"@type\":\"ListItem\",\"position\":2,\"name\":\"Products\",\"item\":\"https:\\\/\\\/globalsew.com\\\/products\\\/\"},{\"@type\":\"ListItem\",\"position\":3,\"name\":\"HP 9450\"}]},{\"@type\":\"WebSite\",\"@id\":\"https:\\\/\\\/globalsew.com\\\/#website\",\"url\":\"https:\\\/\\\/globalsew.com\\\/\",\"name\":\"Global International B.V.\",\"description\":\"Industrial Sewing Machines\",\"potentialAction\":[{\"@type\":\"SearchAction\",\"target\":{\"@type\":\"EntryPoint\",\"urlTemplate\":\"https:\\\/\\\/globalsew.com\\\/?s={search_term_string}\"},\"query-input\":{\"@type\":\"PropertyValueSpecification\",\"valueRequired\":true,\"valueName\":\"search_term_string\"}}],\"inLanguage\":\"es\"}]}<\/script>\n<!-- \/ Yoast SEO plugin. -->","yoast_head_json":{"title":"HP 9450 - Global International B.V.","robots":{"index":"index","follow":"follow","max-snippet":"max-snippet:-1","max-image-preview":"max-image-preview:large","max-video-preview":"max-video-preview:-1"},"canonical":"https:\/\/globalsew.com\/es\/producto\/hp-9450\/","og_locale":"es_ES","og_type":"article","og_title":"HP 9450 - Global International B.V.","og_description":"Download Leaflet Download Manual  &nbsp;  The product specifications for the HP 9450:   Belt width: 450 mm  Voltage: 220 V - 1 Ph  Power: 4,5 Kw  Temperature: 200 \u00b0C  Pressure: 1,5 kg \/ cm2  Heating time: 5-20 sec  Dimensions (LXWXH): 200 \u00b0C  Net weight: 152 Kg  Optional: Stand for HP 9450","og_url":"https:\/\/globalsew.com\/es\/producto\/hp-9450\/","og_site_name":"Global International B.V.","article_modified_time":"2024-01-18T15:14:55+00:00","og_image":[{"width":555,"height":347,"url":"https:\/\/globalsew.com\/wp-content\/uploads\/2017\/03\/WEB-GLOBAL-HP-9450-01-GLOBAL.jpg","type":"image\/jpeg"}],"twitter_card":"summary_large_image","schema":{"@context":"https:\/\/schema.org","@graph":[{"@type":"WebPage","@id":"https:\/\/globalsew.com\/product\/hp-9450\/","url":"https:\/\/globalsew.com\/product\/hp-9450\/","name":"HP 9450 - Global International B.V.","isPartOf":{"@id":"https:\/\/globalsew.com\/#website"},"primaryImageOfPage":{"@id":"https:\/\/globalsew.com\/product\/hp-9450\/#primaryimage"},"image":{"@id":"https:\/\/globalsew.com\/product\/hp-9450\/#primaryimage"},"thumbnailUrl":"https:\/\/globalsew.com\/wp-content\/uploads\/2017\/03\/WEB-GLOBAL-HP-9450-01-GLOBAL.jpg","datePublished":"2017-03-21T08:40:49+00:00","dateModified":"2024-01-18T15:14:55+00:00","breadcrumb":{"@id":"https:\/\/globalsew.com\/product\/hp-9450\/#breadcrumb"},"inLanguage":"es","potentialAction":[{"@type":"ReadAction","target":["https:\/\/globalsew.com\/product\/hp-9450\/"]}]},{"@type":"ImageObject","inLanguage":"es","@id":"https:\/\/globalsew.com\/product\/hp-9450\/#primaryimage","url":"https:\/\/globalsew.com\/wp-content\/uploads\/2017\/03\/WEB-GLOBAL-HP-9450-01-GLOBAL.jpg","contentUrl":"https:\/\/globalsew.com\/wp-content\/uploads\/2017\/03\/WEB-GLOBAL-HP-9450-01-GLOBAL.jpg","width":555,"height":347},{"@type":"BreadcrumbList","@id":"https:\/\/globalsew.com\/product\/hp-9450\/#breadcrumb","itemListElement":[{"@type":"ListItem","position":1,"name":"Home","item":"https:\/\/globalsew.com\/"},{"@type":"ListItem","position":2,"name":"Products","item":"https:\/\/globalsew.com\/products\/"},{"@type":"ListItem","position":3,"name":"HP 9450"}]},{"@type":"WebSite","@id":"https:\/\/globalsew.com\/#website","url":"https:\/\/globalsew.com\/","name":"Global International B.V.","description":"M\u00e1quinas de coser industriales","potentialAction":[{"@type":"SearchAction","target":{"@type":"EntryPoint","urlTemplate":"https:\/\/globalsew.com\/?s={search_term_string}"},"query-input":{"@type":"PropertyValueSpecification","valueRequired":true,"valueName":"search_term_string"}}],"inLanguage":"es"}]}},"_links":{"self":[{"href":"https:\/\/globalsew.com\/es\/wp-json\/wp\/v2\/product\/88034","targetHints":{"allow":["GET"]}}],"collection":[{"href":"https:\/\/globalsew.com\/es\/wp-json\/wp\/v2\/product"}],"about":[{"href":"https:\/\/globalsew.com\/es\/wp-json\/wp\/v2\/types\/product"}],"wp:featuredmedia":[{"embeddable":true,"href":"https:\/\/globalsew.com\/es\/wp-json\/wp\/v2\/media\/91704"}],"wp:attachment":[{"href":"https:\/\/globalsew.com\/es\/wp-json\/wp\/v2\/media?parent=88034"}],"wp:term":[{"taxonomy":"product_brand","embeddable":true,"href":"https:\/\/globalsew.com\/es\/wp-json\/wp\/v2\/product_brand?post=88034"},{"taxonomy":"product_cat","embeddable":true,"href":"https:\/\/globalsew.com\/es\/wp-json\/wp\/v2\/product_cat?post=88034"},{"taxonomy":"product_tag","embeddable":true,"href":"https:\/\/globalsew.com\/es\/wp-json\/wp\/v2\/product_tag?post=88034"}],"curies":[{"name":"wp","href":"https:\/\/api.w.org\/{rel}","templated":true}]}}