{"id":88022,"date":"2017-03-20T16:54:22","date_gmt":"2017-03-20T15:54:22","guid":{"rendered":"https:\/\/globalsew.com\/?post_type=product&#038;p=88022"},"modified":"2024-01-18T16:14:55","modified_gmt":"2024-01-18T15:14:55","slug":"serie-pfa","status":"publish","type":"product","link":"https:\/\/globalsew.com\/es\/product\/pfa-series\/","title":{"rendered":"Serie PFA"},"content":{"rendered":"<p><strong>PFA 01<\/strong><br \/>\n- M\u00e1quina neum\u00e1tica de fijaci\u00f3n de anillos de cortina de un cabezal. La m\u00e1quina se entrega de serie con procesamiento<br \/>\nherramientas para anillos de 40 mm.<br \/>\n<strong>ALP 03<\/strong><br \/>\n- M\u00e1quina neum\u00e1tica de sujeci\u00f3n de botones de varios cabezales. La m\u00e1quina es adecuada para todo tipo de prendas de vestir, tales como<br \/>\nvaqueros, lona, cuero, etc. La m\u00e1quina puede equiparse con varios juegos de cabezales y moldes y puede ser<br \/>\nf\u00e1cilmente desplazables. Los cabezales y los moldes est\u00e1n dise\u00f1ados para colocar botones de distintos tama\u00f1os. De serie con 3 sellos.<br \/>\n<strong>PFA 12<\/strong><br \/>\n- Igual que PFA 03, pero con 5 sellos.<\/p>\n<p><strong>Nota: \u00a1\u00a1\u00a1Estas m\u00e1quinas no cumplen la normativa CE!!!<\/strong><br \/>\n<strong>Global no se hace responsable de los da\u00f1os causados al operador.<\/strong><\/p>","protected":false},"excerpt":{"rendered":"<div class=\"row\">\n<div class=\"col-md-6\"><a class=\"download-button\" href=\"https:\/\/globalsew.com\/wp-content\/uploads\/2017\/03\/PFA-Leaflet-series.pdf\" target=\"_blank\" rel=\"noopener noreferrer\">Descargar folleto<\/a><\/div>\n<div class=\"col-md-6\"><a class=\"download-button\" href=\"https:\/\/globalsew.com\/wp-content\/uploads\/2020\/08\/PFA-series-instruction-parts-manual.pdf\" target=\"_blank\" rel=\"noopener noreferrer\">Descargar manual<\/a><\/div>\n<\/div>\n<p>&nbsp;<\/p>\n<p>Las especificaciones de producto de la serie PFA:<\/p>\n<ul>\n<li>Presi\u00f3n de trabajo: 0 - 0,8 mpa<\/li>\n<li>Tensi\u00f3n de alimentaci\u00f3n: 220 V 1 fase<\/li>\n<li>Frecuencia: 45 veces \/ minuto<\/li>\n<li>Herramienta de corte PFA 01: opcional<\/li>\n<li>Indexador: opcional<\/li>\n<\/ul>\n<p><b>Configurador de productos, haga su selecci\u00f3n a continuaci\u00f3n.<\/b><\/p>","protected":false},"featured_media":88817,"template":"","meta":{"_acf_changed":false},"product_brand":[],"product_cat":[24,117],"product_tag":[],"class_list":{"0":"post-88022","1":"product","2":"type-product","3":"status-publish","4":"has-post-thumbnail","6":"product_cat-garment","7":"product_cat-pneumatic-button-attaching-machines","8":"tm-has-options","10":"first","11":"instock","12":"shipping-taxable","13":"purchasable","14":"product-type-simple"},"acf":[],"gallery_images":[],"yoast_head":"<!-- This site is optimized with the Yoast SEO plugin v27.3 - https:\/\/yoast.com\/product\/yoast-seo-wordpress\/ -->\n<title>PFA Series - Global International B.V.<\/title>\n<meta name=\"robots\" content=\"index, follow, max-snippet:-1, max-image-preview:large, max-video-preview:-1\" \/>\n<link rel=\"canonical\" href=\"https:\/\/globalsew.com\/es\/producto\/serie-pfa\/\" \/>\n<meta property=\"og:locale\" content=\"es_ES\" \/>\n<meta property=\"og:type\" content=\"article\" \/>\n<meta property=\"og:title\" content=\"PFA Series - Global International B.V.\" \/>\n<meta property=\"og:description\" content=\"Download Leaflet Download Manual  &nbsp;  The product specifications for the PFA Series:   Working pressure: 0 - 0,8 mpa  Power voltage: 220V 1 phase  Frequency: 45 times \/ minute  Cuttingtool PFA 01: optional  Indexer: optional  Product configurator, please make your selection below.\" \/>\n<meta property=\"og:url\" content=\"https:\/\/globalsew.com\/es\/producto\/serie-pfa\/\" \/>\n<meta property=\"og:site_name\" content=\"Global International B.V.\" \/>\n<meta property=\"article:modified_time\" content=\"2024-01-18T15:14:55+00:00\" \/>\n<meta property=\"og:image\" content=\"https:\/\/globalsew.com\/wp-content\/uploads\/2017\/03\/WEB-GLOBAL-PFA-12-01-GLOBAL-sewing-machines.jpg\" \/>\n\t<meta property=\"og:image:width\" content=\"555\" \/>\n\t<meta property=\"og:image:height\" content=\"347\" \/>\n\t<meta property=\"og:image:type\" content=\"image\/jpeg\" \/>\n<meta name=\"twitter:card\" content=\"summary_large_image\" \/>\n<meta name=\"twitter:label1\" content=\"Tiempo de lectura\" \/>\n\t<meta name=\"twitter:data1\" content=\"1 minuto\" \/>\n<script type=\"application\/ld+json\" class=\"yoast-schema-graph\">{\"@context\":\"https:\\\/\\\/schema.org\",\"@graph\":[{\"@type\":\"WebPage\",\"@id\":\"https:\\\/\\\/globalsew.com\\\/product\\\/pfa-series\\\/\",\"url\":\"https:\\\/\\\/globalsew.com\\\/product\\\/pfa-series\\\/\",\"name\":\"PFA Series - Global International B.V.\",\"isPartOf\":{\"@id\":\"https:\\\/\\\/globalsew.com\\\/#website\"},\"primaryImageOfPage\":{\"@id\":\"https:\\\/\\\/globalsew.com\\\/product\\\/pfa-series\\\/#primaryimage\"},\"image\":{\"@id\":\"https:\\\/\\\/globalsew.com\\\/product\\\/pfa-series\\\/#primaryimage\"},\"thumbnailUrl\":\"https:\\\/\\\/globalsew.com\\\/wp-content\\\/uploads\\\/2017\\\/03\\\/WEB-GLOBAL-PFA-12-01-GLOBAL-sewing-machines.jpg\",\"datePublished\":\"2017-03-20T15:54:22+00:00\",\"dateModified\":\"2024-01-18T15:14:55+00:00\",\"breadcrumb\":{\"@id\":\"https:\\\/\\\/globalsew.com\\\/product\\\/pfa-series\\\/#breadcrumb\"},\"inLanguage\":\"es\",\"potentialAction\":[{\"@type\":\"ReadAction\",\"target\":[\"https:\\\/\\\/globalsew.com\\\/product\\\/pfa-series\\\/\"]}]},{\"@type\":\"ImageObject\",\"inLanguage\":\"es\",\"@id\":\"https:\\\/\\\/globalsew.com\\\/product\\\/pfa-series\\\/#primaryimage\",\"url\":\"https:\\\/\\\/globalsew.com\\\/wp-content\\\/uploads\\\/2017\\\/03\\\/WEB-GLOBAL-PFA-12-01-GLOBAL-sewing-machines.jpg\",\"contentUrl\":\"https:\\\/\\\/globalsew.com\\\/wp-content\\\/uploads\\\/2017\\\/03\\\/WEB-GLOBAL-PFA-12-01-GLOBAL-sewing-machines.jpg\",\"width\":555,\"height\":347,\"caption\":\"WEB-GLOBAL-PFA-12-01-GLOBAL-sewing-machines\"},{\"@type\":\"BreadcrumbList\",\"@id\":\"https:\\\/\\\/globalsew.com\\\/product\\\/pfa-series\\\/#breadcrumb\",\"itemListElement\":[{\"@type\":\"ListItem\",\"position\":1,\"name\":\"Home\",\"item\":\"https:\\\/\\\/globalsew.com\\\/\"},{\"@type\":\"ListItem\",\"position\":2,\"name\":\"Products\",\"item\":\"https:\\\/\\\/globalsew.com\\\/products\\\/\"},{\"@type\":\"ListItem\",\"position\":3,\"name\":\"PFA Series\"}]},{\"@type\":\"WebSite\",\"@id\":\"https:\\\/\\\/globalsew.com\\\/#website\",\"url\":\"https:\\\/\\\/globalsew.com\\\/\",\"name\":\"Global International B.V.\",\"description\":\"Industrial Sewing Machines\",\"potentialAction\":[{\"@type\":\"SearchAction\",\"target\":{\"@type\":\"EntryPoint\",\"urlTemplate\":\"https:\\\/\\\/globalsew.com\\\/?s={search_term_string}\"},\"query-input\":{\"@type\":\"PropertyValueSpecification\",\"valueRequired\":true,\"valueName\":\"search_term_string\"}}],\"inLanguage\":\"es\"}]}<\/script>\n<!-- \/ Yoast SEO plugin. -->","yoast_head_json":{"title":"Serie PFA - Global International B.V.","robots":{"index":"index","follow":"follow","max-snippet":"max-snippet:-1","max-image-preview":"max-image-preview:large","max-video-preview":"max-video-preview:-1"},"canonical":"https:\/\/globalsew.com\/es\/producto\/serie-pfa\/","og_locale":"es_ES","og_type":"article","og_title":"PFA Series - Global International B.V.","og_description":"Download Leaflet Download Manual  &nbsp;  The product specifications for the PFA Series:   Working pressure: 0 - 0,8 mpa  Power voltage: 220V 1 phase  Frequency: 45 times \/ minute  Cuttingtool PFA 01: optional  Indexer: optional  Product configurator, please make your selection below.","og_url":"https:\/\/globalsew.com\/es\/producto\/serie-pfa\/","og_site_name":"Global International B.V.","article_modified_time":"2024-01-18T15:14:55+00:00","og_image":[{"width":555,"height":347,"url":"https:\/\/globalsew.com\/wp-content\/uploads\/2017\/03\/WEB-GLOBAL-PFA-12-01-GLOBAL-sewing-machines.jpg","type":"image\/jpeg"}],"twitter_card":"summary_large_image","twitter_misc":{"Tiempo de lectura":"1 minuto"},"schema":{"@context":"https:\/\/schema.org","@graph":[{"@type":"WebPage","@id":"https:\/\/globalsew.com\/product\/pfa-series\/","url":"https:\/\/globalsew.com\/product\/pfa-series\/","name":"Serie PFA - Global International B.V.","isPartOf":{"@id":"https:\/\/globalsew.com\/#website"},"primaryImageOfPage":{"@id":"https:\/\/globalsew.com\/product\/pfa-series\/#primaryimage"},"image":{"@id":"https:\/\/globalsew.com\/product\/pfa-series\/#primaryimage"},"thumbnailUrl":"https:\/\/globalsew.com\/wp-content\/uploads\/2017\/03\/WEB-GLOBAL-PFA-12-01-GLOBAL-sewing-machines.jpg","datePublished":"2017-03-20T15:54:22+00:00","dateModified":"2024-01-18T15:14:55+00:00","breadcrumb":{"@id":"https:\/\/globalsew.com\/product\/pfa-series\/#breadcrumb"},"inLanguage":"es","potentialAction":[{"@type":"ReadAction","target":["https:\/\/globalsew.com\/product\/pfa-series\/"]}]},{"@type":"ImageObject","inLanguage":"es","@id":"https:\/\/globalsew.com\/product\/pfa-series\/#primaryimage","url":"https:\/\/globalsew.com\/wp-content\/uploads\/2017\/03\/WEB-GLOBAL-PFA-12-01-GLOBAL-sewing-machines.jpg","contentUrl":"https:\/\/globalsew.com\/wp-content\/uploads\/2017\/03\/WEB-GLOBAL-PFA-12-01-GLOBAL-sewing-machines.jpg","width":555,"height":347,"caption":"WEB-GLOBAL-PFA-12-01-GLOBAL-sewing-machines"},{"@type":"BreadcrumbList","@id":"https:\/\/globalsew.com\/product\/pfa-series\/#breadcrumb","itemListElement":[{"@type":"ListItem","position":1,"name":"Home","item":"https:\/\/globalsew.com\/"},{"@type":"ListItem","position":2,"name":"Products","item":"https:\/\/globalsew.com\/products\/"},{"@type":"ListItem","position":3,"name":"PFA Series"}]},{"@type":"WebSite","@id":"https:\/\/globalsew.com\/#website","url":"https:\/\/globalsew.com\/","name":"Global International B.V.","description":"M\u00e1quinas de coser industriales","potentialAction":[{"@type":"SearchAction","target":{"@type":"EntryPoint","urlTemplate":"https:\/\/globalsew.com\/?s={search_term_string}"},"query-input":{"@type":"PropertyValueSpecification","valueRequired":true,"valueName":"search_term_string"}}],"inLanguage":"es"}]}},"_links":{"self":[{"href":"https:\/\/globalsew.com\/es\/wp-json\/wp\/v2\/product\/88022","targetHints":{"allow":["GET"]}}],"collection":[{"href":"https:\/\/globalsew.com\/es\/wp-json\/wp\/v2\/product"}],"about":[{"href":"https:\/\/globalsew.com\/es\/wp-json\/wp\/v2\/types\/product"}],"wp:featuredmedia":[{"embeddable":true,"href":"https:\/\/globalsew.com\/es\/wp-json\/wp\/v2\/media\/88817"}],"wp:attachment":[{"href":"https:\/\/globalsew.com\/es\/wp-json\/wp\/v2\/media?parent=88022"}],"wp:term":[{"taxonomy":"product_brand","embeddable":true,"href":"https:\/\/globalsew.com\/es\/wp-json\/wp\/v2\/product_brand?post=88022"},{"taxonomy":"product_cat","embeddable":true,"href":"https:\/\/globalsew.com\/es\/wp-json\/wp\/v2\/product_cat?post=88022"},{"taxonomy":"product_tag","embeddable":true,"href":"https:\/\/globalsew.com\/es\/wp-json\/wp\/v2\/product_tag?post=88022"}],"curies":[{"name":"wp","href":"https:\/\/api.w.org\/{rel}","templated":true}]}}