{"id":81140,"date":"2017-03-15T16:52:03","date_gmt":"2017-03-15T15:52:03","guid":{"rendered":"https:\/\/globalsew.com\/product\/wf-9221-76-wf-9221-2-76\/"},"modified":"2024-05-22T09:49:00","modified_gmt":"2024-05-22T07:49:00","slug":"wf-9221-76-wf-9221-2-76","status":"publish","type":"product","link":"https:\/\/globalsew.com\/es\/product\/wf-9221-76-wf-9221-2-76\/","title":{"rendered":"WF 9221-76 \/ WF 9221-2-76"},"content":{"rendered":"<p><strong>WF 9221-76<\/strong><br \/>\n- M\u00e1quina de coser monagujas con pie m\u00f3vil para trabajos pesados con gran espacio de trabajo (76 cm) y m\u00e1s<br \/>\nGancho giratorio grande. Especialmente dise\u00f1ado para coser lonas de tiendas, lonas de velas, materiales de tapicer\u00eda pesados y cinturones.<br \/>\nLa m\u00e1quina est\u00e1 equipada de serie con remate trasero neum\u00e1tico y elevaci\u00f3n del prensatelas.<br \/>\n<strong>WF 9221-2-76<\/strong><br \/>\n- M\u00e1quina de coser con doble aguja y prensatelas para trabajos pesados, con gran espacio de trabajo (76 cm) y prensatelas adicional.<br \/>\nGanchos giratorios grandes. Especialmente dise\u00f1ada para coser lonas de tiendas de campa\u00f1a, lonas de velas, materiales de tapicer\u00eda pesados y cinturones.<br \/>\nLa m\u00e1quina est\u00e1 equipada de serie con remate trasero neum\u00e1tico y elevaci\u00f3n del prensatelas.<br \/>\nCalibre de aguja est\u00e1ndar 18 mm<\/p>","protected":false},"excerpt":{"rendered":"<p>WF 9221-76 &#8211; Single needle extra heavy duty walking foot sewing machine with large working space (76 cm) and extra large rotating hook. Specially designed for sewing tentcloth, sailcloth, heavy upholstery materials and belts. Machine is standard equipped with pneumatic back tack and presser foot lift. WF 9221-2-76 &#8211; Double needle extra heavy duty walking [&hellip;]<\/p>\n","protected":false},"featured_media":105376,"template":"","meta":{"_acf_changed":false},"product_brand":[],"product_cat":[150,7,70],"product_tag":[],"class_list":{"0":"post-81140","1":"product","2":"type-product","3":"status-publish","4":"has-post-thumbnail","6":"product_cat-flatbed-walking-foot","7":"product_cat-heavy-duty","8":"product_cat-walking-foot-heavy-duty","9":"tm-has-options","11":"first","12":"instock","13":"shipping-taxable","14":"purchasable","15":"product-type-simple"},"acf":[],"gallery_images":[105742],"yoast_head":"<!-- This site is optimized with the Yoast SEO plugin v27.3 - https:\/\/yoast.com\/product\/yoast-seo-wordpress\/ -->\n<title>WF 9221-76 \/ WF 9221-2-76 - Global International B.V.<\/title>\n<meta name=\"robots\" content=\"index, follow, max-snippet:-1, max-image-preview:large, max-video-preview:-1\" \/>\n<link rel=\"canonical\" href=\"https:\/\/globalsew.com\/es\/producto\/wf-9221-76-wf-9221-2-76\/\" \/>\n<meta property=\"og:locale\" content=\"es_ES\" \/>\n<meta property=\"og:type\" content=\"article\" \/>\n<meta property=\"og:title\" content=\"WF 9221-76 \/ WF 9221-2-76 - Global International B.V.\" \/>\n<meta property=\"og:description\" content=\"WF 9221-76 &#8211; Single needle extra heavy duty walking foot sewing machine with large working space (76 cm) and extra large rotating hook. Specially designed for sewing tentcloth, sailcloth, heavy upholstery materials and belts. Machine is standard equipped with pneumatic back tack and presser foot lift. WF 9221-2-76 &#8211; Double needle extra heavy duty walking [&hellip;]\" \/>\n<meta property=\"og:url\" content=\"https:\/\/globalsew.com\/es\/producto\/wf-9221-76-wf-9221-2-76\/\" \/>\n<meta property=\"og:site_name\" content=\"Global International B.V.\" \/>\n<meta property=\"article:modified_time\" content=\"2024-05-22T07:49:00+00:00\" \/>\n<meta property=\"og:image\" content=\"https:\/\/globalsew.com\/wp-content\/uploads\/2017\/03\/products-WF-9221-75-01-global-1080-website-2024.jpg\" \/>\n\t<meta property=\"og:image:width\" content=\"1819\" \/>\n\t<meta property=\"og:image:height\" content=\"1080\" \/>\n\t<meta property=\"og:image:type\" content=\"image\/jpeg\" \/>\n<meta name=\"twitter:card\" content=\"summary_large_image\" \/>\n<meta name=\"twitter:label1\" content=\"Tiempo de lectura\" \/>\n\t<meta name=\"twitter:data1\" content=\"1 minuto\" \/>\n<script type=\"application\/ld+json\" class=\"yoast-schema-graph\">{\"@context\":\"https:\\\/\\\/schema.org\",\"@graph\":[{\"@type\":\"WebPage\",\"@id\":\"https:\\\/\\\/globalsew.com\\\/product\\\/wf-9221-76-wf-9221-2-76\\\/\",\"url\":\"https:\\\/\\\/globalsew.com\\\/product\\\/wf-9221-76-wf-9221-2-76\\\/\",\"name\":\"WF 9221-76 \\\/ WF 9221-2-76 - Global International B.V.\",\"isPartOf\":{\"@id\":\"https:\\\/\\\/globalsew.com\\\/#website\"},\"primaryImageOfPage\":{\"@id\":\"https:\\\/\\\/globalsew.com\\\/product\\\/wf-9221-76-wf-9221-2-76\\\/#primaryimage\"},\"image\":{\"@id\":\"https:\\\/\\\/globalsew.com\\\/product\\\/wf-9221-76-wf-9221-2-76\\\/#primaryimage\"},\"thumbnailUrl\":\"https:\\\/\\\/globalsew.com\\\/wp-content\\\/uploads\\\/2017\\\/03\\\/products-WF-9221-75-01-global-1080-website-2024.jpg\",\"datePublished\":\"2017-03-15T15:52:03+00:00\",\"dateModified\":\"2024-05-22T07:49:00+00:00\",\"breadcrumb\":{\"@id\":\"https:\\\/\\\/globalsew.com\\\/product\\\/wf-9221-76-wf-9221-2-76\\\/#breadcrumb\"},\"inLanguage\":\"es\",\"potentialAction\":[{\"@type\":\"ReadAction\",\"target\":[\"https:\\\/\\\/globalsew.com\\\/product\\\/wf-9221-76-wf-9221-2-76\\\/\"]}]},{\"@type\":\"ImageObject\",\"inLanguage\":\"es\",\"@id\":\"https:\\\/\\\/globalsew.com\\\/product\\\/wf-9221-76-wf-9221-2-76\\\/#primaryimage\",\"url\":\"https:\\\/\\\/globalsew.com\\\/wp-content\\\/uploads\\\/2017\\\/03\\\/products-WF-9221-75-01-global-1080-website-2024.jpg\",\"contentUrl\":\"https:\\\/\\\/globalsew.com\\\/wp-content\\\/uploads\\\/2017\\\/03\\\/products-WF-9221-75-01-global-1080-website-2024.jpg\",\"width\":1819,\"height\":1080,\"caption\":\"WF 9221-76\"},{\"@type\":\"BreadcrumbList\",\"@id\":\"https:\\\/\\\/globalsew.com\\\/product\\\/wf-9221-76-wf-9221-2-76\\\/#breadcrumb\",\"itemListElement\":[{\"@type\":\"ListItem\",\"position\":1,\"name\":\"Home\",\"item\":\"https:\\\/\\\/globalsew.com\\\/\"},{\"@type\":\"ListItem\",\"position\":2,\"name\":\"Products\",\"item\":\"https:\\\/\\\/globalsew.com\\\/products\\\/\"},{\"@type\":\"ListItem\",\"position\":3,\"name\":\"WF 9221-76 \\\/ WF 9221-2-76\"}]},{\"@type\":\"WebSite\",\"@id\":\"https:\\\/\\\/globalsew.com\\\/#website\",\"url\":\"https:\\\/\\\/globalsew.com\\\/\",\"name\":\"Global International B.V.\",\"description\":\"Industrial Sewing Machines\",\"potentialAction\":[{\"@type\":\"SearchAction\",\"target\":{\"@type\":\"EntryPoint\",\"urlTemplate\":\"https:\\\/\\\/globalsew.com\\\/?s={search_term_string}\"},\"query-input\":{\"@type\":\"PropertyValueSpecification\",\"valueRequired\":true,\"valueName\":\"search_term_string\"}}],\"inLanguage\":\"es\"}]}<\/script>\n<!-- \/ Yoast SEO plugin. -->","yoast_head_json":{"title":"WF 9221-76 \/ WF 9221-2-76 - Global International B.V.","robots":{"index":"index","follow":"follow","max-snippet":"max-snippet:-1","max-image-preview":"max-image-preview:large","max-video-preview":"max-video-preview:-1"},"canonical":"https:\/\/globalsew.com\/es\/producto\/wf-9221-76-wf-9221-2-76\/","og_locale":"es_ES","og_type":"article","og_title":"WF 9221-76 \/ WF 9221-2-76 - Global International B.V.","og_description":"WF 9221-76 &#8211; Single needle extra heavy duty walking foot sewing machine with large working space (76 cm) and extra large rotating hook. Specially designed for sewing tentcloth, sailcloth, heavy upholstery materials and belts. Machine is standard equipped with pneumatic back tack and presser foot lift. WF 9221-2-76 &#8211; Double needle extra heavy duty walking [&hellip;]","og_url":"https:\/\/globalsew.com\/es\/producto\/wf-9221-76-wf-9221-2-76\/","og_site_name":"Global International B.V.","article_modified_time":"2024-05-22T07:49:00+00:00","og_image":[{"width":1819,"height":1080,"url":"https:\/\/globalsew.com\/wp-content\/uploads\/2017\/03\/products-WF-9221-75-01-global-1080-website-2024.jpg","type":"image\/jpeg"}],"twitter_card":"summary_large_image","twitter_misc":{"Tiempo de lectura":"1 minuto"},"schema":{"@context":"https:\/\/schema.org","@graph":[{"@type":"WebPage","@id":"https:\/\/globalsew.com\/product\/wf-9221-76-wf-9221-2-76\/","url":"https:\/\/globalsew.com\/product\/wf-9221-76-wf-9221-2-76\/","name":"WF 9221-76 \/ WF 9221-2-76 - Global International B.V.","isPartOf":{"@id":"https:\/\/globalsew.com\/#website"},"primaryImageOfPage":{"@id":"https:\/\/globalsew.com\/product\/wf-9221-76-wf-9221-2-76\/#primaryimage"},"image":{"@id":"https:\/\/globalsew.com\/product\/wf-9221-76-wf-9221-2-76\/#primaryimage"},"thumbnailUrl":"https:\/\/globalsew.com\/wp-content\/uploads\/2017\/03\/products-WF-9221-75-01-global-1080-website-2024.jpg","datePublished":"2017-03-15T15:52:03+00:00","dateModified":"2024-05-22T07:49:00+00:00","breadcrumb":{"@id":"https:\/\/globalsew.com\/product\/wf-9221-76-wf-9221-2-76\/#breadcrumb"},"inLanguage":"es","potentialAction":[{"@type":"ReadAction","target":["https:\/\/globalsew.com\/product\/wf-9221-76-wf-9221-2-76\/"]}]},{"@type":"ImageObject","inLanguage":"es","@id":"https:\/\/globalsew.com\/product\/wf-9221-76-wf-9221-2-76\/#primaryimage","url":"https:\/\/globalsew.com\/wp-content\/uploads\/2017\/03\/products-WF-9221-75-01-global-1080-website-2024.jpg","contentUrl":"https:\/\/globalsew.com\/wp-content\/uploads\/2017\/03\/products-WF-9221-75-01-global-1080-website-2024.jpg","width":1819,"height":1080,"caption":"WF 9221-76"},{"@type":"BreadcrumbList","@id":"https:\/\/globalsew.com\/product\/wf-9221-76-wf-9221-2-76\/#breadcrumb","itemListElement":[{"@type":"ListItem","position":1,"name":"Home","item":"https:\/\/globalsew.com\/"},{"@type":"ListItem","position":2,"name":"Products","item":"https:\/\/globalsew.com\/products\/"},{"@type":"ListItem","position":3,"name":"WF 9221-76 \/ WF 9221-2-76"}]},{"@type":"WebSite","@id":"https:\/\/globalsew.com\/#website","url":"https:\/\/globalsew.com\/","name":"Global International B.V.","description":"M\u00e1quinas de coser industriales","potentialAction":[{"@type":"SearchAction","target":{"@type":"EntryPoint","urlTemplate":"https:\/\/globalsew.com\/?s={search_term_string}"},"query-input":{"@type":"PropertyValueSpecification","valueRequired":true,"valueName":"search_term_string"}}],"inLanguage":"es"}]}},"_links":{"self":[{"href":"https:\/\/globalsew.com\/es\/wp-json\/wp\/v2\/product\/81140","targetHints":{"allow":["GET"]}}],"collection":[{"href":"https:\/\/globalsew.com\/es\/wp-json\/wp\/v2\/product"}],"about":[{"href":"https:\/\/globalsew.com\/es\/wp-json\/wp\/v2\/types\/product"}],"wp:featuredmedia":[{"embeddable":true,"href":"https:\/\/globalsew.com\/es\/wp-json\/wp\/v2\/media\/105376"}],"wp:attachment":[{"href":"https:\/\/globalsew.com\/es\/wp-json\/wp\/v2\/media?parent=81140"}],"wp:term":[{"taxonomy":"product_brand","embeddable":true,"href":"https:\/\/globalsew.com\/es\/wp-json\/wp\/v2\/product_brand?post=81140"},{"taxonomy":"product_cat","embeddable":true,"href":"https:\/\/globalsew.com\/es\/wp-json\/wp\/v2\/product_cat?post=81140"},{"taxonomy":"product_tag","embeddable":true,"href":"https:\/\/globalsew.com\/es\/wp-json\/wp\/v2\/product_tag?post=81140"}],"curies":[{"name":"wp","href":"https:\/\/api.w.org\/{rel}","templated":true}]}}