{"id":66686,"date":"2017-03-02T12:38:40","date_gmt":"2017-03-02T11:38:40","guid":{"rendered":"https:\/\/globalsew.com\/?post_type=product&#038;p=66686"},"modified":"2024-05-22T09:44:14","modified_gmt":"2024-05-22T07:44:14","slug":"serie-foa","status":"publish","type":"product","link":"https:\/\/globalsew.com\/es\/product\/foa-series\/","title":{"rendered":"Serie FOA"},"content":{"rendered":"<p><strong>FOA 925<\/strong> - M\u00e1quina de coser de doble aguja y alimentaci\u00f3n por el brazo para coser materiales de peso ligero \/ medio.<br \/>\n<strong>FOA 925 P<\/strong> - Igual que FOA 925, pero equipado con extractor<br \/>\n<strong>FOA 926<\/strong> - M\u00e1quina de tres agujas de brazo m\u00f3vil para coser materiales de peso medio \/ pesado.<br \/>\n<strong>FOA 926 P<\/strong> - M\u00e1quina de tres agujas con arrastre para coser tela vaquera.<br \/>\n<strong>FOA 927 PS<\/strong> - Alimentador de tres agujas de la m\u00e1quina de brazo con caucho (silicona) inferior y tirador superior para coser<br \/>\nmateriales ligeros \/ medios. Dise\u00f1ada para coser camisas. Galga de aguja est\u00e1ndar 6,4 mm. La m\u00e1quina tiene<br \/>\nlubricaci\u00f3n.<\/p>","protected":false},"excerpt":{"rendered":"<p>Para las descargas, consulte nuestra p\u00e1gina de descargas del <a class=\"download-link\" href=\"https:\/\/globalsew.com\/es\/descargar\/serie-foa\/\">Serie FOA<\/a>.<\/p>","protected":false},"featured_media":67380,"template":"","meta":{"_acf_changed":false},"product_brand":[],"product_cat":[110,119,120,24],"product_tag":[],"class_list":{"0":"post-66686","1":"product","2":"type-product","3":"status-publish","4":"has-post-thumbnail","6":"product_cat-fancy-stitching","7":"product_cat-feed-of-the-arm-machines","8":"product_cat-foa-series","9":"product_cat-garment","10":"tm-has-options","12":"first","13":"instock","14":"shipping-taxable","15":"purchasable","16":"product-type-simple"},"acf":[],"gallery_images":[],"yoast_head":"<!-- This site is optimized with the Yoast SEO plugin v27.3 - https:\/\/yoast.com\/product\/yoast-seo-wordpress\/ -->\n<title>FOA Series - Global International B.V.<\/title>\n<meta name=\"robots\" content=\"index, follow, max-snippet:-1, max-image-preview:large, max-video-preview:-1\" \/>\n<link rel=\"canonical\" href=\"https:\/\/globalsew.com\/es\/producto\/serie-foa\/\" \/>\n<meta property=\"og:locale\" content=\"es_ES\" \/>\n<meta property=\"og:type\" content=\"article\" \/>\n<meta property=\"og:title\" content=\"FOA Series - Global International B.V.\" \/>\n<meta property=\"og:description\" content=\"For downloads see our downloads page for the FOA series.\" \/>\n<meta property=\"og:url\" content=\"https:\/\/globalsew.com\/es\/producto\/serie-foa\/\" \/>\n<meta property=\"og:site_name\" content=\"Global International B.V.\" \/>\n<meta property=\"article:modified_time\" content=\"2024-05-22T07:44:14+00:00\" \/>\n<meta property=\"og:image\" content=\"https:\/\/globalsew.com\/wp-content\/uploads\/2017\/03\/WEB-GLOBAL-FOA-926-P-01-GLOBAL-industrial-sewing-machines.jpg\" \/>\n\t<meta property=\"og:image:width\" content=\"555\" \/>\n\t<meta property=\"og:image:height\" content=\"347\" \/>\n\t<meta property=\"og:image:type\" content=\"image\/jpeg\" \/>\n<meta name=\"twitter:card\" content=\"summary_large_image\" \/>\n<meta name=\"twitter:label1\" content=\"Tiempo de lectura\" \/>\n\t<meta name=\"twitter:data1\" content=\"1 minuto\" \/>\n<script type=\"application\/ld+json\" class=\"yoast-schema-graph\">{\"@context\":\"https:\\\/\\\/schema.org\",\"@graph\":[{\"@type\":\"WebPage\",\"@id\":\"https:\\\/\\\/globalsew.com\\\/product\\\/foa-series\\\/\",\"url\":\"https:\\\/\\\/globalsew.com\\\/product\\\/foa-series\\\/\",\"name\":\"FOA Series - Global International B.V.\",\"isPartOf\":{\"@id\":\"https:\\\/\\\/globalsew.com\\\/#website\"},\"primaryImageOfPage\":{\"@id\":\"https:\\\/\\\/globalsew.com\\\/product\\\/foa-series\\\/#primaryimage\"},\"image\":{\"@id\":\"https:\\\/\\\/globalsew.com\\\/product\\\/foa-series\\\/#primaryimage\"},\"thumbnailUrl\":\"https:\\\/\\\/globalsew.com\\\/wp-content\\\/uploads\\\/2017\\\/03\\\/WEB-GLOBAL-FOA-926-P-01-GLOBAL-industrial-sewing-machines.jpg\",\"datePublished\":\"2017-03-02T11:38:40+00:00\",\"dateModified\":\"2024-05-22T07:44:14+00:00\",\"breadcrumb\":{\"@id\":\"https:\\\/\\\/globalsew.com\\\/product\\\/foa-series\\\/#breadcrumb\"},\"inLanguage\":\"es\",\"potentialAction\":[{\"@type\":\"ReadAction\",\"target\":[\"https:\\\/\\\/globalsew.com\\\/product\\\/foa-series\\\/\"]}]},{\"@type\":\"ImageObject\",\"inLanguage\":\"es\",\"@id\":\"https:\\\/\\\/globalsew.com\\\/product\\\/foa-series\\\/#primaryimage\",\"url\":\"https:\\\/\\\/globalsew.com\\\/wp-content\\\/uploads\\\/2017\\\/03\\\/WEB-GLOBAL-FOA-926-P-01-GLOBAL-industrial-sewing-machines.jpg\",\"contentUrl\":\"https:\\\/\\\/globalsew.com\\\/wp-content\\\/uploads\\\/2017\\\/03\\\/WEB-GLOBAL-FOA-926-P-01-GLOBAL-industrial-sewing-machines.jpg\",\"width\":555,\"height\":347,\"caption\":\"WEB-GLOBAL-FOA-926-P-01-GLOBAL-industrial-sewing-machines\"},{\"@type\":\"BreadcrumbList\",\"@id\":\"https:\\\/\\\/globalsew.com\\\/product\\\/foa-series\\\/#breadcrumb\",\"itemListElement\":[{\"@type\":\"ListItem\",\"position\":1,\"name\":\"Home\",\"item\":\"https:\\\/\\\/globalsew.com\\\/\"},{\"@type\":\"ListItem\",\"position\":2,\"name\":\"Products\",\"item\":\"https:\\\/\\\/globalsew.com\\\/products\\\/\"},{\"@type\":\"ListItem\",\"position\":3,\"name\":\"FOA Series\"}]},{\"@type\":\"WebSite\",\"@id\":\"https:\\\/\\\/globalsew.com\\\/#website\",\"url\":\"https:\\\/\\\/globalsew.com\\\/\",\"name\":\"Global International B.V.\",\"description\":\"Industrial Sewing Machines\",\"potentialAction\":[{\"@type\":\"SearchAction\",\"target\":{\"@type\":\"EntryPoint\",\"urlTemplate\":\"https:\\\/\\\/globalsew.com\\\/?s={search_term_string}\"},\"query-input\":{\"@type\":\"PropertyValueSpecification\",\"valueRequired\":true,\"valueName\":\"search_term_string\"}}],\"inLanguage\":\"es\"}]}<\/script>\n<!-- \/ Yoast SEO plugin. -->","yoast_head_json":{"title":"Serie FOA - Global International B.V.","robots":{"index":"index","follow":"follow","max-snippet":"max-snippet:-1","max-image-preview":"max-image-preview:large","max-video-preview":"max-video-preview:-1"},"canonical":"https:\/\/globalsew.com\/es\/producto\/serie-foa\/","og_locale":"es_ES","og_type":"article","og_title":"FOA Series - Global International B.V.","og_description":"For downloads see our downloads page for the FOA series.","og_url":"https:\/\/globalsew.com\/es\/producto\/serie-foa\/","og_site_name":"Global International B.V.","article_modified_time":"2024-05-22T07:44:14+00:00","og_image":[{"width":555,"height":347,"url":"https:\/\/globalsew.com\/wp-content\/uploads\/2017\/03\/WEB-GLOBAL-FOA-926-P-01-GLOBAL-industrial-sewing-machines.jpg","type":"image\/jpeg"}],"twitter_card":"summary_large_image","twitter_misc":{"Tiempo de lectura":"1 minuto"},"schema":{"@context":"https:\/\/schema.org","@graph":[{"@type":"WebPage","@id":"https:\/\/globalsew.com\/product\/foa-series\/","url":"https:\/\/globalsew.com\/product\/foa-series\/","name":"Serie FOA - Global International B.V.","isPartOf":{"@id":"https:\/\/globalsew.com\/#website"},"primaryImageOfPage":{"@id":"https:\/\/globalsew.com\/product\/foa-series\/#primaryimage"},"image":{"@id":"https:\/\/globalsew.com\/product\/foa-series\/#primaryimage"},"thumbnailUrl":"https:\/\/globalsew.com\/wp-content\/uploads\/2017\/03\/WEB-GLOBAL-FOA-926-P-01-GLOBAL-industrial-sewing-machines.jpg","datePublished":"2017-03-02T11:38:40+00:00","dateModified":"2024-05-22T07:44:14+00:00","breadcrumb":{"@id":"https:\/\/globalsew.com\/product\/foa-series\/#breadcrumb"},"inLanguage":"es","potentialAction":[{"@type":"ReadAction","target":["https:\/\/globalsew.com\/product\/foa-series\/"]}]},{"@type":"ImageObject","inLanguage":"es","@id":"https:\/\/globalsew.com\/product\/foa-series\/#primaryimage","url":"https:\/\/globalsew.com\/wp-content\/uploads\/2017\/03\/WEB-GLOBAL-FOA-926-P-01-GLOBAL-industrial-sewing-machines.jpg","contentUrl":"https:\/\/globalsew.com\/wp-content\/uploads\/2017\/03\/WEB-GLOBAL-FOA-926-P-01-GLOBAL-industrial-sewing-machines.jpg","width":555,"height":347,"caption":"WEB-GLOBAL-FOA-926-P-01-GLOBAL-industrial-sewing-machines"},{"@type":"BreadcrumbList","@id":"https:\/\/globalsew.com\/product\/foa-series\/#breadcrumb","itemListElement":[{"@type":"ListItem","position":1,"name":"Home","item":"https:\/\/globalsew.com\/"},{"@type":"ListItem","position":2,"name":"Products","item":"https:\/\/globalsew.com\/products\/"},{"@type":"ListItem","position":3,"name":"FOA Series"}]},{"@type":"WebSite","@id":"https:\/\/globalsew.com\/#website","url":"https:\/\/globalsew.com\/","name":"Global International B.V.","description":"M\u00e1quinas de coser industriales","potentialAction":[{"@type":"SearchAction","target":{"@type":"EntryPoint","urlTemplate":"https:\/\/globalsew.com\/?s={search_term_string}"},"query-input":{"@type":"PropertyValueSpecification","valueRequired":true,"valueName":"search_term_string"}}],"inLanguage":"es"}]}},"_links":{"self":[{"href":"https:\/\/globalsew.com\/es\/wp-json\/wp\/v2\/product\/66686","targetHints":{"allow":["GET"]}}],"collection":[{"href":"https:\/\/globalsew.com\/es\/wp-json\/wp\/v2\/product"}],"about":[{"href":"https:\/\/globalsew.com\/es\/wp-json\/wp\/v2\/types\/product"}],"wp:featuredmedia":[{"embeddable":true,"href":"https:\/\/globalsew.com\/es\/wp-json\/wp\/v2\/media\/67380"}],"wp:attachment":[{"href":"https:\/\/globalsew.com\/es\/wp-json\/wp\/v2\/media?parent=66686"}],"wp:term":[{"taxonomy":"product_brand","embeddable":true,"href":"https:\/\/globalsew.com\/es\/wp-json\/wp\/v2\/product_brand?post=66686"},{"taxonomy":"product_cat","embeddable":true,"href":"https:\/\/globalsew.com\/es\/wp-json\/wp\/v2\/product_cat?post=66686"},{"taxonomy":"product_tag","embeddable":true,"href":"https:\/\/globalsew.com\/es\/wp-json\/wp\/v2\/product_tag?post=66686"}],"curies":[{"name":"wp","href":"https:\/\/api.w.org\/{rel}","templated":true}]}}