{"id":66317,"date":"2017-04-06T13:11:30","date_gmt":"2017-04-06T11:11:30","guid":{"rendered":"https:\/\/globalsew.com\/?post_type=product&#038;p=66317"},"modified":"2024-01-18T16:14:54","modified_gmt":"2024-01-18T15:14:54","slug":"vb-1010-completo","status":"publish","type":"product","link":"https:\/\/globalsew.com\/es\/product\/vb-1010-complete\/","title":{"rendered":"VB 1010 completo"},"content":{"rendered":"<div class=\"wpb-content-wrapper\"><div class=\"vc_row wpb_row vc_row-fluid\"><div class=\"wpb_column vc_column_container vc_col-sm-6\"><div class=\"vc_column-inner\"><div class=\"wpb_wrapper\">\n\t<div class=\"wpb_text_column wpb_content_element\" >\n\t\t<div class=\"wpb_wrapper\">\n\t\t\t<p><strong>VB 1010<br \/>\n<\/strong><br \/>\nM\u00e1quina de pespunte de dos agujas accionada por Mitsubishi-VINCO, accionamiento directo PLK-G, lanzadera y cortahilos. Esta m\u00e1quina ha sido modificada para adaptarla a la industria de producci\u00f3n de calzado. El dispositivo de doble color (es decir, DCT - Double Colour Technology), patentado por VINCO, permite coser con 2 hilos de diferentes colores \/ grosor en un solo ciclo de costura. Gracias a las 2 barras de agujas divididas, es posible saltar autom\u00e1ticamente de una aguja a otra siguiendo el patr\u00f3n de costura. Con el panel de pantalla t\u00e1ctil f\u00e1cil de usar, es f\u00e1cil hacer cualquier patr\u00f3n deseado, tambi\u00e9n es posible comprar un programa de software para crear los patrones en el PC o enviar un boceto a nuestro departamento de dise\u00f1o y haremos el patr\u00f3n para usted y se lo enviaremos por correo electr\u00f3nico. Puede descargarlo en una memoria flash y cargarlo en la m\u00e1quina. Es posible almacenar 512 patrones diferentes en la memoria interna. Si lo desea, disponemos de pinzas especiales para sus patrones.<\/p>\n\n\t\t<\/div>\n\t<\/div>\n<\/div><\/div><\/div><div class=\"wpb_column vc_column_container vc_col-sm-6\"><div class=\"vc_column-inner\"><div class=\"wpb_wrapper\">\n\t<div class=\"wpb_video_widget wpb_content_element vc_clearfix   vc_video-aspect-ratio-169 vc_video-el-width-100 vc_video-align-left\" >\n\t\t<div class=\"wpb_wrapper\">\n\t\t\t\n\t\t\t<div class=\"wpb_video_wrapper\"><iframe title=\"Global VB1010 - M\u00e1quina especial para calzado\" width=\"500\" height=\"281\" src=\"https:\/\/www.youtube.com\/embed\/zpAeyfPYXEE?feature=oembed\" frameborder=\"0\" allow=\"accelerometer; autoplay; clipboard-write; encrypted-media; gyroscope; picture-in-picture; web-share\" referrerpolicy=\"strict-origin-when-cross-origin\" allowfullscreen><\/iframe><\/div>\n\t\t<\/div>\n\t<\/div>\n<\/div><\/div><\/div><\/div>\n<\/div>","protected":false},"excerpt":{"rendered":"<div class=\"row\">\n<div class=\"col-md-6\"><a class=\"download-button\" href=\"https:\/\/globalsew.com\/wp-content\/uploads\/2018\/01\/vb1010leaf.pdf\" target=\"_blank\" rel=\"noopener\">Descargar folleto<\/a><\/div>\n<\/div>\n<p>&nbsp;<\/p>\n<p>Completa con mesa, soporte y motor.<\/p>\n<p>&nbsp;<\/p>\n<p>Especificaciones del producto Global VB 1010:<\/p>\n<ul>\n<li>Velocidad de la m\u00e1quina: m\u00e1x. 2500 SPM<\/li>\n<li>Sistema de alimentaci\u00f3n: por motor de impulsos (X - Y)<\/li>\n<li>Longitud de puntada: m\u00e1x. 20 mm<\/li>\n<li>Tipo de anzuelo: anzuelo de lanzadera<\/li>\n<li>Tipo de aguja: DPx17<\/li>\n<li>Campo de costura: 258\u00d7158 mm<\/li>\n<li>Fuente de alimentaci\u00f3n: Monof\u00e1sico, 220 V, 50 \/60 Hz, servomotor de CA Mitsubishi (750 vatios) de accionamiento directo<\/li>\n<\/ul>\n<div class=\"col-md-4\"><a href=\"#video\"><img decoding=\"async\" src=\"https:\/\/globalsew.com\/wp-content\/uploads\/2017\/11\/youtube-logo-4.png\" width=\"60\" height=\"42\" \/><\/a><\/div>","protected":false},"featured_media":88832,"template":"","meta":{"_acf_changed":false},"product_brand":[],"product_cat":[122,25],"product_tag":[],"class_list":{"0":"post-66317","1":"product","2":"type-product","3":"status-publish","4":"has-post-thumbnail","6":"product_cat-shoe-machines","7":"product_cat-shoes","8":"tm-no-options","10":"first","11":"instock","12":"shipping-taxable","13":"purchasable","14":"product-type-simple"},"acf":[],"gallery_images":[88833],"yoast_head":"<!-- This site is optimized with the Yoast SEO plugin v27.3 - https:\/\/yoast.com\/product\/yoast-seo-wordpress\/ -->\n<title>VB 1010 complete - Global International B.V.<\/title>\n<meta name=\"robots\" content=\"index, follow, max-snippet:-1, max-image-preview:large, max-video-preview:-1\" \/>\n<link rel=\"canonical\" href=\"https:\/\/globalsew.com\/es\/producto\/vb-1010-completo\/\" \/>\n<meta property=\"og:locale\" content=\"es_ES\" \/>\n<meta property=\"og:type\" content=\"article\" \/>\n<meta property=\"og:title\" content=\"VB 1010 complete - Global International B.V.\" \/>\n<meta property=\"og:description\" content=\"Download Leaflet  &nbsp;  Complete with table, stand and motor.  &nbsp;  The product specifications for the Global VB 1010:   Machine speed: max. 2500 SPM  Feeding system: by pulse motor (X - Y)  Stitch length: max. 20 mm  Hook type: shuttle hook  Needle type: DPx17  Sewing range: 258x158 mm  Power source: Single phase, 220 V, 50 \/60 Hz, AC servomotor Mitsubishi (750 Watt) direct drive\" \/>\n<meta property=\"og:url\" content=\"https:\/\/globalsew.com\/es\/producto\/vb-1010-completo\/\" \/>\n<meta property=\"og:site_name\" content=\"Global International B.V.\" \/>\n<meta property=\"article:modified_time\" content=\"2024-01-18T15:14:54+00:00\" \/>\n<meta property=\"og:image\" content=\"https:\/\/globalsew.com\/wp-content\/uploads\/2017\/02\/WEB-GLOBAL-VINCO-VB-1010-01-GLOBAL-sewing-machines.jpg\" \/>\n\t<meta property=\"og:image:width\" content=\"555\" \/>\n\t<meta property=\"og:image:height\" content=\"347\" \/>\n\t<meta property=\"og:image:type\" content=\"image\/jpeg\" \/>\n<meta name=\"twitter:card\" content=\"summary_large_image\" \/>\n<meta name=\"twitter:label1\" content=\"Tiempo de lectura\" \/>\n\t<meta name=\"twitter:data1\" content=\"1 minuto\" \/>\n<script type=\"application\/ld+json\" class=\"yoast-schema-graph\">{\"@context\":\"https:\\\/\\\/schema.org\",\"@graph\":[{\"@type\":\"WebPage\",\"@id\":\"https:\\\/\\\/globalsew.com\\\/product\\\/vb-1010-complete\\\/\",\"url\":\"https:\\\/\\\/globalsew.com\\\/product\\\/vb-1010-complete\\\/\",\"name\":\"VB 1010 complete - Global International B.V.\",\"isPartOf\":{\"@id\":\"https:\\\/\\\/globalsew.com\\\/#website\"},\"primaryImageOfPage\":{\"@id\":\"https:\\\/\\\/globalsew.com\\\/product\\\/vb-1010-complete\\\/#primaryimage\"},\"image\":{\"@id\":\"https:\\\/\\\/globalsew.com\\\/product\\\/vb-1010-complete\\\/#primaryimage\"},\"thumbnailUrl\":\"https:\\\/\\\/globalsew.com\\\/wp-content\\\/uploads\\\/2017\\\/02\\\/WEB-GLOBAL-VINCO-VB-1010-01-GLOBAL-sewing-machines.jpg\",\"datePublished\":\"2017-04-06T11:11:30+00:00\",\"dateModified\":\"2024-01-18T15:14:54+00:00\",\"breadcrumb\":{\"@id\":\"https:\\\/\\\/globalsew.com\\\/product\\\/vb-1010-complete\\\/#breadcrumb\"},\"inLanguage\":\"es\",\"potentialAction\":[{\"@type\":\"ReadAction\",\"target\":[\"https:\\\/\\\/globalsew.com\\\/product\\\/vb-1010-complete\\\/\"]}]},{\"@type\":\"ImageObject\",\"inLanguage\":\"es\",\"@id\":\"https:\\\/\\\/globalsew.com\\\/product\\\/vb-1010-complete\\\/#primaryimage\",\"url\":\"https:\\\/\\\/globalsew.com\\\/wp-content\\\/uploads\\\/2017\\\/02\\\/WEB-GLOBAL-VINCO-VB-1010-01-GLOBAL-sewing-machines.jpg\",\"contentUrl\":\"https:\\\/\\\/globalsew.com\\\/wp-content\\\/uploads\\\/2017\\\/02\\\/WEB-GLOBAL-VINCO-VB-1010-01-GLOBAL-sewing-machines.jpg\",\"width\":555,\"height\":347,\"caption\":\"WEB-GLOBAL-VINCO-VB-1010-01-GLOBAL-sewing-machines\"},{\"@type\":\"BreadcrumbList\",\"@id\":\"https:\\\/\\\/globalsew.com\\\/product\\\/vb-1010-complete\\\/#breadcrumb\",\"itemListElement\":[{\"@type\":\"ListItem\",\"position\":1,\"name\":\"Home\",\"item\":\"https:\\\/\\\/globalsew.com\\\/\"},{\"@type\":\"ListItem\",\"position\":2,\"name\":\"Products\",\"item\":\"https:\\\/\\\/globalsew.com\\\/products\\\/\"},{\"@type\":\"ListItem\",\"position\":3,\"name\":\"VB 1010 complete\"}]},{\"@type\":\"WebSite\",\"@id\":\"https:\\\/\\\/globalsew.com\\\/#website\",\"url\":\"https:\\\/\\\/globalsew.com\\\/\",\"name\":\"Global International B.V.\",\"description\":\"Industrial Sewing Machines\",\"potentialAction\":[{\"@type\":\"SearchAction\",\"target\":{\"@type\":\"EntryPoint\",\"urlTemplate\":\"https:\\\/\\\/globalsew.com\\\/?s={search_term_string}\"},\"query-input\":{\"@type\":\"PropertyValueSpecification\",\"valueRequired\":true,\"valueName\":\"search_term_string\"}}],\"inLanguage\":\"es\"}]}<\/script>\n<!-- \/ Yoast SEO plugin. -->","yoast_head_json":{"title":"VB 1010 completo - Global International B.V.","robots":{"index":"index","follow":"follow","max-snippet":"max-snippet:-1","max-image-preview":"max-image-preview:large","max-video-preview":"max-video-preview:-1"},"canonical":"https:\/\/globalsew.com\/es\/producto\/vb-1010-completo\/","og_locale":"es_ES","og_type":"article","og_title":"VB 1010 complete - Global International B.V.","og_description":"Download Leaflet  &nbsp;  Complete with table, stand and motor.  &nbsp;  The product specifications for the Global VB 1010:   Machine speed: max. 2500 SPM  Feeding system: by pulse motor (X - Y)  Stitch length: max. 20 mm  Hook type: shuttle hook  Needle type: DPx17  Sewing range: 258x158 mm  Power source: Single phase, 220 V, 50 \/60 Hz, AC servomotor Mitsubishi (750 Watt) direct drive","og_url":"https:\/\/globalsew.com\/es\/producto\/vb-1010-completo\/","og_site_name":"Global International B.V.","article_modified_time":"2024-01-18T15:14:54+00:00","og_image":[{"width":555,"height":347,"url":"https:\/\/globalsew.com\/wp-content\/uploads\/2017\/02\/WEB-GLOBAL-VINCO-VB-1010-01-GLOBAL-sewing-machines.jpg","type":"image\/jpeg"}],"twitter_card":"summary_large_image","twitter_misc":{"Tiempo de lectura":"1 minuto"},"schema":{"@context":"https:\/\/schema.org","@graph":[{"@type":"WebPage","@id":"https:\/\/globalsew.com\/product\/vb-1010-complete\/","url":"https:\/\/globalsew.com\/product\/vb-1010-complete\/","name":"VB 1010 completo - Global International B.V.","isPartOf":{"@id":"https:\/\/globalsew.com\/#website"},"primaryImageOfPage":{"@id":"https:\/\/globalsew.com\/product\/vb-1010-complete\/#primaryimage"},"image":{"@id":"https:\/\/globalsew.com\/product\/vb-1010-complete\/#primaryimage"},"thumbnailUrl":"https:\/\/globalsew.com\/wp-content\/uploads\/2017\/02\/WEB-GLOBAL-VINCO-VB-1010-01-GLOBAL-sewing-machines.jpg","datePublished":"2017-04-06T11:11:30+00:00","dateModified":"2024-01-18T15:14:54+00:00","breadcrumb":{"@id":"https:\/\/globalsew.com\/product\/vb-1010-complete\/#breadcrumb"},"inLanguage":"es","potentialAction":[{"@type":"ReadAction","target":["https:\/\/globalsew.com\/product\/vb-1010-complete\/"]}]},{"@type":"ImageObject","inLanguage":"es","@id":"https:\/\/globalsew.com\/product\/vb-1010-complete\/#primaryimage","url":"https:\/\/globalsew.com\/wp-content\/uploads\/2017\/02\/WEB-GLOBAL-VINCO-VB-1010-01-GLOBAL-sewing-machines.jpg","contentUrl":"https:\/\/globalsew.com\/wp-content\/uploads\/2017\/02\/WEB-GLOBAL-VINCO-VB-1010-01-GLOBAL-sewing-machines.jpg","width":555,"height":347,"caption":"WEB-GLOBAL-VINCO-VB-1010-01-GLOBAL-sewing-machines"},{"@type":"BreadcrumbList","@id":"https:\/\/globalsew.com\/product\/vb-1010-complete\/#breadcrumb","itemListElement":[{"@type":"ListItem","position":1,"name":"Home","item":"https:\/\/globalsew.com\/"},{"@type":"ListItem","position":2,"name":"Products","item":"https:\/\/globalsew.com\/products\/"},{"@type":"ListItem","position":3,"name":"VB 1010 complete"}]},{"@type":"WebSite","@id":"https:\/\/globalsew.com\/#website","url":"https:\/\/globalsew.com\/","name":"Global International B.V.","description":"M\u00e1quinas de coser industriales","potentialAction":[{"@type":"SearchAction","target":{"@type":"EntryPoint","urlTemplate":"https:\/\/globalsew.com\/?s={search_term_string}"},"query-input":{"@type":"PropertyValueSpecification","valueRequired":true,"valueName":"search_term_string"}}],"inLanguage":"es"}]}},"_links":{"self":[{"href":"https:\/\/globalsew.com\/es\/wp-json\/wp\/v2\/product\/66317","targetHints":{"allow":["GET"]}}],"collection":[{"href":"https:\/\/globalsew.com\/es\/wp-json\/wp\/v2\/product"}],"about":[{"href":"https:\/\/globalsew.com\/es\/wp-json\/wp\/v2\/types\/product"}],"wp:featuredmedia":[{"embeddable":true,"href":"https:\/\/globalsew.com\/es\/wp-json\/wp\/v2\/media\/88832"}],"wp:attachment":[{"href":"https:\/\/globalsew.com\/es\/wp-json\/wp\/v2\/media?parent=66317"}],"wp:term":[{"taxonomy":"product_brand","embeddable":true,"href":"https:\/\/globalsew.com\/es\/wp-json\/wp\/v2\/product_brand?post=66317"},{"taxonomy":"product_cat","embeddable":true,"href":"https:\/\/globalsew.com\/es\/wp-json\/wp\/v2\/product_cat?post=66317"},{"taxonomy":"product_tag","embeddable":true,"href":"https:\/\/globalsew.com\/es\/wp-json\/wp\/v2\/product_tag?post=66317"}],"curies":[{"name":"wp","href":"https:\/\/api.w.org\/{rel}","templated":true}]}}