{"id":61450,"date":"2017-03-08T11:20:01","date_gmt":"2017-03-08T10:20:01","guid":{"rendered":"https:\/\/globalsew.com\/?post_type=product&#038;p=61450"},"modified":"2024-03-05T14:11:48","modified_gmt":"2024-03-05T13:11:48","slug":"serie-lp-8970","status":"publish","type":"product","link":"https:\/\/globalsew.com\/es\/product\/lp-8970-series\/","title":{"rendered":"LP 8970 i - Serie AUT"},"content":{"rendered":"<p><strong>LP 8971 - I - AUT<br \/>\n<\/strong><img decoding=\"async\" class=\"alignnone size-full wp-image-95492\" src=\"https:\/\/globalsew.com\/wp-content\/uploads\/2017\/03\/ICONS-WEB-STANDARD-LP-8971-AUT-01GLOBAL-M.jpg\" alt=\"\" width=\"344\" height=\"48\" srcset=\"https:\/\/globalsew.com\/wp-content\/uploads\/2017\/03\/ICONS-WEB-STANDARD-LP-8971-AUT-01GLOBAL-M.jpg 344w, https:\/\/globalsew.com\/wp-content\/uploads\/2017\/03\/ICONS-WEB-STANDARD-LP-8971-AUT-01GLOBAL-M-300x42.jpg 300w, https:\/\/globalsew.com\/wp-content\/uploads\/2017\/03\/ICONS-WEB-STANDARD-LP-8971-AUT-01GLOBAL-M-205x29.jpg 205w\" sizes=\"(max-width: 344px) 100vw, 344px\" \/>\u00a0 \u00a0 \u00a0 \u00a0<img decoding=\"async\" class=\"alignnone wp-image-95452\" src=\"https:\/\/globalsew.com\/wp-content\/uploads\/2017\/03\/Ho-Hsing-Sewing-machines-servo-motors-Global-Sewing-Machines-International.png\" alt=\"\" width=\"55\" height=\"46\" \/><\/p>\n<p>M\u00e1quina de alta velocidad de una sola aguja para postcostura, con rodillo de arrastre superior, alimentaci\u00f3n por rueda y aguja y garfio est\u00e1ndar. M\u00e1quina equipada con dispositivo de corte de hilo, remate trasero autom\u00e1tico y elevaci\u00f3n del prensatelas (todo el\u00e9ctrico). El mini servomotor de accionamiento directo Ho Hsing, la caja de control y el panel de control est\u00e1n integrados en la m\u00e1quina (Todo en uno).<\/p>\n<p><img fetchpriority=\"high\" decoding=\"async\" class=\"alignnone wp-image-95479\" src=\"https:\/\/globalsew.com\/wp-content\/uploads\/2017\/03\/WEBSITES-MAIN-LP-8971-AUT-03-GLOBAL.jpg\" alt=\"\" width=\"392\" height=\"271\" srcset=\"https:\/\/globalsew.com\/wp-content\/uploads\/2017\/03\/WEBSITES-MAIN-LP-8971-AUT-03-GLOBAL.jpg 501w, https:\/\/globalsew.com\/wp-content\/uploads\/2017\/03\/WEBSITES-MAIN-LP-8971-AUT-03-GLOBAL-300x207.jpg 300w, https:\/\/globalsew.com\/wp-content\/uploads\/2017\/03\/WEBSITES-MAIN-LP-8971-AUT-03-GLOBAL-205x142.jpg 205w\" sizes=\"(max-width: 392px) 100vw, 392px\" \/><img loading=\"lazy\" decoding=\"async\" class=\"alignnone wp-image-95480\" src=\"https:\/\/globalsew.com\/wp-content\/uploads\/2017\/03\/WEBSITES-MAIN-LP-8971-I-AUT-05-GLOBAL.jpg\" alt=\"\" width=\"391\" height=\"270\" srcset=\"https:\/\/globalsew.com\/wp-content\/uploads\/2017\/03\/WEBSITES-MAIN-LP-8971-I-AUT-05-GLOBAL.jpg 501w, https:\/\/globalsew.com\/wp-content\/uploads\/2017\/03\/WEBSITES-MAIN-LP-8971-I-AUT-05-GLOBAL-300x207.jpg 300w, https:\/\/globalsew.com\/wp-content\/uploads\/2017\/03\/WEBSITES-MAIN-LP-8971-I-AUT-05-GLOBAL-205x142.jpg 205w\" sizes=\"(max-width: 391px) 100vw, 391px\" \/><\/p>\n<p><img loading=\"lazy\" decoding=\"async\" class=\"alignnone wp-image-95501\" src=\"https:\/\/globalsew.com\/wp-content\/uploads\/2017\/03\/WEBSITES-MAIN-LP-8971-03-GLOBAL.jpg\" alt=\"\" width=\"394\" height=\"272\" \/><img loading=\"lazy\" decoding=\"async\" class=\"alignnone wp-image-95502\" src=\"https:\/\/globalsew.com\/wp-content\/uploads\/2017\/03\/WEBSITES-MAIN-LP-8971-08-GLOBAL.jpg\" alt=\"\" width=\"395\" height=\"272\" \/><\/p>\n<p><strong>LP 8971 - I - LH - AUT<br \/>\n<\/strong><strong><img loading=\"lazy\" decoding=\"async\" class=\"alignnone size-full wp-image-95494\" src=\"https:\/\/globalsew.com\/wp-content\/uploads\/2017\/03\/ICONS-WEB-STANDARD-LP-8971-LH-AUT-GLOBAL-M.jpg\" alt=\"\" width=\"344\" height=\"48\" srcset=\"https:\/\/globalsew.com\/wp-content\/uploads\/2017\/03\/ICONS-WEB-STANDARD-LP-8971-LH-AUT-GLOBAL-M.jpg 344w, https:\/\/globalsew.com\/wp-content\/uploads\/2017\/03\/ICONS-WEB-STANDARD-LP-8971-LH-AUT-GLOBAL-M-300x42.jpg 300w, https:\/\/globalsew.com\/wp-content\/uploads\/2017\/03\/ICONS-WEB-STANDARD-LP-8971-LH-AUT-GLOBAL-M-205x29.jpg 205w\" sizes=\"(max-width: 344px) 100vw, 344px\" \/>\u00a0 \u00a0 \u00a0 \u00a0<img loading=\"lazy\" decoding=\"async\" class=\"alignnone wp-image-95452\" src=\"https:\/\/globalsew.com\/wp-content\/uploads\/2017\/03\/Ho-Hsing-Sewing-machines-servo-motors-Global-Sewing-Machines-International.png\" alt=\"\" width=\"57\" height=\"47\" \/><\/strong><\/p>\n<p>Igual que una LP 8971 i-AUT, pero equipada con un gancho grande.<\/p>\n<p><img loading=\"lazy\" decoding=\"async\" class=\"alignnone wp-image-95475\" src=\"https:\/\/globalsew.com\/wp-content\/uploads\/2017\/03\/WEBSITES-MAIN-LP-8971-I-LH-AUT-04-GLOBAL-1.jpg\" alt=\"\" width=\"398\" height=\"275\" srcset=\"https:\/\/globalsew.com\/wp-content\/uploads\/2017\/03\/WEBSITES-MAIN-LP-8971-I-LH-AUT-04-GLOBAL-1.jpg 501w, https:\/\/globalsew.com\/wp-content\/uploads\/2017\/03\/WEBSITES-MAIN-LP-8971-I-LH-AUT-04-GLOBAL-1-300x207.jpg 300w, https:\/\/globalsew.com\/wp-content\/uploads\/2017\/03\/WEBSITES-MAIN-LP-8971-I-LH-AUT-04-GLOBAL-1-205x142.jpg 205w\" sizes=\"(max-width: 398px) 100vw, 398px\" \/><img loading=\"lazy\" decoding=\"async\" class=\"alignnone wp-image-95478\" src=\"https:\/\/globalsew.com\/wp-content\/uploads\/2017\/03\/WEBSITES-MAIN-LP-8971-I-LH-AUT-05-GLOBAL-1.jpg\" alt=\"\" width=\"397\" height=\"275\" srcset=\"https:\/\/globalsew.com\/wp-content\/uploads\/2017\/03\/WEBSITES-MAIN-LP-8971-I-LH-AUT-05-GLOBAL-1.jpg 501w, https:\/\/globalsew.com\/wp-content\/uploads\/2017\/03\/WEBSITES-MAIN-LP-8971-I-LH-AUT-05-GLOBAL-1-300x207.jpg 300w, https:\/\/globalsew.com\/wp-content\/uploads\/2017\/03\/WEBSITES-MAIN-LP-8971-I-LH-AUT-05-GLOBAL-1-205x142.jpg 205w\" sizes=\"(max-width: 397px) 100vw, 397px\" \/><\/p>\n<p><strong><img loading=\"lazy\" decoding=\"async\" class=\"alignnone wp-image-95503\" src=\"https:\/\/globalsew.com\/wp-content\/uploads\/2017\/03\/WEBSITES-MAIN-LP-8971-LH-03-GLOBAL.jpg\" alt=\"\" width=\"398\" height=\"275\" srcset=\"https:\/\/globalsew.com\/wp-content\/uploads\/2017\/03\/WEBSITES-MAIN-LP-8971-LH-03-GLOBAL.jpg 501w, https:\/\/globalsew.com\/wp-content\/uploads\/2017\/03\/WEBSITES-MAIN-LP-8971-LH-03-GLOBAL-300x207.jpg 300w, https:\/\/globalsew.com\/wp-content\/uploads\/2017\/03\/WEBSITES-MAIN-LP-8971-LH-03-GLOBAL-205x142.jpg 205w\" sizes=\"(max-width: 398px) 100vw, 398px\" \/><img loading=\"lazy\" decoding=\"async\" class=\"alignnone wp-image-95504\" src=\"https:\/\/globalsew.com\/wp-content\/uploads\/2017\/03\/WEBSITES-MAIN-LP-8971-08-GLOBAL-1.jpg\" alt=\"\" width=\"398\" height=\"275\" srcset=\"https:\/\/globalsew.com\/wp-content\/uploads\/2017\/03\/WEBSITES-MAIN-LP-8971-08-GLOBAL-1.jpg 501w, https:\/\/globalsew.com\/wp-content\/uploads\/2017\/03\/WEBSITES-MAIN-LP-8971-08-GLOBAL-1-300x207.jpg 300w, https:\/\/globalsew.com\/wp-content\/uploads\/2017\/03\/WEBSITES-MAIN-LP-8971-08-GLOBAL-1-205x142.jpg 205w\" sizes=\"(max-width: 398px) 100vw, 398px\" \/><\/strong><\/p>\n<p><strong>LP 8971 - I - ST - AUT<br \/>\n<\/strong><img loading=\"lazy\" decoding=\"async\" class=\"alignnone size-full wp-image-95509\" src=\"https:\/\/globalsew.com\/wp-content\/uploads\/2017\/03\/ICONS-WEB-STANDARD-LP-NP-ST-GLOBAL-M-1.jpg\" alt=\"\" width=\"344\" height=\"48\" \/>\u00a0 \u00a0 \u00a0 \u00a0 <img decoding=\"async\" class=\"alignnone wp-image-95452\" src=\"https:\/\/globalsew.com\/wp-content\/uploads\/2017\/03\/Ho-Hsing-Sewing-machines-servo-motors-Global-Sewing-Machines-International.png\" alt=\"\" width=\"55\" height=\"46\" \/><\/p>\n<p>M\u00e1quina de alta velocidad, de una sola aguja, con rodillo de accionamiento superior, alimentaci\u00f3n por rueda y aguja y garfio est\u00e1ndar. La m\u00e1quina est\u00e1 equipada con dispositivo de corte de hilo, que se puede ajustar f\u00e1cilmente, para el corte de extremos cortos de hilo, remate trasero autom\u00e1tico y elevaci\u00f3n del prensatelas (todo el\u00e9ctrico).<br \/>\nGracias al exclusivo dispositivo de corte de hilo, los extremos de hilo restantes s\u00f3lo miden 6 mm. El mini servomotor de accionamiento directo Ho Hsing, la caja de control y el panel de control est\u00e1n integrados en la m\u00e1quina (Todo en uno).<\/p>\n<p><strong><img loading=\"lazy\" decoding=\"async\" class=\"alignnone wp-image-95453\" src=\"https:\/\/globalsew.com\/wp-content\/uploads\/2017\/03\/WEBSITES-MAIN-LP-8971-ST-02-GLOBAL.jpg\" alt=\"\" width=\"408\" height=\"282\" \/><img loading=\"lazy\" decoding=\"async\" class=\"alignnone wp-image-95483\" src=\"https:\/\/globalsew.com\/wp-content\/uploads\/2017\/03\/WEBSITES-MAIN-LP-8971-I-ST-AUT-05-GLOBAL.jpg\" alt=\"\" width=\"407\" height=\"282\" \/><\/strong><\/p>\n<p><img loading=\"lazy\" decoding=\"async\" class=\"alignnone wp-image-95456\" src=\"https:\/\/globalsew.com\/wp-content\/uploads\/2017\/03\/WEBSITES-MAIN-LP-8971-ST-04-GLOBAL.jpg\" alt=\"\" width=\"409\" height=\"282\" \/><img loading=\"lazy\" decoding=\"async\" class=\"alignnone wp-image-95446\" src=\"https:\/\/globalsew.com\/wp-content\/uploads\/2017\/03\/WEBSITES-MAIN-LP-8971-NP-03-GLOBAL.jpg\" alt=\"\" width=\"409\" height=\"282\" \/><\/p>\n<p><strong>LP 8971 - I - NP - AUT<br \/>\n<img loading=\"lazy\" decoding=\"async\" class=\"alignnone size-full wp-image-95509\" src=\"https:\/\/globalsew.com\/wp-content\/uploads\/2017\/03\/ICONS-WEB-STANDARD-LP-NP-ST-GLOBAL-M-1.jpg\" alt=\"\" width=\"344\" height=\"48\" \/>\u00a0 \u00a0 \u00a0 \u00a0 <img loading=\"lazy\" decoding=\"async\" class=\"alignnone wp-image-95452\" src=\"https:\/\/globalsew.com\/wp-content\/uploads\/2017\/03\/Ho-Hsing-Sewing-machines-servo-motors-Global-Sewing-Machines-International.png\" alt=\"\" width=\"57\" height=\"47\" \/><\/strong><\/p>\n<p>M\u00e1quina de alta velocidad de una sola aguja para postcostura, con rodillo de arrastre superior, alimentaci\u00f3n por rueda y aguja y garfio est\u00e1ndar. M\u00e1quina equipada con dispositivo de corte de hilo, remate trasero autom\u00e1tico y elevaci\u00f3n del prensatelas (todo el\u00e9ctrico). Gracias al exclusivo dispositivo de corte de hilo, los extremos de hilo restantes s\u00f3lo miden 6 mm. Esta m\u00e1quina de nuevo dise\u00f1o tiene un peque\u00f1o poste derecho que la hace adecuada para coser f\u00e1cilmente zapatos de ni\u00f1os.El mini servomotor de accionamiento directo Ho Hsing, la caja de control y el panel de control est\u00e1n integrados en la m\u00e1quina (Todo en uno).<\/p>\n<p><img loading=\"lazy\" decoding=\"async\" class=\"alignnone wp-image-95468\" src=\"https:\/\/globalsew.com\/wp-content\/uploads\/2017\/03\/WEBSITES-MAIN-LP-8971-NP-05-GLOBAL.jpg\" alt=\"\" width=\"411\" height=\"284\" \/><img loading=\"lazy\" decoding=\"async\" class=\"alignnone wp-image-95471\" src=\"https:\/\/globalsew.com\/wp-content\/uploads\/2017\/03\/WEBSITES-MAIN-LP-8971-NP-06-GLOBAL.jpg\" alt=\"\" width=\"413\" height=\"285\" \/><\/p>\n<p><img loading=\"lazy\" decoding=\"async\" class=\"alignnone wp-image-95445\" src=\"https:\/\/globalsew.com\/wp-content\/uploads\/2017\/03\/WEBSITES-MAIN-LP-8971-NP-04-GLOBAL.jpg\" alt=\"\" width=\"411\" height=\"284\" \/><img loading=\"lazy\" decoding=\"async\" class=\"alignnone wp-image-95446\" src=\"https:\/\/globalsew.com\/wp-content\/uploads\/2017\/03\/WEBSITES-MAIN-LP-8971-NP-03-GLOBAL.jpg\" alt=\"\" width=\"411\" height=\"284\" \/><\/p>\n<p><strong>LP 8974 - I - AUT<br \/>\n<\/strong><strong><img loading=\"lazy\" decoding=\"async\" class=\"alignnone size-full wp-image-95510\" src=\"https:\/\/globalsew.com\/wp-content\/uploads\/2017\/03\/ICONS-WEB-STANDARD-LP-8974-GLOBAL-M.jpg\" alt=\"\" width=\"344\" height=\"48\" \/>\u00a0 \u00a0 \u00a0 <img decoding=\"async\" class=\"alignnone wp-image-95452\" src=\"https:\/\/globalsew.com\/wp-content\/uploads\/2017\/03\/Ho-Hsing-Sewing-machines-servo-motors-Global-Sewing-Machines-International.png\" alt=\"\" width=\"55\" height=\"46\" \/> <\/strong><\/p>\n<p>M\u00e1quina de postcostura de doble aguja con alimentaci\u00f3n por rueda y prensatelas de rodillo accionado desde arriba (sin alimentaci\u00f3n por aguja) y equipada con garfios est\u00e1ndar, dispositivo de corte de hilo, remate trasero autom\u00e1tico y elevaci\u00f3n del prensatelas (todo el\u00e9ctrico). El mini servomotor de accionamiento directo Ho Hsing, la caja de control y el panel de control est\u00e1n integrados en la m\u00e1quina (Todo en uno).<\/p>\n<p><strong><u><img loading=\"lazy\" decoding=\"async\" class=\"alignnone wp-image-95459\" src=\"https:\/\/globalsew.com\/wp-content\/uploads\/2017\/03\/WEBSITES-MAIN-LP-8974-02-GLOBAL.jpg\" alt=\"\" width=\"426\" height=\"294\" \/><img loading=\"lazy\" decoding=\"async\" class=\"alignnone wp-image-95461\" src=\"https:\/\/globalsew.com\/wp-content\/uploads\/2017\/03\/WEBSITES-MAIN-LP-8974-03-GLOBAL.jpg\" alt=\"\" width=\"423\" height=\"292\" \/><\/u><\/strong><\/p>\n<p><img loading=\"lazy\" decoding=\"async\" class=\"alignnone wp-image-95464\" src=\"https:\/\/globalsew.com\/wp-content\/uploads\/2017\/03\/WEBSITES-MAIN-LP-8974-05-GLOBAL-1.jpg\" alt=\"\" width=\"424\" height=\"293\" srcset=\"https:\/\/globalsew.com\/wp-content\/uploads\/2017\/03\/WEBSITES-MAIN-LP-8974-05-GLOBAL-1.jpg 501w, https:\/\/globalsew.com\/wp-content\/uploads\/2017\/03\/WEBSITES-MAIN-LP-8974-05-GLOBAL-1-300x207.jpg 300w, https:\/\/globalsew.com\/wp-content\/uploads\/2017\/03\/WEBSITES-MAIN-LP-8974-05-GLOBAL-1-205x142.jpg 205w\" sizes=\"(max-width: 424px) 100vw, 424px\" \/><img loading=\"lazy\" decoding=\"async\" class=\"alignnone wp-image-95465\" src=\"https:\/\/globalsew.com\/wp-content\/uploads\/2017\/03\/WEBSITES-MAIN-LP-8974-04-GLOBAL.jpg\" alt=\"\" width=\"424\" height=\"293\" \/><\/p>\n<p><strong><u>Caracter\u00edsticas especiales:<\/u><\/strong><\/p>\n<ul>\n<li>La m\u00e1quina dispone de un software de preprogramaci\u00f3n \u00fanico. En la pantalla t\u00e1ctil puede guardar 10 programas de costura diferentes con cada 15 pasos. Estos programas se pueden transferir de una m\u00e1quina a todas y cada una de las m\u00e1quinas de la serie Global LP 8970 de su l\u00ednea de costura mediante la transferencia a trav\u00e9s de un panel independiente.<\/li>\n<\/ul>","protected":false},"excerpt":{"rendered":"<p>Para las descargas, consulte nuestra p\u00e1gina de descargas del <a class=\"download-link\" href=\"https:\/\/globalsew.com\/es\/descargar\/lp-8970-lp-8990-zapatas-de-poste\/\">Serie LP 8970i<\/a>.<\/p>\n<p><img loading=\"lazy\" decoding=\"async\" class=\"alignnone size-full wp-image-95491\" src=\"https:\/\/globalsew.com\/wp-content\/uploads\/2017\/03\/ICONS-WEB-STANDARD-LP-GLOBAL-MAIN-M.jpg\" alt=\"\" width=\"344\" height=\"48\" \/><\/p>\n<p><strong>Las especificaciones del producto para la serie LP 8970:<\/strong><\/p>\n<ul>\n<li>Velocidad de la m\u00e1quina: m\u00e1x. 2500 spm<\/li>\n<li>Sistema de engrase: totalmente autom\u00e1tico<\/li>\n<li>Tipo de alimentaci\u00f3n: prensadora de rodillos de accionamiento superior con alimentaci\u00f3n por agujas y ruedas, sin alimentaci\u00f3n por agujas en la LP 8974<\/li>\n<li>Longitud de puntada: m\u00e1x. 7 mm<\/li>\n<li>Elevaci\u00f3n del prensatelas: 1870: a mano 7 mm, de rodilla 14 mm, autom\u00e1tica 14 mm<\/li>\n<li>Tipo de aguja: 134 LR<\/li>\n<li>Tipo de aguja doble: calibres opcionales: 1,8 mm, 2,2 mm, 2,4 mm<\/li>\n<\/ul>","protected":false},"featured_media":67392,"template":"","meta":{"_acf_changed":false},"product_brand":[],"product_cat":[123,25],"product_tag":[],"class_list":{"0":"post-61450","1":"product","2":"type-product","3":"status-publish","4":"has-post-thumbnail","6":"product_cat-postbed-shoe-machines","7":"product_cat-shoes","8":"tm-has-options","10":"first","11":"instock","12":"shipping-taxable","13":"purchasable","14":"product-type-variable"},"acf":[],"gallery_images":[106113,106465],"yoast_head":"<!-- This site is optimized with the Yoast SEO plugin v27.3 - https:\/\/yoast.com\/product\/yoast-seo-wordpress\/ -->\n<title>LP 8970 i - AUT Series - Global International B.V.<\/title>\n<meta name=\"robots\" content=\"index, follow, max-snippet:-1, max-image-preview:large, max-video-preview:-1\" \/>\n<link rel=\"canonical\" href=\"https:\/\/globalsew.com\/es\/producto\/serie-lp-8970\/\" \/>\n<meta property=\"og:locale\" content=\"es_ES\" \/>\n<meta property=\"og:type\" content=\"article\" \/>\n<meta property=\"og:title\" content=\"LP 8970 i - AUT Series - Global International B.V.\" \/>\n<meta property=\"og:description\" content=\"For downloads see our downloads page for the LP 8970i series.    The product specifications for the LP 8970 Series:   Machine speed: max 2500 spm  Oiling system: fully automatic  Feed type: needle and wheel feed top driven roller presser, No needle feed on the LP 8974  Stitch length: max 7 mm  Presser foot lift: 1870: by hand 7 mm, by knee 14 mm, automatic 14 mm  Needle type: 134 LR  Double needle type: optional gauges: 1,8 mm, 2,2 mm, 2,4 mm\" \/>\n<meta property=\"og:url\" content=\"https:\/\/globalsew.com\/es\/producto\/serie-lp-8970\/\" \/>\n<meta property=\"og:site_name\" content=\"Global International B.V.\" \/>\n<meta property=\"article:modified_time\" content=\"2024-03-05T13:11:48+00:00\" \/>\n<meta property=\"og:image\" content=\"https:\/\/globalsew.com\/wp-content\/uploads\/2017\/03\/WEB-GLOBAL-LP-8971-I-AUT-01-GLOBAL-sewing-machines.jpg\" \/>\n\t<meta property=\"og:image:width\" content=\"555\" \/>\n\t<meta property=\"og:image:height\" content=\"347\" \/>\n\t<meta property=\"og:image:type\" content=\"image\/jpeg\" \/>\n<meta name=\"twitter:card\" content=\"summary_large_image\" \/>\n<meta name=\"twitter:label1\" content=\"Tiempo de lectura\" \/>\n\t<meta name=\"twitter:data1\" content=\"8 minutos\" \/>\n<script type=\"application\/ld+json\" class=\"yoast-schema-graph\">{\"@context\":\"https:\\\/\\\/schema.org\",\"@graph\":[{\"@type\":\"WebPage\",\"@id\":\"https:\\\/\\\/globalsew.com\\\/product\\\/lp-8970-series\\\/\",\"url\":\"https:\\\/\\\/globalsew.com\\\/product\\\/lp-8970-series\\\/\",\"name\":\"LP 8970 i - AUT Series - Global International B.V.\",\"isPartOf\":{\"@id\":\"https:\\\/\\\/globalsew.com\\\/#website\"},\"primaryImageOfPage\":{\"@id\":\"https:\\\/\\\/globalsew.com\\\/product\\\/lp-8970-series\\\/#primaryimage\"},\"image\":{\"@id\":\"https:\\\/\\\/globalsew.com\\\/product\\\/lp-8970-series\\\/#primaryimage\"},\"thumbnailUrl\":\"https:\\\/\\\/globalsew.com\\\/wp-content\\\/uploads\\\/2017\\\/03\\\/WEB-GLOBAL-LP-8971-I-AUT-01-GLOBAL-sewing-machines.jpg\",\"datePublished\":\"2017-03-08T10:20:01+00:00\",\"dateModified\":\"2024-03-05T13:11:48+00:00\",\"breadcrumb\":{\"@id\":\"https:\\\/\\\/globalsew.com\\\/product\\\/lp-8970-series\\\/#breadcrumb\"},\"inLanguage\":\"es\",\"potentialAction\":[{\"@type\":\"ReadAction\",\"target\":[\"https:\\\/\\\/globalsew.com\\\/product\\\/lp-8970-series\\\/\"]}]},{\"@type\":\"ImageObject\",\"inLanguage\":\"es\",\"@id\":\"https:\\\/\\\/globalsew.com\\\/product\\\/lp-8970-series\\\/#primaryimage\",\"url\":\"https:\\\/\\\/globalsew.com\\\/wp-content\\\/uploads\\\/2017\\\/03\\\/WEB-GLOBAL-LP-8971-I-AUT-01-GLOBAL-sewing-machines.jpg\",\"contentUrl\":\"https:\\\/\\\/globalsew.com\\\/wp-content\\\/uploads\\\/2017\\\/03\\\/WEB-GLOBAL-LP-8971-I-AUT-01-GLOBAL-sewing-machines.jpg\",\"width\":555,\"height\":347,\"caption\":\"WEB-GLOBAL-LP-8971-I-AUT-01-GLOBAL-sewing-machines\"},{\"@type\":\"BreadcrumbList\",\"@id\":\"https:\\\/\\\/globalsew.com\\\/product\\\/lp-8970-series\\\/#breadcrumb\",\"itemListElement\":[{\"@type\":\"ListItem\",\"position\":1,\"name\":\"Home\",\"item\":\"https:\\\/\\\/globalsew.com\\\/\"},{\"@type\":\"ListItem\",\"position\":2,\"name\":\"Products\",\"item\":\"https:\\\/\\\/globalsew.com\\\/products\\\/\"},{\"@type\":\"ListItem\",\"position\":3,\"name\":\"LP 8970 i &#8211; AUT Series\"}]},{\"@type\":\"WebSite\",\"@id\":\"https:\\\/\\\/globalsew.com\\\/#website\",\"url\":\"https:\\\/\\\/globalsew.com\\\/\",\"name\":\"Global International B.V.\",\"description\":\"Industrial Sewing Machines\",\"potentialAction\":[{\"@type\":\"SearchAction\",\"target\":{\"@type\":\"EntryPoint\",\"urlTemplate\":\"https:\\\/\\\/globalsew.com\\\/?s={search_term_string}\"},\"query-input\":{\"@type\":\"PropertyValueSpecification\",\"valueRequired\":true,\"valueName\":\"search_term_string\"}}],\"inLanguage\":\"es\"}]}<\/script>\n<!-- \/ Yoast SEO plugin. -->","yoast_head_json":{"title":"LP 8970 i - Serie AUT - Global International B.V.","robots":{"index":"index","follow":"follow","max-snippet":"max-snippet:-1","max-image-preview":"max-image-preview:large","max-video-preview":"max-video-preview:-1"},"canonical":"https:\/\/globalsew.com\/es\/producto\/serie-lp-8970\/","og_locale":"es_ES","og_type":"article","og_title":"LP 8970 i - AUT Series - Global International B.V.","og_description":"For downloads see our downloads page for the LP 8970i series.    The product specifications for the LP 8970 Series:   Machine speed: max 2500 spm  Oiling system: fully automatic  Feed type: needle and wheel feed top driven roller presser, No needle feed on the LP 8974  Stitch length: max 7 mm  Presser foot lift: 1870: by hand 7 mm, by knee 14 mm, automatic 14 mm  Needle type: 134 LR  Double needle type: optional gauges: 1,8 mm, 2,2 mm, 2,4 mm","og_url":"https:\/\/globalsew.com\/es\/producto\/serie-lp-8970\/","og_site_name":"Global International B.V.","article_modified_time":"2024-03-05T13:11:48+00:00","og_image":[{"width":555,"height":347,"url":"https:\/\/globalsew.com\/wp-content\/uploads\/2017\/03\/WEB-GLOBAL-LP-8971-I-AUT-01-GLOBAL-sewing-machines.jpg","type":"image\/jpeg"}],"twitter_card":"summary_large_image","twitter_misc":{"Tiempo de lectura":"8 minutos"},"schema":{"@context":"https:\/\/schema.org","@graph":[{"@type":"WebPage","@id":"https:\/\/globalsew.com\/product\/lp-8970-series\/","url":"https:\/\/globalsew.com\/product\/lp-8970-series\/","name":"LP 8970 i - Serie AUT - Global International B.V.","isPartOf":{"@id":"https:\/\/globalsew.com\/#website"},"primaryImageOfPage":{"@id":"https:\/\/globalsew.com\/product\/lp-8970-series\/#primaryimage"},"image":{"@id":"https:\/\/globalsew.com\/product\/lp-8970-series\/#primaryimage"},"thumbnailUrl":"https:\/\/globalsew.com\/wp-content\/uploads\/2017\/03\/WEB-GLOBAL-LP-8971-I-AUT-01-GLOBAL-sewing-machines.jpg","datePublished":"2017-03-08T10:20:01+00:00","dateModified":"2024-03-05T13:11:48+00:00","breadcrumb":{"@id":"https:\/\/globalsew.com\/product\/lp-8970-series\/#breadcrumb"},"inLanguage":"es","potentialAction":[{"@type":"ReadAction","target":["https:\/\/globalsew.com\/product\/lp-8970-series\/"]}]},{"@type":"ImageObject","inLanguage":"es","@id":"https:\/\/globalsew.com\/product\/lp-8970-series\/#primaryimage","url":"https:\/\/globalsew.com\/wp-content\/uploads\/2017\/03\/WEB-GLOBAL-LP-8971-I-AUT-01-GLOBAL-sewing-machines.jpg","contentUrl":"https:\/\/globalsew.com\/wp-content\/uploads\/2017\/03\/WEB-GLOBAL-LP-8971-I-AUT-01-GLOBAL-sewing-machines.jpg","width":555,"height":347,"caption":"WEB-GLOBAL-LP-8971-I-AUT-01-GLOBAL-sewing-machines"},{"@type":"BreadcrumbList","@id":"https:\/\/globalsew.com\/product\/lp-8970-series\/#breadcrumb","itemListElement":[{"@type":"ListItem","position":1,"name":"Home","item":"https:\/\/globalsew.com\/"},{"@type":"ListItem","position":2,"name":"Products","item":"https:\/\/globalsew.com\/products\/"},{"@type":"ListItem","position":3,"name":"LP 8970 i &#8211; AUT Series"}]},{"@type":"WebSite","@id":"https:\/\/globalsew.com\/#website","url":"https:\/\/globalsew.com\/","name":"Global International B.V.","description":"M\u00e1quinas de coser industriales","potentialAction":[{"@type":"SearchAction","target":{"@type":"EntryPoint","urlTemplate":"https:\/\/globalsew.com\/?s={search_term_string}"},"query-input":{"@type":"PropertyValueSpecification","valueRequired":true,"valueName":"search_term_string"}}],"inLanguage":"es"}]}},"_links":{"self":[{"href":"https:\/\/globalsew.com\/es\/wp-json\/wp\/v2\/product\/61450","targetHints":{"allow":["GET"]}}],"collection":[{"href":"https:\/\/globalsew.com\/es\/wp-json\/wp\/v2\/product"}],"about":[{"href":"https:\/\/globalsew.com\/es\/wp-json\/wp\/v2\/types\/product"}],"wp:featuredmedia":[{"embeddable":true,"href":"https:\/\/globalsew.com\/es\/wp-json\/wp\/v2\/media\/67392"}],"wp:attachment":[{"href":"https:\/\/globalsew.com\/es\/wp-json\/wp\/v2\/media?parent=61450"}],"wp:term":[{"taxonomy":"product_brand","embeddable":true,"href":"https:\/\/globalsew.com\/es\/wp-json\/wp\/v2\/product_brand?post=61450"},{"taxonomy":"product_cat","embeddable":true,"href":"https:\/\/globalsew.com\/es\/wp-json\/wp\/v2\/product_cat?post=61450"},{"taxonomy":"product_tag","embeddable":true,"href":"https:\/\/globalsew.com\/es\/wp-json\/wp\/v2\/product_tag?post=61450"}],"curies":[{"name":"wp","href":"https:\/\/api.w.org\/{rel}","templated":true}]}}