{"id":55477,"date":"2017-02-21T15:43:18","date_gmt":"2017-02-21T14:43:18","guid":{"rendered":"https:\/\/globalsew.com\/?post_type=product&#038;p=55477"},"modified":"2024-05-22T09:44:12","modified_gmt":"2024-05-22T07:44:12","slug":"lp-1768-serie-aut","status":"publish","type":"product","link":"https:\/\/globalsew.com\/es\/product\/lp-1768-aut-series\/","title":{"rendered":"Serie LP 1768 AUT"},"content":{"rendered":"<p><strong>LP 1768 AUT<\/strong><br \/>\n- M\u00e1quina de poste con pie m\u00f3vil de una aguja con cortahilos, remate trasero autom\u00e1tico, elevaci\u00f3n del prensatelas,<br \/>\najuste r\u00e1pido de la carrera para operaciones de montaje y pespunte en tapicer\u00eda dom\u00e9stica, tapicer\u00eda de autom\u00f3viles y<br \/>\ncuero.<br \/>\n<strong>LP 1768-2 AUT<\/strong><br \/>\n- M\u00e1quina de poste con doble aguja y pie m\u00f3vil, con cortahilos, remate autom\u00e1tico, elevaci\u00f3n del prensatelas,<br \/>\nAjuste r\u00e1pido de la carrera y segunda longitud de puntada integrada para operaciones de montaje y remate en<br \/>\ntapicer\u00eda del hogar, tapicer\u00eda del autom\u00f3vil y cuero. Calibre est\u00e1ndar de la aguja 8 mm.<\/p>\n<p>&nbsp;<\/p>\n<p>&nbsp;<\/p>\n<p><img decoding=\"async\" class=\"alignnone size-full wp-image-94791\" src=\"https:\/\/globalsew.com\/wp-content\/uploads\/2017\/04\/hohsing-xs-global.jpg\" alt=\"\" width=\"73\" height=\"68\" \/>\u00a0<img decoding=\"async\" class=\"alignnone size-full wp-image-94796\" src=\"https:\/\/globalsew.com\/wp-content\/uploads\/2017\/11\/koban-xs-global.jpg\" alt=\"\" width=\"73\" height=\"68\" \/>\u00a0 \u00a0 \u00a0 \u00a0 \u00a0 \u00a0 \u00a0 \u00a0 \u00a0 \u00a0 \u00a0 \u00a0 \u00a0 \u00a0 \u00a0 \u00a0 \u00a0 \u00a0 \u00a0 \u00a0 \u00a0 \u00a0 \u00a0 \u00a0 \u00a0 \u00a0 \u00a0 \u00a0 \u00a0 \u00a0 \u00a0 \u00a0 \u00a0 \u00a0 \u00a0 \u00a0 \u00a0 \u00a0 \u00a0 \u00a0 \u00a0 \u00a0 \u00a0 \u00a0 \u00a0<img decoding=\"async\" class=\"alignnone size-full wp-image-94794\" src=\"https:\/\/globalsew.com\/wp-content\/uploads\/2017\/04\/eac-xs-global.jpg\" alt=\"\" width=\"73\" height=\"68\" \/>\u00a0<img loading=\"lazy\" decoding=\"async\" class=\"alignnone size-full wp-image-94793\" src=\"https:\/\/globalsew.com\/wp-content\/uploads\/2017\/04\/ce-xs-global.jpg\" alt=\"\" width=\"73\" height=\"68\" \/><\/p>","protected":false},"excerpt":{"rendered":"<p>Para las descargas, consulte nuestra p\u00e1gina de descargas del <a class=\"download-link\" href=\"https:\/\/globalsew.com\/es\/descargar\/serie-lp-1768\/\">Serie LP 1768, LP 9200, LP 9910<\/a>.<\/p>","protected":false},"featured_media":105979,"template":"","meta":{"_acf_changed":false},"product_brand":[],"product_cat":[21,7,156,98,123,149,25,63,70,22,129],"product_tag":[],"class_list":{"0":"post-55477","1":"product","2":"type-product","3":"status-publish","4":"has-post-thumbnail","6":"product_cat-automotive","7":"product_cat-heavy-duty","8":"product_cat-post-bed-machines-upholstery","9":"product_cat-post-bed-machines","10":"product_cat-postbed-shoe-machines","11":"product_cat-postbed-walking-foot","12":"product_cat-shoes","13":"product_cat-upholstery","14":"product_cat-walking-foot-heavy-duty","15":"product_cat-walking-foot","16":"product_cat-walking-foot-machines","17":"tm-has-options","19":"first","20":"instock","21":"shipping-taxable","22":"purchasable","23":"product-type-simple"},"acf":[],"gallery_images":[88811],"yoast_head":"<!-- This site is optimized with the Yoast SEO plugin v27.3 - https:\/\/yoast.com\/product\/yoast-seo-wordpress\/ -->\n<title>LP 1768 AUT series - Global International B.V.<\/title>\n<meta name=\"robots\" content=\"index, follow, max-snippet:-1, max-image-preview:large, max-video-preview:-1\" \/>\n<link rel=\"canonical\" href=\"https:\/\/globalsew.com\/es\/producto\/lp-1768-serie-aut\/\" \/>\n<meta property=\"og:locale\" content=\"es_ES\" \/>\n<meta property=\"og:type\" content=\"article\" \/>\n<meta property=\"og:title\" content=\"LP 1768 AUT series - Global International B.V.\" \/>\n<meta property=\"og:description\" content=\"For downloads see our downloads page for the LP 1768, LP 9200, LP 9910 series series.\" \/>\n<meta property=\"og:url\" content=\"https:\/\/globalsew.com\/es\/producto\/lp-1768-serie-aut\/\" \/>\n<meta property=\"og:site_name\" content=\"Global International B.V.\" \/>\n<meta property=\"article:modified_time\" content=\"2024-05-22T07:44:12+00:00\" \/>\n<meta property=\"og:image\" content=\"https:\/\/globalsew.com\/wp-content\/uploads\/2017\/02\/products-LP-1768-2-AUT-09-global-1080-website-2024.jpg\" \/>\n\t<meta property=\"og:image:width\" content=\"1819\" \/>\n\t<meta property=\"og:image:height\" content=\"1080\" \/>\n\t<meta property=\"og:image:type\" content=\"image\/jpeg\" \/>\n<meta name=\"twitter:card\" content=\"summary_large_image\" \/>\n<meta name=\"twitter:label1\" content=\"Tiempo de lectura\" \/>\n\t<meta name=\"twitter:data1\" content=\"2 minutos\" \/>\n<script type=\"application\/ld+json\" class=\"yoast-schema-graph\">{\"@context\":\"https:\\\/\\\/schema.org\",\"@graph\":[{\"@type\":\"WebPage\",\"@id\":\"https:\\\/\\\/globalsew.com\\\/product\\\/lp-1768-aut-series\\\/\",\"url\":\"https:\\\/\\\/globalsew.com\\\/product\\\/lp-1768-aut-series\\\/\",\"name\":\"LP 1768 AUT series - Global International B.V.\",\"isPartOf\":{\"@id\":\"https:\\\/\\\/globalsew.com\\\/#website\"},\"primaryImageOfPage\":{\"@id\":\"https:\\\/\\\/globalsew.com\\\/product\\\/lp-1768-aut-series\\\/#primaryimage\"},\"image\":{\"@id\":\"https:\\\/\\\/globalsew.com\\\/product\\\/lp-1768-aut-series\\\/#primaryimage\"},\"thumbnailUrl\":\"https:\\\/\\\/globalsew.com\\\/wp-content\\\/uploads\\\/2017\\\/02\\\/products-LP-1768-2-AUT-09-global-1080-website-2024.jpg\",\"datePublished\":\"2017-02-21T14:43:18+00:00\",\"dateModified\":\"2024-05-22T07:44:12+00:00\",\"breadcrumb\":{\"@id\":\"https:\\\/\\\/globalsew.com\\\/product\\\/lp-1768-aut-series\\\/#breadcrumb\"},\"inLanguage\":\"es\",\"potentialAction\":[{\"@type\":\"ReadAction\",\"target\":[\"https:\\\/\\\/globalsew.com\\\/product\\\/lp-1768-aut-series\\\/\"]}]},{\"@type\":\"ImageObject\",\"inLanguage\":\"es\",\"@id\":\"https:\\\/\\\/globalsew.com\\\/product\\\/lp-1768-aut-series\\\/#primaryimage\",\"url\":\"https:\\\/\\\/globalsew.com\\\/wp-content\\\/uploads\\\/2017\\\/02\\\/products-LP-1768-2-AUT-09-global-1080-website-2024.jpg\",\"contentUrl\":\"https:\\\/\\\/globalsew.com\\\/wp-content\\\/uploads\\\/2017\\\/02\\\/products-LP-1768-2-AUT-09-global-1080-website-2024.jpg\",\"width\":1819,\"height\":1080,\"caption\":\"LP 1768-2 AUT\"},{\"@type\":\"BreadcrumbList\",\"@id\":\"https:\\\/\\\/globalsew.com\\\/product\\\/lp-1768-aut-series\\\/#breadcrumb\",\"itemListElement\":[{\"@type\":\"ListItem\",\"position\":1,\"name\":\"Home\",\"item\":\"https:\\\/\\\/globalsew.com\\\/\"},{\"@type\":\"ListItem\",\"position\":2,\"name\":\"Products\",\"item\":\"https:\\\/\\\/globalsew.com\\\/products\\\/\"},{\"@type\":\"ListItem\",\"position\":3,\"name\":\"LP 1768 AUT series\"}]},{\"@type\":\"WebSite\",\"@id\":\"https:\\\/\\\/globalsew.com\\\/#website\",\"url\":\"https:\\\/\\\/globalsew.com\\\/\",\"name\":\"Global International B.V.\",\"description\":\"Industrial Sewing Machines\",\"potentialAction\":[{\"@type\":\"SearchAction\",\"target\":{\"@type\":\"EntryPoint\",\"urlTemplate\":\"https:\\\/\\\/globalsew.com\\\/?s={search_term_string}\"},\"query-input\":{\"@type\":\"PropertyValueSpecification\",\"valueRequired\":true,\"valueName\":\"search_term_string\"}}],\"inLanguage\":\"es\"}]}<\/script>\n<!-- \/ Yoast SEO plugin. -->","yoast_head_json":{"title":"Serie LP 1768 AUT - Global International B.V.","robots":{"index":"index","follow":"follow","max-snippet":"max-snippet:-1","max-image-preview":"max-image-preview:large","max-video-preview":"max-video-preview:-1"},"canonical":"https:\/\/globalsew.com\/es\/producto\/lp-1768-serie-aut\/","og_locale":"es_ES","og_type":"article","og_title":"LP 1768 AUT series - Global International B.V.","og_description":"For downloads see our downloads page for the LP 1768, LP 9200, LP 9910 series series.","og_url":"https:\/\/globalsew.com\/es\/producto\/lp-1768-serie-aut\/","og_site_name":"Global International B.V.","article_modified_time":"2024-05-22T07:44:12+00:00","og_image":[{"width":1819,"height":1080,"url":"https:\/\/globalsew.com\/wp-content\/uploads\/2017\/02\/products-LP-1768-2-AUT-09-global-1080-website-2024.jpg","type":"image\/jpeg"}],"twitter_card":"summary_large_image","twitter_misc":{"Tiempo de lectura":"2 minutos"},"schema":{"@context":"https:\/\/schema.org","@graph":[{"@type":"WebPage","@id":"https:\/\/globalsew.com\/product\/lp-1768-aut-series\/","url":"https:\/\/globalsew.com\/product\/lp-1768-aut-series\/","name":"Serie LP 1768 AUT - Global International B.V.","isPartOf":{"@id":"https:\/\/globalsew.com\/#website"},"primaryImageOfPage":{"@id":"https:\/\/globalsew.com\/product\/lp-1768-aut-series\/#primaryimage"},"image":{"@id":"https:\/\/globalsew.com\/product\/lp-1768-aut-series\/#primaryimage"},"thumbnailUrl":"https:\/\/globalsew.com\/wp-content\/uploads\/2017\/02\/products-LP-1768-2-AUT-09-global-1080-website-2024.jpg","datePublished":"2017-02-21T14:43:18+00:00","dateModified":"2024-05-22T07:44:12+00:00","breadcrumb":{"@id":"https:\/\/globalsew.com\/product\/lp-1768-aut-series\/#breadcrumb"},"inLanguage":"es","potentialAction":[{"@type":"ReadAction","target":["https:\/\/globalsew.com\/product\/lp-1768-aut-series\/"]}]},{"@type":"ImageObject","inLanguage":"es","@id":"https:\/\/globalsew.com\/product\/lp-1768-aut-series\/#primaryimage","url":"https:\/\/globalsew.com\/wp-content\/uploads\/2017\/02\/products-LP-1768-2-AUT-09-global-1080-website-2024.jpg","contentUrl":"https:\/\/globalsew.com\/wp-content\/uploads\/2017\/02\/products-LP-1768-2-AUT-09-global-1080-website-2024.jpg","width":1819,"height":1080,"caption":"LP 1768-2 AUT"},{"@type":"BreadcrumbList","@id":"https:\/\/globalsew.com\/product\/lp-1768-aut-series\/#breadcrumb","itemListElement":[{"@type":"ListItem","position":1,"name":"Home","item":"https:\/\/globalsew.com\/"},{"@type":"ListItem","position":2,"name":"Products","item":"https:\/\/globalsew.com\/products\/"},{"@type":"ListItem","position":3,"name":"LP 1768 AUT series"}]},{"@type":"WebSite","@id":"https:\/\/globalsew.com\/#website","url":"https:\/\/globalsew.com\/","name":"Global International B.V.","description":"M\u00e1quinas de coser industriales","potentialAction":[{"@type":"SearchAction","target":{"@type":"EntryPoint","urlTemplate":"https:\/\/globalsew.com\/?s={search_term_string}"},"query-input":{"@type":"PropertyValueSpecification","valueRequired":true,"valueName":"search_term_string"}}],"inLanguage":"es"}]}},"_links":{"self":[{"href":"https:\/\/globalsew.com\/es\/wp-json\/wp\/v2\/product\/55477","targetHints":{"allow":["GET"]}}],"collection":[{"href":"https:\/\/globalsew.com\/es\/wp-json\/wp\/v2\/product"}],"about":[{"href":"https:\/\/globalsew.com\/es\/wp-json\/wp\/v2\/types\/product"}],"wp:featuredmedia":[{"embeddable":true,"href":"https:\/\/globalsew.com\/es\/wp-json\/wp\/v2\/media\/105979"}],"wp:attachment":[{"href":"https:\/\/globalsew.com\/es\/wp-json\/wp\/v2\/media?parent=55477"}],"wp:term":[{"taxonomy":"product_brand","embeddable":true,"href":"https:\/\/globalsew.com\/es\/wp-json\/wp\/v2\/product_brand?post=55477"},{"taxonomy":"product_cat","embeddable":true,"href":"https:\/\/globalsew.com\/es\/wp-json\/wp\/v2\/product_cat?post=55477"},{"taxonomy":"product_tag","embeddable":true,"href":"https:\/\/globalsew.com\/es\/wp-json\/wp\/v2\/product_tag?post=55477"}],"curies":[{"name":"wp","href":"https:\/\/api.w.org\/{rel}","templated":true}]}}