{"id":53055,"date":"2017-11-03T16:54:22","date_gmt":"2017-11-03T15:54:22","guid":{"rendered":"https:\/\/globalsew.com\/?post_type=product&#038;p=53055"},"modified":"2024-05-21T11:28:41","modified_gmt":"2024-05-21T09:28:41","slug":"lp-1646-33-xlh","status":"publish","type":"product","link":"https:\/\/globalsew.com\/es\/product\/lp-1646-33-xlh\/","title":{"rendered":"LP 1646 (-33) XLH"},"content":{"rendered":"<div class=\"wpb-content-wrapper\"><div class=\"vc_row wpb_row vc_row-fluid\"><div class=\"wpb_column vc_column_container vc_col-sm-6\"><div class=\"vc_column-inner\"><div class=\"wpb_wrapper\">\n\t<div class=\"wpb_text_column wpb_content_element\" >\n\t\t<div class=\"wpb_wrapper\">\n\t\t\t<h2>M\u00e1quina de poste de pie de alta velocidad<\/h2>\n<p><strong>LP 1646 XLH<br \/>\n<\/strong>M\u00e1quina de poste con doble aguja y pie m\u00f3vil, equipada con un gancho giratorio extra grande con un di\u00e1metro de bobina de 37 mm. Esta m\u00e1quina es adecuada para trabajar con hilos gruesos en materiales como cuero, PE, etc. Esta m\u00e1quina est\u00e1 especialmente dise\u00f1ada para la producci\u00f3n de tapicer\u00eda utilizada en la industria del mueble. La m\u00e1quina se suministra de serie con gu\u00eda central neum\u00e1tica y prensatelas interior compensador. Calibre est\u00e1ndar de la aguja 14 mm. <strong><em>\u00a1Esta m\u00e1quina s\u00f3lo se vende completamente montada!<\/em><\/strong><\/p>\n<p><strong>LP 1646-33 XLH<br \/>\n<\/strong>M\u00e1quina de coser de poste con doble aguja y pie m\u00f3vil extendido con longitud de puntada de 12 mm, ajuste de la carrera del pie m\u00f3vil alternante mediante dial y ganchos de eje vertical extra grandes con un di\u00e1metro de bobina de 37 mm. El espacio de trabajo es de 33 cm y la m\u00e1quina est\u00e1 equipada con un dispositivo neum\u00e1tico de segunda tensi\u00f3n conmutable para obtener resultados de costura \u00f3ptimos. Esta m\u00e1quina es adecuada para trabajar con hilos gruesos en materiales como cuero, PE, etc. Esta m\u00e1quina est\u00e1 especialmente dise\u00f1ada para la producci\u00f3n de tapicer\u00eda. La m\u00e1quina se suministra de serie con gu\u00eda central neum\u00e1tica y prensatelas interior compensador. Calibre est\u00e1ndar de la aguja 14 mm. <strong><em>\u00a1Esta m\u00e1quina s\u00f3lo se vende completamente montada!<\/em><\/strong><\/p>\n\n\t\t<\/div>\n\t<\/div>\n<\/div><\/div><\/div><div class=\"wpb_column vc_column_container vc_col-sm-6\"><div class=\"vc_column-inner\"><div class=\"wpb_wrapper\">\n\t<div class=\"wpb_video_widget wpb_content_element vc_clearfix   vc_video-aspect-ratio-169 vc_video-el-width-100 vc_video-align-left\" >\n\t\t<div class=\"wpb_wrapper\">\n\t\t\t\n\t\t\t<div class=\"wpb_video_wrapper\"><iframe title=\"Global LP1646 XLH - Maquina de coser de doble aguja con pie para postes\" width=\"500\" height=\"281\" src=\"https:\/\/www.youtube.com\/embed\/3TyW4uMiOnQ?feature=oembed\" frameborder=\"0\" allow=\"accelerometer; autoplay; clipboard-write; encrypted-media; gyroscope; picture-in-picture; web-share\" allowfullscreen><\/iframe><\/div>\n\t\t<\/div>\n\t<\/div>\n<\/div><\/div><\/div><\/div>\n<\/div>","protected":false},"excerpt":{"rendered":"<p>Para las descargas, consulte nuestra p\u00e1gina de descargas del <a class=\"download-link\" href=\"https:\/\/globalsew.com\/es\/descargar\/arriba-serie\/\">M\u00e1quinas de coser tapicer\u00edas<\/a>.<\/p>\n<p><strong><em>\u00a1Esta m\u00e1quina s\u00f3lo se vende completamente montada!<\/em><\/strong><\/p>","protected":false},"featured_media":67382,"template":"","meta":{"_acf_changed":false},"product_brand":[],"product_cat":[21,96,156,98,63,22],"product_tag":[],"class_list":{"0":"post-53055","1":"product","2":"type-product","3":"status-publish","4":"has-post-thumbnail","6":"product_cat-automotive","7":"product_cat-ornamental-stitching-global","8":"product_cat-post-bed-machines-upholstery","9":"product_cat-post-bed-machines","10":"product_cat-upholstery","11":"product_cat-walking-foot","12":"tm-has-options","14":"first","15":"instock","16":"shipping-taxable","17":"purchasable","18":"product-type-simple"},"acf":[],"gallery_images":[105894],"yoast_head":"<!-- This site is optimized with the Yoast SEO plugin v27.3 - https:\/\/yoast.com\/product\/yoast-seo-wordpress\/ -->\n<title>LP 1646 (-33) XLH - Global International B.V.<\/title>\n<meta name=\"robots\" content=\"index, follow, max-snippet:-1, max-image-preview:large, max-video-preview:-1\" \/>\n<link rel=\"canonical\" href=\"https:\/\/globalsew.com\/es\/producto\/lp-1646-33-xlh\/\" \/>\n<meta property=\"og:locale\" content=\"es_ES\" \/>\n<meta property=\"og:type\" content=\"article\" \/>\n<meta property=\"og:title\" content=\"LP 1646 (-33) XLH - Global International B.V.\" \/>\n<meta property=\"og:description\" content=\"For downloads see our downloads page for the Upholstery sewing machines.  This machine is sold only completely mounted!\" \/>\n<meta property=\"og:url\" content=\"https:\/\/globalsew.com\/es\/producto\/lp-1646-33-xlh\/\" \/>\n<meta property=\"og:site_name\" content=\"Global International B.V.\" \/>\n<meta property=\"article:modified_time\" content=\"2024-05-21T09:28:41+00:00\" \/>\n<meta property=\"og:image\" content=\"https:\/\/globalsew.com\/wp-content\/uploads\/2017\/02\/WEB-GLOBAL-LP-1646-XLH-01-GLOBAL-sewing-machines.jpg\" \/>\n\t<meta property=\"og:image:width\" content=\"555\" \/>\n\t<meta property=\"og:image:height\" content=\"347\" \/>\n\t<meta property=\"og:image:type\" content=\"image\/jpeg\" \/>\n<meta name=\"twitter:card\" content=\"summary_large_image\" \/>\n<meta name=\"twitter:label1\" content=\"Tiempo de lectura\" \/>\n\t<meta name=\"twitter:data1\" content=\"2 minutos\" \/>\n<script type=\"application\/ld+json\" class=\"yoast-schema-graph\">{\"@context\":\"https:\\\/\\\/schema.org\",\"@graph\":[{\"@type\":\"WebPage\",\"@id\":\"https:\\\/\\\/globalsew.com\\\/product\\\/lp-1646-33-xlh\\\/\",\"url\":\"https:\\\/\\\/globalsew.com\\\/product\\\/lp-1646-33-xlh\\\/\",\"name\":\"LP 1646 (-33) XLH - Global International B.V.\",\"isPartOf\":{\"@id\":\"https:\\\/\\\/globalsew.com\\\/#website\"},\"primaryImageOfPage\":{\"@id\":\"https:\\\/\\\/globalsew.com\\\/product\\\/lp-1646-33-xlh\\\/#primaryimage\"},\"image\":{\"@id\":\"https:\\\/\\\/globalsew.com\\\/product\\\/lp-1646-33-xlh\\\/#primaryimage\"},\"thumbnailUrl\":\"https:\\\/\\\/globalsew.com\\\/wp-content\\\/uploads\\\/2017\\\/02\\\/WEB-GLOBAL-LP-1646-XLH-01-GLOBAL-sewing-machines.jpg\",\"datePublished\":\"2017-11-03T15:54:22+00:00\",\"dateModified\":\"2024-05-21T09:28:41+00:00\",\"breadcrumb\":{\"@id\":\"https:\\\/\\\/globalsew.com\\\/product\\\/lp-1646-33-xlh\\\/#breadcrumb\"},\"inLanguage\":\"es\",\"potentialAction\":[{\"@type\":\"ReadAction\",\"target\":[\"https:\\\/\\\/globalsew.com\\\/product\\\/lp-1646-33-xlh\\\/\"]}]},{\"@type\":\"ImageObject\",\"inLanguage\":\"es\",\"@id\":\"https:\\\/\\\/globalsew.com\\\/product\\\/lp-1646-33-xlh\\\/#primaryimage\",\"url\":\"https:\\\/\\\/globalsew.com\\\/wp-content\\\/uploads\\\/2017\\\/02\\\/WEB-GLOBAL-LP-1646-XLH-01-GLOBAL-sewing-machines.jpg\",\"contentUrl\":\"https:\\\/\\\/globalsew.com\\\/wp-content\\\/uploads\\\/2017\\\/02\\\/WEB-GLOBAL-LP-1646-XLH-01-GLOBAL-sewing-machines.jpg\",\"width\":555,\"height\":347,\"caption\":\"WEB-GLOBAL-LP-1646-XLH-01-GLOBAL-sewing-machines\"},{\"@type\":\"BreadcrumbList\",\"@id\":\"https:\\\/\\\/globalsew.com\\\/product\\\/lp-1646-33-xlh\\\/#breadcrumb\",\"itemListElement\":[{\"@type\":\"ListItem\",\"position\":1,\"name\":\"Home\",\"item\":\"https:\\\/\\\/globalsew.com\\\/\"},{\"@type\":\"ListItem\",\"position\":2,\"name\":\"Products\",\"item\":\"https:\\\/\\\/globalsew.com\\\/products\\\/\"},{\"@type\":\"ListItem\",\"position\":3,\"name\":\"LP 1646 (-33) XLH\"}]},{\"@type\":\"WebSite\",\"@id\":\"https:\\\/\\\/globalsew.com\\\/#website\",\"url\":\"https:\\\/\\\/globalsew.com\\\/\",\"name\":\"Global International B.V.\",\"description\":\"Industrial Sewing Machines\",\"potentialAction\":[{\"@type\":\"SearchAction\",\"target\":{\"@type\":\"EntryPoint\",\"urlTemplate\":\"https:\\\/\\\/globalsew.com\\\/?s={search_term_string}\"},\"query-input\":{\"@type\":\"PropertyValueSpecification\",\"valueRequired\":true,\"valueName\":\"search_term_string\"}}],\"inLanguage\":\"es\"}]}<\/script>\n<!-- \/ Yoast SEO plugin. -->","yoast_head_json":{"title":"LP 1646 (-33) XLH - Global International B.V.","robots":{"index":"index","follow":"follow","max-snippet":"max-snippet:-1","max-image-preview":"max-image-preview:large","max-video-preview":"max-video-preview:-1"},"canonical":"https:\/\/globalsew.com\/es\/producto\/lp-1646-33-xlh\/","og_locale":"es_ES","og_type":"article","og_title":"LP 1646 (-33) XLH - Global International B.V.","og_description":"For downloads see our downloads page for the Upholstery sewing machines.  This machine is sold only completely mounted!","og_url":"https:\/\/globalsew.com\/es\/producto\/lp-1646-33-xlh\/","og_site_name":"Global International B.V.","article_modified_time":"2024-05-21T09:28:41+00:00","og_image":[{"width":555,"height":347,"url":"https:\/\/globalsew.com\/wp-content\/uploads\/2017\/02\/WEB-GLOBAL-LP-1646-XLH-01-GLOBAL-sewing-machines.jpg","type":"image\/jpeg"}],"twitter_card":"summary_large_image","twitter_misc":{"Tiempo de lectura":"2 minutos"},"schema":{"@context":"https:\/\/schema.org","@graph":[{"@type":"WebPage","@id":"https:\/\/globalsew.com\/product\/lp-1646-33-xlh\/","url":"https:\/\/globalsew.com\/product\/lp-1646-33-xlh\/","name":"LP 1646 (-33) XLH - Global International B.V.","isPartOf":{"@id":"https:\/\/globalsew.com\/#website"},"primaryImageOfPage":{"@id":"https:\/\/globalsew.com\/product\/lp-1646-33-xlh\/#primaryimage"},"image":{"@id":"https:\/\/globalsew.com\/product\/lp-1646-33-xlh\/#primaryimage"},"thumbnailUrl":"https:\/\/globalsew.com\/wp-content\/uploads\/2017\/02\/WEB-GLOBAL-LP-1646-XLH-01-GLOBAL-sewing-machines.jpg","datePublished":"2017-11-03T15:54:22+00:00","dateModified":"2024-05-21T09:28:41+00:00","breadcrumb":{"@id":"https:\/\/globalsew.com\/product\/lp-1646-33-xlh\/#breadcrumb"},"inLanguage":"es","potentialAction":[{"@type":"ReadAction","target":["https:\/\/globalsew.com\/product\/lp-1646-33-xlh\/"]}]},{"@type":"ImageObject","inLanguage":"es","@id":"https:\/\/globalsew.com\/product\/lp-1646-33-xlh\/#primaryimage","url":"https:\/\/globalsew.com\/wp-content\/uploads\/2017\/02\/WEB-GLOBAL-LP-1646-XLH-01-GLOBAL-sewing-machines.jpg","contentUrl":"https:\/\/globalsew.com\/wp-content\/uploads\/2017\/02\/WEB-GLOBAL-LP-1646-XLH-01-GLOBAL-sewing-machines.jpg","width":555,"height":347,"caption":"WEB-GLOBAL-LP-1646-XLH-01-GLOBAL-sewing-machines"},{"@type":"BreadcrumbList","@id":"https:\/\/globalsew.com\/product\/lp-1646-33-xlh\/#breadcrumb","itemListElement":[{"@type":"ListItem","position":1,"name":"Home","item":"https:\/\/globalsew.com\/"},{"@type":"ListItem","position":2,"name":"Products","item":"https:\/\/globalsew.com\/products\/"},{"@type":"ListItem","position":3,"name":"LP 1646 (-33) XLH"}]},{"@type":"WebSite","@id":"https:\/\/globalsew.com\/#website","url":"https:\/\/globalsew.com\/","name":"Global International B.V.","description":"M\u00e1quinas de coser industriales","potentialAction":[{"@type":"SearchAction","target":{"@type":"EntryPoint","urlTemplate":"https:\/\/globalsew.com\/?s={search_term_string}"},"query-input":{"@type":"PropertyValueSpecification","valueRequired":true,"valueName":"search_term_string"}}],"inLanguage":"es"}]}},"_links":{"self":[{"href":"https:\/\/globalsew.com\/es\/wp-json\/wp\/v2\/product\/53055","targetHints":{"allow":["GET"]}}],"collection":[{"href":"https:\/\/globalsew.com\/es\/wp-json\/wp\/v2\/product"}],"about":[{"href":"https:\/\/globalsew.com\/es\/wp-json\/wp\/v2\/types\/product"}],"wp:featuredmedia":[{"embeddable":true,"href":"https:\/\/globalsew.com\/es\/wp-json\/wp\/v2\/media\/67382"}],"wp:attachment":[{"href":"https:\/\/globalsew.com\/es\/wp-json\/wp\/v2\/media?parent=53055"}],"wp:term":[{"taxonomy":"product_brand","embeddable":true,"href":"https:\/\/globalsew.com\/es\/wp-json\/wp\/v2\/product_brand?post=53055"},{"taxonomy":"product_cat","embeddable":true,"href":"https:\/\/globalsew.com\/es\/wp-json\/wp\/v2\/product_cat?post=53055"},{"taxonomy":"product_tag","embeddable":true,"href":"https:\/\/globalsew.com\/es\/wp-json\/wp\/v2\/product_tag?post=53055"}],"curies":[{"name":"wp","href":"https:\/\/api.w.org\/{rel}","templated":true}]}}