{"id":52970,"date":"2017-02-21T09:47:43","date_gmt":"2017-02-21T08:47:43","guid":{"rendered":"https:\/\/globalsew.com\/?post_type=product&#038;p=52970"},"modified":"2024-05-22T09:42:37","modified_gmt":"2024-05-22T07:42:37","slug":"1515-vf-aut","status":"publish","type":"product","link":"https:\/\/globalsew.com\/es\/product\/1515-vf-aut\/","title":{"rendered":"UP 1515 VF-AUT"},"content":{"rendered":"<div class=\"wpb-content-wrapper\"><div class=\"vc_row wpb_row vc_row-fluid\"><div class=\"wpb_column vc_column_container vc_col-sm-6\"><div class=\"vc_column-inner\"><div class=\"wpb_wrapper\">\n\t<div class=\"wpb_text_column wpb_content_element\" >\n\t\t<div class=\"wpb_wrapper\">\n\t\t\t<p><strong>UP 1515 VF-AUT<br \/>\n<\/strong>M\u00e1quina monagujas de alta velocidad, de bancada plana, de pie m\u00f3vil, con elevador neum\u00e1tico de prensatelas, remate neum\u00e1tico, cortahilos el\u00e9ctrico y ajuste de la carrera del pie alterno mediante dial con limitaci\u00f3n autom\u00e1tica de la velocidad.<br \/>\nEsta m\u00e1quina est\u00e1 especialmente dise\u00f1ada para la producci\u00f3n de tapicer\u00eda utilizada en la industria del mueble y asientos de coche. La m\u00e1quina est\u00e1 equipada con cuchilla lateral junto al prensatelas para recortar materiales como cuero, PU, vinilo. La m\u00e1quina se suministra de serie con un juego de galgas, la distancia entre la aguja y el cuchillo de 1,5 mm, que es \u00fanico en la industria de asientos de coche. Un juego de galgas que es adecuado para la industria del mueble, la distancia entre la aguja y el cuchillo de 5 mm, es opcional disponible.<\/p>\n\n\t\t<\/div>\n\t<\/div>\n<\/div><\/div><\/div><div class=\"wpb_column vc_column_container vc_col-sm-6\"><div class=\"vc_column-inner\"><div class=\"wpb_wrapper\">\n\t<div class=\"wpb_text_column wpb_content_element\" >\n\t\t<div class=\"wpb_wrapper\">\n\t\t\t<p><a class=\"video-anchor\" name=\"video\"><\/a><\/p>\n\n\t\t<\/div>\n\t<\/div>\n\n\t<div class=\"wpb_video_widget wpb_content_element vc_clearfix   vc_video-aspect-ratio-169 vc_video-el-width-100 vc_video-align-left\" >\n\t\t<div class=\"wpb_wrapper\">\n\t\t\t\n\t\t\t<div class=\"wpb_video_wrapper\"><iframe title=\"Global UP 1515 VF-AUT - M\u00e1quina de coser con pedal y cuchilla lateral\" width=\"500\" height=\"281\" src=\"https:\/\/www.youtube.com\/embed\/oIpZ2ZYZly4?feature=oembed\" frameborder=\"0\" allow=\"accelerometer; autoplay; clipboard-write; encrypted-media; gyroscope; picture-in-picture; web-share\" referrerpolicy=\"strict-origin-when-cross-origin\" allowfullscreen><\/iframe><\/div>\n\t\t<\/div>\n\t<\/div>\n<\/div><\/div><\/div><\/div>\n<\/div>","protected":false},"excerpt":{"rendered":"<p>Para las descargas, consulte nuestra p\u00e1gina de descargas del <a class=\"download-link\" href=\"https:\/\/globalsew.com\/es\/descargar\/arriba-serie\/\">M\u00e1quinas de tapicer\u00eda<\/a>.<\/p>\n<div class=\"row\">\n<div class=\"col-md-4\"><a href=\"#video\"><img decoding=\"async\" src=\"https:\/\/globalsew.com\/wp-content\/uploads\/2017\/11\/youtube-logo-4.png\" width=\"60px\" height=\"42px\" \/><\/a><\/div>\n<\/div>","protected":false},"featured_media":92056,"template":"","meta":{"_acf_changed":false},"product_brand":[],"product_cat":[21,95,160,99,63,22,159],"product_tag":[],"class_list":{"0":"post-52970","1":"product","2":"type-product","3":"status-publish","4":"has-post-thumbnail","6":"product_cat-automotive","7":"product_cat-flat-bed-walking-foot-machine","8":"product_cat-flat-bed-walking-foot-machine-walking-foot-upholstery","9":"product_cat-upholstery-automotive-sewing-machines-global-wf","10":"product_cat-upholstery","11":"product_cat-walking-foot","12":"product_cat-walking-foot-upholstery","13":"tm-has-options","15":"first","16":"instock","17":"shipping-taxable","18":"purchasable","19":"product-type-simple"},"acf":[],"gallery_images":[92058,92059,92057],"yoast_head":"<!-- This site is optimized with the Yoast SEO plugin v27.3 - https:\/\/yoast.com\/product\/yoast-seo-wordpress\/ -->\n<title>UP 1515 VF-AUT - Global International B.V.<\/title>\n<meta name=\"robots\" content=\"index, follow, max-snippet:-1, max-image-preview:large, max-video-preview:-1\" \/>\n<link rel=\"canonical\" href=\"https:\/\/globalsew.com\/es\/producto\/1515-vf-aut\/\" \/>\n<meta property=\"og:locale\" content=\"es_ES\" \/>\n<meta property=\"og:type\" content=\"article\" \/>\n<meta property=\"og:title\" content=\"UP 1515 VF-AUT - Global International B.V.\" \/>\n<meta property=\"og:description\" content=\"For downloads see our downloads page for the Upholstery machines.\" \/>\n<meta property=\"og:url\" content=\"https:\/\/globalsew.com\/es\/producto\/1515-vf-aut\/\" \/>\n<meta property=\"og:site_name\" content=\"Global International B.V.\" \/>\n<meta property=\"article:modified_time\" content=\"2024-05-22T07:42:37+00:00\" \/>\n<meta property=\"og:image\" content=\"https:\/\/globalsew.com\/wp-content\/uploads\/2017\/11\/WEB-GLOBAL-WF-1515-VF-AUT-01-GLOBAL.jpg\" \/>\n\t<meta property=\"og:image:width\" content=\"555\" \/>\n\t<meta property=\"og:image:height\" content=\"347\" \/>\n\t<meta property=\"og:image:type\" content=\"image\/jpeg\" \/>\n<meta name=\"twitter:card\" content=\"summary_large_image\" \/>\n<meta name=\"twitter:label1\" content=\"Tiempo de lectura\" \/>\n\t<meta name=\"twitter:data1\" content=\"1 minuto\" \/>\n<script type=\"application\/ld+json\" class=\"yoast-schema-graph\">{\"@context\":\"https:\\\/\\\/schema.org\",\"@graph\":[{\"@type\":\"WebPage\",\"@id\":\"https:\\\/\\\/globalsew.com\\\/product\\\/1515-vf-aut\\\/\",\"url\":\"https:\\\/\\\/globalsew.com\\\/product\\\/1515-vf-aut\\\/\",\"name\":\"UP 1515 VF-AUT - Global International B.V.\",\"isPartOf\":{\"@id\":\"https:\\\/\\\/globalsew.com\\\/#website\"},\"primaryImageOfPage\":{\"@id\":\"https:\\\/\\\/globalsew.com\\\/product\\\/1515-vf-aut\\\/#primaryimage\"},\"image\":{\"@id\":\"https:\\\/\\\/globalsew.com\\\/product\\\/1515-vf-aut\\\/#primaryimage\"},\"thumbnailUrl\":\"https:\\\/\\\/globalsew.com\\\/wp-content\\\/uploads\\\/2017\\\/11\\\/WEB-GLOBAL-WF-1515-VF-AUT-01-GLOBAL.jpg\",\"datePublished\":\"2017-02-21T08:47:43+00:00\",\"dateModified\":\"2024-05-22T07:42:37+00:00\",\"breadcrumb\":{\"@id\":\"https:\\\/\\\/globalsew.com\\\/product\\\/1515-vf-aut\\\/#breadcrumb\"},\"inLanguage\":\"es\",\"potentialAction\":[{\"@type\":\"ReadAction\",\"target\":[\"https:\\\/\\\/globalsew.com\\\/product\\\/1515-vf-aut\\\/\"]}]},{\"@type\":\"ImageObject\",\"inLanguage\":\"es\",\"@id\":\"https:\\\/\\\/globalsew.com\\\/product\\\/1515-vf-aut\\\/#primaryimage\",\"url\":\"https:\\\/\\\/globalsew.com\\\/wp-content\\\/uploads\\\/2017\\\/11\\\/WEB-GLOBAL-WF-1515-VF-AUT-01-GLOBAL.jpg\",\"contentUrl\":\"https:\\\/\\\/globalsew.com\\\/wp-content\\\/uploads\\\/2017\\\/11\\\/WEB-GLOBAL-WF-1515-VF-AUT-01-GLOBAL.jpg\",\"width\":555,\"height\":347},{\"@type\":\"BreadcrumbList\",\"@id\":\"https:\\\/\\\/globalsew.com\\\/product\\\/1515-vf-aut\\\/#breadcrumb\",\"itemListElement\":[{\"@type\":\"ListItem\",\"position\":1,\"name\":\"Home\",\"item\":\"https:\\\/\\\/globalsew.com\\\/\"},{\"@type\":\"ListItem\",\"position\":2,\"name\":\"Products\",\"item\":\"https:\\\/\\\/globalsew.com\\\/products\\\/\"},{\"@type\":\"ListItem\",\"position\":3,\"name\":\"UP 1515 VF-AUT\"}]},{\"@type\":\"WebSite\",\"@id\":\"https:\\\/\\\/globalsew.com\\\/#website\",\"url\":\"https:\\\/\\\/globalsew.com\\\/\",\"name\":\"Global International B.V.\",\"description\":\"Industrial Sewing Machines\",\"potentialAction\":[{\"@type\":\"SearchAction\",\"target\":{\"@type\":\"EntryPoint\",\"urlTemplate\":\"https:\\\/\\\/globalsew.com\\\/?s={search_term_string}\"},\"query-input\":{\"@type\":\"PropertyValueSpecification\",\"valueRequired\":true,\"valueName\":\"search_term_string\"}}],\"inLanguage\":\"es\"}]}<\/script>\n<!-- \/ Yoast SEO plugin. -->","yoast_head_json":{"title":"UP 1515 VF-AUT - Global International B.V.","robots":{"index":"index","follow":"follow","max-snippet":"max-snippet:-1","max-image-preview":"max-image-preview:large","max-video-preview":"max-video-preview:-1"},"canonical":"https:\/\/globalsew.com\/es\/producto\/1515-vf-aut\/","og_locale":"es_ES","og_type":"article","og_title":"UP 1515 VF-AUT - Global International B.V.","og_description":"For downloads see our downloads page for the Upholstery machines.","og_url":"https:\/\/globalsew.com\/es\/producto\/1515-vf-aut\/","og_site_name":"Global International B.V.","article_modified_time":"2024-05-22T07:42:37+00:00","og_image":[{"width":555,"height":347,"url":"https:\/\/globalsew.com\/wp-content\/uploads\/2017\/11\/WEB-GLOBAL-WF-1515-VF-AUT-01-GLOBAL.jpg","type":"image\/jpeg"}],"twitter_card":"summary_large_image","twitter_misc":{"Tiempo de lectura":"1 minuto"},"schema":{"@context":"https:\/\/schema.org","@graph":[{"@type":"WebPage","@id":"https:\/\/globalsew.com\/product\/1515-vf-aut\/","url":"https:\/\/globalsew.com\/product\/1515-vf-aut\/","name":"UP 1515 VF-AUT - Global International B.V.","isPartOf":{"@id":"https:\/\/globalsew.com\/#website"},"primaryImageOfPage":{"@id":"https:\/\/globalsew.com\/product\/1515-vf-aut\/#primaryimage"},"image":{"@id":"https:\/\/globalsew.com\/product\/1515-vf-aut\/#primaryimage"},"thumbnailUrl":"https:\/\/globalsew.com\/wp-content\/uploads\/2017\/11\/WEB-GLOBAL-WF-1515-VF-AUT-01-GLOBAL.jpg","datePublished":"2017-02-21T08:47:43+00:00","dateModified":"2024-05-22T07:42:37+00:00","breadcrumb":{"@id":"https:\/\/globalsew.com\/product\/1515-vf-aut\/#breadcrumb"},"inLanguage":"es","potentialAction":[{"@type":"ReadAction","target":["https:\/\/globalsew.com\/product\/1515-vf-aut\/"]}]},{"@type":"ImageObject","inLanguage":"es","@id":"https:\/\/globalsew.com\/product\/1515-vf-aut\/#primaryimage","url":"https:\/\/globalsew.com\/wp-content\/uploads\/2017\/11\/WEB-GLOBAL-WF-1515-VF-AUT-01-GLOBAL.jpg","contentUrl":"https:\/\/globalsew.com\/wp-content\/uploads\/2017\/11\/WEB-GLOBAL-WF-1515-VF-AUT-01-GLOBAL.jpg","width":555,"height":347},{"@type":"BreadcrumbList","@id":"https:\/\/globalsew.com\/product\/1515-vf-aut\/#breadcrumb","itemListElement":[{"@type":"ListItem","position":1,"name":"Home","item":"https:\/\/globalsew.com\/"},{"@type":"ListItem","position":2,"name":"Products","item":"https:\/\/globalsew.com\/products\/"},{"@type":"ListItem","position":3,"name":"UP 1515 VF-AUT"}]},{"@type":"WebSite","@id":"https:\/\/globalsew.com\/#website","url":"https:\/\/globalsew.com\/","name":"Global International B.V.","description":"M\u00e1quinas de coser industriales","potentialAction":[{"@type":"SearchAction","target":{"@type":"EntryPoint","urlTemplate":"https:\/\/globalsew.com\/?s={search_term_string}"},"query-input":{"@type":"PropertyValueSpecification","valueRequired":true,"valueName":"search_term_string"}}],"inLanguage":"es"}]}},"_links":{"self":[{"href":"https:\/\/globalsew.com\/es\/wp-json\/wp\/v2\/product\/52970","targetHints":{"allow":["GET"]}}],"collection":[{"href":"https:\/\/globalsew.com\/es\/wp-json\/wp\/v2\/product"}],"about":[{"href":"https:\/\/globalsew.com\/es\/wp-json\/wp\/v2\/types\/product"}],"wp:featuredmedia":[{"embeddable":true,"href":"https:\/\/globalsew.com\/es\/wp-json\/wp\/v2\/media\/92056"}],"wp:attachment":[{"href":"https:\/\/globalsew.com\/es\/wp-json\/wp\/v2\/media?parent=52970"}],"wp:term":[{"taxonomy":"product_brand","embeddable":true,"href":"https:\/\/globalsew.com\/es\/wp-json\/wp\/v2\/product_brand?post=52970"},{"taxonomy":"product_cat","embeddable":true,"href":"https:\/\/globalsew.com\/es\/wp-json\/wp\/v2\/product_cat?post=52970"},{"taxonomy":"product_tag","embeddable":true,"href":"https:\/\/globalsew.com\/es\/wp-json\/wp\/v2\/product_tag?post=52970"}],"curies":[{"name":"wp","href":"https:\/\/api.w.org\/{rel}","templated":true}]}}