{"id":52952,"date":"2017-02-20T16:49:25","date_gmt":"2017-02-20T15:49:25","guid":{"rendered":"https:\/\/globalsew.com\/?post_type=product&#038;p=52952"},"modified":"2025-10-23T13:00:47","modified_gmt":"2025-10-23T11:00:47","slug":"bt-13060-h-tb-2","status":"publish","type":"product","link":"https:\/\/globalsew.com\/es\/product\/bt-13060-h-tb-2\/","title":{"rendered":"BT 13060 H-TB"},"content":{"rendered":"<div class=\"wpb-content-wrapper\"><div class=\"vc_row wpb_row vc_row-fluid\"><div class=\"wpb_column vc_column_container vc_col-sm-12\"><div class=\"vc_column-inner\"><div class=\"wpb_wrapper\">\n\t<div class=\"wpb_text_column wpb_content_element\" >\n\t\t<div class=\"wpb_wrapper\">\n\t\t\t<p><img fetchpriority=\"high\" decoding=\"async\" class=\"alignnone size-full wp-image-96201\" src=\"https:\/\/globalsew.com\/wp-content\/uploads\/2017\/02\/BANNER-PRODUCT.jpg\" alt=\"\" width=\"962\" height=\"99\" srcset=\"https:\/\/globalsew.com\/wp-content\/uploads\/2017\/02\/BANNER-PRODUCT.jpg 962w, https:\/\/globalsew.com\/wp-content\/uploads\/2017\/02\/BANNER-PRODUCT-555x57.jpg 555w, https:\/\/globalsew.com\/wp-content\/uploads\/2017\/02\/BANNER-PRODUCT-300x31.jpg 300w, https:\/\/globalsew.com\/wp-content\/uploads\/2017\/02\/BANNER-PRODUCT-768x79.jpg 768w, https:\/\/globalsew.com\/wp-content\/uploads\/2017\/02\/BANNER-PRODUCT-205x21.jpg 205w\" sizes=\"(max-width: 962px) 100vw, 962px\" \/><\/p>\n<p><strong>BT 13060 H-TB\u00a0 \u00a0 \u00a0 \u00a0 \u00a0 \u00a0 \u00a0<\/strong><img decoding=\"async\" class=\"alignnone wp-image-94796\" src=\"https:\/\/globalsew.com\/wp-content\/uploads\/2017\/11\/koban-xs-global.jpg\" alt=\"\" width=\"48\" height=\"45\" \/><\/p>\n<p><strong> \u00a0 \u00a0 \u00a0 \u00a0<\/strong><br \/>\nCosedora de patrones programable extra pesada con gran capacidad de lanzadera y bobina. Esta m\u00e1quina est\u00e1 equipada con quemadores de hilo autom\u00e1ticos para cortar el hilo superior e inferior. La m\u00e1quina viene de serie con dispositivo de refrigeraci\u00f3n de la aguja. Esta m\u00e1quina es adecuada para coser materiales extra pesados, como cinturones de seguridad, maletas de vuelo, correas de carga y equipaje. Entrada de patrones por USB. La m\u00e1quina se puede convertir f\u00e1cilmente en una m\u00e1quina de coser por cuerda (Global BT 11020 RP-TB) cambiando las abrazaderas (opcional). Completa con tablero de mesa, soporte y motor, incluida la refrigeraci\u00f3n de la aguja y el dispositivo de rotura del hilo.<\/p>\n<p>&nbsp;<\/p>\n<p><strong>FUNCIONES<\/strong><\/p>\n<p><img decoding=\"async\" class=\"alignnone wp-image-96200\" src=\"https:\/\/globalsew.com\/wp-content\/uploads\/2017\/02\/WEBSITES-MAIN-TOUCH-13060-GLOBAL.jpg\" alt=\"\" width=\"468\" height=\"323\" srcset=\"https:\/\/globalsew.com\/wp-content\/uploads\/2017\/02\/WEBSITES-MAIN-TOUCH-13060-GLOBAL.jpg 501w, https:\/\/globalsew.com\/wp-content\/uploads\/2017\/02\/WEBSITES-MAIN-TOUCH-13060-GLOBAL-300x207.jpg 300w, https:\/\/globalsew.com\/wp-content\/uploads\/2017\/02\/WEBSITES-MAIN-TOUCH-13060-GLOBAL-205x142.jpg 205w\" sizes=\"(max-width: 468px) 100vw, 468px\" \/><\/p>\n<p>&nbsp;<\/p>\n<p><img loading=\"lazy\" decoding=\"async\" class=\"alignnone wp-image-96202\" src=\"https:\/\/globalsew.com\/wp-content\/uploads\/2017\/02\/WEBSITES-burner-pattern-01-13060-GLOBAL.jpg\" alt=\"\" width=\"468\" height=\"323\" srcset=\"https:\/\/globalsew.com\/wp-content\/uploads\/2017\/02\/WEBSITES-burner-pattern-01-13060-GLOBAL.jpg 501w, https:\/\/globalsew.com\/wp-content\/uploads\/2017\/02\/WEBSITES-burner-pattern-01-13060-GLOBAL-300x207.jpg 300w, https:\/\/globalsew.com\/wp-content\/uploads\/2017\/02\/WEBSITES-burner-pattern-01-13060-GLOBAL-205x142.jpg 205w\" sizes=\"(max-width: 468px) 100vw, 468px\" \/><img loading=\"lazy\" decoding=\"async\" class=\"alignnone wp-image-96203\" src=\"https:\/\/globalsew.com\/wp-content\/uploads\/2017\/02\/WEBSITES-burner-pattern-02-13060-GLOBAL.jpg\" alt=\"\" width=\"468\" height=\"323\" srcset=\"https:\/\/globalsew.com\/wp-content\/uploads\/2017\/02\/WEBSITES-burner-pattern-02-13060-GLOBAL.jpg 501w, https:\/\/globalsew.com\/wp-content\/uploads\/2017\/02\/WEBSITES-burner-pattern-02-13060-GLOBAL-300x207.jpg 300w, https:\/\/globalsew.com\/wp-content\/uploads\/2017\/02\/WEBSITES-burner-pattern-02-13060-GLOBAL-205x142.jpg 205w\" sizes=\"(max-width: 468px) 100vw, 468px\" \/><\/p>\n<p>&nbsp;<\/p>\n<p><img loading=\"lazy\" decoding=\"async\" class=\"alignnone wp-image-96206\" src=\"https:\/\/globalsew.com\/wp-content\/uploads\/2017\/02\/WEBSITES-needlecooling-pattern-01-13060-GLOBAL.jpg\" alt=\"\" width=\"468\" height=\"323\" srcset=\"https:\/\/globalsew.com\/wp-content\/uploads\/2017\/02\/WEBSITES-needlecooling-pattern-01-13060-GLOBAL.jpg 501w, https:\/\/globalsew.com\/wp-content\/uploads\/2017\/02\/WEBSITES-needlecooling-pattern-01-13060-GLOBAL-300x207.jpg 300w, https:\/\/globalsew.com\/wp-content\/uploads\/2017\/02\/WEBSITES-needlecooling-pattern-01-13060-GLOBAL-205x142.jpg 205w\" sizes=\"(max-width: 468px) 100vw, 468px\" \/><img loading=\"lazy\" decoding=\"async\" class=\"alignnone wp-image-96207\" src=\"https:\/\/globalsew.com\/wp-content\/uploads\/2017\/02\/WEBSITES-needlecooling-pattern-02-13060-GLOBAL.jpg\" alt=\"\" width=\"468\" height=\"323\" srcset=\"https:\/\/globalsew.com\/wp-content\/uploads\/2017\/02\/WEBSITES-needlecooling-pattern-02-13060-GLOBAL.jpg 501w, https:\/\/globalsew.com\/wp-content\/uploads\/2017\/02\/WEBSITES-needlecooling-pattern-02-13060-GLOBAL-300x207.jpg 300w, https:\/\/globalsew.com\/wp-content\/uploads\/2017\/02\/WEBSITES-needlecooling-pattern-02-13060-GLOBAL-205x142.jpg 205w\" sizes=\"(max-width: 468px) 100vw, 468px\" \/><\/p>\n<p>&nbsp;<\/p>\n<p><img loading=\"lazy\" decoding=\"async\" class=\"alignnone wp-image-96204\" src=\"https:\/\/globalsew.com\/wp-content\/uploads\/2017\/02\/WEBSITES-MAIN-pattern-13060-GLOBAL.jpg\" alt=\"\" width=\"468\" height=\"323\" srcset=\"https:\/\/globalsew.com\/wp-content\/uploads\/2017\/02\/WEBSITES-MAIN-pattern-13060-GLOBAL.jpg 501w, https:\/\/globalsew.com\/wp-content\/uploads\/2017\/02\/WEBSITES-MAIN-pattern-13060-GLOBAL-300x207.jpg 300w, https:\/\/globalsew.com\/wp-content\/uploads\/2017\/02\/WEBSITES-MAIN-pattern-13060-GLOBAL-205x142.jpg 205w\" sizes=\"(max-width: 468px) 100vw, 468px\" \/><img loading=\"lazy\" decoding=\"async\" class=\"alignnone wp-image-96205\" src=\"https:\/\/globalsew.com\/wp-content\/uploads\/2017\/02\/WEBSITES-MAIN-rope-13060-GLOBAL.jpg\" alt=\"\" width=\"468\" height=\"323\" \/><\/p>\n<p>&nbsp;<\/p>\n<p>&nbsp;<\/p>\n<p><img loading=\"lazy\" decoding=\"async\" class=\"alignnone wp-image-94794\" src=\"https:\/\/globalsew.com\/wp-content\/uploads\/2017\/04\/eac-xs-global.jpg\" alt=\"\" width=\"49\" height=\"46\" \/>\u00a0\u00a0<img loading=\"lazy\" decoding=\"async\" class=\"alignnone wp-image-94793\" src=\"https:\/\/globalsew.com\/wp-content\/uploads\/2017\/04\/ce-xs-global.jpg\" alt=\"\" width=\"48\" height=\"45\" \/><\/p>\n\n\t\t<\/div>\n\t<\/div>\n<\/div><\/div><\/div><\/div>\n<\/div>","protected":false},"excerpt":{"rendered":"<p>Para las descargas, consulte nuestra p\u00e1gina de descargas del <a class=\"download-link\" href=\"https:\/\/globalsew.com\/es\/descargar\/btseries\/\">Serie BT<\/a>.<\/p>\n<p>Especificaciones del producto BT 13060 (H-TB):<\/p>\n<ul>\n<li>Velocidad de la m\u00e1quina: m\u00e1x. 800 spm<\/li>\n<li>Sistema de alimentaci\u00f3n: por motor de impulsos (X-Y)<\/li>\n<li>Elevaci\u00f3n del prensatelas: m\u00e1x. 18 mm<\/li>\n<li>Elevaci\u00f3n Champ: m\u00e1x. 20 mm<\/li>\n<li>Tipo de aguja: DYx3<\/li>\n<li>Rango de costura: 130\u00d760<\/li>\n<li>Di\u00e1metro m\u00e1ximo de alcance: 12 mm<\/li>\n<\/ul>\n<p>&nbsp;<\/p>","protected":false},"featured_media":105233,"template":"","meta":{"_acf_changed":false},"product_brand":[],"product_cat":[7,157,152,63],"product_tag":[],"class_list":{"0":"post-52952","1":"product","2":"type-product","3":"status-publish","4":"has-post-thumbnail","6":"product_cat-heavy-duty","7":"product_cat-pattern-sewing-machines-upholstery","8":"product_cat-patternsewers","9":"product_cat-upholstery","10":"tm-has-options","12":"first","13":"instock","14":"shipping-taxable","15":"purchasable","16":"product-type-simple"},"acf":[],"gallery_images":[105232,105231,105230],"yoast_head":"<!-- This site is optimized with the Yoast SEO plugin v27.5 - https:\/\/yoast.com\/product\/yoast-seo-wordpress\/ -->\n<title>BT 13060 H-TB - Global International B.V.<\/title>\n<meta name=\"robots\" content=\"index, follow, max-snippet:-1, max-image-preview:large, max-video-preview:-1\" \/>\n<link rel=\"canonical\" href=\"https:\/\/globalsew.com\/es\/producto\/bt-13060-h-tb-2\/\" \/>\n<meta property=\"og:locale\" content=\"es_ES\" \/>\n<meta property=\"og:type\" content=\"article\" \/>\n<meta property=\"og:title\" content=\"BT 13060 H-TB - Global International B.V.\" \/>\n<meta property=\"og:description\" content=\"For downloads see our downloads page for the BT Series.  The product specifications for the BT 13060 (H-TB):   Machine speed: max 800 spm  Feeding system: by pulse motor (X-Y)  Presser foot lift: max 18 mm  Champ lift: max 20 mm  Needle type: DYx3  Sewing range: 130x60  Maximum range diameter: 12 mm  &nbsp;\" \/>\n<meta property=\"og:url\" content=\"https:\/\/globalsew.com\/es\/producto\/bt-13060-h-tb-2\/\" \/>\n<meta property=\"og:site_name\" content=\"Global International B.V.\" \/>\n<meta property=\"article:modified_time\" content=\"2025-10-23T11:00:47+00:00\" \/>\n<meta property=\"og:image\" content=\"https:\/\/globalsew.com\/wp-content\/uploads\/2017\/02\/products-BT-13060-H-TB-01-global-1080-website-2024.jpg\" \/>\n\t<meta property=\"og:image:width\" content=\"1819\" \/>\n\t<meta property=\"og:image:height\" content=\"1080\" \/>\n\t<meta property=\"og:image:type\" content=\"image\/jpeg\" \/>\n<meta name=\"twitter:card\" content=\"summary_large_image\" \/>\n<meta name=\"twitter:label1\" content=\"Tiempo de lectura\" \/>\n\t<meta name=\"twitter:data1\" content=\"3 minutos\" \/>\n<script type=\"application\/ld+json\" class=\"yoast-schema-graph\">{\"@context\":\"https:\\\/\\\/schema.org\",\"@graph\":[{\"@type\":\"WebPage\",\"@id\":\"https:\\\/\\\/globalsew.com\\\/product\\\/bt-13060-h-tb-2\\\/\",\"url\":\"https:\\\/\\\/globalsew.com\\\/product\\\/bt-13060-h-tb-2\\\/\",\"name\":\"BT 13060 H-TB - Global International B.V.\",\"isPartOf\":{\"@id\":\"https:\\\/\\\/globalsew.com\\\/#website\"},\"primaryImageOfPage\":{\"@id\":\"https:\\\/\\\/globalsew.com\\\/product\\\/bt-13060-h-tb-2\\\/#primaryimage\"},\"image\":{\"@id\":\"https:\\\/\\\/globalsew.com\\\/product\\\/bt-13060-h-tb-2\\\/#primaryimage\"},\"thumbnailUrl\":\"https:\\\/\\\/globalsew.com\\\/wp-content\\\/uploads\\\/2017\\\/02\\\/products-BT-13060-H-TB-01-global-1080-website-2024.jpg\",\"datePublished\":\"2017-02-20T15:49:25+00:00\",\"dateModified\":\"2025-10-23T11:00:47+00:00\",\"breadcrumb\":{\"@id\":\"https:\\\/\\\/globalsew.com\\\/product\\\/bt-13060-h-tb-2\\\/#breadcrumb\"},\"inLanguage\":\"es\",\"potentialAction\":[{\"@type\":\"ReadAction\",\"target\":[\"https:\\\/\\\/globalsew.com\\\/product\\\/bt-13060-h-tb-2\\\/\"]}]},{\"@type\":\"ImageObject\",\"inLanguage\":\"es\",\"@id\":\"https:\\\/\\\/globalsew.com\\\/product\\\/bt-13060-h-tb-2\\\/#primaryimage\",\"url\":\"https:\\\/\\\/globalsew.com\\\/wp-content\\\/uploads\\\/2017\\\/02\\\/products-BT-13060-H-TB-01-global-1080-website-2024.jpg\",\"contentUrl\":\"https:\\\/\\\/globalsew.com\\\/wp-content\\\/uploads\\\/2017\\\/02\\\/products-BT-13060-H-TB-01-global-1080-website-2024.jpg\",\"width\":1819,\"height\":1080,\"caption\":\"BT 13060 H-TB\"},{\"@type\":\"BreadcrumbList\",\"@id\":\"https:\\\/\\\/globalsew.com\\\/product\\\/bt-13060-h-tb-2\\\/#breadcrumb\",\"itemListElement\":[{\"@type\":\"ListItem\",\"position\":1,\"name\":\"Home\",\"item\":\"https:\\\/\\\/globalsew.com\\\/\"},{\"@type\":\"ListItem\",\"position\":2,\"name\":\"Products\",\"item\":\"https:\\\/\\\/globalsew.com\\\/products\\\/\"},{\"@type\":\"ListItem\",\"position\":3,\"name\":\"BT 13060 H-TB\"}]},{\"@type\":\"WebSite\",\"@id\":\"https:\\\/\\\/globalsew.com\\\/#website\",\"url\":\"https:\\\/\\\/globalsew.com\\\/\",\"name\":\"Global International B.V.\",\"description\":\"Industrial Sewing Machines\",\"potentialAction\":[{\"@type\":\"SearchAction\",\"target\":{\"@type\":\"EntryPoint\",\"urlTemplate\":\"https:\\\/\\\/globalsew.com\\\/?s={search_term_string}\"},\"query-input\":{\"@type\":\"PropertyValueSpecification\",\"valueRequired\":true,\"valueName\":\"search_term_string\"}}],\"inLanguage\":\"es\"}]}<\/script>\n<!-- \/ Yoast SEO plugin. -->","yoast_head_json":{"title":"BT 13060 H-TB - Global International B.V.","robots":{"index":"index","follow":"follow","max-snippet":"max-snippet:-1","max-image-preview":"max-image-preview:large","max-video-preview":"max-video-preview:-1"},"canonical":"https:\/\/globalsew.com\/es\/producto\/bt-13060-h-tb-2\/","og_locale":"es_ES","og_type":"article","og_title":"BT 13060 H-TB - Global International B.V.","og_description":"For downloads see our downloads page for the BT Series.  The product specifications for the BT 13060 (H-TB):   Machine speed: max 800 spm  Feeding system: by pulse motor (X-Y)  Presser foot lift: max 18 mm  Champ lift: max 20 mm  Needle type: DYx3  Sewing range: 130x60  Maximum range diameter: 12 mm  &nbsp;","og_url":"https:\/\/globalsew.com\/es\/producto\/bt-13060-h-tb-2\/","og_site_name":"Global International B.V.","article_modified_time":"2025-10-23T11:00:47+00:00","og_image":[{"width":1819,"height":1080,"url":"https:\/\/globalsew.com\/wp-content\/uploads\/2017\/02\/products-BT-13060-H-TB-01-global-1080-website-2024.jpg","type":"image\/jpeg"}],"twitter_card":"summary_large_image","twitter_misc":{"Tiempo de lectura":"3 minutos"},"schema":{"@context":"https:\/\/schema.org","@graph":[{"@type":"WebPage","@id":"https:\/\/globalsew.com\/product\/bt-13060-h-tb-2\/","url":"https:\/\/globalsew.com\/product\/bt-13060-h-tb-2\/","name":"BT 13060 H-TB - Global International B.V.","isPartOf":{"@id":"https:\/\/globalsew.com\/#website"},"primaryImageOfPage":{"@id":"https:\/\/globalsew.com\/product\/bt-13060-h-tb-2\/#primaryimage"},"image":{"@id":"https:\/\/globalsew.com\/product\/bt-13060-h-tb-2\/#primaryimage"},"thumbnailUrl":"https:\/\/globalsew.com\/wp-content\/uploads\/2017\/02\/products-BT-13060-H-TB-01-global-1080-website-2024.jpg","datePublished":"2017-02-20T15:49:25+00:00","dateModified":"2025-10-23T11:00:47+00:00","breadcrumb":{"@id":"https:\/\/globalsew.com\/product\/bt-13060-h-tb-2\/#breadcrumb"},"inLanguage":"es","potentialAction":[{"@type":"ReadAction","target":["https:\/\/globalsew.com\/product\/bt-13060-h-tb-2\/"]}]},{"@type":"ImageObject","inLanguage":"es","@id":"https:\/\/globalsew.com\/product\/bt-13060-h-tb-2\/#primaryimage","url":"https:\/\/globalsew.com\/wp-content\/uploads\/2017\/02\/products-BT-13060-H-TB-01-global-1080-website-2024.jpg","contentUrl":"https:\/\/globalsew.com\/wp-content\/uploads\/2017\/02\/products-BT-13060-H-TB-01-global-1080-website-2024.jpg","width":1819,"height":1080,"caption":"BT 13060 H-TB"},{"@type":"BreadcrumbList","@id":"https:\/\/globalsew.com\/product\/bt-13060-h-tb-2\/#breadcrumb","itemListElement":[{"@type":"ListItem","position":1,"name":"Home","item":"https:\/\/globalsew.com\/"},{"@type":"ListItem","position":2,"name":"Products","item":"https:\/\/globalsew.com\/products\/"},{"@type":"ListItem","position":3,"name":"BT 13060 H-TB"}]},{"@type":"WebSite","@id":"https:\/\/globalsew.com\/#website","url":"https:\/\/globalsew.com\/","name":"Global International B.V.","description":"M\u00e1quinas de coser industriales","potentialAction":[{"@type":"SearchAction","target":{"@type":"EntryPoint","urlTemplate":"https:\/\/globalsew.com\/?s={search_term_string}"},"query-input":{"@type":"PropertyValueSpecification","valueRequired":true,"valueName":"search_term_string"}}],"inLanguage":"es"}]}},"_links":{"self":[{"href":"https:\/\/globalsew.com\/es\/wp-json\/wp\/v2\/product\/52952","targetHints":{"allow":["GET"]}}],"collection":[{"href":"https:\/\/globalsew.com\/es\/wp-json\/wp\/v2\/product"}],"about":[{"href":"https:\/\/globalsew.com\/es\/wp-json\/wp\/v2\/types\/product"}],"wp:featuredmedia":[{"embeddable":true,"href":"https:\/\/globalsew.com\/es\/wp-json\/wp\/v2\/media\/105233"}],"wp:attachment":[{"href":"https:\/\/globalsew.com\/es\/wp-json\/wp\/v2\/media?parent=52952"}],"wp:term":[{"taxonomy":"product_brand","embeddable":true,"href":"https:\/\/globalsew.com\/es\/wp-json\/wp\/v2\/product_brand?post=52952"},{"taxonomy":"product_cat","embeddable":true,"href":"https:\/\/globalsew.com\/es\/wp-json\/wp\/v2\/product_cat?post=52952"},{"taxonomy":"product_tag","embeddable":true,"href":"https:\/\/globalsew.com\/es\/wp-json\/wp\/v2\/product_tag?post=52952"}],"curies":[{"name":"wp","href":"https:\/\/api.w.org\/{rel}","templated":true}]}}