{"id":115233,"date":"2026-04-20T11:18:50","date_gmt":"2026-04-20T09:18:50","guid":{"rendered":"https:\/\/globalsew.com\/?post_type=product&#038;p=115233"},"modified":"2026-04-20T11:23:34","modified_gmt":"2026-04-20T09:23:34","slug":"wf-serie-1669","status":"publish","type":"product","link":"https:\/\/globalsew.com\/es\/product\/wf-1669-series\/","title":{"rendered":"Serie WF 1669"},"content":{"rendered":"<p><strong>WF 1669 DD<\/strong><br \/>\n- M\u00e1quina monagujas de pedal con brazo cil\u00edndrico, motor de accionamiento directo y caja de control integrada. Esta m\u00e1quina es de buena calidad, basada en el modelo DA 669. Longitud de puntada hasta 9 mm, elevaci\u00f3n del prensatelas 0 -9 mm. Velocidad m\u00e1xima de la m\u00e1quina 3500 SPM dependiendo del material.<\/p>\n<p><strong>WF 1669 DD-AUT<\/strong><br \/>\n- Igual que la WF 1669 DD, pero equipada con cortahilos el\u00e9ctrico, elevaci\u00f3n neum\u00e1tica del prensatelas y remate trasero y ajuste r\u00e1pido especial de la carrera del prensatelas.<\/p>","protected":false},"excerpt":{"rendered":"<p><strong>Especificaciones t\u00e9cnicas:<\/strong><\/p>\n<p><strong>Velocidad de la m\u00e1quina<\/strong>m\u00e1x. 3500 spm<br \/>\n<strong>Sistema de engrase<\/strong>: totalmente autom\u00e1tico<br \/>\n<strong>Alternancia del prensatelas interior<\/strong>: 1 - 8 mm<br \/>\n<strong>Ajuste interior del pie<\/strong>t: neum\u00e1tico<br \/>\n<strong>Remate trasero y prensatelas<\/strong>neum\u00e1tico<br \/>\n<strong>Cortador de hilo<\/strong>neum\u00e1tico<br \/>\n<strong>Altura del prensatelas<\/strong>m\u00e1x. 18 mm<br \/>\n<strong>Sistema de agujas<\/strong>: 134 - 35<br \/>\n<strong>Longitud de puntada<\/strong>: 6 mm est\u00e1ndar (9 mm opcional)<\/p>\n<p>&nbsp;<\/p>\n<p>Para descargas, consulte nuestra p\u00e1gina de descargas <a href=\"https:\/\/globalsew.com\/es\/descargar\/maquinas-de-pedalear-con-brazo-cilindrico-de-la-serie-wf-1570\/\">m\u00e1quinas de pata de cabra de brazo cil\u00edndrico<\/a><\/p>","protected":false},"featured_media":115339,"template":"","meta":{"_acf_changed":false},"product_brand":[],"product_cat":[21,26,99],"product_tag":[],"class_list":{"0":"post-115233","1":"product","2":"type-product","3":"status-publish","4":"has-post-thumbnail","6":"product_cat-automotive","7":"product_cat-miscellaneous","8":"product_cat-upholstery-automotive-sewing-machines-global-wf","9":"tm-has-options","11":"first","12":"instock","13":"shipping-taxable","14":"purchasable","15":"product-type-simple"},"acf":[],"gallery_images":[115345,115340,115338,115334,115335,115336,115337,115347,115346,115343,115342,115333],"yoast_head":"<!-- This site is optimized with the Yoast SEO plugin v27.3 - https:\/\/yoast.com\/product\/yoast-seo-wordpress\/ -->\n<title>WF 1669 series - Global International B.V.<\/title>\n<meta name=\"robots\" content=\"index, follow, max-snippet:-1, max-image-preview:large, max-video-preview:-1\" \/>\n<link rel=\"canonical\" href=\"https:\/\/globalsew.com\/es\/producto\/wf-serie-1669\/\" \/>\n<meta property=\"og:locale\" content=\"es_ES\" \/>\n<meta property=\"og:type\" content=\"article\" \/>\n<meta property=\"og:title\" content=\"WF 1669 series - Global International B.V.\" \/>\n<meta property=\"og:description\" content=\"Technical specifications:  Machine speed: max. 3500 spm Oiling system: fully automatic Inner presser foot alternation: 1 - 8 mm Inner foot adjustment: pneumatic Back tack and presser foot: pneumatic Thread trimmer: pneumatic Presser foot height: max. 18 mm Needle system: 134 - 35 Stitch length: 6 mm standard (optional 9 mm)  &nbsp;  For downloads, see our download page cylinder arm walking foot machines\" \/>\n<meta property=\"og:url\" content=\"https:\/\/globalsew.com\/es\/producto\/wf-serie-1669\/\" \/>\n<meta property=\"og:site_name\" content=\"Global International B.V.\" \/>\n<meta property=\"article:modified_time\" content=\"2026-04-20T09:23:34+00:00\" \/>\n<meta property=\"og:image\" content=\"https:\/\/globalsew.com\/wp-content\/uploads\/2026\/03\/wf-1669-dd-aut-8.jpg\" \/>\n\t<meta property=\"og:image:width\" content=\"1819\" \/>\n\t<meta property=\"og:image:height\" content=\"1080\" \/>\n\t<meta property=\"og:image:type\" content=\"image\/jpeg\" \/>\n<meta name=\"twitter:card\" content=\"summary_large_image\" \/>\n<meta name=\"twitter:label1\" content=\"Tiempo de lectura\" \/>\n\t<meta name=\"twitter:data1\" content=\"1 minuto\" \/>\n<script type=\"application\/ld+json\" class=\"yoast-schema-graph\">{\"@context\":\"https:\\\/\\\/schema.org\",\"@graph\":[{\"@type\":\"WebPage\",\"@id\":\"https:\\\/\\\/globalsew.com\\\/product\\\/wf-1669-series\\\/\",\"url\":\"https:\\\/\\\/globalsew.com\\\/product\\\/wf-1669-series\\\/\",\"name\":\"WF 1669 series - Global International B.V.\",\"isPartOf\":{\"@id\":\"https:\\\/\\\/globalsew.com\\\/#website\"},\"primaryImageOfPage\":{\"@id\":\"https:\\\/\\\/globalsew.com\\\/product\\\/wf-1669-series\\\/#primaryimage\"},\"image\":{\"@id\":\"https:\\\/\\\/globalsew.com\\\/product\\\/wf-1669-series\\\/#primaryimage\"},\"thumbnailUrl\":\"https:\\\/\\\/globalsew.com\\\/wp-content\\\/uploads\\\/2026\\\/03\\\/wf-1669-dd-aut-8.jpg\",\"datePublished\":\"2026-04-20T09:18:50+00:00\",\"dateModified\":\"2026-04-20T09:23:34+00:00\",\"breadcrumb\":{\"@id\":\"https:\\\/\\\/globalsew.com\\\/product\\\/wf-1669-series\\\/#breadcrumb\"},\"inLanguage\":\"es\",\"potentialAction\":[{\"@type\":\"ReadAction\",\"target\":[\"https:\\\/\\\/globalsew.com\\\/product\\\/wf-1669-series\\\/\"]}]},{\"@type\":\"ImageObject\",\"inLanguage\":\"es\",\"@id\":\"https:\\\/\\\/globalsew.com\\\/product\\\/wf-1669-series\\\/#primaryimage\",\"url\":\"https:\\\/\\\/globalsew.com\\\/wp-content\\\/uploads\\\/2026\\\/03\\\/wf-1669-dd-aut-8.jpg\",\"contentUrl\":\"https:\\\/\\\/globalsew.com\\\/wp-content\\\/uploads\\\/2026\\\/03\\\/wf-1669-dd-aut-8.jpg\",\"width\":1819,\"height\":1080},{\"@type\":\"BreadcrumbList\",\"@id\":\"https:\\\/\\\/globalsew.com\\\/product\\\/wf-1669-series\\\/#breadcrumb\",\"itemListElement\":[{\"@type\":\"ListItem\",\"position\":1,\"name\":\"Home\",\"item\":\"https:\\\/\\\/globalsew.com\\\/\"},{\"@type\":\"ListItem\",\"position\":2,\"name\":\"Products\",\"item\":\"https:\\\/\\\/globalsew.com\\\/products\\\/\"},{\"@type\":\"ListItem\",\"position\":3,\"name\":\"WF 1669 series\"}]},{\"@type\":\"WebSite\",\"@id\":\"https:\\\/\\\/globalsew.com\\\/#website\",\"url\":\"https:\\\/\\\/globalsew.com\\\/\",\"name\":\"Global International B.V.\",\"description\":\"Industrial Sewing Machines\",\"potentialAction\":[{\"@type\":\"SearchAction\",\"target\":{\"@type\":\"EntryPoint\",\"urlTemplate\":\"https:\\\/\\\/globalsew.com\\\/?s={search_term_string}\"},\"query-input\":{\"@type\":\"PropertyValueSpecification\",\"valueRequired\":true,\"valueName\":\"search_term_string\"}}],\"inLanguage\":\"es\"}]}<\/script>\n<!-- \/ Yoast SEO plugin. -->","yoast_head_json":{"title":"Serie WF 1669 - Global International B.V.","robots":{"index":"index","follow":"follow","max-snippet":"max-snippet:-1","max-image-preview":"max-image-preview:large","max-video-preview":"max-video-preview:-1"},"canonical":"https:\/\/globalsew.com\/es\/producto\/wf-serie-1669\/","og_locale":"es_ES","og_type":"article","og_title":"WF 1669 series - Global International B.V.","og_description":"Technical specifications:  Machine speed: max. 3500 spm Oiling system: fully automatic Inner presser foot alternation: 1 - 8 mm Inner foot adjustment: pneumatic Back tack and presser foot: pneumatic Thread trimmer: pneumatic Presser foot height: max. 18 mm Needle system: 134 - 35 Stitch length: 6 mm standard (optional 9 mm)  &nbsp;  For downloads, see our download page cylinder arm walking foot machines","og_url":"https:\/\/globalsew.com\/es\/producto\/wf-serie-1669\/","og_site_name":"Global International B.V.","article_modified_time":"2026-04-20T09:23:34+00:00","og_image":[{"width":1819,"height":1080,"url":"https:\/\/globalsew.com\/wp-content\/uploads\/2026\/03\/wf-1669-dd-aut-8.jpg","type":"image\/jpeg"}],"twitter_card":"summary_large_image","twitter_misc":{"Tiempo de lectura":"1 minuto"},"schema":{"@context":"https:\/\/schema.org","@graph":[{"@type":"WebPage","@id":"https:\/\/globalsew.com\/product\/wf-1669-series\/","url":"https:\/\/globalsew.com\/product\/wf-1669-series\/","name":"Serie WF 1669 - Global International B.V.","isPartOf":{"@id":"https:\/\/globalsew.com\/#website"},"primaryImageOfPage":{"@id":"https:\/\/globalsew.com\/product\/wf-1669-series\/#primaryimage"},"image":{"@id":"https:\/\/globalsew.com\/product\/wf-1669-series\/#primaryimage"},"thumbnailUrl":"https:\/\/globalsew.com\/wp-content\/uploads\/2026\/03\/wf-1669-dd-aut-8.jpg","datePublished":"2026-04-20T09:18:50+00:00","dateModified":"2026-04-20T09:23:34+00:00","breadcrumb":{"@id":"https:\/\/globalsew.com\/product\/wf-1669-series\/#breadcrumb"},"inLanguage":"es","potentialAction":[{"@type":"ReadAction","target":["https:\/\/globalsew.com\/product\/wf-1669-series\/"]}]},{"@type":"ImageObject","inLanguage":"es","@id":"https:\/\/globalsew.com\/product\/wf-1669-series\/#primaryimage","url":"https:\/\/globalsew.com\/wp-content\/uploads\/2026\/03\/wf-1669-dd-aut-8.jpg","contentUrl":"https:\/\/globalsew.com\/wp-content\/uploads\/2026\/03\/wf-1669-dd-aut-8.jpg","width":1819,"height":1080},{"@type":"BreadcrumbList","@id":"https:\/\/globalsew.com\/product\/wf-1669-series\/#breadcrumb","itemListElement":[{"@type":"ListItem","position":1,"name":"Home","item":"https:\/\/globalsew.com\/"},{"@type":"ListItem","position":2,"name":"Products","item":"https:\/\/globalsew.com\/products\/"},{"@type":"ListItem","position":3,"name":"WF 1669 series"}]},{"@type":"WebSite","@id":"https:\/\/globalsew.com\/#website","url":"https:\/\/globalsew.com\/","name":"Global International B.V.","description":"M\u00e1quinas de coser industriales","potentialAction":[{"@type":"SearchAction","target":{"@type":"EntryPoint","urlTemplate":"https:\/\/globalsew.com\/?s={search_term_string}"},"query-input":{"@type":"PropertyValueSpecification","valueRequired":true,"valueName":"search_term_string"}}],"inLanguage":"es"}]}},"_links":{"self":[{"href":"https:\/\/globalsew.com\/es\/wp-json\/wp\/v2\/product\/115233","targetHints":{"allow":["GET"]}}],"collection":[{"href":"https:\/\/globalsew.com\/es\/wp-json\/wp\/v2\/product"}],"about":[{"href":"https:\/\/globalsew.com\/es\/wp-json\/wp\/v2\/types\/product"}],"wp:featuredmedia":[{"embeddable":true,"href":"https:\/\/globalsew.com\/es\/wp-json\/wp\/v2\/media\/115339"}],"wp:attachment":[{"href":"https:\/\/globalsew.com\/es\/wp-json\/wp\/v2\/media?parent=115233"}],"wp:term":[{"taxonomy":"product_brand","embeddable":true,"href":"https:\/\/globalsew.com\/es\/wp-json\/wp\/v2\/product_brand?post=115233"},{"taxonomy":"product_cat","embeddable":true,"href":"https:\/\/globalsew.com\/es\/wp-json\/wp\/v2\/product_cat?post=115233"},{"taxonomy":"product_tag","embeddable":true,"href":"https:\/\/globalsew.com\/es\/wp-json\/wp\/v2\/product_tag?post=115233"}],"curies":[{"name":"wp","href":"https:\/\/api.w.org\/{rel}","templated":true}]}}