{"id":113942,"date":"2025-10-22T08:53:53","date_gmt":"2025-10-22T06:53:53","guid":{"rendered":"https:\/\/globalsew.com\/?post_type=product&#038;p=113942"},"modified":"2026-02-23T14:52:59","modified_gmt":"2026-02-23T13:52:59","slug":"foz-1520-serie-dd","status":"publish","type":"product","link":"https:\/\/globalsew.com\/es\/product\/foz-1520-dd-series\/","title":{"rendered":"FOZ 1520 Serie DD"},"content":{"rendered":"<div class=\"wpb-content-wrapper\"><div class=\"vc_row wpb_row vc_row-fluid\"><div class=\"wpb_column vc_column_container vc_col-sm-6\"><div class=\"vc_column-inner\"><div class=\"wpb_wrapper\">\n\t<div class=\"wpb_text_column wpb_content_element\" >\n\t\t<div class=\"wpb_wrapper\">\n\t\t\t<p><strong>FOZ 1522 DD<\/strong><br \/>\n- M\u00e1quina de coser zig-zag de una aguja, de alimentaci\u00f3n por ca\u00edda, de alimentaci\u00f3n fuera del brazo con gancho rotativo de eje horizontal para coser material ligero a medio. Tipo de puntada: zig-zag de dos puntos . La m\u00e1quina est\u00e1 equipada con servomotor de accionamiento directo y alzaprensatelas el\u00e9ctrico.<br \/>\n<strong>FOZ 1522 H-DD<\/strong><br \/>\n- Igual que FOZ 1522 DD, pero con alimentaci\u00f3n superior.<br \/>\n<strong>FOZ 1523 DD<\/strong><br \/>\n- Igual que FOZ 1522 DD, pero con puntada tipo zig-zag de tres puntos .<br \/>\n<strong>FOZ 1523 H-DD<br \/>\n<\/strong>- Igual que FOZ 1523 DD, pero con alimentaci\u00f3n superior.<br \/>\n<strong>FOZ 1524 DD<\/strong><br \/>\n- Igual que FOZ 1522 DD, pero con tipo de puntada en zig-zag de cuatro puntos.<br \/>\n<strong>FOZ 1524 H-DD<\/strong><br \/>\n- Igual que FOZ 1524 DD, pero con alimentaci\u00f3n superior.<\/p>\n<p><img decoding=\"async\" class=\"alignnone size-full wp-image-94791\" src=\"https:\/\/globalsew.com\/wp-content\/uploads\/2017\/04\/hohsing-xs-global.jpg\" alt=\"\" width=\"73\" height=\"68\" \/>\u00a0\u00a0<img decoding=\"async\" class=\"alignnone size-full wp-image-94796\" src=\"https:\/\/globalsew.com\/wp-content\/uploads\/2017\/11\/koban-xs-global.jpg\" alt=\"\" width=\"73\" height=\"68\" \/>\u00a0 \u00a0 \u00a0 \u00a0 \u00a0 \u00a0 \u00a0 \u00a0 \u00a0 \u00a0 \u00a0 \u00a0 \u00a0 \u00a0 \u00a0 \u00a0 \u00a0 \u00a0 \u00a0 \u00a0 \u00a0 \u00a0 \u00a0 \u00a0 \u00a0<img decoding=\"async\" class=\"alignnone size-full wp-image-94794\" src=\"https:\/\/globalsew.com\/wp-content\/uploads\/2017\/04\/eac-xs-global.jpg\" alt=\"\" width=\"73\" height=\"68\" \/>\u00a0<img loading=\"lazy\" decoding=\"async\" class=\"alignnone size-full wp-image-94793\" src=\"https:\/\/globalsew.com\/wp-content\/uploads\/2017\/04\/ce-xs-global.jpg\" alt=\"\" width=\"73\" height=\"68\" \/><\/p>\n\n\t\t<\/div>\n\t<\/div>\n<\/div><\/div><\/div><\/div>\n<\/div>","protected":false},"excerpt":{"rendered":"<div class=\"row\">\n<div class=\"col-md-6\"><a class=\"download-button\" href=\"https:\/\/globalsew.com\/wp-content\/uploads\/2023\/04\/GLOBAL-FOZ-1522-520-SERIES-NEW.pdf\" target=\"_blank\" rel=\"noopener noreferrer\">Descargar folleto<\/a><\/div>\n<div class=\"col-md-6\"><\/div>\n<\/div>","protected":false},"featured_media":113947,"template":"","meta":{"_acf_changed":false},"product_brand":[],"product_cat":[110,119,121,24,25,151,126,127],"product_tag":[],"class_list":{"0":"post-113942","1":"product","2":"type-product","3":"status-publish","4":"has-post-thumbnail","6":"product_cat-fancy-stitching","7":"product_cat-feed-of-the-arm-machines","8":"product_cat-foz-series","9":"product_cat-garment","10":"product_cat-shoes","11":"product_cat-zig-zag-machines-heavy-duty","12":"product_cat-zig-zag-machines-shoes","13":"product_cat-zig-zag-machines-zig-zag-machines-shoes","14":"tm-has-options","16":"first","17":"instock","18":"shipping-taxable","19":"purchasable","20":"product-type-simple"},"acf":[],"gallery_images":[113943,113945,113946],"yoast_head":"<!-- This site is optimized with the Yoast SEO plugin v27.3 - https:\/\/yoast.com\/product\/yoast-seo-wordpress\/ -->\n<title>FOZ 1520 DD Series - Global International B.V.<\/title>\n<meta name=\"robots\" content=\"index, follow, max-snippet:-1, max-image-preview:large, max-video-preview:-1\" \/>\n<link rel=\"canonical\" href=\"https:\/\/globalsew.com\/es\/producto\/foz-1520-serie-dd\/\" \/>\n<meta property=\"og:locale\" content=\"es_ES\" \/>\n<meta property=\"og:type\" content=\"article\" \/>\n<meta property=\"og:title\" content=\"FOZ 1520 DD Series - Global International B.V.\" \/>\n<meta property=\"og:description\" content=\"Download Leaflet\" \/>\n<meta property=\"og:url\" content=\"https:\/\/globalsew.com\/es\/producto\/foz-1520-serie-dd\/\" \/>\n<meta property=\"og:site_name\" content=\"Global International B.V.\" \/>\n<meta property=\"article:modified_time\" content=\"2026-02-23T13:52:59+00:00\" \/>\n<meta property=\"og:image\" content=\"https:\/\/globalsew.com\/wp-content\/uploads\/2025\/10\/products-standard-foz-1522-dd-06-1080-website-2025-copy.jpg\" \/>\n\t<meta property=\"og:image:width\" content=\"1819\" \/>\n\t<meta property=\"og:image:height\" content=\"1080\" \/>\n\t<meta property=\"og:image:type\" content=\"image\/jpeg\" \/>\n<meta name=\"twitter:card\" content=\"summary_large_image\" \/>\n<meta name=\"twitter:label1\" content=\"Tiempo de lectura\" \/>\n\t<meta name=\"twitter:data1\" content=\"2 minutos\" \/>\n<script type=\"application\/ld+json\" class=\"yoast-schema-graph\">{\"@context\":\"https:\\\/\\\/schema.org\",\"@graph\":[{\"@type\":\"WebPage\",\"@id\":\"https:\\\/\\\/globalsew.com\\\/product\\\/foz-1520-dd-series\\\/\",\"url\":\"https:\\\/\\\/globalsew.com\\\/product\\\/foz-1520-dd-series\\\/\",\"name\":\"FOZ 1520 DD Series - Global International B.V.\",\"isPartOf\":{\"@id\":\"https:\\\/\\\/globalsew.com\\\/#website\"},\"primaryImageOfPage\":{\"@id\":\"https:\\\/\\\/globalsew.com\\\/product\\\/foz-1520-dd-series\\\/#primaryimage\"},\"image\":{\"@id\":\"https:\\\/\\\/globalsew.com\\\/product\\\/foz-1520-dd-series\\\/#primaryimage\"},\"thumbnailUrl\":\"https:\\\/\\\/globalsew.com\\\/wp-content\\\/uploads\\\/2025\\\/10\\\/products-standard-foz-1522-dd-06-1080-website-2025-copy.jpg\",\"datePublished\":\"2025-10-22T06:53:53+00:00\",\"dateModified\":\"2026-02-23T13:52:59+00:00\",\"breadcrumb\":{\"@id\":\"https:\\\/\\\/globalsew.com\\\/product\\\/foz-1520-dd-series\\\/#breadcrumb\"},\"inLanguage\":\"es\",\"potentialAction\":[{\"@type\":\"ReadAction\",\"target\":[\"https:\\\/\\\/globalsew.com\\\/product\\\/foz-1520-dd-series\\\/\"]}]},{\"@type\":\"ImageObject\",\"inLanguage\":\"es\",\"@id\":\"https:\\\/\\\/globalsew.com\\\/product\\\/foz-1520-dd-series\\\/#primaryimage\",\"url\":\"https:\\\/\\\/globalsew.com\\\/wp-content\\\/uploads\\\/2025\\\/10\\\/products-standard-foz-1522-dd-06-1080-website-2025-copy.jpg\",\"contentUrl\":\"https:\\\/\\\/globalsew.com\\\/wp-content\\\/uploads\\\/2025\\\/10\\\/products-standard-foz-1522-dd-06-1080-website-2025-copy.jpg\",\"width\":1819,\"height\":1080},{\"@type\":\"BreadcrumbList\",\"@id\":\"https:\\\/\\\/globalsew.com\\\/product\\\/foz-1520-dd-series\\\/#breadcrumb\",\"itemListElement\":[{\"@type\":\"ListItem\",\"position\":1,\"name\":\"Home\",\"item\":\"https:\\\/\\\/globalsew.com\\\/\"},{\"@type\":\"ListItem\",\"position\":2,\"name\":\"Products\",\"item\":\"https:\\\/\\\/globalsew.com\\\/products\\\/\"},{\"@type\":\"ListItem\",\"position\":3,\"name\":\"FOZ 1520 DD Series\"}]},{\"@type\":\"WebSite\",\"@id\":\"https:\\\/\\\/globalsew.com\\\/#website\",\"url\":\"https:\\\/\\\/globalsew.com\\\/\",\"name\":\"Global International B.V.\",\"description\":\"Industrial Sewing Machines\",\"potentialAction\":[{\"@type\":\"SearchAction\",\"target\":{\"@type\":\"EntryPoint\",\"urlTemplate\":\"https:\\\/\\\/globalsew.com\\\/?s={search_term_string}\"},\"query-input\":{\"@type\":\"PropertyValueSpecification\",\"valueRequired\":true,\"valueName\":\"search_term_string\"}}],\"inLanguage\":\"es\"}]}<\/script>\n<!-- \/ Yoast SEO plugin. -->","yoast_head_json":{"title":"FOZ 1520 Serie DD - Global International B.V.","robots":{"index":"index","follow":"follow","max-snippet":"max-snippet:-1","max-image-preview":"max-image-preview:large","max-video-preview":"max-video-preview:-1"},"canonical":"https:\/\/globalsew.com\/es\/producto\/foz-1520-serie-dd\/","og_locale":"es_ES","og_type":"article","og_title":"FOZ 1520 DD Series - Global International B.V.","og_description":"Download Leaflet","og_url":"https:\/\/globalsew.com\/es\/producto\/foz-1520-serie-dd\/","og_site_name":"Global International B.V.","article_modified_time":"2026-02-23T13:52:59+00:00","og_image":[{"width":1819,"height":1080,"url":"https:\/\/globalsew.com\/wp-content\/uploads\/2025\/10\/products-standard-foz-1522-dd-06-1080-website-2025-copy.jpg","type":"image\/jpeg"}],"twitter_card":"summary_large_image","twitter_misc":{"Tiempo de lectura":"2 minutos"},"schema":{"@context":"https:\/\/schema.org","@graph":[{"@type":"WebPage","@id":"https:\/\/globalsew.com\/product\/foz-1520-dd-series\/","url":"https:\/\/globalsew.com\/product\/foz-1520-dd-series\/","name":"FOZ 1520 Serie DD - Global International B.V.","isPartOf":{"@id":"https:\/\/globalsew.com\/#website"},"primaryImageOfPage":{"@id":"https:\/\/globalsew.com\/product\/foz-1520-dd-series\/#primaryimage"},"image":{"@id":"https:\/\/globalsew.com\/product\/foz-1520-dd-series\/#primaryimage"},"thumbnailUrl":"https:\/\/globalsew.com\/wp-content\/uploads\/2025\/10\/products-standard-foz-1522-dd-06-1080-website-2025-copy.jpg","datePublished":"2025-10-22T06:53:53+00:00","dateModified":"2026-02-23T13:52:59+00:00","breadcrumb":{"@id":"https:\/\/globalsew.com\/product\/foz-1520-dd-series\/#breadcrumb"},"inLanguage":"es","potentialAction":[{"@type":"ReadAction","target":["https:\/\/globalsew.com\/product\/foz-1520-dd-series\/"]}]},{"@type":"ImageObject","inLanguage":"es","@id":"https:\/\/globalsew.com\/product\/foz-1520-dd-series\/#primaryimage","url":"https:\/\/globalsew.com\/wp-content\/uploads\/2025\/10\/products-standard-foz-1522-dd-06-1080-website-2025-copy.jpg","contentUrl":"https:\/\/globalsew.com\/wp-content\/uploads\/2025\/10\/products-standard-foz-1522-dd-06-1080-website-2025-copy.jpg","width":1819,"height":1080},{"@type":"BreadcrumbList","@id":"https:\/\/globalsew.com\/product\/foz-1520-dd-series\/#breadcrumb","itemListElement":[{"@type":"ListItem","position":1,"name":"Home","item":"https:\/\/globalsew.com\/"},{"@type":"ListItem","position":2,"name":"Products","item":"https:\/\/globalsew.com\/products\/"},{"@type":"ListItem","position":3,"name":"FOZ 1520 DD Series"}]},{"@type":"WebSite","@id":"https:\/\/globalsew.com\/#website","url":"https:\/\/globalsew.com\/","name":"Global International B.V.","description":"M\u00e1quinas de coser industriales","potentialAction":[{"@type":"SearchAction","target":{"@type":"EntryPoint","urlTemplate":"https:\/\/globalsew.com\/?s={search_term_string}"},"query-input":{"@type":"PropertyValueSpecification","valueRequired":true,"valueName":"search_term_string"}}],"inLanguage":"es"}]}},"_links":{"self":[{"href":"https:\/\/globalsew.com\/es\/wp-json\/wp\/v2\/product\/113942","targetHints":{"allow":["GET"]}}],"collection":[{"href":"https:\/\/globalsew.com\/es\/wp-json\/wp\/v2\/product"}],"about":[{"href":"https:\/\/globalsew.com\/es\/wp-json\/wp\/v2\/types\/product"}],"wp:featuredmedia":[{"embeddable":true,"href":"https:\/\/globalsew.com\/es\/wp-json\/wp\/v2\/media\/113947"}],"wp:attachment":[{"href":"https:\/\/globalsew.com\/es\/wp-json\/wp\/v2\/media?parent=113942"}],"wp:term":[{"taxonomy":"product_brand","embeddable":true,"href":"https:\/\/globalsew.com\/es\/wp-json\/wp\/v2\/product_brand?post=113942"},{"taxonomy":"product_cat","embeddable":true,"href":"https:\/\/globalsew.com\/es\/wp-json\/wp\/v2\/product_cat?post=113942"},{"taxonomy":"product_tag","embeddable":true,"href":"https:\/\/globalsew.com\/es\/wp-json\/wp\/v2\/product_tag?post=113942"}],"curies":[{"name":"wp","href":"https:\/\/api.w.org\/{rel}","templated":true}]}}