{"id":113737,"date":"2025-09-29T12:59:53","date_gmt":"2025-09-29T10:59:53","guid":{"rendered":"https:\/\/globalsew.com\/?post_type=product&#038;p=113737"},"modified":"2025-10-20T16:14:50","modified_gmt":"2025-10-20T14:14:50","slug":"lp-2881-360","status":"publish","type":"product","link":"https:\/\/globalsew.com\/es\/product\/lp-2881-360\/","title":{"rendered":"LP 2881-360"},"content":{"rendered":"<p style=\"text-align: left;\"><strong>Global LP 2881-360<br \/>\n<\/strong>M\u00e1quina de coser de una aguja, brazo giratorio de 360 grados con gancho est\u00e1ndar, prensatelas de rodillos accionado desde arriba, rueda<br \/>\ny arrastre de aguja. La m\u00e1quina est\u00e1 equipada con un alzaprensatelas el\u00e9ctrico y un remate trasero el\u00e9ctrico. Este modelo<br \/>\nse acciona mediante 3 motores paso a paso; en el prensador de rodillos, el mecanismo de rueda de alimentaci\u00f3n y el mecanismo de alimentaci\u00f3n de agujas,<br \/>\nque garantiza un excelente acabado puntada a puntada.<br \/>\nLa m\u00e1quina es adecuada para coser botas de cuero, bolsos de mano, calzado y otros materiales muy espec\u00edficos.<br \/>\nLa puntada se ajusta electr\u00f3nicamente, lo que hace que la longitud de la puntada y el retroceso \"puntada en puntada\" sean precisos y de la<br \/>\nm\u00e1xima calidad. Esta m\u00e1quina tiene un excelente rendimiento en la costura de pliegues y acabados laterales muy cerca del borde de<br \/>\nel material.<\/p>","protected":false},"excerpt":{"rendered":"<p><strong>Especificaciones t\u00e9cnicas:<\/strong><\/p>\n<ul>\n<li>Velocidad de la m\u00e1quina: 800 spm<\/li>\n<li>Sistema de giro: semiautom\u00e1tico<\/li>\n<li>Tipo de alimentaci\u00f3n: alimentaci\u00f3n por agujas y ruedas, prensador de rodillos accionado desde arriba, motor paso a paso 3x<\/li>\n<li>Elevaci\u00f3n del prensatelas: m\u00e1x. 10 mm<\/li>\n<li>Tipo de aguja: 135\u00d75<\/li>\n<li>Longitud del brazo: 34 cm<\/li>\n<li>Longitud de puntada: 5 mm<\/li>\n<\/ul>\n<p>&nbsp;<\/p>\n<div class=\"row\">\n<div class=\"col-md-4\"><a class=\"download-button\" href=\"https:\/\/globalsew.com\/wp-content\/uploads\/2021\/03\/Global-LP-2881-360.pdf\" target=\"_blank\" rel=\"noopener noreferrer\">Folleto<\/a><\/div>\n<\/div>","protected":false},"featured_media":113922,"template":"","meta":{"_acf_changed":false},"product_brand":[],"product_cat":[157,25,83],"product_tag":[],"class_list":{"0":"post-113737","1":"product","2":"type-product","3":"status-publish","4":"has-post-thumbnail","6":"product_cat-pattern-sewing-machines-upholstery","7":"product_cat-shoes","8":"product_cat-special-shoe-machines","9":"tm-no-options","11":"first","12":"instock","13":"shipping-taxable","14":"purchasable","15":"product-type-simple"},"acf":[],"gallery_images":[],"yoast_head":"<!-- This site is optimized with the Yoast SEO plugin v27.3 - https:\/\/yoast.com\/product\/yoast-seo-wordpress\/ -->\n<title>LP 2881-360 - Global International B.V.<\/title>\n<meta name=\"robots\" content=\"index, follow, max-snippet:-1, max-image-preview:large, max-video-preview:-1\" \/>\n<link rel=\"canonical\" href=\"https:\/\/globalsew.com\/es\/producto\/lp-2881-360\/\" \/>\n<meta property=\"og:locale\" content=\"es_ES\" \/>\n<meta property=\"og:type\" content=\"article\" \/>\n<meta property=\"og:title\" content=\"LP 2881-360 - Global International B.V.\" \/>\n<meta property=\"og:description\" content=\"Technical specifications:   Machine speed: 800 spm  Oling system: semi automatic  Feed type: needle and wheel feed, top driven roller presser, 3x stepping motor  Presser foot lift: max 10 mm  Needle type: 135x5  Arm length: 34 cm  Stitch length: 5 mm  &nbsp;  Leaflet\" \/>\n<meta property=\"og:url\" content=\"https:\/\/globalsew.com\/es\/producto\/lp-2881-360\/\" \/>\n<meta property=\"og:site_name\" content=\"Global International B.V.\" \/>\n<meta property=\"article:modified_time\" content=\"2025-10-20T14:14:50+00:00\" \/>\n<meta property=\"og:image\" content=\"https:\/\/globalsew.com\/wp-content\/uploads\/2025\/09\/products-LP-2881-360-01-global-1080-website-2025-copy.jpg\" \/>\n\t<meta property=\"og:image:width\" content=\"1819\" \/>\n\t<meta property=\"og:image:height\" content=\"1080\" \/>\n\t<meta property=\"og:image:type\" content=\"image\/jpeg\" \/>\n<meta name=\"twitter:card\" content=\"summary_large_image\" \/>\n<meta name=\"twitter:label1\" content=\"Tiempo de lectura\" \/>\n\t<meta name=\"twitter:data1\" content=\"1 minuto\" \/>\n<script type=\"application\/ld+json\" class=\"yoast-schema-graph\">{\"@context\":\"https:\\\/\\\/schema.org\",\"@graph\":[{\"@type\":\"WebPage\",\"@id\":\"https:\\\/\\\/globalsew.com\\\/product\\\/lp-2881-360\\\/\",\"url\":\"https:\\\/\\\/globalsew.com\\\/product\\\/lp-2881-360\\\/\",\"name\":\"LP 2881-360 - Global International B.V.\",\"isPartOf\":{\"@id\":\"https:\\\/\\\/globalsew.com\\\/#website\"},\"primaryImageOfPage\":{\"@id\":\"https:\\\/\\\/globalsew.com\\\/product\\\/lp-2881-360\\\/#primaryimage\"},\"image\":{\"@id\":\"https:\\\/\\\/globalsew.com\\\/product\\\/lp-2881-360\\\/#primaryimage\"},\"thumbnailUrl\":\"https:\\\/\\\/globalsew.com\\\/wp-content\\\/uploads\\\/2025\\\/09\\\/products-LP-2881-360-01-global-1080-website-2025-copy.jpg\",\"datePublished\":\"2025-09-29T10:59:53+00:00\",\"dateModified\":\"2025-10-20T14:14:50+00:00\",\"breadcrumb\":{\"@id\":\"https:\\\/\\\/globalsew.com\\\/product\\\/lp-2881-360\\\/#breadcrumb\"},\"inLanguage\":\"es\",\"potentialAction\":[{\"@type\":\"ReadAction\",\"target\":[\"https:\\\/\\\/globalsew.com\\\/product\\\/lp-2881-360\\\/\"]}]},{\"@type\":\"ImageObject\",\"inLanguage\":\"es\",\"@id\":\"https:\\\/\\\/globalsew.com\\\/product\\\/lp-2881-360\\\/#primaryimage\",\"url\":\"https:\\\/\\\/globalsew.com\\\/wp-content\\\/uploads\\\/2025\\\/09\\\/products-LP-2881-360-01-global-1080-website-2025-copy.jpg\",\"contentUrl\":\"https:\\\/\\\/globalsew.com\\\/wp-content\\\/uploads\\\/2025\\\/09\\\/products-LP-2881-360-01-global-1080-website-2025-copy.jpg\",\"width\":1819,\"height\":1080},{\"@type\":\"BreadcrumbList\",\"@id\":\"https:\\\/\\\/globalsew.com\\\/product\\\/lp-2881-360\\\/#breadcrumb\",\"itemListElement\":[{\"@type\":\"ListItem\",\"position\":1,\"name\":\"Home\",\"item\":\"https:\\\/\\\/globalsew.com\\\/\"},{\"@type\":\"ListItem\",\"position\":2,\"name\":\"Products\",\"item\":\"https:\\\/\\\/globalsew.com\\\/products\\\/\"},{\"@type\":\"ListItem\",\"position\":3,\"name\":\"LP 2881-360\"}]},{\"@type\":\"WebSite\",\"@id\":\"https:\\\/\\\/globalsew.com\\\/#website\",\"url\":\"https:\\\/\\\/globalsew.com\\\/\",\"name\":\"Global International B.V.\",\"description\":\"Industrial Sewing Machines\",\"potentialAction\":[{\"@type\":\"SearchAction\",\"target\":{\"@type\":\"EntryPoint\",\"urlTemplate\":\"https:\\\/\\\/globalsew.com\\\/?s={search_term_string}\"},\"query-input\":{\"@type\":\"PropertyValueSpecification\",\"valueRequired\":true,\"valueName\":\"search_term_string\"}}],\"inLanguage\":\"es\"}]}<\/script>\n<!-- \/ Yoast SEO plugin. -->","yoast_head_json":{"title":"LP 2881-360 - Global International B.V.","robots":{"index":"index","follow":"follow","max-snippet":"max-snippet:-1","max-image-preview":"max-image-preview:large","max-video-preview":"max-video-preview:-1"},"canonical":"https:\/\/globalsew.com\/es\/producto\/lp-2881-360\/","og_locale":"es_ES","og_type":"article","og_title":"LP 2881-360 - Global International B.V.","og_description":"Technical specifications:   Machine speed: 800 spm  Oling system: semi automatic  Feed type: needle and wheel feed, top driven roller presser, 3x stepping motor  Presser foot lift: max 10 mm  Needle type: 135x5  Arm length: 34 cm  Stitch length: 5 mm  &nbsp;  Leaflet","og_url":"https:\/\/globalsew.com\/es\/producto\/lp-2881-360\/","og_site_name":"Global International B.V.","article_modified_time":"2025-10-20T14:14:50+00:00","og_image":[{"width":1819,"height":1080,"url":"https:\/\/globalsew.com\/wp-content\/uploads\/2025\/09\/products-LP-2881-360-01-global-1080-website-2025-copy.jpg","type":"image\/jpeg"}],"twitter_card":"summary_large_image","twitter_misc":{"Tiempo de lectura":"1 minuto"},"schema":{"@context":"https:\/\/schema.org","@graph":[{"@type":"WebPage","@id":"https:\/\/globalsew.com\/product\/lp-2881-360\/","url":"https:\/\/globalsew.com\/product\/lp-2881-360\/","name":"LP 2881-360 - Global International B.V.","isPartOf":{"@id":"https:\/\/globalsew.com\/#website"},"primaryImageOfPage":{"@id":"https:\/\/globalsew.com\/product\/lp-2881-360\/#primaryimage"},"image":{"@id":"https:\/\/globalsew.com\/product\/lp-2881-360\/#primaryimage"},"thumbnailUrl":"https:\/\/globalsew.com\/wp-content\/uploads\/2025\/09\/products-LP-2881-360-01-global-1080-website-2025-copy.jpg","datePublished":"2025-09-29T10:59:53+00:00","dateModified":"2025-10-20T14:14:50+00:00","breadcrumb":{"@id":"https:\/\/globalsew.com\/product\/lp-2881-360\/#breadcrumb"},"inLanguage":"es","potentialAction":[{"@type":"ReadAction","target":["https:\/\/globalsew.com\/product\/lp-2881-360\/"]}]},{"@type":"ImageObject","inLanguage":"es","@id":"https:\/\/globalsew.com\/product\/lp-2881-360\/#primaryimage","url":"https:\/\/globalsew.com\/wp-content\/uploads\/2025\/09\/products-LP-2881-360-01-global-1080-website-2025-copy.jpg","contentUrl":"https:\/\/globalsew.com\/wp-content\/uploads\/2025\/09\/products-LP-2881-360-01-global-1080-website-2025-copy.jpg","width":1819,"height":1080},{"@type":"BreadcrumbList","@id":"https:\/\/globalsew.com\/product\/lp-2881-360\/#breadcrumb","itemListElement":[{"@type":"ListItem","position":1,"name":"Home","item":"https:\/\/globalsew.com\/"},{"@type":"ListItem","position":2,"name":"Products","item":"https:\/\/globalsew.com\/products\/"},{"@type":"ListItem","position":3,"name":"LP 2881-360"}]},{"@type":"WebSite","@id":"https:\/\/globalsew.com\/#website","url":"https:\/\/globalsew.com\/","name":"Global International B.V.","description":"M\u00e1quinas de coser industriales","potentialAction":[{"@type":"SearchAction","target":{"@type":"EntryPoint","urlTemplate":"https:\/\/globalsew.com\/?s={search_term_string}"},"query-input":{"@type":"PropertyValueSpecification","valueRequired":true,"valueName":"search_term_string"}}],"inLanguage":"es"}]}},"_links":{"self":[{"href":"https:\/\/globalsew.com\/es\/wp-json\/wp\/v2\/product\/113737","targetHints":{"allow":["GET"]}}],"collection":[{"href":"https:\/\/globalsew.com\/es\/wp-json\/wp\/v2\/product"}],"about":[{"href":"https:\/\/globalsew.com\/es\/wp-json\/wp\/v2\/types\/product"}],"wp:featuredmedia":[{"embeddable":true,"href":"https:\/\/globalsew.com\/es\/wp-json\/wp\/v2\/media\/113922"}],"wp:attachment":[{"href":"https:\/\/globalsew.com\/es\/wp-json\/wp\/v2\/media?parent=113737"}],"wp:term":[{"taxonomy":"product_brand","embeddable":true,"href":"https:\/\/globalsew.com\/es\/wp-json\/wp\/v2\/product_brand?post=113737"},{"taxonomy":"product_cat","embeddable":true,"href":"https:\/\/globalsew.com\/es\/wp-json\/wp\/v2\/product_cat?post=113737"},{"taxonomy":"product_tag","embeddable":true,"href":"https:\/\/globalsew.com\/es\/wp-json\/wp\/v2\/product_tag?post=113737"}],"curies":[{"name":"wp","href":"https:\/\/api.w.org\/{rel}","templated":true}]}}