{"id":112312,"date":"2025-01-23T11:19:18","date_gmt":"2025-01-23T10:19:18","guid":{"rendered":"https:\/\/globalsew.com\/?post_type=product&#038;p=112312"},"modified":"2025-12-17T16:31:23","modified_gmt":"2025-12-17T15:31:23","slug":"bt-1000-x-600-360","status":"publish","type":"product","link":"https:\/\/globalsew.com\/es\/product\/bt-1000-x-600-360\/","title":{"rendered":"BT 1000 X 600-360"},"content":{"rendered":"<div class=\"wpb-content-wrapper\"><div class=\"vc_row wpb_row vc_row-fluid\"><div class=\"wpb_column vc_column_container vc_col-sm-12\"><div class=\"vc_column-inner\"><div class=\"wpb_wrapper\">\n\t<div class=\"wpb_text_column wpb_content_element\" >\n\t\t<div class=\"wpb_wrapper\">\n\t\t\t<p><strong>BT 1000\u00d7600-360<\/strong><br \/>\nEsta m\u00e1quina de coser con patr\u00f3n programable es adecuada para materiales pesados gracias a la rotaci\u00f3n de 360 grados del cabezal de la m\u00e1quina, as\u00ed como de la unidad de gancho, ajustando ambos la direcci\u00f3n de costura. Gracias a este dise\u00f1o, la m\u00e1quina toma la puntada con precisi\u00f3n y elimina el riesgo de que se salte la puntada, independientemente de la direcci\u00f3n de costura.<\/p>\n<p>La construcci\u00f3n de la m\u00e1quina permite levantar el cabezal de costura, que se utiliza en la produciton de bolsas, autom\u00f3viles y zapatos y muchos m\u00e1s. Plantilla se puede ajustar a cualquier dise\u00f1o, dependiendo del patr\u00f3n de costura.<\/p>\n<p>Especificaciones t\u00e9cnicas:<br \/>\n* Rotaci\u00f3n de 360 grados del cabezal de la m\u00e1quina, as\u00ed como de la unidad de gancho, ajust\u00e1ndose ambos a la direcci\u00f3n de costura.<br \/>\n* Motores paso a paso incorporados r\u00e1pidos y precisos, responsables del cabezal de costura, la unidad de gancho y el trabajo del carril en los ejes X e Y para el accionamiento de la barra de agujas.<br \/>\n* Panel t\u00e1ctil LCD de 7 pulgadas con puerto USB para transferencia de datos y almacenamiento de patrones en la memoria interna hasta 999 patrones.<br \/>\n* Cantidad m\u00e1xima de puntadas en el patr\u00f3n en 20.000 puntadas.<br \/>\n* Edici\u00f3n de patrones ya existentes o programados.<br \/>\n* Interruptor autom\u00e1tico de arranque-parada, funci\u00f3n pausa\/continuaci\u00f3n.<br \/>\n* \u00c1ngulo de giro programable en pasos de 0,05 grados.<br \/>\n* Cortahilo autom\u00e1tico<br \/>\n* Detecci\u00f3n de puntada de seguridad y rotura de hilo<br \/>\n* Longitud de puntada 0,5 - 12,7 mm<br \/>\n* Bobinador externo<\/p>\n<p>&nbsp;<\/p>\n\n\t\t<\/div>\n\t<\/div>\n<\/div><\/div><\/div><\/div>\n<\/div>","protected":false},"excerpt":{"rendered":"<p>Para las descargas, consulte nuestra p\u00e1gina de descargas del <a class=\"download-link\" href=\"https:\/\/globalsew.com\/es\/descargar\/serie-bt-maquinas-de-coser-electronicas-con-patron-programable-solo-folletos\/\">Serie BT<\/a>.<\/p>\n<p>Las especificaciones del producto BT 1000\u00d7600-360 son:<\/p>\n<ul>\n<li>Mesa completa, soporte y motor<\/li>\n<li>Velocidad de la m\u00e1quina: 200 - 2400 RPM<\/li>\n<li>Sistema de alimentaci\u00f3n: por motor de impulsos (X-Y-Z)<\/li>\n<li>Tipo de gancho: Gancho giratorio de doble tama\u00f1o<\/li>\n<li>Longitud de puntada: 0,1 - 12,7 mm<\/li>\n<li>Elevaci\u00f3n del prensatelas: m\u00e1x. 16 mm<\/li>\n<li>Elevaci\u00f3n de la pinza: hasta 20 mm (neum\u00e1tica)<\/li>\n<li>Tipo de aguja: 135\u00d717<\/li>\n<li>Rango de costura: 1000 x 600 mm<\/li>\n<li>Fuente de alimentaci\u00f3n: 240 V, 1 fase, 50 - 60 Hz, servomotor de CA de accionamiento directo<\/li>\n<\/ul>","protected":false},"featured_media":110233,"template":"","meta":{"_acf_changed":false},"product_brand":[],"product_cat":[157,97,122,25,63],"product_tag":[],"class_list":{"0":"post-112312","1":"product","2":"type-product","3":"status-publish","4":"has-post-thumbnail","6":"product_cat-pattern-sewing-machines-upholstery","7":"product_cat-pattern-sewing-machines","8":"product_cat-shoe-machines","9":"product_cat-shoes","10":"product_cat-upholstery","11":"tm-has-options","13":"first","14":"instock","15":"shipping-taxable","16":"purchasable","17":"product-type-simple"},"acf":[],"gallery_images":[110233,110234,110236,110237,110238],"yoast_head":"<!-- This site is optimized with the Yoast SEO plugin v27.3 - https:\/\/yoast.com\/product\/yoast-seo-wordpress\/ -->\n<title>BT 1000 X 600-360 - Global International B.V.<\/title>\n<meta name=\"robots\" content=\"index, follow, max-snippet:-1, max-image-preview:large, max-video-preview:-1\" \/>\n<link rel=\"canonical\" href=\"https:\/\/globalsew.com\/es\/producto\/bt-1000-x-600-360\/\" \/>\n<meta property=\"og:locale\" content=\"es_ES\" \/>\n<meta property=\"og:type\" content=\"article\" \/>\n<meta property=\"og:title\" content=\"BT 1000 X 600-360 - Global International B.V.\" \/>\n<meta property=\"og:description\" content=\"For downloads see our downloads page for the BT Series.  The product specifications for the BT 1000x600-360 are:   Complete table, stand and motor  Machine speed: 200 - 2400 RPM  Feeding system: by pulse motor (X-Y-Z)  Hook type: Double size rotary hook  Stitch length: 0,1 - 12,7 mm  Presser foot lift: max 16 mm  Clamp lift: up to 20 mm (pneumatic)  Needle type: 135x17  Sewing range: 1000 x 600 mm  Power source: 240 V,\u00a0 1 phase, 50 - 60 Hz, direct drive AC servomotor\" \/>\n<meta property=\"og:url\" content=\"https:\/\/globalsew.com\/es\/producto\/bt-1000-x-600-360\/\" \/>\n<meta property=\"og:site_name\" content=\"Global International B.V.\" \/>\n<meta property=\"article:modified_time\" content=\"2025-12-17T15:31:23+00:00\" \/>\n<meta property=\"og:image\" content=\"https:\/\/globalsew.com\/wp-content\/uploads\/2024\/06\/products-BT-1000X600-05-global-1080-website-2024.jpg\" \/>\n\t<meta property=\"og:image:width\" content=\"1819\" \/>\n\t<meta property=\"og:image:height\" content=\"1080\" \/>\n\t<meta property=\"og:image:type\" content=\"image\/jpeg\" \/>\n<meta name=\"twitter:card\" content=\"summary_large_image\" \/>\n<meta name=\"twitter:label1\" content=\"Tiempo de lectura\" \/>\n\t<meta name=\"twitter:data1\" content=\"1 minuto\" \/>\n<script type=\"application\/ld+json\" class=\"yoast-schema-graph\">{\"@context\":\"https:\\\/\\\/schema.org\",\"@graph\":[{\"@type\":\"WebPage\",\"@id\":\"https:\\\/\\\/globalsew.com\\\/product\\\/bt-1000-x-600-360\\\/\",\"url\":\"https:\\\/\\\/globalsew.com\\\/product\\\/bt-1000-x-600-360\\\/\",\"name\":\"BT 1000 X 600-360 - Global International B.V.\",\"isPartOf\":{\"@id\":\"https:\\\/\\\/globalsew.com\\\/#website\"},\"primaryImageOfPage\":{\"@id\":\"https:\\\/\\\/globalsew.com\\\/product\\\/bt-1000-x-600-360\\\/#primaryimage\"},\"image\":{\"@id\":\"https:\\\/\\\/globalsew.com\\\/product\\\/bt-1000-x-600-360\\\/#primaryimage\"},\"thumbnailUrl\":\"https:\\\/\\\/globalsew.com\\\/wp-content\\\/uploads\\\/2024\\\/06\\\/products-BT-1000X600-05-global-1080-website-2024.jpg\",\"datePublished\":\"2025-01-23T10:19:18+00:00\",\"dateModified\":\"2025-12-17T15:31:23+00:00\",\"breadcrumb\":{\"@id\":\"https:\\\/\\\/globalsew.com\\\/product\\\/bt-1000-x-600-360\\\/#breadcrumb\"},\"inLanguage\":\"es\",\"potentialAction\":[{\"@type\":\"ReadAction\",\"target\":[\"https:\\\/\\\/globalsew.com\\\/product\\\/bt-1000-x-600-360\\\/\"]}]},{\"@type\":\"ImageObject\",\"inLanguage\":\"es\",\"@id\":\"https:\\\/\\\/globalsew.com\\\/product\\\/bt-1000-x-600-360\\\/#primaryimage\",\"url\":\"https:\\\/\\\/globalsew.com\\\/wp-content\\\/uploads\\\/2024\\\/06\\\/products-BT-1000X600-05-global-1080-website-2024.jpg\",\"contentUrl\":\"https:\\\/\\\/globalsew.com\\\/wp-content\\\/uploads\\\/2024\\\/06\\\/products-BT-1000X600-05-global-1080-website-2024.jpg\",\"width\":1819,\"height\":1080,\"caption\":\"products-BT-1000X600-05-global-1080-website-2024\"},{\"@type\":\"BreadcrumbList\",\"@id\":\"https:\\\/\\\/globalsew.com\\\/product\\\/bt-1000-x-600-360\\\/#breadcrumb\",\"itemListElement\":[{\"@type\":\"ListItem\",\"position\":1,\"name\":\"Home\",\"item\":\"https:\\\/\\\/globalsew.com\\\/\"},{\"@type\":\"ListItem\",\"position\":2,\"name\":\"Products\",\"item\":\"https:\\\/\\\/globalsew.com\\\/products\\\/\"},{\"@type\":\"ListItem\",\"position\":3,\"name\":\"BT 1000 X 600-360\"}]},{\"@type\":\"WebSite\",\"@id\":\"https:\\\/\\\/globalsew.com\\\/#website\",\"url\":\"https:\\\/\\\/globalsew.com\\\/\",\"name\":\"Global International B.V.\",\"description\":\"Industrial Sewing Machines\",\"potentialAction\":[{\"@type\":\"SearchAction\",\"target\":{\"@type\":\"EntryPoint\",\"urlTemplate\":\"https:\\\/\\\/globalsew.com\\\/?s={search_term_string}\"},\"query-input\":{\"@type\":\"PropertyValueSpecification\",\"valueRequired\":true,\"valueName\":\"search_term_string\"}}],\"inLanguage\":\"es\"}]}<\/script>\n<!-- \/ Yoast SEO plugin. -->","yoast_head_json":{"title":"BT 1000 X 600-360 - Global International B.V.","robots":{"index":"index","follow":"follow","max-snippet":"max-snippet:-1","max-image-preview":"max-image-preview:large","max-video-preview":"max-video-preview:-1"},"canonical":"https:\/\/globalsew.com\/es\/producto\/bt-1000-x-600-360\/","og_locale":"es_ES","og_type":"article","og_title":"BT 1000 X 600-360 - Global International B.V.","og_description":"For downloads see our downloads page for the BT Series.  The product specifications for the BT 1000x600-360 are:   Complete table, stand and motor  Machine speed: 200 - 2400 RPM  Feeding system: by pulse motor (X-Y-Z)  Hook type: Double size rotary hook  Stitch length: 0,1 - 12,7 mm  Presser foot lift: max 16 mm  Clamp lift: up to 20 mm (pneumatic)  Needle type: 135x17  Sewing range: 1000 x 600 mm  Power source: 240 V,\u00a0 1 phase, 50 - 60 Hz, direct drive AC servomotor","og_url":"https:\/\/globalsew.com\/es\/producto\/bt-1000-x-600-360\/","og_site_name":"Global International B.V.","article_modified_time":"2025-12-17T15:31:23+00:00","og_image":[{"width":1819,"height":1080,"url":"https:\/\/globalsew.com\/wp-content\/uploads\/2024\/06\/products-BT-1000X600-05-global-1080-website-2024.jpg","type":"image\/jpeg"}],"twitter_card":"summary_large_image","twitter_misc":{"Tiempo de lectura":"1 minuto"},"schema":{"@context":"https:\/\/schema.org","@graph":[{"@type":"WebPage","@id":"https:\/\/globalsew.com\/product\/bt-1000-x-600-360\/","url":"https:\/\/globalsew.com\/product\/bt-1000-x-600-360\/","name":"BT 1000 X 600-360 - Global International B.V.","isPartOf":{"@id":"https:\/\/globalsew.com\/#website"},"primaryImageOfPage":{"@id":"https:\/\/globalsew.com\/product\/bt-1000-x-600-360\/#primaryimage"},"image":{"@id":"https:\/\/globalsew.com\/product\/bt-1000-x-600-360\/#primaryimage"},"thumbnailUrl":"https:\/\/globalsew.com\/wp-content\/uploads\/2024\/06\/products-BT-1000X600-05-global-1080-website-2024.jpg","datePublished":"2025-01-23T10:19:18+00:00","dateModified":"2025-12-17T15:31:23+00:00","breadcrumb":{"@id":"https:\/\/globalsew.com\/product\/bt-1000-x-600-360\/#breadcrumb"},"inLanguage":"es","potentialAction":[{"@type":"ReadAction","target":["https:\/\/globalsew.com\/product\/bt-1000-x-600-360\/"]}]},{"@type":"ImageObject","inLanguage":"es","@id":"https:\/\/globalsew.com\/product\/bt-1000-x-600-360\/#primaryimage","url":"https:\/\/globalsew.com\/wp-content\/uploads\/2024\/06\/products-BT-1000X600-05-global-1080-website-2024.jpg","contentUrl":"https:\/\/globalsew.com\/wp-content\/uploads\/2024\/06\/products-BT-1000X600-05-global-1080-website-2024.jpg","width":1819,"height":1080,"caption":"products-BT-1000X600-05-global-1080-website-2024"},{"@type":"BreadcrumbList","@id":"https:\/\/globalsew.com\/product\/bt-1000-x-600-360\/#breadcrumb","itemListElement":[{"@type":"ListItem","position":1,"name":"Home","item":"https:\/\/globalsew.com\/"},{"@type":"ListItem","position":2,"name":"Products","item":"https:\/\/globalsew.com\/products\/"},{"@type":"ListItem","position":3,"name":"BT 1000 X 600-360"}]},{"@type":"WebSite","@id":"https:\/\/globalsew.com\/#website","url":"https:\/\/globalsew.com\/","name":"Global International B.V.","description":"M\u00e1quinas de coser industriales","potentialAction":[{"@type":"SearchAction","target":{"@type":"EntryPoint","urlTemplate":"https:\/\/globalsew.com\/?s={search_term_string}"},"query-input":{"@type":"PropertyValueSpecification","valueRequired":true,"valueName":"search_term_string"}}],"inLanguage":"es"}]}},"_links":{"self":[{"href":"https:\/\/globalsew.com\/es\/wp-json\/wp\/v2\/product\/112312","targetHints":{"allow":["GET"]}}],"collection":[{"href":"https:\/\/globalsew.com\/es\/wp-json\/wp\/v2\/product"}],"about":[{"href":"https:\/\/globalsew.com\/es\/wp-json\/wp\/v2\/types\/product"}],"wp:featuredmedia":[{"embeddable":true,"href":"https:\/\/globalsew.com\/es\/wp-json\/wp\/v2\/media\/110233"}],"wp:attachment":[{"href":"https:\/\/globalsew.com\/es\/wp-json\/wp\/v2\/media?parent=112312"}],"wp:term":[{"taxonomy":"product_brand","embeddable":true,"href":"https:\/\/globalsew.com\/es\/wp-json\/wp\/v2\/product_brand?post=112312"},{"taxonomy":"product_cat","embeddable":true,"href":"https:\/\/globalsew.com\/es\/wp-json\/wp\/v2\/product_cat?post=112312"},{"taxonomy":"product_tag","embeddable":true,"href":"https:\/\/globalsew.com\/es\/wp-json\/wp\/v2\/product_tag?post=112312"}],"curies":[{"name":"wp","href":"https:\/\/api.w.org\/{rel}","templated":true}]}}