{"id":106594,"date":"2024-03-11T15:25:35","date_gmt":"2024-03-11T14:25:35","guid":{"rendered":"https:\/\/globalsew.com\/?post_type=product&#038;p=106594"},"modified":"2024-03-11T15:25:36","modified_gmt":"2024-03-11T14:25:36","slug":"pfaff-1525-6-14-900-81-910-04-911-35-clmn8","status":"publish","type":"product","link":"https:\/\/globalsew.com\/es\/product\/pfaff-1525-6-14-900-81-910-04-911-35-clmn8\/","title":{"rendered":"PFAFF 1525-6\/14-900\/81-910\/04-911\/35 CLMN8"},"content":{"rendered":"","protected":false},"excerpt":{"rendered":"<p>M\u00e1quina industrial de 1 aguja de pespunte con pie m\u00f3vil, totalmente autom\u00e1tica. Completa con motor Pfaff servotop P46SE (220V).<\/p>","protected":false},"featured_media":106593,"template":"","meta":{"_acf_changed":false},"product_brand":[],"product_cat":[351,357,317],"product_tag":[],"class_list":{"0":"post-106594","1":"product","2":"type-product","3":"status-publish","4":"has-post-thumbnail","6":"product_cat-new-arrivals","7":"product_cat-pfaff","8":"product_cat-used-products","9":"tm-no-options","11":"first","12":"instock","13":"shipping-taxable","14":"purchasable","15":"product-type-simple"},"acf":[],"gallery_images":[],"yoast_head":"<!-- This site is optimized with the Yoast SEO plugin v27.3 - https:\/\/yoast.com\/product\/yoast-seo-wordpress\/ -->\n<title>PFAFF 1525-6\/14-900\/81-910\/04-911\/35 CLMN8 - Global International B.V.<\/title>\n<meta name=\"robots\" content=\"index, follow, max-snippet:-1, max-image-preview:large, max-video-preview:-1\" \/>\n<link rel=\"canonical\" href=\"https:\/\/globalsew.com\/es\/producto\/pfaff-1525-6-14-900-81-910-04-911-35-clmn8\/\" \/>\n<meta property=\"og:locale\" content=\"es_ES\" \/>\n<meta property=\"og:type\" content=\"article\" \/>\n<meta property=\"og:title\" content=\"PFAFF 1525-6\/14-900\/81-910\/04-911\/35 CLMN8 - Global International B.V.\" \/>\n<meta property=\"og:description\" content=\"Industrial 1 needle lockstitch walking foot flatbed machine, fully automatic. Complete with Pfaff servotop P46SE (220V) motor\" \/>\n<meta property=\"og:url\" content=\"https:\/\/globalsew.com\/es\/producto\/pfaff-1525-6-14-900-81-910-04-911-35-clmn8\/\" \/>\n<meta property=\"og:site_name\" content=\"Global International B.V.\" \/>\n<meta property=\"article:modified_time\" content=\"2024-03-11T14:25:36+00:00\" \/>\n<meta property=\"og:image\" content=\"https:\/\/globalsew.com\/wp-content\/uploads\/2024\/03\/IMG-20231031-WA0002.jpg\" \/>\n\t<meta property=\"og:image:width\" content=\"1536\" \/>\n\t<meta property=\"og:image:height\" content=\"2048\" \/>\n\t<meta property=\"og:image:type\" content=\"image\/jpeg\" \/>\n<meta name=\"twitter:card\" content=\"summary_large_image\" \/>\n<meta name=\"twitter:label1\" content=\"Tiempo de lectura\" \/>\n\t<meta name=\"twitter:data1\" content=\"1 minuto\" \/>\n<script type=\"application\/ld+json\" class=\"yoast-schema-graph\">{\"@context\":\"https:\\\/\\\/schema.org\",\"@graph\":[{\"@type\":\"WebPage\",\"@id\":\"https:\\\/\\\/globalsew.com\\\/product\\\/pfaff-1525-6-14-900-81-910-04-911-35-clmn8\\\/\",\"url\":\"https:\\\/\\\/globalsew.com\\\/product\\\/pfaff-1525-6-14-900-81-910-04-911-35-clmn8\\\/\",\"name\":\"PFAFF 1525-6\\\/14-900\\\/81-910\\\/04-911\\\/35 CLMN8 - Global International B.V.\",\"isPartOf\":{\"@id\":\"https:\\\/\\\/globalsew.com\\\/#website\"},\"primaryImageOfPage\":{\"@id\":\"https:\\\/\\\/globalsew.com\\\/product\\\/pfaff-1525-6-14-900-81-910-04-911-35-clmn8\\\/#primaryimage\"},\"image\":{\"@id\":\"https:\\\/\\\/globalsew.com\\\/product\\\/pfaff-1525-6-14-900-81-910-04-911-35-clmn8\\\/#primaryimage\"},\"thumbnailUrl\":\"https:\\\/\\\/globalsew.com\\\/wp-content\\\/uploads\\\/2024\\\/03\\\/IMG-20231031-WA0002.jpg\",\"datePublished\":\"2024-03-11T14:25:35+00:00\",\"dateModified\":\"2024-03-11T14:25:36+00:00\",\"breadcrumb\":{\"@id\":\"https:\\\/\\\/globalsew.com\\\/product\\\/pfaff-1525-6-14-900-81-910-04-911-35-clmn8\\\/#breadcrumb\"},\"inLanguage\":\"es\",\"potentialAction\":[{\"@type\":\"ReadAction\",\"target\":[\"https:\\\/\\\/globalsew.com\\\/product\\\/pfaff-1525-6-14-900-81-910-04-911-35-clmn8\\\/\"]}]},{\"@type\":\"ImageObject\",\"inLanguage\":\"es\",\"@id\":\"https:\\\/\\\/globalsew.com\\\/product\\\/pfaff-1525-6-14-900-81-910-04-911-35-clmn8\\\/#primaryimage\",\"url\":\"https:\\\/\\\/globalsew.com\\\/wp-content\\\/uploads\\\/2024\\\/03\\\/IMG-20231031-WA0002.jpg\",\"contentUrl\":\"https:\\\/\\\/globalsew.com\\\/wp-content\\\/uploads\\\/2024\\\/03\\\/IMG-20231031-WA0002.jpg\",\"width\":1536,\"height\":2048},{\"@type\":\"BreadcrumbList\",\"@id\":\"https:\\\/\\\/globalsew.com\\\/product\\\/pfaff-1525-6-14-900-81-910-04-911-35-clmn8\\\/#breadcrumb\",\"itemListElement\":[{\"@type\":\"ListItem\",\"position\":1,\"name\":\"Home\",\"item\":\"https:\\\/\\\/globalsew.com\\\/\"},{\"@type\":\"ListItem\",\"position\":2,\"name\":\"Products\",\"item\":\"https:\\\/\\\/globalsew.com\\\/products\\\/\"},{\"@type\":\"ListItem\",\"position\":3,\"name\":\"PFAFF 1525-6\\\/14-900\\\/81-910\\\/04-911\\\/35 CLMN8\"}]},{\"@type\":\"WebSite\",\"@id\":\"https:\\\/\\\/globalsew.com\\\/#website\",\"url\":\"https:\\\/\\\/globalsew.com\\\/\",\"name\":\"Global International B.V.\",\"description\":\"Industrial Sewing Machines\",\"potentialAction\":[{\"@type\":\"SearchAction\",\"target\":{\"@type\":\"EntryPoint\",\"urlTemplate\":\"https:\\\/\\\/globalsew.com\\\/?s={search_term_string}\"},\"query-input\":{\"@type\":\"PropertyValueSpecification\",\"valueRequired\":true,\"valueName\":\"search_term_string\"}}],\"inLanguage\":\"es\"}]}<\/script>\n<!-- \/ Yoast SEO plugin. -->","yoast_head_json":{"title":"PFAFF 1525-6\/14-900\/81-910\/04-911\/35 CLMN8 - Global International B.V.","robots":{"index":"index","follow":"follow","max-snippet":"max-snippet:-1","max-image-preview":"max-image-preview:large","max-video-preview":"max-video-preview:-1"},"canonical":"https:\/\/globalsew.com\/es\/producto\/pfaff-1525-6-14-900-81-910-04-911-35-clmn8\/","og_locale":"es_ES","og_type":"article","og_title":"PFAFF 1525-6\/14-900\/81-910\/04-911\/35 CLMN8 - Global International B.V.","og_description":"Industrial 1 needle lockstitch walking foot flatbed machine, fully automatic. Complete with Pfaff servotop P46SE (220V) motor","og_url":"https:\/\/globalsew.com\/es\/producto\/pfaff-1525-6-14-900-81-910-04-911-35-clmn8\/","og_site_name":"Global International B.V.","article_modified_time":"2024-03-11T14:25:36+00:00","og_image":[{"width":1536,"height":2048,"url":"https:\/\/globalsew.com\/wp-content\/uploads\/2024\/03\/IMG-20231031-WA0002.jpg","type":"image\/jpeg"}],"twitter_card":"summary_large_image","twitter_misc":{"Tiempo de lectura":"1 minuto"},"schema":{"@context":"https:\/\/schema.org","@graph":[{"@type":"WebPage","@id":"https:\/\/globalsew.com\/product\/pfaff-1525-6-14-900-81-910-04-911-35-clmn8\/","url":"https:\/\/globalsew.com\/product\/pfaff-1525-6-14-900-81-910-04-911-35-clmn8\/","name":"PFAFF 1525-6\/14-900\/81-910\/04-911\/35 CLMN8 - Global International B.V.","isPartOf":{"@id":"https:\/\/globalsew.com\/#website"},"primaryImageOfPage":{"@id":"https:\/\/globalsew.com\/product\/pfaff-1525-6-14-900-81-910-04-911-35-clmn8\/#primaryimage"},"image":{"@id":"https:\/\/globalsew.com\/product\/pfaff-1525-6-14-900-81-910-04-911-35-clmn8\/#primaryimage"},"thumbnailUrl":"https:\/\/globalsew.com\/wp-content\/uploads\/2024\/03\/IMG-20231031-WA0002.jpg","datePublished":"2024-03-11T14:25:35+00:00","dateModified":"2024-03-11T14:25:36+00:00","breadcrumb":{"@id":"https:\/\/globalsew.com\/product\/pfaff-1525-6-14-900-81-910-04-911-35-clmn8\/#breadcrumb"},"inLanguage":"es","potentialAction":[{"@type":"ReadAction","target":["https:\/\/globalsew.com\/product\/pfaff-1525-6-14-900-81-910-04-911-35-clmn8\/"]}]},{"@type":"ImageObject","inLanguage":"es","@id":"https:\/\/globalsew.com\/product\/pfaff-1525-6-14-900-81-910-04-911-35-clmn8\/#primaryimage","url":"https:\/\/globalsew.com\/wp-content\/uploads\/2024\/03\/IMG-20231031-WA0002.jpg","contentUrl":"https:\/\/globalsew.com\/wp-content\/uploads\/2024\/03\/IMG-20231031-WA0002.jpg","width":1536,"height":2048},{"@type":"BreadcrumbList","@id":"https:\/\/globalsew.com\/product\/pfaff-1525-6-14-900-81-910-04-911-35-clmn8\/#breadcrumb","itemListElement":[{"@type":"ListItem","position":1,"name":"Home","item":"https:\/\/globalsew.com\/"},{"@type":"ListItem","position":2,"name":"Products","item":"https:\/\/globalsew.com\/products\/"},{"@type":"ListItem","position":3,"name":"PFAFF 1525-6\/14-900\/81-910\/04-911\/35 CLMN8"}]},{"@type":"WebSite","@id":"https:\/\/globalsew.com\/#website","url":"https:\/\/globalsew.com\/","name":"Global International B.V.","description":"M\u00e1quinas de coser industriales","potentialAction":[{"@type":"SearchAction","target":{"@type":"EntryPoint","urlTemplate":"https:\/\/globalsew.com\/?s={search_term_string}"},"query-input":{"@type":"PropertyValueSpecification","valueRequired":true,"valueName":"search_term_string"}}],"inLanguage":"es"}]}},"_links":{"self":[{"href":"https:\/\/globalsew.com\/es\/wp-json\/wp\/v2\/product\/106594","targetHints":{"allow":["GET"]}}],"collection":[{"href":"https:\/\/globalsew.com\/es\/wp-json\/wp\/v2\/product"}],"about":[{"href":"https:\/\/globalsew.com\/es\/wp-json\/wp\/v2\/types\/product"}],"wp:featuredmedia":[{"embeddable":true,"href":"https:\/\/globalsew.com\/es\/wp-json\/wp\/v2\/media\/106593"}],"wp:attachment":[{"href":"https:\/\/globalsew.com\/es\/wp-json\/wp\/v2\/media?parent=106594"}],"wp:term":[{"taxonomy":"product_brand","embeddable":true,"href":"https:\/\/globalsew.com\/es\/wp-json\/wp\/v2\/product_brand?post=106594"},{"taxonomy":"product_cat","embeddable":true,"href":"https:\/\/globalsew.com\/es\/wp-json\/wp\/v2\/product_cat?post=106594"},{"taxonomy":"product_tag","embeddable":true,"href":"https:\/\/globalsew.com\/es\/wp-json\/wp\/v2\/product_tag?post=106594"}],"curies":[{"name":"wp","href":"https:\/\/api.w.org\/{rel}","templated":true}]}}