{"id":106433,"date":"2024-03-05T12:38:25","date_gmt":"2024-03-05T11:38:25","guid":{"rendered":"https:\/\/globalsew.com\/?post_type=product&#038;p=106433"},"modified":"2025-01-09T17:04:15","modified_gmt":"2025-01-09T16:04:15","slug":"emma-pn-3216-e-maquina-nesting-global","status":"publish","type":"product","link":"https:\/\/globalsew.com\/es\/product\/emma-pn-3216-e-nesting-machine-global\/","title":{"rendered":"Emma PN-3216-E-M\u00e1quina Nesting"},"content":{"rendered":"","protected":false},"excerpt":{"rendered":"<p><strong>M\u00e1quina nesting para cuero<br \/>\n<\/strong>- Sistema de proyecci\u00f3n de alta definici\u00f3n<br \/>\n- Sistema de c\u00e1mara Canon<br \/>\n- Sistema de impresi\u00f3n de c\u00f3digos de barras<br \/>\n- Bol\u00edgrafo electr\u00f3nico para marcar defectos<br \/>\n- LED con luminancia multi CCT\/Multistage opcional<br \/>\n- Servidor de anidamiento inteligente<br \/>\n- Sistema de anidamiento autom\u00e1tico<br \/>\n- Plataforma inclinada de c\u00f3modo manejo<br \/>\n- Sistema de transmisi\u00f3n autom\u00e1tica<br \/>\n- Funcionamiento interconectado en varias m\u00e1quinas<\/p>\n<p>Dimensi\u00f3n<span class=\"Apple-converted-space\">\u00a0\u00a0<\/span>(Largo)4000mm \u00d7 (Ancho)2600mm \u00d7 (Alto)2700mm<br \/>\n\u00c1rea de corte<span class=\"Apple-converted-space\">\u00a0\u00a0<\/span>(L)3120mm \u00d7 (A)1560mm<br \/>\nTensi\u00f3n<span class=\"Apple-converted-space\">\u00a0\u00a0<\/span>AC 220V 60HZ \/ 380 V 50Hz<br \/>\nPeso<span class=\"Apple-converted-space\"> 1450 <\/span>kg<br \/>\nConsumo total 10,5 kw<\/p>\n<p>&nbsp;<\/p>\n<p>Para las descargas, consulte nuestra p\u00e1gina de descargas del <a class=\"download-link\" href=\"https:\/\/globalsew.com\/es\/descargar\/maquinas-de-corte-emma\/\">Cortadoras Emma<\/a>.<\/p>","protected":false},"featured_media":106405,"template":"","meta":{"_acf_changed":false},"product_brand":[],"product_cat":[140,1752],"product_tag":[],"class_list":{"0":"post-106433","1":"product","2":"type-product","3":"status-publish","4":"has-post-thumbnail","6":"product_cat-cutting-machines-miscellaneous","7":"product_cat-emma-cutting-machines","8":"tm-no-options","10":"first","11":"instock","12":"shipping-taxable","13":"purchasable","14":"product-type-simple"},"acf":[],"gallery_images":[106406,108646],"yoast_head":"<!-- This site is optimized with the Yoast SEO plugin v27.3 - https:\/\/yoast.com\/product\/yoast-seo-wordpress\/ -->\n<title>Emma PN-3216-E-Nesting machine - Global International B.V.<\/title>\n<meta name=\"description\" content=\"CNC cutting and nesting machines use precision automation to cut leather and synthetic into custom shapes and designs. identically results.\" \/>\n<meta name=\"robots\" content=\"index, follow, max-snippet:-1, max-image-preview:large, max-video-preview:-1\" \/>\n<link rel=\"canonical\" href=\"https:\/\/globalsew.com\/es\/producto\/emma-pn-3216-e-maquina-nesting-global\/\" \/>\n<meta property=\"og:locale\" content=\"es_ES\" \/>\n<meta property=\"og:type\" content=\"article\" \/>\n<meta property=\"og:title\" content=\"Emma PN-3216-E-Nesting machine - Global International B.V.\" \/>\n<meta property=\"og:description\" content=\"CNC cutting and nesting machines use precision automation to cut leather and synthetic into custom shapes and designs. identically results.\" \/>\n<meta property=\"og:url\" content=\"https:\/\/globalsew.com\/es\/producto\/emma-pn-3216-e-maquina-nesting-global\/\" \/>\n<meta property=\"og:site_name\" content=\"Global International B.V.\" \/>\n<meta property=\"article:modified_time\" content=\"2025-01-09T16:04:15+00:00\" \/>\n<meta property=\"og:image\" content=\"https:\/\/globalsew.com\/wp-content\/uploads\/2024\/03\/products-EMMA-PN-3216-E-1-02-global-1080-website-2024.jpg\" \/>\n\t<meta property=\"og:image:width\" content=\"1819\" \/>\n\t<meta property=\"og:image:height\" content=\"1080\" \/>\n\t<meta property=\"og:image:type\" content=\"image\/jpeg\" \/>\n<meta name=\"twitter:card\" content=\"summary_large_image\" \/>\n<meta name=\"twitter:label1\" content=\"Tiempo de lectura\" \/>\n\t<meta name=\"twitter:data1\" content=\"1 minuto\" \/>\n<script type=\"application\/ld+json\" class=\"yoast-schema-graph\">{\"@context\":\"https:\\\/\\\/schema.org\",\"@graph\":[{\"@type\":\"WebPage\",\"@id\":\"https:\\\/\\\/globalsew.com\\\/product\\\/emma-pn-3216-e-nesting-machine-global\\\/\",\"url\":\"https:\\\/\\\/globalsew.com\\\/product\\\/emma-pn-3216-e-nesting-machine-global\\\/\",\"name\":\"Emma PN-3216-E-Nesting machine - Global International B.V.\",\"isPartOf\":{\"@id\":\"https:\\\/\\\/globalsew.com\\\/#website\"},\"primaryImageOfPage\":{\"@id\":\"https:\\\/\\\/globalsew.com\\\/product\\\/emma-pn-3216-e-nesting-machine-global\\\/#primaryimage\"},\"image\":{\"@id\":\"https:\\\/\\\/globalsew.com\\\/product\\\/emma-pn-3216-e-nesting-machine-global\\\/#primaryimage\"},\"thumbnailUrl\":\"https:\\\/\\\/globalsew.com\\\/wp-content\\\/uploads\\\/2024\\\/03\\\/products-EMMA-PN-3216-E-1-02-global-1080-website-2024.jpg\",\"datePublished\":\"2024-03-05T11:38:25+00:00\",\"dateModified\":\"2025-01-09T16:04:15+00:00\",\"description\":\"CNC cutting and nesting machines use precision automation to cut leather and synthetic into custom shapes and designs. identically results.\",\"breadcrumb\":{\"@id\":\"https:\\\/\\\/globalsew.com\\\/product\\\/emma-pn-3216-e-nesting-machine-global\\\/#breadcrumb\"},\"inLanguage\":\"es\",\"potentialAction\":[{\"@type\":\"ReadAction\",\"target\":[\"https:\\\/\\\/globalsew.com\\\/product\\\/emma-pn-3216-e-nesting-machine-global\\\/\"]}]},{\"@type\":\"ImageObject\",\"inLanguage\":\"es\",\"@id\":\"https:\\\/\\\/globalsew.com\\\/product\\\/emma-pn-3216-e-nesting-machine-global\\\/#primaryimage\",\"url\":\"https:\\\/\\\/globalsew.com\\\/wp-content\\\/uploads\\\/2024\\\/03\\\/products-EMMA-PN-3216-E-1-02-global-1080-website-2024.jpg\",\"contentUrl\":\"https:\\\/\\\/globalsew.com\\\/wp-content\\\/uploads\\\/2024\\\/03\\\/products-EMMA-PN-3216-E-1-02-global-1080-website-2024.jpg\",\"width\":1819,\"height\":1080,\"caption\":\"Emma PN-3216-E\"},{\"@type\":\"BreadcrumbList\",\"@id\":\"https:\\\/\\\/globalsew.com\\\/product\\\/emma-pn-3216-e-nesting-machine-global\\\/#breadcrumb\",\"itemListElement\":[{\"@type\":\"ListItem\",\"position\":1,\"name\":\"Home\",\"item\":\"https:\\\/\\\/globalsew.com\\\/\"},{\"@type\":\"ListItem\",\"position\":2,\"name\":\"Products\",\"item\":\"https:\\\/\\\/globalsew.com\\\/products\\\/\"},{\"@type\":\"ListItem\",\"position\":3,\"name\":\"Emma PN-3216-E-Nesting machine\"}]},{\"@type\":\"WebSite\",\"@id\":\"https:\\\/\\\/globalsew.com\\\/#website\",\"url\":\"https:\\\/\\\/globalsew.com\\\/\",\"name\":\"Global International B.V.\",\"description\":\"Industrial Sewing Machines\",\"potentialAction\":[{\"@type\":\"SearchAction\",\"target\":{\"@type\":\"EntryPoint\",\"urlTemplate\":\"https:\\\/\\\/globalsew.com\\\/?s={search_term_string}\"},\"query-input\":{\"@type\":\"PropertyValueSpecification\",\"valueRequired\":true,\"valueName\":\"search_term_string\"}}],\"inLanguage\":\"es\"}]}<\/script>\n<!-- \/ Yoast SEO plugin. -->","yoast_head_json":{"title":"Emma PN-3216-E-M\u00e1quina anidadora - Global International B.V.","description":"Las m\u00e1quinas de corte y anidado CNC utilizan automatizaci\u00f3n de precisi\u00f3n para cortar cuero y sint\u00e9ticos en formas y dise\u00f1os personalizados. resultados id\u00e9nticos.","robots":{"index":"index","follow":"follow","max-snippet":"max-snippet:-1","max-image-preview":"max-image-preview:large","max-video-preview":"max-video-preview:-1"},"canonical":"https:\/\/globalsew.com\/es\/producto\/emma-pn-3216-e-maquina-nesting-global\/","og_locale":"es_ES","og_type":"article","og_title":"Emma PN-3216-E-Nesting machine - Global International B.V.","og_description":"CNC cutting and nesting machines use precision automation to cut leather and synthetic into custom shapes and designs. identically results.","og_url":"https:\/\/globalsew.com\/es\/producto\/emma-pn-3216-e-maquina-nesting-global\/","og_site_name":"Global International B.V.","article_modified_time":"2025-01-09T16:04:15+00:00","og_image":[{"width":1819,"height":1080,"url":"https:\/\/globalsew.com\/wp-content\/uploads\/2024\/03\/products-EMMA-PN-3216-E-1-02-global-1080-website-2024.jpg","type":"image\/jpeg"}],"twitter_card":"summary_large_image","twitter_misc":{"Tiempo de lectura":"1 minuto"},"schema":{"@context":"https:\/\/schema.org","@graph":[{"@type":"WebPage","@id":"https:\/\/globalsew.com\/product\/emma-pn-3216-e-nesting-machine-global\/","url":"https:\/\/globalsew.com\/product\/emma-pn-3216-e-nesting-machine-global\/","name":"Emma PN-3216-E-M\u00e1quina anidadora - Global International B.V.","isPartOf":{"@id":"https:\/\/globalsew.com\/#website"},"primaryImageOfPage":{"@id":"https:\/\/globalsew.com\/product\/emma-pn-3216-e-nesting-machine-global\/#primaryimage"},"image":{"@id":"https:\/\/globalsew.com\/product\/emma-pn-3216-e-nesting-machine-global\/#primaryimage"},"thumbnailUrl":"https:\/\/globalsew.com\/wp-content\/uploads\/2024\/03\/products-EMMA-PN-3216-E-1-02-global-1080-website-2024.jpg","datePublished":"2024-03-05T11:38:25+00:00","dateModified":"2025-01-09T16:04:15+00:00","description":"Las m\u00e1quinas de corte y anidado CNC utilizan automatizaci\u00f3n de precisi\u00f3n para cortar cuero y sint\u00e9ticos en formas y dise\u00f1os personalizados. resultados id\u00e9nticos.","breadcrumb":{"@id":"https:\/\/globalsew.com\/product\/emma-pn-3216-e-nesting-machine-global\/#breadcrumb"},"inLanguage":"es","potentialAction":[{"@type":"ReadAction","target":["https:\/\/globalsew.com\/product\/emma-pn-3216-e-nesting-machine-global\/"]}]},{"@type":"ImageObject","inLanguage":"es","@id":"https:\/\/globalsew.com\/product\/emma-pn-3216-e-nesting-machine-global\/#primaryimage","url":"https:\/\/globalsew.com\/wp-content\/uploads\/2024\/03\/products-EMMA-PN-3216-E-1-02-global-1080-website-2024.jpg","contentUrl":"https:\/\/globalsew.com\/wp-content\/uploads\/2024\/03\/products-EMMA-PN-3216-E-1-02-global-1080-website-2024.jpg","width":1819,"height":1080,"caption":"Emma PN-3216-E"},{"@type":"BreadcrumbList","@id":"https:\/\/globalsew.com\/product\/emma-pn-3216-e-nesting-machine-global\/#breadcrumb","itemListElement":[{"@type":"ListItem","position":1,"name":"Home","item":"https:\/\/globalsew.com\/"},{"@type":"ListItem","position":2,"name":"Products","item":"https:\/\/globalsew.com\/products\/"},{"@type":"ListItem","position":3,"name":"Emma PN-3216-E-Nesting machine"}]},{"@type":"WebSite","@id":"https:\/\/globalsew.com\/#website","url":"https:\/\/globalsew.com\/","name":"Global International B.V.","description":"M\u00e1quinas de coser industriales","potentialAction":[{"@type":"SearchAction","target":{"@type":"EntryPoint","urlTemplate":"https:\/\/globalsew.com\/?s={search_term_string}"},"query-input":{"@type":"PropertyValueSpecification","valueRequired":true,"valueName":"search_term_string"}}],"inLanguage":"es"}]}},"_links":{"self":[{"href":"https:\/\/globalsew.com\/es\/wp-json\/wp\/v2\/product\/106433","targetHints":{"allow":["GET"]}}],"collection":[{"href":"https:\/\/globalsew.com\/es\/wp-json\/wp\/v2\/product"}],"about":[{"href":"https:\/\/globalsew.com\/es\/wp-json\/wp\/v2\/types\/product"}],"wp:featuredmedia":[{"embeddable":true,"href":"https:\/\/globalsew.com\/es\/wp-json\/wp\/v2\/media\/106405"}],"wp:attachment":[{"href":"https:\/\/globalsew.com\/es\/wp-json\/wp\/v2\/media?parent=106433"}],"wp:term":[{"taxonomy":"product_brand","embeddable":true,"href":"https:\/\/globalsew.com\/es\/wp-json\/wp\/v2\/product_brand?post=106433"},{"taxonomy":"product_cat","embeddable":true,"href":"https:\/\/globalsew.com\/es\/wp-json\/wp\/v2\/product_cat?post=106433"},{"taxonomy":"product_tag","embeddable":true,"href":"https:\/\/globalsew.com\/es\/wp-json\/wp\/v2\/product_tag?post=106433"}],"curies":[{"name":"wp","href":"https:\/\/api.w.org\/{rel}","templated":true}]}}