{"id":10517,"date":"2017-02-06T15:16:39","date_gmt":"2017-02-06T14:16:39","guid":{"rendered":"https:\/\/globalsew.com\/?post_type=product&#038;p=10517"},"modified":"2024-01-18T16:15:21","modified_gmt":"2024-01-18T15:15:21","slug":"nf-3201-aut","status":"publish","type":"product","link":"https:\/\/globalsew.com\/es\/product\/nf-3201-aut\/","title":{"rendered":"NF 3201 AUT"},"content":{"rendered":"<h2>M\u00e1quina de pespunte de alimentaci\u00f3n por aguja, semiseca y de alta velocidad<\/h2>\n<p><strong>NF 3201 AUT<\/strong><br \/>\n- M\u00e1quina de pespunte de cabezal semiseco, de una sola aguja y alimentaci\u00f3n por aguja, accionada por un miniservomotor Ho Hsing incorporado. La m\u00e1quina est\u00e1 equipada con un dispositivo de corte de hilo, remate trasero autom\u00e1tico, elevaci\u00f3n del prensatelas y limpiador (todo el\u00e9ctrico).<\/p>","protected":false},"excerpt":{"rendered":"<p>NF 3201 AUT - M\u00e1quina de pespunte de cabezal semiseco, de una sola aguja y alimentaci\u00f3n por aguja, de alta velocidad, accionada por un miniservomotor Ho Hsing incorporado. La m\u00e1quina est\u00e1 equipada con un dispositivo de corte de hilo, remate autom\u00e1tico, elevaci\u00f3n del prensatelas y limpiador (todo el\u00e9ctrico).<\/p>","protected":false},"featured_media":93429,"template":"","meta":{"_acf_changed":false},"product_brand":[],"product_cat":[24,29,102],"product_tag":[],"class_list":{"0":"post-10517","1":"product","2":"type-product","3":"status-publish","4":"has-post-thumbnail","6":"product_cat-garment","7":"product_cat-lockstitch","8":"product_cat-single-needle-needle-feed-machines","9":"tm-has-options","11":"first","12":"instock","13":"shipping-taxable","14":"purchasable","15":"product-type-simple"},"acf":[],"gallery_images":[],"yoast_head":"<!-- This site is optimized with the Yoast SEO plugin v27.3 - https:\/\/yoast.com\/product\/yoast-seo-wordpress\/ -->\n<title>NF 3201 AUT - Global International B.V.<\/title>\n<meta name=\"robots\" content=\"index, follow, max-snippet:-1, max-image-preview:large, max-video-preview:-1\" \/>\n<link rel=\"canonical\" href=\"https:\/\/globalsew.com\/es\/producto\/nf-3201-aut\/\" \/>\n<meta property=\"og:locale\" content=\"es_ES\" \/>\n<meta property=\"og:type\" content=\"article\" \/>\n<meta property=\"og:title\" content=\"NF 3201 AUT - Global International B.V.\" \/>\n<meta property=\"og:description\" content=\"High speed, semi dry, needle feed lockstitch machine NF 3201 AUT &#8211; Semi dry head, single needle, needle feed lockstitch machine driven by built-in Ho Hsing mini servomotor. The machine is equipped with a thread trimming device, automatic back tack, presser foot lift and wiper (all electric).\" \/>\n<meta property=\"og:url\" content=\"https:\/\/globalsew.com\/es\/producto\/nf-3201-aut\/\" \/>\n<meta property=\"og:site_name\" content=\"Global International B.V.\" \/>\n<meta property=\"article:modified_time\" content=\"2024-01-18T15:15:21+00:00\" \/>\n<meta property=\"og:image\" content=\"https:\/\/globalsew.com\/wp-content\/uploads\/2017\/02\/WEB-GLOBAL-NF-3201-AUT-01-GLOBAL.jpg\" \/>\n\t<meta property=\"og:image:width\" content=\"555\" \/>\n\t<meta property=\"og:image:height\" content=\"347\" \/>\n\t<meta property=\"og:image:type\" content=\"image\/jpeg\" \/>\n<meta name=\"twitter:card\" content=\"summary_large_image\" \/>\n<script type=\"application\/ld+json\" class=\"yoast-schema-graph\">{\"@context\":\"https:\\\/\\\/schema.org\",\"@graph\":[{\"@type\":\"WebPage\",\"@id\":\"https:\\\/\\\/globalsew.com\\\/product\\\/nf-3201-aut\\\/\",\"url\":\"https:\\\/\\\/globalsew.com\\\/product\\\/nf-3201-aut\\\/\",\"name\":\"NF 3201 AUT - Global International B.V.\",\"isPartOf\":{\"@id\":\"https:\\\/\\\/globalsew.com\\\/#website\"},\"primaryImageOfPage\":{\"@id\":\"https:\\\/\\\/globalsew.com\\\/product\\\/nf-3201-aut\\\/#primaryimage\"},\"image\":{\"@id\":\"https:\\\/\\\/globalsew.com\\\/product\\\/nf-3201-aut\\\/#primaryimage\"},\"thumbnailUrl\":\"https:\\\/\\\/globalsew.com\\\/wp-content\\\/uploads\\\/2017\\\/02\\\/WEB-GLOBAL-NF-3201-AUT-01-GLOBAL.jpg\",\"datePublished\":\"2017-02-06T14:16:39+00:00\",\"dateModified\":\"2024-01-18T15:15:21+00:00\",\"breadcrumb\":{\"@id\":\"https:\\\/\\\/globalsew.com\\\/product\\\/nf-3201-aut\\\/#breadcrumb\"},\"inLanguage\":\"es\",\"potentialAction\":[{\"@type\":\"ReadAction\",\"target\":[\"https:\\\/\\\/globalsew.com\\\/product\\\/nf-3201-aut\\\/\"]}]},{\"@type\":\"ImageObject\",\"inLanguage\":\"es\",\"@id\":\"https:\\\/\\\/globalsew.com\\\/product\\\/nf-3201-aut\\\/#primaryimage\",\"url\":\"https:\\\/\\\/globalsew.com\\\/wp-content\\\/uploads\\\/2017\\\/02\\\/WEB-GLOBAL-NF-3201-AUT-01-GLOBAL.jpg\",\"contentUrl\":\"https:\\\/\\\/globalsew.com\\\/wp-content\\\/uploads\\\/2017\\\/02\\\/WEB-GLOBAL-NF-3201-AUT-01-GLOBAL.jpg\",\"width\":555,\"height\":347},{\"@type\":\"BreadcrumbList\",\"@id\":\"https:\\\/\\\/globalsew.com\\\/product\\\/nf-3201-aut\\\/#breadcrumb\",\"itemListElement\":[{\"@type\":\"ListItem\",\"position\":1,\"name\":\"Home\",\"item\":\"https:\\\/\\\/globalsew.com\\\/\"},{\"@type\":\"ListItem\",\"position\":2,\"name\":\"Products\",\"item\":\"https:\\\/\\\/globalsew.com\\\/products\\\/\"},{\"@type\":\"ListItem\",\"position\":3,\"name\":\"NF 3201 AUT\"}]},{\"@type\":\"WebSite\",\"@id\":\"https:\\\/\\\/globalsew.com\\\/#website\",\"url\":\"https:\\\/\\\/globalsew.com\\\/\",\"name\":\"Global International B.V.\",\"description\":\"Industrial Sewing Machines\",\"potentialAction\":[{\"@type\":\"SearchAction\",\"target\":{\"@type\":\"EntryPoint\",\"urlTemplate\":\"https:\\\/\\\/globalsew.com\\\/?s={search_term_string}\"},\"query-input\":{\"@type\":\"PropertyValueSpecification\",\"valueRequired\":true,\"valueName\":\"search_term_string\"}}],\"inLanguage\":\"es\"}]}<\/script>\n<!-- \/ Yoast SEO plugin. -->","yoast_head_json":{"title":"NF 3201 AUT - Global International B.V.","robots":{"index":"index","follow":"follow","max-snippet":"max-snippet:-1","max-image-preview":"max-image-preview:large","max-video-preview":"max-video-preview:-1"},"canonical":"https:\/\/globalsew.com\/es\/producto\/nf-3201-aut\/","og_locale":"es_ES","og_type":"article","og_title":"NF 3201 AUT - Global International B.V.","og_description":"High speed, semi dry, needle feed lockstitch machine NF 3201 AUT &#8211; Semi dry head, single needle, needle feed lockstitch machine driven by built-in Ho Hsing mini servomotor. The machine is equipped with a thread trimming device, automatic back tack, presser foot lift and wiper (all electric).","og_url":"https:\/\/globalsew.com\/es\/producto\/nf-3201-aut\/","og_site_name":"Global International B.V.","article_modified_time":"2024-01-18T15:15:21+00:00","og_image":[{"width":555,"height":347,"url":"https:\/\/globalsew.com\/wp-content\/uploads\/2017\/02\/WEB-GLOBAL-NF-3201-AUT-01-GLOBAL.jpg","type":"image\/jpeg"}],"twitter_card":"summary_large_image","schema":{"@context":"https:\/\/schema.org","@graph":[{"@type":"WebPage","@id":"https:\/\/globalsew.com\/product\/nf-3201-aut\/","url":"https:\/\/globalsew.com\/product\/nf-3201-aut\/","name":"NF 3201 AUT - Global International B.V.","isPartOf":{"@id":"https:\/\/globalsew.com\/#website"},"primaryImageOfPage":{"@id":"https:\/\/globalsew.com\/product\/nf-3201-aut\/#primaryimage"},"image":{"@id":"https:\/\/globalsew.com\/product\/nf-3201-aut\/#primaryimage"},"thumbnailUrl":"https:\/\/globalsew.com\/wp-content\/uploads\/2017\/02\/WEB-GLOBAL-NF-3201-AUT-01-GLOBAL.jpg","datePublished":"2017-02-06T14:16:39+00:00","dateModified":"2024-01-18T15:15:21+00:00","breadcrumb":{"@id":"https:\/\/globalsew.com\/product\/nf-3201-aut\/#breadcrumb"},"inLanguage":"es","potentialAction":[{"@type":"ReadAction","target":["https:\/\/globalsew.com\/product\/nf-3201-aut\/"]}]},{"@type":"ImageObject","inLanguage":"es","@id":"https:\/\/globalsew.com\/product\/nf-3201-aut\/#primaryimage","url":"https:\/\/globalsew.com\/wp-content\/uploads\/2017\/02\/WEB-GLOBAL-NF-3201-AUT-01-GLOBAL.jpg","contentUrl":"https:\/\/globalsew.com\/wp-content\/uploads\/2017\/02\/WEB-GLOBAL-NF-3201-AUT-01-GLOBAL.jpg","width":555,"height":347},{"@type":"BreadcrumbList","@id":"https:\/\/globalsew.com\/product\/nf-3201-aut\/#breadcrumb","itemListElement":[{"@type":"ListItem","position":1,"name":"Home","item":"https:\/\/globalsew.com\/"},{"@type":"ListItem","position":2,"name":"Products","item":"https:\/\/globalsew.com\/products\/"},{"@type":"ListItem","position":3,"name":"NF 3201 AUT"}]},{"@type":"WebSite","@id":"https:\/\/globalsew.com\/#website","url":"https:\/\/globalsew.com\/","name":"Global International B.V.","description":"M\u00e1quinas de coser industriales","potentialAction":[{"@type":"SearchAction","target":{"@type":"EntryPoint","urlTemplate":"https:\/\/globalsew.com\/?s={search_term_string}"},"query-input":{"@type":"PropertyValueSpecification","valueRequired":true,"valueName":"search_term_string"}}],"inLanguage":"es"}]}},"_links":{"self":[{"href":"https:\/\/globalsew.com\/es\/wp-json\/wp\/v2\/product\/10517","targetHints":{"allow":["GET"]}}],"collection":[{"href":"https:\/\/globalsew.com\/es\/wp-json\/wp\/v2\/product"}],"about":[{"href":"https:\/\/globalsew.com\/es\/wp-json\/wp\/v2\/types\/product"}],"wp:featuredmedia":[{"embeddable":true,"href":"https:\/\/globalsew.com\/es\/wp-json\/wp\/v2\/media\/93429"}],"wp:attachment":[{"href":"https:\/\/globalsew.com\/es\/wp-json\/wp\/v2\/media?parent=10517"}],"wp:term":[{"taxonomy":"product_brand","embeddable":true,"href":"https:\/\/globalsew.com\/es\/wp-json\/wp\/v2\/product_brand?post=10517"},{"taxonomy":"product_cat","embeddable":true,"href":"https:\/\/globalsew.com\/es\/wp-json\/wp\/v2\/product_cat?post=10517"},{"taxonomy":"product_tag","embeddable":true,"href":"https:\/\/globalsew.com\/es\/wp-json\/wp\/v2\/product_tag?post=10517"}],"curies":[{"name":"wp","href":"https:\/\/api.w.org\/{rel}","templated":true}]}}