{"id":97273,"date":"2023-01-23T13:02:44","date_gmt":"2023-01-23T12:02:44","guid":{"rendered":"https:\/\/globalsew.com\/?post_type=product&#038;p=97273"},"modified":"2024-02-22T13:05:02","modified_gmt":"2024-02-22T12:05:02","slug":"wf-1335-dd-serie","status":"publish","type":"product","link":"https:\/\/globalsew.com\/de\/product\/wf-1335-dd-series\/","title":{"rendered":"Baureihe WF 1335 DD"},"content":{"rendered":"<p><strong>WF 1335 DD<\/strong><br \/>\n- Einnadel-Zylinderarm-Fu\u00dfmaschine mit Direktantrieb und integriertem Schaltkasten. Diese preisg\u00fcnstige Maschine ist von guter Qualit\u00e4t und wird zum N\u00e4hen von regelm\u00e4\u00dfigen Arbeiten auf allen Arten von mittelschweren bis schweren Materialien verwendet. Stichl\u00e4nge bis zu 6 mm. <strong>(pneumatische Dr\u00fcckerfu\u00dfl\u00fcftung ist eine Option)<br \/>\n<\/strong><strong>WF 1335 B-DD<\/strong><br \/>\n- Wie WF 1335 DD, jedoch f\u00fcr Bindearbeiten ausger\u00fcstet (Binder nicht enthalten).<br \/>\n<strong>WF 1335 LH-DD<\/strong><br \/>\n- Wie WF 1335DD, jedoch mit Gro\u00dfraumhaken ausgestattet.<br \/>\n<strong>WF 1335 B-LH-DD<br \/>\n<\/strong>- Wie WF 1335 B-DD, jedoch mit Gro\u00dfraumhaken ausgestattet.<br \/>\n<strong>WF 1335 LH-AUT-DD<\/strong><br \/>\n- Wie WF 1335 LH-DD, jedoch mit elektrischem Fadenabschneider, elektrischer Dr\u00fcckerfu\u00dfl\u00fcftung und Verriegelung ausgestattet.<br \/>\n<strong>WF 1335 B-LH-AUT-DD<\/strong><br \/>\n-wie WF 1335 LH-AUT-DD, jedoch f\u00fcr Bindearbeiten <strong>(Bindemittel nicht enthalten).<\/strong><\/p>","protected":false},"excerpt":{"rendered":"<p>Downloads finden Sie auf unserer Download-Seite f\u00fcr die <a class=\"download-link\" href=\"https:\/\/globalsew.com\/de\/herunterladen\/baureihe-wf-1335\/\">WF 1335 Wanderfu\u00df-Serie<\/a>.<\/p>\n<div class=\"row\">\n<div class=\"col-md-4\">\n<p>Die Produktspezifikationen f\u00fcr die Serie 1335 DD:<\/p>\n<ul>\n<li>Maschinengeschwindigkeit: max. 2400 U\/min<\/li>\n<li>\u00d6lsystem: manuell<\/li>\n<li>Vorschubart: Untertransport, Nadeltransport mit Fu\u00df<\/li>\n<li>Stichl\u00e4nge: max. 6 mm<\/li>\n<li>Presserfu\u00dfhub: von Hand max. 5 mm, mit Pedal max. 14 mm<\/li>\n<li>Presserfu\u00dflifter: optional (pneumatisch)<\/li>\n<li>Nadeltyp: 134\u00d735<\/li>\n<\/ul>\n<\/div>\n<\/div>\n<p>&nbsp;<\/p>","protected":false},"featured_media":105357,"template":"","meta":{"_acf_changed":false},"product_brand":[],"product_cat":[21,71,23,161,7,25,63,22,129],"product_tag":[],"class_list":{"0":"post-97273","1":"product","2":"type-product","3":"status-publish","4":"has-post-thumbnail","6":"product_cat-automotive","7":"product_cat-cylinder-arm-walking-foot-walking-foot-heavy-duty","8":"product_cat-cylinder-arm-walking-foot-walking-foot","9":"product_cat-cylinder-arm-walking-foot","10":"product_cat-heavy-duty","11":"product_cat-shoes","12":"product_cat-upholstery","13":"product_cat-walking-foot","14":"product_cat-walking-foot-machines","15":"tm-has-options","17":"first","18":"instock","19":"shipping-taxable","20":"purchasable","21":"product-type-variable"},"acf":[],"gallery_images":[105352],"yoast_head":"<!-- This site is optimized with the Yoast SEO plugin v27.3 - https:\/\/yoast.com\/product\/yoast-seo-wordpress\/ -->\n<title>WF 1335 DD series - Global International B.V.<\/title>\n<meta name=\"robots\" content=\"index, follow, max-snippet:-1, max-image-preview:large, max-video-preview:-1\" \/>\n<link rel=\"canonical\" href=\"https:\/\/globalsew.com\/de\/produkt\/wf-1335-dd-serie\/\" \/>\n<meta property=\"og:locale\" content=\"de_DE\" \/>\n<meta property=\"og:type\" content=\"article\" \/>\n<meta property=\"og:title\" content=\"WF 1335 DD series - Global International B.V.\" \/>\n<meta property=\"og:description\" content=\"For downloads see our downloads page for the WF 1335 walking foot series.    The product specifications for the 1335 DD series:   Machine speed:\u00a0max 2400 spm  Oiling system:\u00a0manual  Feed type:\u00a0drop feed, needle feed walking foot  Stitch length:\u00a0max 6 mm  Presser foot lift:\u00a0by hand max 5 mm, by pedal max 14 mm  Presser foot lifter:\u00a0optional (pneumatic)  Needle type:\u00a0134x35    &nbsp;\" \/>\n<meta property=\"og:url\" content=\"https:\/\/globalsew.com\/de\/produkt\/wf-1335-dd-serie\/\" \/>\n<meta property=\"og:site_name\" content=\"Global International B.V.\" \/>\n<meta property=\"article:modified_time\" content=\"2024-02-22T12:05:02+00:00\" \/>\n<meta property=\"og:image\" content=\"https:\/\/globalsew.com\/wp-content\/uploads\/2023\/01\/products-WF-1335-LH-DD-AUT-global-1080-website-2024.jpg\" \/>\n\t<meta property=\"og:image:width\" content=\"1819\" \/>\n\t<meta property=\"og:image:height\" content=\"1080\" \/>\n\t<meta property=\"og:image:type\" content=\"image\/jpeg\" \/>\n<meta name=\"twitter:card\" content=\"summary_large_image\" \/>\n<meta name=\"twitter:label1\" content=\"Gesch\u00e4tzte Lesezeit\" \/>\n\t<meta name=\"twitter:data1\" content=\"1\u00a0Minute\" \/>\n<script type=\"application\/ld+json\" class=\"yoast-schema-graph\">{\"@context\":\"https:\\\/\\\/schema.org\",\"@graph\":[{\"@type\":\"WebPage\",\"@id\":\"https:\\\/\\\/globalsew.com\\\/product\\\/wf-1335-dd-series\\\/\",\"url\":\"https:\\\/\\\/globalsew.com\\\/product\\\/wf-1335-dd-series\\\/\",\"name\":\"WF 1335 DD series - Global International B.V.\",\"isPartOf\":{\"@id\":\"https:\\\/\\\/globalsew.com\\\/#website\"},\"primaryImageOfPage\":{\"@id\":\"https:\\\/\\\/globalsew.com\\\/product\\\/wf-1335-dd-series\\\/#primaryimage\"},\"image\":{\"@id\":\"https:\\\/\\\/globalsew.com\\\/product\\\/wf-1335-dd-series\\\/#primaryimage\"},\"thumbnailUrl\":\"https:\\\/\\\/globalsew.com\\\/wp-content\\\/uploads\\\/2023\\\/01\\\/products-WF-1335-LH-DD-AUT-global-1080-website-2024.jpg\",\"datePublished\":\"2023-01-23T12:02:44+00:00\",\"dateModified\":\"2024-02-22T12:05:02+00:00\",\"breadcrumb\":{\"@id\":\"https:\\\/\\\/globalsew.com\\\/product\\\/wf-1335-dd-series\\\/#breadcrumb\"},\"inLanguage\":\"de\",\"potentialAction\":[{\"@type\":\"ReadAction\",\"target\":[\"https:\\\/\\\/globalsew.com\\\/product\\\/wf-1335-dd-series\\\/\"]}]},{\"@type\":\"ImageObject\",\"inLanguage\":\"de\",\"@id\":\"https:\\\/\\\/globalsew.com\\\/product\\\/wf-1335-dd-series\\\/#primaryimage\",\"url\":\"https:\\\/\\\/globalsew.com\\\/wp-content\\\/uploads\\\/2023\\\/01\\\/products-WF-1335-LH-DD-AUT-global-1080-website-2024.jpg\",\"contentUrl\":\"https:\\\/\\\/globalsew.com\\\/wp-content\\\/uploads\\\/2023\\\/01\\\/products-WF-1335-LH-DD-AUT-global-1080-website-2024.jpg\",\"width\":1819,\"height\":1080,\"caption\":\"WF 1335 LH-AUT-DD\"},{\"@type\":\"BreadcrumbList\",\"@id\":\"https:\\\/\\\/globalsew.com\\\/product\\\/wf-1335-dd-series\\\/#breadcrumb\",\"itemListElement\":[{\"@type\":\"ListItem\",\"position\":1,\"name\":\"Home\",\"item\":\"https:\\\/\\\/globalsew.com\\\/\"},{\"@type\":\"ListItem\",\"position\":2,\"name\":\"Products\",\"item\":\"https:\\\/\\\/globalsew.com\\\/products\\\/\"},{\"@type\":\"ListItem\",\"position\":3,\"name\":\"WF 1335 DD series\"}]},{\"@type\":\"WebSite\",\"@id\":\"https:\\\/\\\/globalsew.com\\\/#website\",\"url\":\"https:\\\/\\\/globalsew.com\\\/\",\"name\":\"Global International B.V.\",\"description\":\"Industrial Sewing Machines\",\"potentialAction\":[{\"@type\":\"SearchAction\",\"target\":{\"@type\":\"EntryPoint\",\"urlTemplate\":\"https:\\\/\\\/globalsew.com\\\/?s={search_term_string}\"},\"query-input\":{\"@type\":\"PropertyValueSpecification\",\"valueRequired\":true,\"valueName\":\"search_term_string\"}}],\"inLanguage\":\"de\"}]}<\/script>\n<!-- \/ Yoast SEO plugin. -->","yoast_head_json":{"title":"Baureihe WF 1335 DD - Global International B.V.","robots":{"index":"index","follow":"follow","max-snippet":"max-snippet:-1","max-image-preview":"max-image-preview:large","max-video-preview":"max-video-preview:-1"},"canonical":"https:\/\/globalsew.com\/de\/produkt\/wf-1335-dd-serie\/","og_locale":"de_DE","og_type":"article","og_title":"WF 1335 DD series - Global International B.V.","og_description":"For downloads see our downloads page for the WF 1335 walking foot series.    The product specifications for the 1335 DD series:   Machine speed:\u00a0max 2400 spm  Oiling system:\u00a0manual  Feed type:\u00a0drop feed, needle feed walking foot  Stitch length:\u00a0max 6 mm  Presser foot lift:\u00a0by hand max 5 mm, by pedal max 14 mm  Presser foot lifter:\u00a0optional (pneumatic)  Needle type:\u00a0134x35    &nbsp;","og_url":"https:\/\/globalsew.com\/de\/produkt\/wf-1335-dd-serie\/","og_site_name":"Global International B.V.","article_modified_time":"2024-02-22T12:05:02+00:00","og_image":[{"width":1819,"height":1080,"url":"https:\/\/globalsew.com\/wp-content\/uploads\/2023\/01\/products-WF-1335-LH-DD-AUT-global-1080-website-2024.jpg","type":"image\/jpeg"}],"twitter_card":"summary_large_image","twitter_misc":{"Gesch\u00e4tzte Lesezeit":"1\u00a0Minute"},"schema":{"@context":"https:\/\/schema.org","@graph":[{"@type":"WebPage","@id":"https:\/\/globalsew.com\/product\/wf-1335-dd-series\/","url":"https:\/\/globalsew.com\/product\/wf-1335-dd-series\/","name":"Baureihe WF 1335 DD - Global International B.V.","isPartOf":{"@id":"https:\/\/globalsew.com\/#website"},"primaryImageOfPage":{"@id":"https:\/\/globalsew.com\/product\/wf-1335-dd-series\/#primaryimage"},"image":{"@id":"https:\/\/globalsew.com\/product\/wf-1335-dd-series\/#primaryimage"},"thumbnailUrl":"https:\/\/globalsew.com\/wp-content\/uploads\/2023\/01\/products-WF-1335-LH-DD-AUT-global-1080-website-2024.jpg","datePublished":"2023-01-23T12:02:44+00:00","dateModified":"2024-02-22T12:05:02+00:00","breadcrumb":{"@id":"https:\/\/globalsew.com\/product\/wf-1335-dd-series\/#breadcrumb"},"inLanguage":"de","potentialAction":[{"@type":"ReadAction","target":["https:\/\/globalsew.com\/product\/wf-1335-dd-series\/"]}]},{"@type":"ImageObject","inLanguage":"de","@id":"https:\/\/globalsew.com\/product\/wf-1335-dd-series\/#primaryimage","url":"https:\/\/globalsew.com\/wp-content\/uploads\/2023\/01\/products-WF-1335-LH-DD-AUT-global-1080-website-2024.jpg","contentUrl":"https:\/\/globalsew.com\/wp-content\/uploads\/2023\/01\/products-WF-1335-LH-DD-AUT-global-1080-website-2024.jpg","width":1819,"height":1080,"caption":"WF 1335 LH-AUT-DD"},{"@type":"BreadcrumbList","@id":"https:\/\/globalsew.com\/product\/wf-1335-dd-series\/#breadcrumb","itemListElement":[{"@type":"ListItem","position":1,"name":"Home","item":"https:\/\/globalsew.com\/"},{"@type":"ListItem","position":2,"name":"Products","item":"https:\/\/globalsew.com\/products\/"},{"@type":"ListItem","position":3,"name":"WF 1335 DD series"}]},{"@type":"WebSite","@id":"https:\/\/globalsew.com\/#website","url":"https:\/\/globalsew.com\/","name":"Global International B.V.","description":"Industrielle N\u00e4hmaschinen","potentialAction":[{"@type":"SearchAction","target":{"@type":"EntryPoint","urlTemplate":"https:\/\/globalsew.com\/?s={search_term_string}"},"query-input":{"@type":"PropertyValueSpecification","valueRequired":true,"valueName":"search_term_string"}}],"inLanguage":"de"}]}},"_links":{"self":[{"href":"https:\/\/globalsew.com\/de\/wp-json\/wp\/v2\/product\/97273","targetHints":{"allow":["GET"]}}],"collection":[{"href":"https:\/\/globalsew.com\/de\/wp-json\/wp\/v2\/product"}],"about":[{"href":"https:\/\/globalsew.com\/de\/wp-json\/wp\/v2\/types\/product"}],"wp:featuredmedia":[{"embeddable":true,"href":"https:\/\/globalsew.com\/de\/wp-json\/wp\/v2\/media\/105357"}],"wp:attachment":[{"href":"https:\/\/globalsew.com\/de\/wp-json\/wp\/v2\/media?parent=97273"}],"wp:term":[{"taxonomy":"product_brand","embeddable":true,"href":"https:\/\/globalsew.com\/de\/wp-json\/wp\/v2\/product_brand?post=97273"},{"taxonomy":"product_cat","embeddable":true,"href":"https:\/\/globalsew.com\/de\/wp-json\/wp\/v2\/product_cat?post=97273"},{"taxonomy":"product_tag","embeddable":true,"href":"https:\/\/globalsew.com\/de\/wp-json\/wp\/v2\/product_tag?post=97273"}],"curies":[{"name":"wp","href":"https:\/\/api.w.org\/{rel}","templated":true}]}}