{"id":97086,"date":"2022-07-26T14:11:30","date_gmt":"2022-07-26T12:11:30","guid":{"rendered":"https:\/\/globalsew.com\/?post_type=product&#038;p=97086"},"modified":"2024-05-15T09:51:27","modified_gmt":"2024-05-15T07:51:27","slug":"serie-zz-1510","status":"publish","type":"product","link":"https:\/\/globalsew.com\/de\/product\/zz-1510-series\/","title":{"rendered":"Baureihe ZZ 1510"},"content":{"rendered":"<p><strong>ZZ 1512 DD<\/strong><br \/>\n- Einnadel-Flachtransport-Zickzack-N\u00e4hmaschine mit vollautomatischer Schmierung und Horizontalachsen-Drehgreifer zum N\u00e4hen von leichtem bis mittlerem N\u00e4hgut. Stichtyp: Zweipunkt-Zickzack<br \/>\n<strong>ZZ 1513 DD<br \/>\n<\/strong> - Wie ZZ 1512 DD, jedoch mit Dreipunkt-Zickzack-Stich<br \/>\n<strong>ZZ 1514 DD<\/strong><br \/>\n- Wie ZZ 1512 DD, jedoch mit Vierpunkt-Zickzackstich<br \/>\n<strong>ZZ 1512-C5 DD<\/strong><br \/>\n- Zweinadel-, Untertransport-, Flachbett-, Zickzack-N\u00e4hmaschine mit vollautomatischer Schmierung und Drehgreifer mit horizontaler Achse zum N\u00e4hen von leichtem bis mittelschwerem Material. Stichtyp: Zweipunkt-Zickzack. Diese Maschine ist mit einem Rollfu\u00df und einem Kordelset ausgestattet. Die Standard-Nadelst\u00e4rke betr\u00e4gt 4,8 mm. Zus\u00e4tzliche Nadelklammern im Zubeh\u00f6rsatz 3,2 mm und 5,6 mm.<\/p>","protected":false},"excerpt":{"rendered":"<div class=\"row\">\n<div class=\"col-md-4\"><a class=\"download-button\" href=\"https:\/\/globalsew.com\/wp-content\/uploads\/2023\/04\/GLOBAL-ZZ-1510-SERIES-NEW.pdf\" target=\"_blank\" rel=\"noopener noreferrer\">Flugblatt<\/a><\/div>\n<div class=\"col-md-4\"><a class=\"download-button\" href=\"https:\/\/globalsew.com\/wp-content\/uploads\/2017\/03\/zz1510-parts-manual.pdf\" target=\"_blank\" rel=\"noopener noreferrer\">Handbuch<\/a><\/div>\n<\/div>\n<p>Technische Daten:<\/p>\n<ul>\n<li>Maschinengeschwindigkeit: max. 2000 U\/min<\/li>\n<li>\u00d6lsystem: vollautomatisch<\/li>\n<li>Stichl\u00e4nge: max. 4 mm<\/li>\n<li>N\u00e4hfu\u00dfl\u00fcftung<br \/>\nVon Hand max. 7 mm<br \/>\nBis zum Knie max. 10 mm<\/li>\n<li>Zickzack-Breite: max. 9 mm<\/li>\n<li>Nadeltyp: 134R* Reduzieren Sie die maximale N\u00e4hgeschwindigkeit.<br \/>\nin \u00dcbereinstimmung mit den N\u00e4harbeiten<br \/>\nBedingungen<\/li>\n<\/ul>","protected":false},"featured_media":105370,"template":"","meta":{"_acf_changed":false},"product_brand":[],"product_cat":[21,24,375,25,151,126,127,100,377],"product_tag":[],"class_list":{"0":"post-97086","1":"product","2":"type-product","3":"status-publish","4":"has-post-thumbnail","6":"product_cat-automotive","7":"product_cat-garment","8":"product_cat-sailmaking-machines","9":"product_cat-shoes","10":"product_cat-zig-zag-machines-heavy-duty","11":"product_cat-zig-zag-machines-shoes","12":"product_cat-zig-zag-machines-zig-zag-machines-shoes","13":"product_cat-zig-zag-machines","14":"product_cat-zig-zag-machines-garment","15":"tm-has-options","17":"first","18":"instock","19":"shipping-taxable","20":"purchasable","21":"product-type-variable"},"acf":[],"gallery_images":[105360],"yoast_head":"<!-- This site is optimized with the Yoast SEO plugin v27.3 - https:\/\/yoast.com\/product\/yoast-seo-wordpress\/ -->\n<title>ZZ 1510 series - Global International B.V.<\/title>\n<meta name=\"robots\" content=\"index, follow, max-snippet:-1, max-image-preview:large, max-video-preview:-1\" \/>\n<link rel=\"canonical\" href=\"https:\/\/globalsew.com\/de\/produkt\/serie-zz-1510\/\" \/>\n<meta property=\"og:locale\" content=\"de_DE\" \/>\n<meta property=\"og:type\" content=\"article\" \/>\n<meta property=\"og:title\" content=\"ZZ 1510 series - Global International B.V.\" \/>\n<meta property=\"og:description\" content=\"Leaflet Manual  Technical specifications:   Machine speed: max 2000 spm  Oiling system: fully automatic  Stitch length: max 4 mm  Presser foot lift By hand max 7 mm By knee max 10 mm  Zig-zag width: max 9 mm  Needle type: 134R* Reduce the max. sewing speed in accordance with the sewing conditions\" \/>\n<meta property=\"og:url\" content=\"https:\/\/globalsew.com\/de\/produkt\/serie-zz-1510\/\" \/>\n<meta property=\"og:site_name\" content=\"Global International B.V.\" \/>\n<meta property=\"article:modified_time\" content=\"2024-05-15T07:51:27+00:00\" \/>\n<meta property=\"og:image\" content=\"https:\/\/globalsew.com\/wp-content\/uploads\/2022\/07\/products-ZZ-1513-DD-3002-global-1080-website-2024.jpg\" \/>\n\t<meta property=\"og:image:width\" content=\"1819\" \/>\n\t<meta property=\"og:image:height\" content=\"1080\" \/>\n\t<meta property=\"og:image:type\" content=\"image\/jpeg\" \/>\n<meta name=\"twitter:card\" content=\"summary_large_image\" \/>\n<meta name=\"twitter:label1\" content=\"Gesch\u00e4tzte Lesezeit\" \/>\n\t<meta name=\"twitter:data1\" content=\"1\u00a0Minute\" \/>\n<script type=\"application\/ld+json\" class=\"yoast-schema-graph\">{\"@context\":\"https:\\\/\\\/schema.org\",\"@graph\":[{\"@type\":\"WebPage\",\"@id\":\"https:\\\/\\\/globalsew.com\\\/product\\\/zz-1510-series\\\/\",\"url\":\"https:\\\/\\\/globalsew.com\\\/product\\\/zz-1510-series\\\/\",\"name\":\"ZZ 1510 series - Global International B.V.\",\"isPartOf\":{\"@id\":\"https:\\\/\\\/globalsew.com\\\/#website\"},\"primaryImageOfPage\":{\"@id\":\"https:\\\/\\\/globalsew.com\\\/product\\\/zz-1510-series\\\/#primaryimage\"},\"image\":{\"@id\":\"https:\\\/\\\/globalsew.com\\\/product\\\/zz-1510-series\\\/#primaryimage\"},\"thumbnailUrl\":\"https:\\\/\\\/globalsew.com\\\/wp-content\\\/uploads\\\/2022\\\/07\\\/products-ZZ-1513-DD-3002-global-1080-website-2024.jpg\",\"datePublished\":\"2022-07-26T12:11:30+00:00\",\"dateModified\":\"2024-05-15T07:51:27+00:00\",\"breadcrumb\":{\"@id\":\"https:\\\/\\\/globalsew.com\\\/product\\\/zz-1510-series\\\/#breadcrumb\"},\"inLanguage\":\"de\",\"potentialAction\":[{\"@type\":\"ReadAction\",\"target\":[\"https:\\\/\\\/globalsew.com\\\/product\\\/zz-1510-series\\\/\"]}]},{\"@type\":\"ImageObject\",\"inLanguage\":\"de\",\"@id\":\"https:\\\/\\\/globalsew.com\\\/product\\\/zz-1510-series\\\/#primaryimage\",\"url\":\"https:\\\/\\\/globalsew.com\\\/wp-content\\\/uploads\\\/2022\\\/07\\\/products-ZZ-1513-DD-3002-global-1080-website-2024.jpg\",\"contentUrl\":\"https:\\\/\\\/globalsew.com\\\/wp-content\\\/uploads\\\/2022\\\/07\\\/products-ZZ-1513-DD-3002-global-1080-website-2024.jpg\",\"width\":1819,\"height\":1080,\"caption\":\"ZZ 1513 DD\"},{\"@type\":\"BreadcrumbList\",\"@id\":\"https:\\\/\\\/globalsew.com\\\/product\\\/zz-1510-series\\\/#breadcrumb\",\"itemListElement\":[{\"@type\":\"ListItem\",\"position\":1,\"name\":\"Home\",\"item\":\"https:\\\/\\\/globalsew.com\\\/\"},{\"@type\":\"ListItem\",\"position\":2,\"name\":\"Products\",\"item\":\"https:\\\/\\\/globalsew.com\\\/products\\\/\"},{\"@type\":\"ListItem\",\"position\":3,\"name\":\"ZZ 1510 series\"}]},{\"@type\":\"WebSite\",\"@id\":\"https:\\\/\\\/globalsew.com\\\/#website\",\"url\":\"https:\\\/\\\/globalsew.com\\\/\",\"name\":\"Global International B.V.\",\"description\":\"Industrial Sewing Machines\",\"potentialAction\":[{\"@type\":\"SearchAction\",\"target\":{\"@type\":\"EntryPoint\",\"urlTemplate\":\"https:\\\/\\\/globalsew.com\\\/?s={search_term_string}\"},\"query-input\":{\"@type\":\"PropertyValueSpecification\",\"valueRequired\":true,\"valueName\":\"search_term_string\"}}],\"inLanguage\":\"de\"}]}<\/script>\n<!-- \/ Yoast SEO plugin. -->","yoast_head_json":{"title":"Baureihe ZZ 1510 - Global International B.V.","robots":{"index":"index","follow":"follow","max-snippet":"max-snippet:-1","max-image-preview":"max-image-preview:large","max-video-preview":"max-video-preview:-1"},"canonical":"https:\/\/globalsew.com\/de\/produkt\/serie-zz-1510\/","og_locale":"de_DE","og_type":"article","og_title":"ZZ 1510 series - Global International B.V.","og_description":"Leaflet Manual  Technical specifications:   Machine speed: max 2000 spm  Oiling system: fully automatic  Stitch length: max 4 mm  Presser foot lift By hand max 7 mm By knee max 10 mm  Zig-zag width: max 9 mm  Needle type: 134R* Reduce the max. sewing speed in accordance with the sewing conditions","og_url":"https:\/\/globalsew.com\/de\/produkt\/serie-zz-1510\/","og_site_name":"Global International B.V.","article_modified_time":"2024-05-15T07:51:27+00:00","og_image":[{"width":1819,"height":1080,"url":"https:\/\/globalsew.com\/wp-content\/uploads\/2022\/07\/products-ZZ-1513-DD-3002-global-1080-website-2024.jpg","type":"image\/jpeg"}],"twitter_card":"summary_large_image","twitter_misc":{"Gesch\u00e4tzte Lesezeit":"1\u00a0Minute"},"schema":{"@context":"https:\/\/schema.org","@graph":[{"@type":"WebPage","@id":"https:\/\/globalsew.com\/product\/zz-1510-series\/","url":"https:\/\/globalsew.com\/product\/zz-1510-series\/","name":"Baureihe ZZ 1510 - Global International B.V.","isPartOf":{"@id":"https:\/\/globalsew.com\/#website"},"primaryImageOfPage":{"@id":"https:\/\/globalsew.com\/product\/zz-1510-series\/#primaryimage"},"image":{"@id":"https:\/\/globalsew.com\/product\/zz-1510-series\/#primaryimage"},"thumbnailUrl":"https:\/\/globalsew.com\/wp-content\/uploads\/2022\/07\/products-ZZ-1513-DD-3002-global-1080-website-2024.jpg","datePublished":"2022-07-26T12:11:30+00:00","dateModified":"2024-05-15T07:51:27+00:00","breadcrumb":{"@id":"https:\/\/globalsew.com\/product\/zz-1510-series\/#breadcrumb"},"inLanguage":"de","potentialAction":[{"@type":"ReadAction","target":["https:\/\/globalsew.com\/product\/zz-1510-series\/"]}]},{"@type":"ImageObject","inLanguage":"de","@id":"https:\/\/globalsew.com\/product\/zz-1510-series\/#primaryimage","url":"https:\/\/globalsew.com\/wp-content\/uploads\/2022\/07\/products-ZZ-1513-DD-3002-global-1080-website-2024.jpg","contentUrl":"https:\/\/globalsew.com\/wp-content\/uploads\/2022\/07\/products-ZZ-1513-DD-3002-global-1080-website-2024.jpg","width":1819,"height":1080,"caption":"ZZ 1513 DD"},{"@type":"BreadcrumbList","@id":"https:\/\/globalsew.com\/product\/zz-1510-series\/#breadcrumb","itemListElement":[{"@type":"ListItem","position":1,"name":"Home","item":"https:\/\/globalsew.com\/"},{"@type":"ListItem","position":2,"name":"Products","item":"https:\/\/globalsew.com\/products\/"},{"@type":"ListItem","position":3,"name":"ZZ 1510 series"}]},{"@type":"WebSite","@id":"https:\/\/globalsew.com\/#website","url":"https:\/\/globalsew.com\/","name":"Global International B.V.","description":"Industrielle N\u00e4hmaschinen","potentialAction":[{"@type":"SearchAction","target":{"@type":"EntryPoint","urlTemplate":"https:\/\/globalsew.com\/?s={search_term_string}"},"query-input":{"@type":"PropertyValueSpecification","valueRequired":true,"valueName":"search_term_string"}}],"inLanguage":"de"}]}},"_links":{"self":[{"href":"https:\/\/globalsew.com\/de\/wp-json\/wp\/v2\/product\/97086","targetHints":{"allow":["GET"]}}],"collection":[{"href":"https:\/\/globalsew.com\/de\/wp-json\/wp\/v2\/product"}],"about":[{"href":"https:\/\/globalsew.com\/de\/wp-json\/wp\/v2\/types\/product"}],"wp:featuredmedia":[{"embeddable":true,"href":"https:\/\/globalsew.com\/de\/wp-json\/wp\/v2\/media\/105370"}],"wp:attachment":[{"href":"https:\/\/globalsew.com\/de\/wp-json\/wp\/v2\/media?parent=97086"}],"wp:term":[{"taxonomy":"product_brand","embeddable":true,"href":"https:\/\/globalsew.com\/de\/wp-json\/wp\/v2\/product_brand?post=97086"},{"taxonomy":"product_cat","embeddable":true,"href":"https:\/\/globalsew.com\/de\/wp-json\/wp\/v2\/product_cat?post=97086"},{"taxonomy":"product_tag","embeddable":true,"href":"https:\/\/globalsew.com\/de\/wp-json\/wp\/v2\/product_tag?post=97086"}],"curies":[{"name":"wp","href":"https:\/\/api.w.org\/{rel}","templated":true}]}}