{"id":97084,"date":"2022-07-26T13:55:37","date_gmt":"2022-07-26T11:55:37","guid":{"rendered":"https:\/\/globalsew.com\/?post_type=product&#038;p=97084"},"modified":"2024-05-22T10:01:26","modified_gmt":"2024-05-22T08:01:26","slug":"sm-7555-360","status":"publish","type":"product","link":"https:\/\/globalsew.com\/de\/product\/sm-7555-360\/","title":{"rendered":"SM 7555-360"},"content":{"rendered":"<p><strong>SM 7555-360<\/strong><br \/>\nEinnadel-Doppelsteppstichmaschine, mit Nadeltransport und alternierendem N\u00e4hfu\u00df. Diese Maschine ist mit einem um 360\u00b0 drehbaren Arm ausgestattet, der sie f\u00fcr Reisetaschen, Handtaschen, Stiefel und Schuhe im Allgemeinen geeignet macht. Sie erm\u00f6glicht die Ausf\u00fchrung von Falten und Seitenabschl\u00fcssen sehr nah an den R\u00e4ndern. Komplett geliefert mit Tischplatte, Spezialst\u00e4nder und Servomotor.<\/p>\n<p>&nbsp;<\/p>\n<p>&nbsp;<\/p>\n<p><img decoding=\"async\" class=\"alignnone size-full wp-image-94791\" src=\"https:\/\/globalsew.com\/wp-content\/uploads\/2017\/04\/hohsing-xs-global.jpg\" alt=\"\" width=\"73\" height=\"68\" \/>\u00a0 \u00a0 \u00a0 \u00a0 \u00a0 \u00a0 \u00a0 \u00a0 \u00a0 \u00a0 \u00a0 \u00a0 \u00a0 \u00a0 \u00a0 \u00a0 \u00a0 \u00a0 \u00a0 \u00a0 \u00a0 \u00a0 \u00a0 \u00a0 \u00a0 \u00a0 \u00a0 \u00a0 \u00a0 \u00a0 \u00a0 \u00a0 \u00a0 \u00a0 \u00a0 \u00a0 \u00a0 \u00a0 \u00a0 \u00a0 \u00a0\u00a0<img decoding=\"async\" class=\"alignnone size-full wp-image-94794\" src=\"https:\/\/globalsew.com\/wp-content\/uploads\/2017\/04\/eac-xs-global.jpg\" alt=\"\" width=\"73\" height=\"68\" \/>\u00a0\u00a0<img decoding=\"async\" class=\"alignnone size-full wp-image-94793\" src=\"https:\/\/globalsew.com\/wp-content\/uploads\/2017\/04\/ce-xs-global.jpg\" alt=\"\" width=\"73\" height=\"68\" \/><\/p>","protected":false},"excerpt":{"rendered":"<p>Downloads finden Sie auf unserer Download-Seite f\u00fcr die <a class=\"download-link\" href=\"https:\/\/globalsew.com\/de\/herunterladen\/serie-sm-7500\/\">Serie SM 7500<\/a>.<\/p>\n<p>Die Produktspezifikationen f\u00fcr das SM 7555-360:<\/p>\n<ul>\n<li>Kompletter Tisch, Standmotor<\/li>\n<li>Max. Maschinengeschwindigkeit 600 SPM<\/li>\n<li>Stichl\u00e4nge: 2 - 9 mm<\/li>\n<li>N\u00e4hfu\u00dfhub: elektrisch 13 mm, manuell, 8 mm<\/li>\n<li>Nahtst\u00e4rke: 1,5 - 6 mm<\/li>\n<li>Arml\u00e4nge: 270 mm<\/li>\n<li>Nadeltyp: 135\u00d717<\/li>\n<\/ul>","protected":false},"featured_media":96980,"template":"","meta":{"_acf_changed":false},"product_brand":[],"product_cat":[25,83],"product_tag":[],"class_list":{"0":"post-97084","1":"product","2":"type-product","3":"status-publish","4":"has-post-thumbnail","6":"product_cat-shoes","7":"product_cat-special-shoe-machines","8":"tm-no-options","10":"first","11":"instock","12":"shipping-taxable","13":"purchasable","14":"product-type-simple"},"acf":[],"gallery_images":[96981,96979],"yoast_head":"<!-- This site is optimized with the Yoast SEO plugin v27.3 - https:\/\/yoast.com\/product\/yoast-seo-wordpress\/ -->\n<title>SM 7555-360 - Global International B.V.<\/title>\n<meta name=\"robots\" content=\"index, follow, max-snippet:-1, max-image-preview:large, max-video-preview:-1\" \/>\n<link rel=\"canonical\" href=\"https:\/\/globalsew.com\/de\/produkt\/sm-7555-360\/\" \/>\n<meta property=\"og:locale\" content=\"de_DE\" \/>\n<meta property=\"og:type\" content=\"article\" \/>\n<meta property=\"og:title\" content=\"SM 7555-360 - Global International B.V.\" \/>\n<meta property=\"og:description\" content=\"For downloads see our downloads page for the SM 7500 Series.  The product specifications for the SM 7555-360:   Complete table, stand motor  Max. machine speed 600 SPM  Stitch length: 2 - 9 mm  Presser foot lift: electric 13 mm, manual, 8 mm  Sewing thickness: 1,5 - 6 mm  Arm length: 270 mm  Needle type: 135x17\" \/>\n<meta property=\"og:url\" content=\"https:\/\/globalsew.com\/de\/produkt\/sm-7555-360\/\" \/>\n<meta property=\"og:site_name\" content=\"Global International B.V.\" \/>\n<meta property=\"article:modified_time\" content=\"2024-05-22T08:01:26+00:00\" \/>\n<meta property=\"og:image\" content=\"https:\/\/globalsew.com\/wp-content\/uploads\/2017\/11\/sm7555360a.jpg\" \/>\n\t<meta property=\"og:image:width\" content=\"940\" \/>\n\t<meta property=\"og:image:height\" content=\"587\" \/>\n\t<meta property=\"og:image:type\" content=\"image\/jpeg\" \/>\n<meta name=\"twitter:card\" content=\"summary_large_image\" \/>\n<meta name=\"twitter:label1\" content=\"Gesch\u00e4tzte Lesezeit\" \/>\n\t<meta name=\"twitter:data1\" content=\"1\u00a0Minute\" \/>\n<script type=\"application\/ld+json\" class=\"yoast-schema-graph\">{\"@context\":\"https:\\\/\\\/schema.org\",\"@graph\":[{\"@type\":\"WebPage\",\"@id\":\"https:\\\/\\\/globalsew.com\\\/product\\\/sm-7555-360\\\/\",\"url\":\"https:\\\/\\\/globalsew.com\\\/product\\\/sm-7555-360\\\/\",\"name\":\"SM 7555-360 - Global International B.V.\",\"isPartOf\":{\"@id\":\"https:\\\/\\\/globalsew.com\\\/#website\"},\"primaryImageOfPage\":{\"@id\":\"https:\\\/\\\/globalsew.com\\\/product\\\/sm-7555-360\\\/#primaryimage\"},\"image\":{\"@id\":\"https:\\\/\\\/globalsew.com\\\/product\\\/sm-7555-360\\\/#primaryimage\"},\"thumbnailUrl\":\"https:\\\/\\\/globalsew.com\\\/wp-content\\\/uploads\\\/2017\\\/11\\\/sm7555360a.jpg\",\"datePublished\":\"2022-07-26T11:55:37+00:00\",\"dateModified\":\"2024-05-22T08:01:26+00:00\",\"breadcrumb\":{\"@id\":\"https:\\\/\\\/globalsew.com\\\/product\\\/sm-7555-360\\\/#breadcrumb\"},\"inLanguage\":\"de\",\"potentialAction\":[{\"@type\":\"ReadAction\",\"target\":[\"https:\\\/\\\/globalsew.com\\\/product\\\/sm-7555-360\\\/\"]}]},{\"@type\":\"ImageObject\",\"inLanguage\":\"de\",\"@id\":\"https:\\\/\\\/globalsew.com\\\/product\\\/sm-7555-360\\\/#primaryimage\",\"url\":\"https:\\\/\\\/globalsew.com\\\/wp-content\\\/uploads\\\/2017\\\/11\\\/sm7555360a.jpg\",\"contentUrl\":\"https:\\\/\\\/globalsew.com\\\/wp-content\\\/uploads\\\/2017\\\/11\\\/sm7555360a.jpg\",\"width\":940,\"height\":587},{\"@type\":\"BreadcrumbList\",\"@id\":\"https:\\\/\\\/globalsew.com\\\/product\\\/sm-7555-360\\\/#breadcrumb\",\"itemListElement\":[{\"@type\":\"ListItem\",\"position\":1,\"name\":\"Home\",\"item\":\"https:\\\/\\\/globalsew.com\\\/\"},{\"@type\":\"ListItem\",\"position\":2,\"name\":\"Products\",\"item\":\"https:\\\/\\\/globalsew.com\\\/products\\\/\"},{\"@type\":\"ListItem\",\"position\":3,\"name\":\"SM 7555-360\"}]},{\"@type\":\"WebSite\",\"@id\":\"https:\\\/\\\/globalsew.com\\\/#website\",\"url\":\"https:\\\/\\\/globalsew.com\\\/\",\"name\":\"Global International B.V.\",\"description\":\"Industrial Sewing Machines\",\"potentialAction\":[{\"@type\":\"SearchAction\",\"target\":{\"@type\":\"EntryPoint\",\"urlTemplate\":\"https:\\\/\\\/globalsew.com\\\/?s={search_term_string}\"},\"query-input\":{\"@type\":\"PropertyValueSpecification\",\"valueRequired\":true,\"valueName\":\"search_term_string\"}}],\"inLanguage\":\"de\"}]}<\/script>\n<!-- \/ Yoast SEO plugin. -->","yoast_head_json":{"title":"SM 7555-360 - Global International B.V.","robots":{"index":"index","follow":"follow","max-snippet":"max-snippet:-1","max-image-preview":"max-image-preview:large","max-video-preview":"max-video-preview:-1"},"canonical":"https:\/\/globalsew.com\/de\/produkt\/sm-7555-360\/","og_locale":"de_DE","og_type":"article","og_title":"SM 7555-360 - Global International B.V.","og_description":"For downloads see our downloads page for the SM 7500 Series.  The product specifications for the SM 7555-360:   Complete table, stand motor  Max. machine speed 600 SPM  Stitch length: 2 - 9 mm  Presser foot lift: electric 13 mm, manual, 8 mm  Sewing thickness: 1,5 - 6 mm  Arm length: 270 mm  Needle type: 135x17","og_url":"https:\/\/globalsew.com\/de\/produkt\/sm-7555-360\/","og_site_name":"Global International B.V.","article_modified_time":"2024-05-22T08:01:26+00:00","og_image":[{"width":940,"height":587,"url":"https:\/\/globalsew.com\/wp-content\/uploads\/2017\/11\/sm7555360a.jpg","type":"image\/jpeg"}],"twitter_card":"summary_large_image","twitter_misc":{"Gesch\u00e4tzte Lesezeit":"1\u00a0Minute"},"schema":{"@context":"https:\/\/schema.org","@graph":[{"@type":"WebPage","@id":"https:\/\/globalsew.com\/product\/sm-7555-360\/","url":"https:\/\/globalsew.com\/product\/sm-7555-360\/","name":"SM 7555-360 - Global International B.V.","isPartOf":{"@id":"https:\/\/globalsew.com\/#website"},"primaryImageOfPage":{"@id":"https:\/\/globalsew.com\/product\/sm-7555-360\/#primaryimage"},"image":{"@id":"https:\/\/globalsew.com\/product\/sm-7555-360\/#primaryimage"},"thumbnailUrl":"https:\/\/globalsew.com\/wp-content\/uploads\/2017\/11\/sm7555360a.jpg","datePublished":"2022-07-26T11:55:37+00:00","dateModified":"2024-05-22T08:01:26+00:00","breadcrumb":{"@id":"https:\/\/globalsew.com\/product\/sm-7555-360\/#breadcrumb"},"inLanguage":"de","potentialAction":[{"@type":"ReadAction","target":["https:\/\/globalsew.com\/product\/sm-7555-360\/"]}]},{"@type":"ImageObject","inLanguage":"de","@id":"https:\/\/globalsew.com\/product\/sm-7555-360\/#primaryimage","url":"https:\/\/globalsew.com\/wp-content\/uploads\/2017\/11\/sm7555360a.jpg","contentUrl":"https:\/\/globalsew.com\/wp-content\/uploads\/2017\/11\/sm7555360a.jpg","width":940,"height":587},{"@type":"BreadcrumbList","@id":"https:\/\/globalsew.com\/product\/sm-7555-360\/#breadcrumb","itemListElement":[{"@type":"ListItem","position":1,"name":"Home","item":"https:\/\/globalsew.com\/"},{"@type":"ListItem","position":2,"name":"Products","item":"https:\/\/globalsew.com\/products\/"},{"@type":"ListItem","position":3,"name":"SM 7555-360"}]},{"@type":"WebSite","@id":"https:\/\/globalsew.com\/#website","url":"https:\/\/globalsew.com\/","name":"Global International B.V.","description":"Industrielle N\u00e4hmaschinen","potentialAction":[{"@type":"SearchAction","target":{"@type":"EntryPoint","urlTemplate":"https:\/\/globalsew.com\/?s={search_term_string}"},"query-input":{"@type":"PropertyValueSpecification","valueRequired":true,"valueName":"search_term_string"}}],"inLanguage":"de"}]}},"_links":{"self":[{"href":"https:\/\/globalsew.com\/de\/wp-json\/wp\/v2\/product\/97084","targetHints":{"allow":["GET"]}}],"collection":[{"href":"https:\/\/globalsew.com\/de\/wp-json\/wp\/v2\/product"}],"about":[{"href":"https:\/\/globalsew.com\/de\/wp-json\/wp\/v2\/types\/product"}],"wp:featuredmedia":[{"embeddable":true,"href":"https:\/\/globalsew.com\/de\/wp-json\/wp\/v2\/media\/96980"}],"wp:attachment":[{"href":"https:\/\/globalsew.com\/de\/wp-json\/wp\/v2\/media?parent=97084"}],"wp:term":[{"taxonomy":"product_brand","embeddable":true,"href":"https:\/\/globalsew.com\/de\/wp-json\/wp\/v2\/product_brand?post=97084"},{"taxonomy":"product_cat","embeddable":true,"href":"https:\/\/globalsew.com\/de\/wp-json\/wp\/v2\/product_cat?post=97084"},{"taxonomy":"product_tag","embeddable":true,"href":"https:\/\/globalsew.com\/de\/wp-json\/wp\/v2\/product_tag?post=97084"}],"curies":[{"name":"wp","href":"https:\/\/api.w.org\/{rel}","templated":true}]}}