{"id":96987,"date":"2022-07-04T11:40:51","date_gmt":"2022-07-04T09:40:51","guid":{"rendered":"https:\/\/globalsew.com\/?post_type=product&#038;p=96987"},"modified":"2024-01-18T16:13:14","modified_gmt":"2024-01-18T15:13:14","slug":"bt-50x40n","status":"publish","type":"product","link":"https:\/\/globalsew.com\/de\/product\/bt-50x40n\/","title":{"rendered":"BT 50x40N"},"content":{"rendered":"<p>BT 50 x 40 N<br \/>\nDiese Maschine wird von einem AC-Servomotor mit Direktantrieb angetrieben und eignet sich zum N\u00e4hen von mittelschweren und schweren Materialien.<br \/>\nDie Muster k\u00f6nnen \u00fcber das benutzerfreundliche Touchpanel oder \u00fcber die DAHAO-Software programmiert werden.<\/p>","protected":false},"excerpt":{"rendered":"<p>Downloads finden Sie auf unserer Download-Seite f\u00fcr die <a class=\"download-link\" href=\"https:\/\/globalsew.com\/de\/herunterladen\/btseries\/\">BT-Serie<\/a>.<\/p>\n<p>&nbsp;<\/p>\n<p>Die Produktspezifikationen f\u00fcr das BT 50x40N sind:<\/p>\n<ul>\n<li>Kompletter Tisch, St\u00e4nder und Motor<\/li>\n<li>Maschinengeschwindigkeit: Max. 2400 SPM<\/li>\n<li>Vorschubsystem: durch Impulsmotor (X-Y)<\/li>\n<li>Hakentyp: Standard-Schiffchenhaken<\/li>\n<li>Stichl\u00e4nge: max. 12 mm<\/li>\n<li>Presserfu\u00dfhub: max. 13 mm<\/li>\n<li>Klammerhub: bis zu 14 mm (pneumatisch)<\/li>\n<li>Nadeltyp: DPx17<\/li>\n<li>Nahtbereich: 50 x 40 mm<\/li>\n<li>Stromquelle: 240 V, 1 Phase, 50 - 60 Hz, Direktantrieb AC-Servomotor<\/li>\n<\/ul>","protected":false},"featured_media":97199,"template":"","meta":{"_acf_changed":false},"product_brand":[],"product_cat":[97,157,122,25,63],"product_tag":[],"class_list":{"0":"post-96987","1":"product","2":"type-product","3":"status-publish","4":"has-post-thumbnail","6":"product_cat-pattern-sewing-machines","7":"product_cat-pattern-sewing-machines-upholstery","8":"product_cat-shoe-machines","9":"product_cat-shoes","10":"product_cat-upholstery","11":"tm-has-options","13":"first","14":"instock","15":"shipping-taxable","16":"purchasable","17":"product-type-simple"},"acf":[],"gallery_images":[96960,96961],"yoast_head":"<!-- This site is optimized with the Yoast SEO plugin v27.3 - https:\/\/yoast.com\/product\/yoast-seo-wordpress\/ -->\n<title>BT 50x40N - Global International B.V.<\/title>\n<meta name=\"robots\" content=\"index, follow, max-snippet:-1, max-image-preview:large, max-video-preview:-1\" \/>\n<link rel=\"canonical\" href=\"https:\/\/globalsew.com\/de\/produkt\/bt-50x40n\/\" \/>\n<meta property=\"og:locale\" content=\"de_DE\" \/>\n<meta property=\"og:type\" content=\"article\" \/>\n<meta property=\"og:title\" content=\"BT 50x40N - Global International B.V.\" \/>\n<meta property=\"og:description\" content=\"For downloads see our downloads page for the BT Series.  &nbsp;  The product specifications for the BT 50x40N are:   Complete table, stand and motor  Machine speed: Max. 2400 SPM  Feeding system: by pulse motor (X-Y)  Hook type: standard shuttle hook  Stitch length: max 12 mm  Presser foot lift: max 13 mm  Clamp lift: up to 14 mm (pneumatic)  Needle type: DPx17  Sewing range: 50 x 40 mm  Power source: 240 V,\u00a0 1 phase, 50 - 60 Hz, direct drive AC servomotor\" \/>\n<meta property=\"og:url\" content=\"https:\/\/globalsew.com\/de\/produkt\/bt-50x40n\/\" \/>\n<meta property=\"og:site_name\" content=\"Global International B.V.\" \/>\n<meta property=\"article:modified_time\" content=\"2024-01-18T15:13:14+00:00\" \/>\n<meta property=\"og:image\" content=\"https:\/\/globalsew.com\/wp-content\/uploads\/2022\/07\/global-press-machine-BT-50X40N-01-series-DETAIL-sewstock-copy.jpg\" \/>\n\t<meta property=\"og:image:width\" content=\"940\" \/>\n\t<meta property=\"og:image:height\" content=\"587\" \/>\n\t<meta property=\"og:image:type\" content=\"image\/jpeg\" \/>\n<meta name=\"twitter:card\" content=\"summary_large_image\" \/>\n<meta name=\"twitter:label1\" content=\"Gesch\u00e4tzte Lesezeit\" \/>\n\t<meta name=\"twitter:data1\" content=\"1\u00a0Minute\" \/>\n<script type=\"application\/ld+json\" class=\"yoast-schema-graph\">{\"@context\":\"https:\\\/\\\/schema.org\",\"@graph\":[{\"@type\":\"WebPage\",\"@id\":\"https:\\\/\\\/globalsew.com\\\/product\\\/bt-50x40n\\\/\",\"url\":\"https:\\\/\\\/globalsew.com\\\/product\\\/bt-50x40n\\\/\",\"name\":\"BT 50x40N - Global International B.V.\",\"isPartOf\":{\"@id\":\"https:\\\/\\\/globalsew.com\\\/#website\"},\"primaryImageOfPage\":{\"@id\":\"https:\\\/\\\/globalsew.com\\\/product\\\/bt-50x40n\\\/#primaryimage\"},\"image\":{\"@id\":\"https:\\\/\\\/globalsew.com\\\/product\\\/bt-50x40n\\\/#primaryimage\"},\"thumbnailUrl\":\"https:\\\/\\\/globalsew.com\\\/wp-content\\\/uploads\\\/2022\\\/07\\\/global-press-machine-BT-50X40N-01-series-DETAIL-sewstock-copy.jpg\",\"datePublished\":\"2022-07-04T09:40:51+00:00\",\"dateModified\":\"2024-01-18T15:13:14+00:00\",\"breadcrumb\":{\"@id\":\"https:\\\/\\\/globalsew.com\\\/product\\\/bt-50x40n\\\/#breadcrumb\"},\"inLanguage\":\"de\",\"potentialAction\":[{\"@type\":\"ReadAction\",\"target\":[\"https:\\\/\\\/globalsew.com\\\/product\\\/bt-50x40n\\\/\"]}]},{\"@type\":\"ImageObject\",\"inLanguage\":\"de\",\"@id\":\"https:\\\/\\\/globalsew.com\\\/product\\\/bt-50x40n\\\/#primaryimage\",\"url\":\"https:\\\/\\\/globalsew.com\\\/wp-content\\\/uploads\\\/2022\\\/07\\\/global-press-machine-BT-50X40N-01-series-DETAIL-sewstock-copy.jpg\",\"contentUrl\":\"https:\\\/\\\/globalsew.com\\\/wp-content\\\/uploads\\\/2022\\\/07\\\/global-press-machine-BT-50X40N-01-series-DETAIL-sewstock-copy.jpg\",\"width\":940,\"height\":587},{\"@type\":\"BreadcrumbList\",\"@id\":\"https:\\\/\\\/globalsew.com\\\/product\\\/bt-50x40n\\\/#breadcrumb\",\"itemListElement\":[{\"@type\":\"ListItem\",\"position\":1,\"name\":\"Home\",\"item\":\"https:\\\/\\\/globalsew.com\\\/\"},{\"@type\":\"ListItem\",\"position\":2,\"name\":\"Products\",\"item\":\"https:\\\/\\\/globalsew.com\\\/products\\\/\"},{\"@type\":\"ListItem\",\"position\":3,\"name\":\"BT 50x40N\"}]},{\"@type\":\"WebSite\",\"@id\":\"https:\\\/\\\/globalsew.com\\\/#website\",\"url\":\"https:\\\/\\\/globalsew.com\\\/\",\"name\":\"Global International B.V.\",\"description\":\"Industrial Sewing Machines\",\"potentialAction\":[{\"@type\":\"SearchAction\",\"target\":{\"@type\":\"EntryPoint\",\"urlTemplate\":\"https:\\\/\\\/globalsew.com\\\/?s={search_term_string}\"},\"query-input\":{\"@type\":\"PropertyValueSpecification\",\"valueRequired\":true,\"valueName\":\"search_term_string\"}}],\"inLanguage\":\"de\"}]}<\/script>\n<!-- \/ Yoast SEO plugin. -->","yoast_head_json":{"title":"BT 50x40N - Global International B.V.","robots":{"index":"index","follow":"follow","max-snippet":"max-snippet:-1","max-image-preview":"max-image-preview:large","max-video-preview":"max-video-preview:-1"},"canonical":"https:\/\/globalsew.com\/de\/produkt\/bt-50x40n\/","og_locale":"de_DE","og_type":"article","og_title":"BT 50x40N - Global International B.V.","og_description":"For downloads see our downloads page for the BT Series.  &nbsp;  The product specifications for the BT 50x40N are:   Complete table, stand and motor  Machine speed: Max. 2400 SPM  Feeding system: by pulse motor (X-Y)  Hook type: standard shuttle hook  Stitch length: max 12 mm  Presser foot lift: max 13 mm  Clamp lift: up to 14 mm (pneumatic)  Needle type: DPx17  Sewing range: 50 x 40 mm  Power source: 240 V,\u00a0 1 phase, 50 - 60 Hz, direct drive AC servomotor","og_url":"https:\/\/globalsew.com\/de\/produkt\/bt-50x40n\/","og_site_name":"Global International B.V.","article_modified_time":"2024-01-18T15:13:14+00:00","og_image":[{"width":940,"height":587,"url":"https:\/\/globalsew.com\/wp-content\/uploads\/2022\/07\/global-press-machine-BT-50X40N-01-series-DETAIL-sewstock-copy.jpg","type":"image\/jpeg"}],"twitter_card":"summary_large_image","twitter_misc":{"Gesch\u00e4tzte Lesezeit":"1\u00a0Minute"},"schema":{"@context":"https:\/\/schema.org","@graph":[{"@type":"WebPage","@id":"https:\/\/globalsew.com\/product\/bt-50x40n\/","url":"https:\/\/globalsew.com\/product\/bt-50x40n\/","name":"BT 50x40N - Global International B.V.","isPartOf":{"@id":"https:\/\/globalsew.com\/#website"},"primaryImageOfPage":{"@id":"https:\/\/globalsew.com\/product\/bt-50x40n\/#primaryimage"},"image":{"@id":"https:\/\/globalsew.com\/product\/bt-50x40n\/#primaryimage"},"thumbnailUrl":"https:\/\/globalsew.com\/wp-content\/uploads\/2022\/07\/global-press-machine-BT-50X40N-01-series-DETAIL-sewstock-copy.jpg","datePublished":"2022-07-04T09:40:51+00:00","dateModified":"2024-01-18T15:13:14+00:00","breadcrumb":{"@id":"https:\/\/globalsew.com\/product\/bt-50x40n\/#breadcrumb"},"inLanguage":"de","potentialAction":[{"@type":"ReadAction","target":["https:\/\/globalsew.com\/product\/bt-50x40n\/"]}]},{"@type":"ImageObject","inLanguage":"de","@id":"https:\/\/globalsew.com\/product\/bt-50x40n\/#primaryimage","url":"https:\/\/globalsew.com\/wp-content\/uploads\/2022\/07\/global-press-machine-BT-50X40N-01-series-DETAIL-sewstock-copy.jpg","contentUrl":"https:\/\/globalsew.com\/wp-content\/uploads\/2022\/07\/global-press-machine-BT-50X40N-01-series-DETAIL-sewstock-copy.jpg","width":940,"height":587},{"@type":"BreadcrumbList","@id":"https:\/\/globalsew.com\/product\/bt-50x40n\/#breadcrumb","itemListElement":[{"@type":"ListItem","position":1,"name":"Home","item":"https:\/\/globalsew.com\/"},{"@type":"ListItem","position":2,"name":"Products","item":"https:\/\/globalsew.com\/products\/"},{"@type":"ListItem","position":3,"name":"BT 50x40N"}]},{"@type":"WebSite","@id":"https:\/\/globalsew.com\/#website","url":"https:\/\/globalsew.com\/","name":"Global International B.V.","description":"Industrielle N\u00e4hmaschinen","potentialAction":[{"@type":"SearchAction","target":{"@type":"EntryPoint","urlTemplate":"https:\/\/globalsew.com\/?s={search_term_string}"},"query-input":{"@type":"PropertyValueSpecification","valueRequired":true,"valueName":"search_term_string"}}],"inLanguage":"de"}]}},"_links":{"self":[{"href":"https:\/\/globalsew.com\/de\/wp-json\/wp\/v2\/product\/96987","targetHints":{"allow":["GET"]}}],"collection":[{"href":"https:\/\/globalsew.com\/de\/wp-json\/wp\/v2\/product"}],"about":[{"href":"https:\/\/globalsew.com\/de\/wp-json\/wp\/v2\/types\/product"}],"wp:featuredmedia":[{"embeddable":true,"href":"https:\/\/globalsew.com\/de\/wp-json\/wp\/v2\/media\/97199"}],"wp:attachment":[{"href":"https:\/\/globalsew.com\/de\/wp-json\/wp\/v2\/media?parent=96987"}],"wp:term":[{"taxonomy":"product_brand","embeddable":true,"href":"https:\/\/globalsew.com\/de\/wp-json\/wp\/v2\/product_brand?post=96987"},{"taxonomy":"product_cat","embeddable":true,"href":"https:\/\/globalsew.com\/de\/wp-json\/wp\/v2\/product_cat?post=96987"},{"taxonomy":"product_tag","embeddable":true,"href":"https:\/\/globalsew.com\/de\/wp-json\/wp\/v2\/product_tag?post=96987"}],"curies":[{"name":"wp","href":"https:\/\/api.w.org\/{rel}","templated":true}]}}