{"id":96076,"date":"2021-03-19T11:37:51","date_gmt":"2021-03-19T10:37:51","guid":{"rendered":"https:\/\/globalsew.com\/?post_type=product&#038;p=96076"},"modified":"2025-09-29T15:11:23","modified_gmt":"2025-09-29T13:11:23","slug":"baureihe-lp-2881","status":"publish","type":"product","link":"https:\/\/globalsew.com\/de\/product\/lp-2881-series\/","title":{"rendered":"Baureihe LP 2880"},"content":{"rendered":"<p><img fetchpriority=\"high\" decoding=\"async\" class=\"alignnone size-full wp-image-96085\" src=\"https:\/\/globalsew.com\/wp-content\/uploads\/2021\/03\/2881-banner-product-websites-global.jpg\" alt=\"\" width=\"786\" height=\"269\" srcset=\"https:\/\/globalsew.com\/wp-content\/uploads\/2021\/03\/2881-banner-product-websites-global.jpg 786w, https:\/\/globalsew.com\/wp-content\/uploads\/2021\/03\/2881-banner-product-websites-global-555x190.jpg 555w, https:\/\/globalsew.com\/wp-content\/uploads\/2021\/03\/2881-banner-product-websites-global-300x103.jpg 300w, https:\/\/globalsew.com\/wp-content\/uploads\/2021\/03\/2881-banner-product-websites-global-768x263.jpg 768w, https:\/\/globalsew.com\/wp-content\/uploads\/2021\/03\/2881-banner-product-websites-global-205x70.jpg 205w\" sizes=\"(max-width: 786px) 100vw, 786px\" \/><\/p>\n<p><strong>LP 2881 - AUT<br \/>\n<\/strong><img decoding=\"async\" class=\"alignnone size-full wp-image-95492\" src=\"https:\/\/globalsew.com\/wp-content\/uploads\/2017\/03\/ICONS-WEB-STANDARD-LP-8971-AUT-01GLOBAL-M.jpg\" alt=\"\" width=\"344\" height=\"48\" srcset=\"https:\/\/globalsew.com\/wp-content\/uploads\/2017\/03\/ICONS-WEB-STANDARD-LP-8971-AUT-01GLOBAL-M.jpg 344w, https:\/\/globalsew.com\/wp-content\/uploads\/2017\/03\/ICONS-WEB-STANDARD-LP-8971-AUT-01GLOBAL-M-300x42.jpg 300w, https:\/\/globalsew.com\/wp-content\/uploads\/2017\/03\/ICONS-WEB-STANDARD-LP-8971-AUT-01GLOBAL-M-205x29.jpg 205w\" sizes=\"(max-width: 344px) 100vw, 344px\" \/><\/p>\n<p>Hochgeschwindigkeits-Einzelnadelbettmaschine. Vollelektrisch und vollautomatisch mit drei Schrittmotoren, die den Radtransport, den Nadeltransport und den Rollfu\u00df antreiben. Die Sticheinstellung erfolgt elektronisch, wodurch die Stichl\u00e4nge und der R\u00fcckw\u00e4rtsstich in der Masche pr\u00e4zise und von h\u00f6chster Qualit\u00e4t sind. Programmierbarer Differentialtransport (+\/- 1,0 mm) f\u00fcr Ober- und Untertransport Bis zu 99 Programme k\u00f6nnen gespeichert und \u00fcber USB von Maschine zu Maschine \u00fcbertragen werden. Weitere Funktionen sind Fadenabschneider, Fu\u00dfl\u00fcftung und automatischer Verriegelungsmechanismus.<\/p>\n<p>&nbsp;<\/p>\n<p><img decoding=\"async\" class=\"alignnone wp-image-96087\" src=\"https:\/\/globalsew.com\/wp-content\/uploads\/2021\/03\/WEBSITES-MAIN-LP-2881-AUT-02-GLOBAL-2.jpg\" alt=\"\" width=\"394\" height=\"272\" srcset=\"https:\/\/globalsew.com\/wp-content\/uploads\/2021\/03\/WEBSITES-MAIN-LP-2881-AUT-02-GLOBAL-2.jpg 501w, https:\/\/globalsew.com\/wp-content\/uploads\/2021\/03\/WEBSITES-MAIN-LP-2881-AUT-02-GLOBAL-2-300x207.jpg 300w, https:\/\/globalsew.com\/wp-content\/uploads\/2021\/03\/WEBSITES-MAIN-LP-2881-AUT-02-GLOBAL-2-205x142.jpg 205w\" sizes=\"(max-width: 394px) 100vw, 394px\" \/><img loading=\"lazy\" decoding=\"async\" class=\"alignnone wp-image-96088\" src=\"https:\/\/globalsew.com\/wp-content\/uploads\/2021\/03\/WEBSITES-MAIN-LP-2881-02-GLOBAL.jpg\" alt=\"\" width=\"394\" height=\"272\" srcset=\"https:\/\/globalsew.com\/wp-content\/uploads\/2021\/03\/WEBSITES-MAIN-LP-2881-02-GLOBAL.jpg 501w, https:\/\/globalsew.com\/wp-content\/uploads\/2021\/03\/WEBSITES-MAIN-LP-2881-02-GLOBAL-300x207.jpg 300w, https:\/\/globalsew.com\/wp-content\/uploads\/2021\/03\/WEBSITES-MAIN-LP-2881-02-GLOBAL-205x142.jpg 205w\" sizes=\"(max-width: 394px) 100vw, 394px\" \/><\/p>\n<p>&nbsp;<\/p>\n<p><strong>LP 2881- LH - AUT<br \/>\n<\/strong><strong><img loading=\"lazy\" decoding=\"async\" class=\"alignnone size-full wp-image-95494\" src=\"https:\/\/globalsew.com\/wp-content\/uploads\/2017\/03\/ICONS-WEB-STANDARD-LP-8971-LH-AUT-GLOBAL-M.jpg\" alt=\"\" width=\"344\" height=\"48\" srcset=\"https:\/\/globalsew.com\/wp-content\/uploads\/2017\/03\/ICONS-WEB-STANDARD-LP-8971-LH-AUT-GLOBAL-M.jpg 344w, https:\/\/globalsew.com\/wp-content\/uploads\/2017\/03\/ICONS-WEB-STANDARD-LP-8971-LH-AUT-GLOBAL-M-300x42.jpg 300w, https:\/\/globalsew.com\/wp-content\/uploads\/2017\/03\/ICONS-WEB-STANDARD-LP-8971-LH-AUT-GLOBAL-M-205x29.jpg 205w\" sizes=\"(max-width: 344px) 100vw, 344px\" \/>\u00a0 \u00a0 \u00a0 \u00a0<\/strong><\/p>\n<p>LP 2881 LH AUT (C) Wie LP 2881 AUT, jedoch mit gro\u00dfem Haken.<\/p>\n<p><img loading=\"lazy\" decoding=\"async\" class=\"alignnone wp-image-96089\" src=\"https:\/\/globalsew.com\/wp-content\/uploads\/2021\/03\/WEBSITES-MAIN-LP-8971-I-LH-AUT-05-GLOBAL-2.jpg\" alt=\"\" width=\"397\" height=\"274\" srcset=\"https:\/\/globalsew.com\/wp-content\/uploads\/2021\/03\/WEBSITES-MAIN-LP-8971-I-LH-AUT-05-GLOBAL-2.jpg 501w, https:\/\/globalsew.com\/wp-content\/uploads\/2021\/03\/WEBSITES-MAIN-LP-8971-I-LH-AUT-05-GLOBAL-2-300x207.jpg 300w, https:\/\/globalsew.com\/wp-content\/uploads\/2021\/03\/WEBSITES-MAIN-LP-8971-I-LH-AUT-05-GLOBAL-2-205x142.jpg 205w\" sizes=\"(max-width: 397px) 100vw, 397px\" \/><img loading=\"lazy\" decoding=\"async\" class=\"alignnone wp-image-96090\" src=\"https:\/\/globalsew.com\/wp-content\/uploads\/2021\/03\/WEBSITES-MAIN-LP-2881-lh-04-GLOBAL.jpg\" alt=\"\" width=\"397\" height=\"274\" srcset=\"https:\/\/globalsew.com\/wp-content\/uploads\/2021\/03\/WEBSITES-MAIN-LP-2881-lh-04-GLOBAL.jpg 501w, https:\/\/globalsew.com\/wp-content\/uploads\/2021\/03\/WEBSITES-MAIN-LP-2881-lh-04-GLOBAL-300x207.jpg 300w, https:\/\/globalsew.com\/wp-content\/uploads\/2021\/03\/WEBSITES-MAIN-LP-2881-lh-04-GLOBAL-205x142.jpg 205w\" sizes=\"(max-width: 397px) 100vw, 397px\" \/><\/p>\n<p><strong>LP 2884 AUT<\/strong><br \/>\nElektronische Zweinadel-S\u00e4ulen-N\u00e4hmaschine mit Standard-Greifern, Rollfu\u00df mit Oberantrieb, Rad- und Nadeltransport. Die Maschine ist mit elektrischem Fadenabschneider, N\u00e4hfu\u00dfl\u00fcftung und automatischer Verriegelung ausgestattet. Dieses Modell wird von 3 Schrittmotoren angetrieben, auf dem Rollfu\u00df, dem Transportradmechanismus und dem Nadeltransportmechanismus, was ein ausgezeichnetes Stich-in-Stich-Finish gew\u00e4hrleistet. Bis zu 95 Programme k\u00f6nnen gespeichert und \u00fcber USB von Maschine zu Maschine \u00fcbertragen werden. Der Stich wird elektronisch eingestellt, wodurch die Stichl\u00e4nge und der R\u00fcckw\u00e4rtsstich im Stich pr\u00e4zise und von h\u00f6chster Qualit\u00e4t sind. Programmierbarer Differentialtransport (+\/- 1,0 mm) f\u00fcr Ober- und Untertransport. Standard-Nadelabstand: 2,0 mm, 1,6 mm, 1,8 mm und 2,4 mm durch Drehen der Nadelklemme m\u00f6glich. Wahlweise: 3,2 mm<\/p>\n<p>&nbsp;<\/p>\n<p><strong>LP 2884-LCH-AUT<br \/>\n<\/strong>Wie LP 2884 AUT, jedoch mit Haken mit gro\u00dfer Kapazit\u00e4t. (Japanisch)<strong><br \/>\n<\/strong><\/p>","protected":false},"excerpt":{"rendered":"<p>Downloads finden Sie auf unserer Download-Seite f\u00fcr die <a class=\"download-link\" href=\"https:\/\/globalsew.com\/de\/herunterladen\/baureihe-lp-2881\/\" target=\"_blank\" rel=\"noopener\">Baureihe LP 2880<\/a>.<\/p>\n<p>Technische Daten:<\/p>\n<p>* Max. Maschinengeschwindigkeit: 2500 U\/min<br \/>\n* \u00d6lsystem: vollautomatisch<br \/>\n* Vorschubart: Nadel- und Radtransport, von oben angetriebener Rollendr\u00fccker durch Schrittmotoren<br \/>\n* Stichl\u00e4nge: max. 4,9 mm<br \/>\n* Presserfu\u00dfhub: 12 mm<br \/>\n* Nadeltyp: 134 LR<br \/>\n* Doppelnadel: Standard-Nadelst\u00e4rke 2,0 mm, 1,6 mm, 1,8 mm und 2,4 mm durch Drehen der Nadelklemme m\u00f6glich. Optional: 3,2 mm<\/p>\n<div class=\"col-md-4\"><\/div>","protected":false},"featured_media":105308,"template":"","meta":{"_acf_changed":false},"product_brand":[],"product_cat":[123,25],"product_tag":[],"class_list":{"0":"post-96076","1":"product","2":"type-product","3":"status-publish","4":"has-post-thumbnail","6":"product_cat-postbed-shoe-machines","7":"product_cat-shoes","8":"tm-has-options","10":"first","11":"instock","12":"shipping-taxable","13":"purchasable","14":"product-type-variable"},"acf":[],"gallery_images":[105730,105312,105310],"yoast_head":"<!-- This site is optimized with the Yoast SEO plugin v27.3 - https:\/\/yoast.com\/product\/yoast-seo-wordpress\/ -->\n<title>LP 2880 Series - Global International B.V.<\/title>\n<meta name=\"robots\" content=\"index, follow, max-snippet:-1, max-image-preview:large, max-video-preview:-1\" \/>\n<link rel=\"canonical\" href=\"https:\/\/globalsew.com\/de\/produkt\/baureihe-lp-2881\/\" \/>\n<meta property=\"og:locale\" content=\"de_DE\" \/>\n<meta property=\"og:type\" content=\"article\" \/>\n<meta property=\"og:title\" content=\"LP 2880 Series - Global International B.V.\" \/>\n<meta property=\"og:description\" content=\"For downloads see our downloads page for the LP 2880 series.  Technical specifications:  * Max. machine speed: 2500 spm * Oiling system: fully automatic * Feed type: needle and wheel feed, top driven roller presser by stepping motors * Stitch length: max. 4,9 mm * Presser foot lift: 12 mm * Needle type: 134 LR * Double needle: standard needle gauge 2,0 mm, 1,6 mm, 1,8 mm and 2,4 mm possible by turning the needle clamp. Optional: 3,2 mm\" \/>\n<meta property=\"og:url\" content=\"https:\/\/globalsew.com\/de\/produkt\/baureihe-lp-2881\/\" \/>\n<meta property=\"og:site_name\" content=\"Global International B.V.\" \/>\n<meta property=\"article:modified_time\" content=\"2025-09-29T13:11:23+00:00\" \/>\n<meta property=\"og:image\" content=\"https:\/\/globalsew.com\/wp-content\/uploads\/2021\/03\/products-LP-2881-03-06-global-1080-website-2024.jpg\" \/>\n\t<meta property=\"og:image:width\" content=\"1819\" \/>\n\t<meta property=\"og:image:height\" content=\"1080\" \/>\n\t<meta property=\"og:image:type\" content=\"image\/jpeg\" \/>\n<meta name=\"twitter:card\" content=\"summary_large_image\" \/>\n<meta name=\"twitter:label1\" content=\"Gesch\u00e4tzte Lesezeit\" \/>\n\t<meta name=\"twitter:data1\" content=\"3\u00a0Minuten\" \/>\n<script type=\"application\/ld+json\" class=\"yoast-schema-graph\">{\"@context\":\"https:\\\/\\\/schema.org\",\"@graph\":[{\"@type\":\"WebPage\",\"@id\":\"https:\\\/\\\/globalsew.com\\\/product\\\/lp-2881-series\\\/\",\"url\":\"https:\\\/\\\/globalsew.com\\\/product\\\/lp-2881-series\\\/\",\"name\":\"LP 2880 Series - Global International B.V.\",\"isPartOf\":{\"@id\":\"https:\\\/\\\/globalsew.com\\\/#website\"},\"primaryImageOfPage\":{\"@id\":\"https:\\\/\\\/globalsew.com\\\/product\\\/lp-2881-series\\\/#primaryimage\"},\"image\":{\"@id\":\"https:\\\/\\\/globalsew.com\\\/product\\\/lp-2881-series\\\/#primaryimage\"},\"thumbnailUrl\":\"https:\\\/\\\/globalsew.com\\\/wp-content\\\/uploads\\\/2021\\\/03\\\/products-LP-2881-03-06-global-1080-website-2024.jpg\",\"datePublished\":\"2021-03-19T10:37:51+00:00\",\"dateModified\":\"2025-09-29T13:11:23+00:00\",\"breadcrumb\":{\"@id\":\"https:\\\/\\\/globalsew.com\\\/product\\\/lp-2881-series\\\/#breadcrumb\"},\"inLanguage\":\"de\",\"potentialAction\":[{\"@type\":\"ReadAction\",\"target\":[\"https:\\\/\\\/globalsew.com\\\/product\\\/lp-2881-series\\\/\"]}]},{\"@type\":\"ImageObject\",\"inLanguage\":\"de\",\"@id\":\"https:\\\/\\\/globalsew.com\\\/product\\\/lp-2881-series\\\/#primaryimage\",\"url\":\"https:\\\/\\\/globalsew.com\\\/wp-content\\\/uploads\\\/2021\\\/03\\\/products-LP-2881-03-06-global-1080-website-2024.jpg\",\"contentUrl\":\"https:\\\/\\\/globalsew.com\\\/wp-content\\\/uploads\\\/2021\\\/03\\\/products-LP-2881-03-06-global-1080-website-2024.jpg\",\"width\":1819,\"height\":1080,\"caption\":\"LP 2881\"},{\"@type\":\"BreadcrumbList\",\"@id\":\"https:\\\/\\\/globalsew.com\\\/product\\\/lp-2881-series\\\/#breadcrumb\",\"itemListElement\":[{\"@type\":\"ListItem\",\"position\":1,\"name\":\"Home\",\"item\":\"https:\\\/\\\/globalsew.com\\\/\"},{\"@type\":\"ListItem\",\"position\":2,\"name\":\"Products\",\"item\":\"https:\\\/\\\/globalsew.com\\\/products\\\/\"},{\"@type\":\"ListItem\",\"position\":3,\"name\":\"LP 2880 Series\"}]},{\"@type\":\"WebSite\",\"@id\":\"https:\\\/\\\/globalsew.com\\\/#website\",\"url\":\"https:\\\/\\\/globalsew.com\\\/\",\"name\":\"Global International B.V.\",\"description\":\"Industrial Sewing Machines\",\"potentialAction\":[{\"@type\":\"SearchAction\",\"target\":{\"@type\":\"EntryPoint\",\"urlTemplate\":\"https:\\\/\\\/globalsew.com\\\/?s={search_term_string}\"},\"query-input\":{\"@type\":\"PropertyValueSpecification\",\"valueRequired\":true,\"valueName\":\"search_term_string\"}}],\"inLanguage\":\"de\"}]}<\/script>\n<!-- \/ Yoast SEO plugin. -->","yoast_head_json":{"title":"Baureihe LP 2880 - Global International B.V.","robots":{"index":"index","follow":"follow","max-snippet":"max-snippet:-1","max-image-preview":"max-image-preview:large","max-video-preview":"max-video-preview:-1"},"canonical":"https:\/\/globalsew.com\/de\/produkt\/baureihe-lp-2881\/","og_locale":"de_DE","og_type":"article","og_title":"LP 2880 Series - Global International B.V.","og_description":"For downloads see our downloads page for the LP 2880 series.  Technical specifications:  * Max. machine speed: 2500 spm * Oiling system: fully automatic * Feed type: needle and wheel feed, top driven roller presser by stepping motors * Stitch length: max. 4,9 mm * Presser foot lift: 12 mm * Needle type: 134 LR * Double needle: standard needle gauge 2,0 mm, 1,6 mm, 1,8 mm and 2,4 mm possible by turning the needle clamp. Optional: 3,2 mm","og_url":"https:\/\/globalsew.com\/de\/produkt\/baureihe-lp-2881\/","og_site_name":"Global International B.V.","article_modified_time":"2025-09-29T13:11:23+00:00","og_image":[{"width":1819,"height":1080,"url":"https:\/\/globalsew.com\/wp-content\/uploads\/2021\/03\/products-LP-2881-03-06-global-1080-website-2024.jpg","type":"image\/jpeg"}],"twitter_card":"summary_large_image","twitter_misc":{"Gesch\u00e4tzte Lesezeit":"3\u00a0Minuten"},"schema":{"@context":"https:\/\/schema.org","@graph":[{"@type":"WebPage","@id":"https:\/\/globalsew.com\/product\/lp-2881-series\/","url":"https:\/\/globalsew.com\/product\/lp-2881-series\/","name":"Baureihe LP 2880 - Global International B.V.","isPartOf":{"@id":"https:\/\/globalsew.com\/#website"},"primaryImageOfPage":{"@id":"https:\/\/globalsew.com\/product\/lp-2881-series\/#primaryimage"},"image":{"@id":"https:\/\/globalsew.com\/product\/lp-2881-series\/#primaryimage"},"thumbnailUrl":"https:\/\/globalsew.com\/wp-content\/uploads\/2021\/03\/products-LP-2881-03-06-global-1080-website-2024.jpg","datePublished":"2021-03-19T10:37:51+00:00","dateModified":"2025-09-29T13:11:23+00:00","breadcrumb":{"@id":"https:\/\/globalsew.com\/product\/lp-2881-series\/#breadcrumb"},"inLanguage":"de","potentialAction":[{"@type":"ReadAction","target":["https:\/\/globalsew.com\/product\/lp-2881-series\/"]}]},{"@type":"ImageObject","inLanguage":"de","@id":"https:\/\/globalsew.com\/product\/lp-2881-series\/#primaryimage","url":"https:\/\/globalsew.com\/wp-content\/uploads\/2021\/03\/products-LP-2881-03-06-global-1080-website-2024.jpg","contentUrl":"https:\/\/globalsew.com\/wp-content\/uploads\/2021\/03\/products-LP-2881-03-06-global-1080-website-2024.jpg","width":1819,"height":1080,"caption":"LP 2881"},{"@type":"BreadcrumbList","@id":"https:\/\/globalsew.com\/product\/lp-2881-series\/#breadcrumb","itemListElement":[{"@type":"ListItem","position":1,"name":"Home","item":"https:\/\/globalsew.com\/"},{"@type":"ListItem","position":2,"name":"Products","item":"https:\/\/globalsew.com\/products\/"},{"@type":"ListItem","position":3,"name":"LP 2880 Series"}]},{"@type":"WebSite","@id":"https:\/\/globalsew.com\/#website","url":"https:\/\/globalsew.com\/","name":"Global International B.V.","description":"Industrielle N\u00e4hmaschinen","potentialAction":[{"@type":"SearchAction","target":{"@type":"EntryPoint","urlTemplate":"https:\/\/globalsew.com\/?s={search_term_string}"},"query-input":{"@type":"PropertyValueSpecification","valueRequired":true,"valueName":"search_term_string"}}],"inLanguage":"de"}]}},"_links":{"self":[{"href":"https:\/\/globalsew.com\/de\/wp-json\/wp\/v2\/product\/96076","targetHints":{"allow":["GET"]}}],"collection":[{"href":"https:\/\/globalsew.com\/de\/wp-json\/wp\/v2\/product"}],"about":[{"href":"https:\/\/globalsew.com\/de\/wp-json\/wp\/v2\/types\/product"}],"wp:featuredmedia":[{"embeddable":true,"href":"https:\/\/globalsew.com\/de\/wp-json\/wp\/v2\/media\/105308"}],"wp:attachment":[{"href":"https:\/\/globalsew.com\/de\/wp-json\/wp\/v2\/media?parent=96076"}],"wp:term":[{"taxonomy":"product_brand","embeddable":true,"href":"https:\/\/globalsew.com\/de\/wp-json\/wp\/v2\/product_brand?post=96076"},{"taxonomy":"product_cat","embeddable":true,"href":"https:\/\/globalsew.com\/de\/wp-json\/wp\/v2\/product_cat?post=96076"},{"taxonomy":"product_tag","embeddable":true,"href":"https:\/\/globalsew.com\/de\/wp-json\/wp\/v2\/product_tag?post=96076"}],"curies":[{"name":"wp","href":"https:\/\/api.w.org\/{rel}","templated":true}]}}