{"id":95967,"date":"2020-11-10T12:57:14","date_gmt":"2020-11-10T11:57:14","guid":{"rendered":"https:\/\/globalsew.com\/?post_type=product&#038;p=95967"},"modified":"2024-05-22T09:55:24","modified_gmt":"2024-05-22T07:55:24","slug":"sk-111-aut-serie","status":"publish","type":"product","link":"https:\/\/globalsew.com\/de\/product\/sk-111-aut-series\/","title":{"rendered":"Baureihe SK 111 AUT"},"content":{"rendered":"<p><strong>SK 111 Nur AUT-Kopf - <\/strong>Der v\u00f6llig \"neue\" Global SK 111 AUT ist mit zwei unabh\u00e4ngigen, leistungsstarken Servomotoren f\u00fcr die variable Einstellung der Vorschubwalze sowie der Messerdrehzahl ausgestattet. Der neu entwickelte Global SK 111 AUT kann Materialien wie dickes, mittleres und d\u00fcnnes Leder, \u00e4hnliche Materialien, technische Textilien, laminierte Materialien usw. schneiden. Die Vorschubwalze und die Messergeschwindigkeit sind unabh\u00e4ngig voneinander einstellbar, je nach Material, Sch\u00e4rfform und F\u00e4higkeiten des Bedieners, um ein \"neues perfektes\" Ergebnis zu erzielen.<\/p>\n<p>Die Maschinengeschwindigkeit kann je nach Art der Arbeit und \/ oder den F\u00e4higkeiten des Bedieners auf eine automatische Geschwindigkeit voreingestellt oder auf eine manuelle Einstellung umgestellt werden.<\/p>\n<p><strong>Global SK 111 AUT vollst\u00e4ndig - <\/strong>Wie oben, jedoch mit Vakuumtisch ausgestattet.<\/p>","protected":false},"excerpt":{"rendered":"<p>Downloads finden Sie auf unserer Download-Seite f\u00fcr die <a class=\"download-link\" href=\"https:\/\/globalsew.com\/de\/herunterladen\/sk-serie-2\/\">SK-Reihe<\/a>.<\/p>","protected":false},"featured_media":105454,"template":"","meta":{"_acf_changed":false},"product_brand":[],"product_cat":[25,130],"product_tag":[],"class_list":{"0":"post-95967","1":"product","2":"type-product","3":"status-publish","4":"has-post-thumbnail","6":"product_cat-shoes","7":"product_cat-skiving-machines","8":"tm-has-options","10":"first","11":"instock","12":"shipping-taxable","13":"purchasable","14":"product-type-simple"},"acf":[],"gallery_images":[105450,105451,105452,105453,105455],"yoast_head":"<!-- This site is optimized with the Yoast SEO plugin v27.3 - https:\/\/yoast.com\/product\/yoast-seo-wordpress\/ -->\n<title>SK 111 AUT series - Global International B.V.<\/title>\n<meta name=\"robots\" content=\"index, follow, max-snippet:-1, max-image-preview:large, max-video-preview:-1\" \/>\n<link rel=\"canonical\" href=\"https:\/\/globalsew.com\/de\/produkt\/sk-111-aut-serie\/\" \/>\n<meta property=\"og:locale\" content=\"de_DE\" \/>\n<meta property=\"og:type\" content=\"article\" \/>\n<meta property=\"og:title\" content=\"SK 111 AUT series - Global International B.V.\" \/>\n<meta property=\"og:description\" content=\"For downloads see our downloads page for the SK series.\" \/>\n<meta property=\"og:url\" content=\"https:\/\/globalsew.com\/de\/produkt\/sk-111-aut-serie\/\" \/>\n<meta property=\"og:site_name\" content=\"Global International B.V.\" \/>\n<meta property=\"article:modified_time\" content=\"2024-05-22T07:55:24+00:00\" \/>\n<meta property=\"og:image\" content=\"https:\/\/globalsew.com\/wp-content\/uploads\/2020\/11\/products-sk-111-aut-4932-global-1080-website-2024.jpg\" \/>\n\t<meta property=\"og:image:width\" content=\"1819\" \/>\n\t<meta property=\"og:image:height\" content=\"1080\" \/>\n\t<meta property=\"og:image:type\" content=\"image\/jpeg\" \/>\n<meta name=\"twitter:card\" content=\"summary_large_image\" \/>\n<meta name=\"twitter:label1\" content=\"Gesch\u00e4tzte Lesezeit\" \/>\n\t<meta name=\"twitter:data1\" content=\"1\u00a0Minute\" \/>\n<script type=\"application\/ld+json\" class=\"yoast-schema-graph\">{\"@context\":\"https:\\\/\\\/schema.org\",\"@graph\":[{\"@type\":\"WebPage\",\"@id\":\"https:\\\/\\\/globalsew.com\\\/product\\\/sk-111-aut-series\\\/\",\"url\":\"https:\\\/\\\/globalsew.com\\\/product\\\/sk-111-aut-series\\\/\",\"name\":\"SK 111 AUT series - Global International B.V.\",\"isPartOf\":{\"@id\":\"https:\\\/\\\/globalsew.com\\\/#website\"},\"primaryImageOfPage\":{\"@id\":\"https:\\\/\\\/globalsew.com\\\/product\\\/sk-111-aut-series\\\/#primaryimage\"},\"image\":{\"@id\":\"https:\\\/\\\/globalsew.com\\\/product\\\/sk-111-aut-series\\\/#primaryimage\"},\"thumbnailUrl\":\"https:\\\/\\\/globalsew.com\\\/wp-content\\\/uploads\\\/2020\\\/11\\\/products-sk-111-aut-4932-global-1080-website-2024.jpg\",\"datePublished\":\"2020-11-10T11:57:14+00:00\",\"dateModified\":\"2024-05-22T07:55:24+00:00\",\"breadcrumb\":{\"@id\":\"https:\\\/\\\/globalsew.com\\\/product\\\/sk-111-aut-series\\\/#breadcrumb\"},\"inLanguage\":\"de\",\"potentialAction\":[{\"@type\":\"ReadAction\",\"target\":[\"https:\\\/\\\/globalsew.com\\\/product\\\/sk-111-aut-series\\\/\"]}]},{\"@type\":\"ImageObject\",\"inLanguage\":\"de\",\"@id\":\"https:\\\/\\\/globalsew.com\\\/product\\\/sk-111-aut-series\\\/#primaryimage\",\"url\":\"https:\\\/\\\/globalsew.com\\\/wp-content\\\/uploads\\\/2020\\\/11\\\/products-sk-111-aut-4932-global-1080-website-2024.jpg\",\"contentUrl\":\"https:\\\/\\\/globalsew.com\\\/wp-content\\\/uploads\\\/2020\\\/11\\\/products-sk-111-aut-4932-global-1080-website-2024.jpg\",\"width\":1819,\"height\":1080,\"caption\":\"SK 111 AUT\"},{\"@type\":\"BreadcrumbList\",\"@id\":\"https:\\\/\\\/globalsew.com\\\/product\\\/sk-111-aut-series\\\/#breadcrumb\",\"itemListElement\":[{\"@type\":\"ListItem\",\"position\":1,\"name\":\"Home\",\"item\":\"https:\\\/\\\/globalsew.com\\\/\"},{\"@type\":\"ListItem\",\"position\":2,\"name\":\"Products\",\"item\":\"https:\\\/\\\/globalsew.com\\\/products\\\/\"},{\"@type\":\"ListItem\",\"position\":3,\"name\":\"SK 111 AUT series\"}]},{\"@type\":\"WebSite\",\"@id\":\"https:\\\/\\\/globalsew.com\\\/#website\",\"url\":\"https:\\\/\\\/globalsew.com\\\/\",\"name\":\"Global International B.V.\",\"description\":\"Industrial Sewing Machines\",\"potentialAction\":[{\"@type\":\"SearchAction\",\"target\":{\"@type\":\"EntryPoint\",\"urlTemplate\":\"https:\\\/\\\/globalsew.com\\\/?s={search_term_string}\"},\"query-input\":{\"@type\":\"PropertyValueSpecification\",\"valueRequired\":true,\"valueName\":\"search_term_string\"}}],\"inLanguage\":\"de\"}]}<\/script>\n<!-- \/ Yoast SEO plugin. -->","yoast_head_json":{"title":"Baureihe SK 111 AUT - Global International B.V.","robots":{"index":"index","follow":"follow","max-snippet":"max-snippet:-1","max-image-preview":"max-image-preview:large","max-video-preview":"max-video-preview:-1"},"canonical":"https:\/\/globalsew.com\/de\/produkt\/sk-111-aut-serie\/","og_locale":"de_DE","og_type":"article","og_title":"SK 111 AUT series - Global International B.V.","og_description":"For downloads see our downloads page for the SK series.","og_url":"https:\/\/globalsew.com\/de\/produkt\/sk-111-aut-serie\/","og_site_name":"Global International B.V.","article_modified_time":"2024-05-22T07:55:24+00:00","og_image":[{"width":1819,"height":1080,"url":"https:\/\/globalsew.com\/wp-content\/uploads\/2020\/11\/products-sk-111-aut-4932-global-1080-website-2024.jpg","type":"image\/jpeg"}],"twitter_card":"summary_large_image","twitter_misc":{"Gesch\u00e4tzte Lesezeit":"1\u00a0Minute"},"schema":{"@context":"https:\/\/schema.org","@graph":[{"@type":"WebPage","@id":"https:\/\/globalsew.com\/product\/sk-111-aut-series\/","url":"https:\/\/globalsew.com\/product\/sk-111-aut-series\/","name":"Baureihe SK 111 AUT - Global International B.V.","isPartOf":{"@id":"https:\/\/globalsew.com\/#website"},"primaryImageOfPage":{"@id":"https:\/\/globalsew.com\/product\/sk-111-aut-series\/#primaryimage"},"image":{"@id":"https:\/\/globalsew.com\/product\/sk-111-aut-series\/#primaryimage"},"thumbnailUrl":"https:\/\/globalsew.com\/wp-content\/uploads\/2020\/11\/products-sk-111-aut-4932-global-1080-website-2024.jpg","datePublished":"2020-11-10T11:57:14+00:00","dateModified":"2024-05-22T07:55:24+00:00","breadcrumb":{"@id":"https:\/\/globalsew.com\/product\/sk-111-aut-series\/#breadcrumb"},"inLanguage":"de","potentialAction":[{"@type":"ReadAction","target":["https:\/\/globalsew.com\/product\/sk-111-aut-series\/"]}]},{"@type":"ImageObject","inLanguage":"de","@id":"https:\/\/globalsew.com\/product\/sk-111-aut-series\/#primaryimage","url":"https:\/\/globalsew.com\/wp-content\/uploads\/2020\/11\/products-sk-111-aut-4932-global-1080-website-2024.jpg","contentUrl":"https:\/\/globalsew.com\/wp-content\/uploads\/2020\/11\/products-sk-111-aut-4932-global-1080-website-2024.jpg","width":1819,"height":1080,"caption":"SK 111 AUT"},{"@type":"BreadcrumbList","@id":"https:\/\/globalsew.com\/product\/sk-111-aut-series\/#breadcrumb","itemListElement":[{"@type":"ListItem","position":1,"name":"Home","item":"https:\/\/globalsew.com\/"},{"@type":"ListItem","position":2,"name":"Products","item":"https:\/\/globalsew.com\/products\/"},{"@type":"ListItem","position":3,"name":"SK 111 AUT series"}]},{"@type":"WebSite","@id":"https:\/\/globalsew.com\/#website","url":"https:\/\/globalsew.com\/","name":"Global International B.V.","description":"Industrielle N\u00e4hmaschinen","potentialAction":[{"@type":"SearchAction","target":{"@type":"EntryPoint","urlTemplate":"https:\/\/globalsew.com\/?s={search_term_string}"},"query-input":{"@type":"PropertyValueSpecification","valueRequired":true,"valueName":"search_term_string"}}],"inLanguage":"de"}]}},"_links":{"self":[{"href":"https:\/\/globalsew.com\/de\/wp-json\/wp\/v2\/product\/95967","targetHints":{"allow":["GET"]}}],"collection":[{"href":"https:\/\/globalsew.com\/de\/wp-json\/wp\/v2\/product"}],"about":[{"href":"https:\/\/globalsew.com\/de\/wp-json\/wp\/v2\/types\/product"}],"wp:featuredmedia":[{"embeddable":true,"href":"https:\/\/globalsew.com\/de\/wp-json\/wp\/v2\/media\/105454"}],"wp:attachment":[{"href":"https:\/\/globalsew.com\/de\/wp-json\/wp\/v2\/media?parent=95967"}],"wp:term":[{"taxonomy":"product_brand","embeddable":true,"href":"https:\/\/globalsew.com\/de\/wp-json\/wp\/v2\/product_brand?post=95967"},{"taxonomy":"product_cat","embeddable":true,"href":"https:\/\/globalsew.com\/de\/wp-json\/wp\/v2\/product_cat?post=95967"},{"taxonomy":"product_tag","embeddable":true,"href":"https:\/\/globalsew.com\/de\/wp-json\/wp\/v2\/product_tag?post=95967"}],"curies":[{"name":"wp","href":"https:\/\/api.w.org\/{rel}","templated":true}]}}