{"id":95425,"date":"2020-04-02T16:48:24","date_gmt":"2020-04-02T14:48:24","guid":{"rendered":"https:\/\/globalsew.com\/?post_type=product&#038;p=95425"},"modified":"2024-07-04T11:22:07","modified_gmt":"2024-07-04T09:22:07","slug":"dk-ad-767-fa-373-hp-rap-15-stuck","status":"publish","type":"product","link":"https:\/\/globalsew.com\/de\/product\/dk-ad-767-fa-373-hp-rap-15-pieces\/","title":{"rendered":"DK\/AD 767-FA-373 (14 St\u00fcck)"},"content":{"rendered":"","protected":false},"excerpt":{"rendered":"<p><span style=\"display: inline !important; float: none; background-color: #ffffff; color: #333333; cursor: text; font-family: Georgia,'Times New Roman','Bitstream Charter',Times,serif; font-size: 16px; font-style: normal; font-variant: normal; font-weight: 400; letter-spacing: normal; orphans: 2; text-align: left; text-decoration: none; text-indent: 0px; text-transform: none; -webkit-text-stroke-width: 0px; white-space: normal; word-spacing: 0px;\">Industrielle Einnadel-Gehfu\u00dfmaschine, vollautomatisch. Kopf mit Efka DC 1600 Servomotor und Zubeh\u00f6r (14 St\u00fcck verf\u00fcgbar)<\/span><\/p>","protected":false},"featured_media":95423,"template":"","meta":{"_acf_changed":false},"product_brand":[],"product_cat":[346,351,317],"product_tag":[],"class_list":{"0":"post-95425","1":"product","2":"type-product","3":"status-publish","4":"has-post-thumbnail","6":"product_cat-durkopp-adler","7":"product_cat-new-arrivals","8":"product_cat-used-products","9":"tm-no-options","11":"first","12":"instock","13":"shipping-taxable","14":"purchasable","15":"product-type-simple"},"acf":[],"gallery_images":[],"yoast_head":"<!-- This site is optimized with the Yoast SEO plugin v27.3 - https:\/\/yoast.com\/product\/yoast-seo-wordpress\/ -->\n<title>DK\/AD 767-FA-373 (14 pieces) - Global International B.V.<\/title>\n<meta name=\"robots\" content=\"index, follow, max-snippet:-1, max-image-preview:large, max-video-preview:-1\" \/>\n<link rel=\"canonical\" href=\"https:\/\/globalsew.com\/de\/produkt\/dk-ad-767-fa-373-hp-rap-15-stuck\/\" \/>\n<meta property=\"og:locale\" content=\"de_DE\" \/>\n<meta property=\"og:type\" content=\"article\" \/>\n<meta property=\"og:title\" content=\"DK\/AD 767-FA-373 (14 pieces) - Global International B.V.\" \/>\n<meta property=\"og:description\" content=\"Industrial single needle walking foot machine, fully automatic. Head with Efka DC 1600 servomotor and accessories (14 pieces available)\" \/>\n<meta property=\"og:url\" content=\"https:\/\/globalsew.com\/de\/produkt\/dk-ad-767-fa-373-hp-rap-15-stuck\/\" \/>\n<meta property=\"og:site_name\" content=\"Global International B.V.\" \/>\n<meta property=\"article:modified_time\" content=\"2024-07-04T09:22:07+00:00\" \/>\n<meta property=\"og:image\" content=\"https:\/\/globalsew.com\/wp-content\/uploads\/2020\/04\/IMG_5167.jpg\" \/>\n\t<meta property=\"og:image:width\" content=\"640\" \/>\n\t<meta property=\"og:image:height\" content=\"480\" \/>\n\t<meta property=\"og:image:type\" content=\"image\/jpeg\" \/>\n<meta name=\"twitter:card\" content=\"summary_large_image\" \/>\n<meta name=\"twitter:label1\" content=\"Gesch\u00e4tzte Lesezeit\" \/>\n\t<meta name=\"twitter:data1\" content=\"1\u00a0Minute\" \/>\n<script type=\"application\/ld+json\" class=\"yoast-schema-graph\">{\"@context\":\"https:\\\/\\\/schema.org\",\"@graph\":[{\"@type\":\"WebPage\",\"@id\":\"https:\\\/\\\/globalsew.com\\\/product\\\/dk-ad-767-fa-373-hp-rap-15-pieces\\\/\",\"url\":\"https:\\\/\\\/globalsew.com\\\/product\\\/dk-ad-767-fa-373-hp-rap-15-pieces\\\/\",\"name\":\"DK\\\/AD 767-FA-373 (14 pieces) - Global International B.V.\",\"isPartOf\":{\"@id\":\"https:\\\/\\\/globalsew.com\\\/#website\"},\"primaryImageOfPage\":{\"@id\":\"https:\\\/\\\/globalsew.com\\\/product\\\/dk-ad-767-fa-373-hp-rap-15-pieces\\\/#primaryimage\"},\"image\":{\"@id\":\"https:\\\/\\\/globalsew.com\\\/product\\\/dk-ad-767-fa-373-hp-rap-15-pieces\\\/#primaryimage\"},\"thumbnailUrl\":\"https:\\\/\\\/globalsew.com\\\/wp-content\\\/uploads\\\/2020\\\/04\\\/IMG_5167.jpg\",\"datePublished\":\"2020-04-02T14:48:24+00:00\",\"dateModified\":\"2024-07-04T09:22:07+00:00\",\"breadcrumb\":{\"@id\":\"https:\\\/\\\/globalsew.com\\\/product\\\/dk-ad-767-fa-373-hp-rap-15-pieces\\\/#breadcrumb\"},\"inLanguage\":\"de\",\"potentialAction\":[{\"@type\":\"ReadAction\",\"target\":[\"https:\\\/\\\/globalsew.com\\\/product\\\/dk-ad-767-fa-373-hp-rap-15-pieces\\\/\"]}]},{\"@type\":\"ImageObject\",\"inLanguage\":\"de\",\"@id\":\"https:\\\/\\\/globalsew.com\\\/product\\\/dk-ad-767-fa-373-hp-rap-15-pieces\\\/#primaryimage\",\"url\":\"https:\\\/\\\/globalsew.com\\\/wp-content\\\/uploads\\\/2020\\\/04\\\/IMG_5167.jpg\",\"contentUrl\":\"https:\\\/\\\/globalsew.com\\\/wp-content\\\/uploads\\\/2020\\\/04\\\/IMG_5167.jpg\",\"width\":640,\"height\":480},{\"@type\":\"BreadcrumbList\",\"@id\":\"https:\\\/\\\/globalsew.com\\\/product\\\/dk-ad-767-fa-373-hp-rap-15-pieces\\\/#breadcrumb\",\"itemListElement\":[{\"@type\":\"ListItem\",\"position\":1,\"name\":\"Home\",\"item\":\"https:\\\/\\\/globalsew.com\\\/\"},{\"@type\":\"ListItem\",\"position\":2,\"name\":\"Products\",\"item\":\"https:\\\/\\\/globalsew.com\\\/products\\\/\"},{\"@type\":\"ListItem\",\"position\":3,\"name\":\"DK\\\/AD 767-FA-373 (14 pieces)\"}]},{\"@type\":\"WebSite\",\"@id\":\"https:\\\/\\\/globalsew.com\\\/#website\",\"url\":\"https:\\\/\\\/globalsew.com\\\/\",\"name\":\"Global International B.V.\",\"description\":\"Industrial Sewing Machines\",\"potentialAction\":[{\"@type\":\"SearchAction\",\"target\":{\"@type\":\"EntryPoint\",\"urlTemplate\":\"https:\\\/\\\/globalsew.com\\\/?s={search_term_string}\"},\"query-input\":{\"@type\":\"PropertyValueSpecification\",\"valueRequired\":true,\"valueName\":\"search_term_string\"}}],\"inLanguage\":\"de\"}]}<\/script>\n<!-- \/ Yoast SEO plugin. -->","yoast_head_json":{"title":"DK\/AD 767-FA-373 (14 St\u00fcck) - Global International B.V.","robots":{"index":"index","follow":"follow","max-snippet":"max-snippet:-1","max-image-preview":"max-image-preview:large","max-video-preview":"max-video-preview:-1"},"canonical":"https:\/\/globalsew.com\/de\/produkt\/dk-ad-767-fa-373-hp-rap-15-stuck\/","og_locale":"de_DE","og_type":"article","og_title":"DK\/AD 767-FA-373 (14 pieces) - Global International B.V.","og_description":"Industrial single needle walking foot machine, fully automatic. Head with Efka DC 1600 servomotor and accessories (14 pieces available)","og_url":"https:\/\/globalsew.com\/de\/produkt\/dk-ad-767-fa-373-hp-rap-15-stuck\/","og_site_name":"Global International B.V.","article_modified_time":"2024-07-04T09:22:07+00:00","og_image":[{"width":640,"height":480,"url":"https:\/\/globalsew.com\/wp-content\/uploads\/2020\/04\/IMG_5167.jpg","type":"image\/jpeg"}],"twitter_card":"summary_large_image","twitter_misc":{"Gesch\u00e4tzte Lesezeit":"1\u00a0Minute"},"schema":{"@context":"https:\/\/schema.org","@graph":[{"@type":"WebPage","@id":"https:\/\/globalsew.com\/product\/dk-ad-767-fa-373-hp-rap-15-pieces\/","url":"https:\/\/globalsew.com\/product\/dk-ad-767-fa-373-hp-rap-15-pieces\/","name":"DK\/AD 767-FA-373 (14 St\u00fcck) - Global International B.V.","isPartOf":{"@id":"https:\/\/globalsew.com\/#website"},"primaryImageOfPage":{"@id":"https:\/\/globalsew.com\/product\/dk-ad-767-fa-373-hp-rap-15-pieces\/#primaryimage"},"image":{"@id":"https:\/\/globalsew.com\/product\/dk-ad-767-fa-373-hp-rap-15-pieces\/#primaryimage"},"thumbnailUrl":"https:\/\/globalsew.com\/wp-content\/uploads\/2020\/04\/IMG_5167.jpg","datePublished":"2020-04-02T14:48:24+00:00","dateModified":"2024-07-04T09:22:07+00:00","breadcrumb":{"@id":"https:\/\/globalsew.com\/product\/dk-ad-767-fa-373-hp-rap-15-pieces\/#breadcrumb"},"inLanguage":"de","potentialAction":[{"@type":"ReadAction","target":["https:\/\/globalsew.com\/product\/dk-ad-767-fa-373-hp-rap-15-pieces\/"]}]},{"@type":"ImageObject","inLanguage":"de","@id":"https:\/\/globalsew.com\/product\/dk-ad-767-fa-373-hp-rap-15-pieces\/#primaryimage","url":"https:\/\/globalsew.com\/wp-content\/uploads\/2020\/04\/IMG_5167.jpg","contentUrl":"https:\/\/globalsew.com\/wp-content\/uploads\/2020\/04\/IMG_5167.jpg","width":640,"height":480},{"@type":"BreadcrumbList","@id":"https:\/\/globalsew.com\/product\/dk-ad-767-fa-373-hp-rap-15-pieces\/#breadcrumb","itemListElement":[{"@type":"ListItem","position":1,"name":"Home","item":"https:\/\/globalsew.com\/"},{"@type":"ListItem","position":2,"name":"Products","item":"https:\/\/globalsew.com\/products\/"},{"@type":"ListItem","position":3,"name":"DK\/AD 767-FA-373 (14 pieces)"}]},{"@type":"WebSite","@id":"https:\/\/globalsew.com\/#website","url":"https:\/\/globalsew.com\/","name":"Global International B.V.","description":"Industrielle N\u00e4hmaschinen","potentialAction":[{"@type":"SearchAction","target":{"@type":"EntryPoint","urlTemplate":"https:\/\/globalsew.com\/?s={search_term_string}"},"query-input":{"@type":"PropertyValueSpecification","valueRequired":true,"valueName":"search_term_string"}}],"inLanguage":"de"}]}},"_links":{"self":[{"href":"https:\/\/globalsew.com\/de\/wp-json\/wp\/v2\/product\/95425","targetHints":{"allow":["GET"]}}],"collection":[{"href":"https:\/\/globalsew.com\/de\/wp-json\/wp\/v2\/product"}],"about":[{"href":"https:\/\/globalsew.com\/de\/wp-json\/wp\/v2\/types\/product"}],"wp:featuredmedia":[{"embeddable":true,"href":"https:\/\/globalsew.com\/de\/wp-json\/wp\/v2\/media\/95423"}],"wp:attachment":[{"href":"https:\/\/globalsew.com\/de\/wp-json\/wp\/v2\/media?parent=95425"}],"wp:term":[{"taxonomy":"product_brand","embeddable":true,"href":"https:\/\/globalsew.com\/de\/wp-json\/wp\/v2\/product_brand?post=95425"},{"taxonomy":"product_cat","embeddable":true,"href":"https:\/\/globalsew.com\/de\/wp-json\/wp\/v2\/product_cat?post=95425"},{"taxonomy":"product_tag","embeddable":true,"href":"https:\/\/globalsew.com\/de\/wp-json\/wp\/v2\/product_tag?post=95425"}],"curies":[{"name":"wp","href":"https:\/\/api.w.org\/{rel}","templated":true}]}}