{"id":94769,"date":"2018-06-12T13:37:08","date_gmt":"2018-06-12T11:37:08","guid":{"rendered":"https:\/\/globalsew.com\/?post_type=product&#038;p=94769"},"modified":"2024-04-15T09:08:10","modified_gmt":"2024-04-15T07:08:10","slug":"strobel-444-2","status":"publish","type":"product","link":"https:\/\/globalsew.com\/de\/product\/strobel-444-2\/","title":{"rendered":"Strobel 444-2"},"content":{"rendered":"<div class=\"wpb-content-wrapper\"><div class=\"vc_row wpb_row vc_row-fluid\"><div class=\"wpb_column vc_column_container vc_col-sm-12\"><div class=\"vc_column-inner\"><div class=\"wpb_wrapper\">\n\t<div class=\"wpb_text_column wpb_content_element\" >\n\t\t<div class=\"wpb_wrapper\">\n\t\t\t<p>Die <b>neu<\/b> Strobel - Globale Schalenn\u00e4hmaschine zum Ann\u00e4hen der Einlegesohlen an den Schuhschaft.<br \/>\nIm Vergleich zur herk\u00f6mmlichen Lasermethode erm\u00f6glicht die Strobel-Methode eine erhebliche Materialeinsparung.<\/p>\n<p><span style=\"color: var( --e-global-color-text ); font-family: var( --e-global-typography-text-font-family ), Sans-serif; font-size: var( --e-global-typography-text-font-size ); text-transform: var( --e-global-typography-text-text-transform ); background-color: var( --e-global-color-primary );\">Die Maschine Strobel 444-2 ist v\u00f6llig \u00f6lfrei, so dass die Gefahr von \u00d6lflecken auf Ihren Materialien ausgeschlossen ist. Es wird eine Einlaufschmierung mit Festschmierstoffpaste mit einem besonders niedrigen Reibungskoeffizienten verwendet. Das hei\u00dft, geringste Reibung bei h\u00f6chster Belastbarkeit.<\/span><\/p>\n<p><b>Weitere Hauptmerkmale:<\/b><\/p>\n<ul>\n<li>Die Maschine kann Leder oder Textilien bis zu einer St\u00e4rke von 7 mm n\u00e4hen.<\/li>\n<li>Schrittmotor mit Differentialvorschub f\u00fcr bis zu 75% Zusammentragung, wodurch der Ausschuss an Schuhen reduziert wird. Au\u00dferdem wird sichergestellt, dass die Bediener weniger Energie und Kraft aufwenden m\u00fcssen und die Leistung stabiler bleibt (Gewinn von bis zu 30% mehr Leistung als bei einer normalen, nicht programmierbaren Strobel-Maschine).<\/li>\n<li>Speichern Sie bis zu 99 Programme, jedes mit 4, 6 oder 8 Abschnitten zum Sammeln.<\/li>\n<li>Intuitiver Vollfarb-Touchscreen f\u00fcr einfache Programmierung.<\/li>\n<li>Automatisches Speichern von Paaren: Programmieren Sie einen Schuh (links), und der andere (rechts) wird gespeichert.<\/li>\n<li>Der Programmmodus erm\u00f6glicht die Bearbeitung von Paaren oder einzelnen linken\/rechten Schuhen.<\/li>\n<li>Die optionale Raffvorrichtung und die zweite Spannung k\u00f6nnen f\u00fcr jeden Abschnitt des Schuhs vorprogrammiert werden, um eine pr\u00e4zise Anpassung und ein optimales Ergebnis zu erzielen.<\/li>\n<li>Manuelles Sammeln ist \u00fcber ein Fu\u00dfpedal m\u00f6glich.<\/li>\n<li>Neu gestaltete Frontschale zum Vern\u00e4hen von Gore-Tex-Materialien.<\/li>\n<li>Es sind mehrere Futtern\u00e4pfe erh\u00e4ltlich, so dass er f\u00fcr eine breite Palette von Schuhen geeignet ist.<\/li>\n<\/ul>\n<p>&nbsp;<\/p>\n<p>&nbsp;<\/p>\n<p>&nbsp;<\/p>\n<p>&nbsp;<\/p>\n<p>&nbsp;<\/p>\n<p><img fetchpriority=\"high\" decoding=\"async\" class=\"alignnone wp-image-96608\" src=\"https:\/\/globalsew.com\/wp-content\/uploads\/2018\/06\/strobel-lub-attention-website.global-copy.jpg\" alt=\"\" width=\"482\" height=\"321\" srcset=\"https:\/\/globalsew.com\/wp-content\/uploads\/2018\/06\/strobel-lub-attention-website.global-copy.jpg 800w, https:\/\/globalsew.com\/wp-content\/uploads\/2018\/06\/strobel-lub-attention-website.global-copy-555x370.jpg 555w, https:\/\/globalsew.com\/wp-content\/uploads\/2018\/06\/strobel-lub-attention-website.global-copy-300x200.jpg 300w, https:\/\/globalsew.com\/wp-content\/uploads\/2018\/06\/strobel-lub-attention-website.global-copy-768x512.jpg 768w, https:\/\/globalsew.com\/wp-content\/uploads\/2018\/06\/strobel-lub-attention-website.global-copy-205x137.jpg 205w, https:\/\/globalsew.com\/wp-content\/uploads\/2018\/06\/strobel-lub-attention-website.global-copy-521x347.jpg 521w\" sizes=\"(max-width: 482px) 100vw, 482px\" \/><\/p>\n\n\t\t<\/div>\n\t<\/div>\n\n\t<div class=\"wpb_text_column wpb_content_element\" >\n\t\t<div class=\"wpb_wrapper\">\n\t\t\t<p>Vorprogrammierbare Einfaden-\u00dcberwendlichmaschine zum Anbringen von Einlegesohlen. Die Maschine ist mit einem schrittmotorgetriebenen Vorderbecher f\u00fcr Differentialtransport ausgestattet, der sicherstellt, dass der Transportbecher und der Vorderbecher auf den Millimeter genau arbeiten. Dar\u00fcber hinaus erm\u00f6glicht die Programmierung des Differentials dieser vielseitigen Maschine den Einbau von 10 verschiedenen Stufen von bis zu 50 % Mehrweite in die Naht nach Bedarf. Zus\u00e4tzliches Kr\u00e4useln kann durch das optionale pneumatische Kr\u00e4uselsystem erreicht werden. Dieses System stellt sicher, dass die Strobel-Konstruktion immer gleichm\u00e4\u00dfige Ergebnisse liefert.<\/p>\n<p>&nbsp;<\/p>\n<p>&nbsp;<\/p>\n<p>&nbsp;<\/p>\n<p>&nbsp;<\/p>\n<p>&nbsp;<\/p>\n<p><img fetchpriority=\"high\" decoding=\"async\" class=\"alignnone wp-image-96608\" src=\"https:\/\/globalsew.com\/wp-content\/uploads\/2018\/06\/strobel-lub-attention-website.global-copy.jpg\" alt=\"\" width=\"482\" height=\"321\" srcset=\"https:\/\/globalsew.com\/wp-content\/uploads\/2018\/06\/strobel-lub-attention-website.global-copy.jpg 800w, https:\/\/globalsew.com\/wp-content\/uploads\/2018\/06\/strobel-lub-attention-website.global-copy-555x370.jpg 555w, https:\/\/globalsew.com\/wp-content\/uploads\/2018\/06\/strobel-lub-attention-website.global-copy-300x200.jpg 300w, https:\/\/globalsew.com\/wp-content\/uploads\/2018\/06\/strobel-lub-attention-website.global-copy-768x512.jpg 768w, https:\/\/globalsew.com\/wp-content\/uploads\/2018\/06\/strobel-lub-attention-website.global-copy-205x137.jpg 205w, https:\/\/globalsew.com\/wp-content\/uploads\/2018\/06\/strobel-lub-attention-website.global-copy-521x347.jpg 521w\" sizes=\"(max-width: 482px) 100vw, 482px\" \/><\/p>\n\n\t\t<\/div>\n\t<\/div>\n<\/div><\/div><\/div><\/div>\n<\/div>","protected":false},"excerpt":{"rendered":"<p>Downloads finden Sie auf unserer Download-Seite f\u00fcr die <a class=\"download-link\" href=\"https:\/\/globalsew.com\/de\/herunterladen\/serie-strobel-443\/\">Strobel-Schuhmaschinen<\/a>.<\/p>\n<div class=\"col-md-4\"><\/div>","protected":false},"featured_media":105325,"template":"","meta":{"_acf_changed":false},"product_brand":[],"product_cat":[25,83],"product_tag":[],"class_list":{"0":"post-94769","1":"product","2":"type-product","3":"status-publish","4":"has-post-thumbnail","6":"product_cat-shoes","7":"product_cat-special-shoe-machines","8":"tm-has-options","10":"first","11":"instock","12":"shipping-taxable","13":"purchasable","14":"product-type-simple"},"acf":[],"gallery_images":[105752,105326,105327,105328,105329,105330,105331],"yoast_head":"<!-- This site is optimized with the Yoast SEO plugin v27.3 - https:\/\/yoast.com\/product\/yoast-seo-wordpress\/ -->\n<title>Strobel 444-2 - Global International B.V.<\/title>\n<meta name=\"robots\" content=\"index, follow, max-snippet:-1, max-image-preview:large, max-video-preview:-1\" \/>\n<link rel=\"canonical\" href=\"https:\/\/globalsew.com\/de\/produkt\/strobel-444-2\/\" \/>\n<meta property=\"og:locale\" content=\"de_DE\" \/>\n<meta property=\"og:type\" content=\"article\" \/>\n<meta property=\"og:title\" content=\"Strobel 444-2 - Global International B.V.\" \/>\n<meta property=\"og:description\" content=\"For downloads see our downloads page for the Strobel shoe machines.\" \/>\n<meta property=\"og:url\" content=\"https:\/\/globalsew.com\/de\/produkt\/strobel-444-2\/\" \/>\n<meta property=\"og:site_name\" content=\"Global International B.V.\" \/>\n<meta property=\"article:modified_time\" content=\"2024-04-15T07:08:10+00:00\" \/>\n<meta property=\"og:image\" content=\"https:\/\/globalsew.com\/wp-content\/uploads\/2018\/06\/products-STROBEL-444-2-01-global-1080-website-2024.jpg\" \/>\n\t<meta property=\"og:image:width\" content=\"1819\" \/>\n\t<meta property=\"og:image:height\" content=\"1080\" \/>\n\t<meta property=\"og:image:type\" content=\"image\/jpeg\" \/>\n<meta name=\"twitter:card\" content=\"summary_large_image\" \/>\n<meta name=\"twitter:label1\" content=\"Gesch\u00e4tzte Lesezeit\" \/>\n\t<meta name=\"twitter:data1\" content=\"2\u00a0Minuten\" \/>\n<script type=\"application\/ld+json\" class=\"yoast-schema-graph\">{\"@context\":\"https:\\\/\\\/schema.org\",\"@graph\":[{\"@type\":\"WebPage\",\"@id\":\"https:\\\/\\\/globalsew.com\\\/product\\\/strobel-444-2\\\/\",\"url\":\"https:\\\/\\\/globalsew.com\\\/product\\\/strobel-444-2\\\/\",\"name\":\"Strobel 444-2 - Global International B.V.\",\"isPartOf\":{\"@id\":\"https:\\\/\\\/globalsew.com\\\/#website\"},\"primaryImageOfPage\":{\"@id\":\"https:\\\/\\\/globalsew.com\\\/product\\\/strobel-444-2\\\/#primaryimage\"},\"image\":{\"@id\":\"https:\\\/\\\/globalsew.com\\\/product\\\/strobel-444-2\\\/#primaryimage\"},\"thumbnailUrl\":\"https:\\\/\\\/globalsew.com\\\/wp-content\\\/uploads\\\/2018\\\/06\\\/products-STROBEL-444-2-01-global-1080-website-2024.jpg\",\"datePublished\":\"2018-06-12T11:37:08+00:00\",\"dateModified\":\"2024-04-15T07:08:10+00:00\",\"breadcrumb\":{\"@id\":\"https:\\\/\\\/globalsew.com\\\/product\\\/strobel-444-2\\\/#breadcrumb\"},\"inLanguage\":\"de\",\"potentialAction\":[{\"@type\":\"ReadAction\",\"target\":[\"https:\\\/\\\/globalsew.com\\\/product\\\/strobel-444-2\\\/\"]}]},{\"@type\":\"ImageObject\",\"inLanguage\":\"de\",\"@id\":\"https:\\\/\\\/globalsew.com\\\/product\\\/strobel-444-2\\\/#primaryimage\",\"url\":\"https:\\\/\\\/globalsew.com\\\/wp-content\\\/uploads\\\/2018\\\/06\\\/products-STROBEL-444-2-01-global-1080-website-2024.jpg\",\"contentUrl\":\"https:\\\/\\\/globalsew.com\\\/wp-content\\\/uploads\\\/2018\\\/06\\\/products-STROBEL-444-2-01-global-1080-website-2024.jpg\",\"width\":1819,\"height\":1080,\"caption\":\"Strobel 444-2\"},{\"@type\":\"BreadcrumbList\",\"@id\":\"https:\\\/\\\/globalsew.com\\\/product\\\/strobel-444-2\\\/#breadcrumb\",\"itemListElement\":[{\"@type\":\"ListItem\",\"position\":1,\"name\":\"Home\",\"item\":\"https:\\\/\\\/globalsew.com\\\/\"},{\"@type\":\"ListItem\",\"position\":2,\"name\":\"Products\",\"item\":\"https:\\\/\\\/globalsew.com\\\/products\\\/\"},{\"@type\":\"ListItem\",\"position\":3,\"name\":\"Strobel 444-2\"}]},{\"@type\":\"WebSite\",\"@id\":\"https:\\\/\\\/globalsew.com\\\/#website\",\"url\":\"https:\\\/\\\/globalsew.com\\\/\",\"name\":\"Global International B.V.\",\"description\":\"Industrial Sewing Machines\",\"potentialAction\":[{\"@type\":\"SearchAction\",\"target\":{\"@type\":\"EntryPoint\",\"urlTemplate\":\"https:\\\/\\\/globalsew.com\\\/?s={search_term_string}\"},\"query-input\":{\"@type\":\"PropertyValueSpecification\",\"valueRequired\":true,\"valueName\":\"search_term_string\"}}],\"inLanguage\":\"de\"}]}<\/script>\n<!-- \/ Yoast SEO plugin. -->","yoast_head_json":{"title":"Strobel 444-2 - Global International B.V.","robots":{"index":"index","follow":"follow","max-snippet":"max-snippet:-1","max-image-preview":"max-image-preview:large","max-video-preview":"max-video-preview:-1"},"canonical":"https:\/\/globalsew.com\/de\/produkt\/strobel-444-2\/","og_locale":"de_DE","og_type":"article","og_title":"Strobel 444-2 - Global International B.V.","og_description":"For downloads see our downloads page for the Strobel shoe machines.","og_url":"https:\/\/globalsew.com\/de\/produkt\/strobel-444-2\/","og_site_name":"Global International B.V.","article_modified_time":"2024-04-15T07:08:10+00:00","og_image":[{"width":1819,"height":1080,"url":"https:\/\/globalsew.com\/wp-content\/uploads\/2018\/06\/products-STROBEL-444-2-01-global-1080-website-2024.jpg","type":"image\/jpeg"}],"twitter_card":"summary_large_image","twitter_misc":{"Gesch\u00e4tzte Lesezeit":"2\u00a0Minuten"},"schema":{"@context":"https:\/\/schema.org","@graph":[{"@type":"WebPage","@id":"https:\/\/globalsew.com\/product\/strobel-444-2\/","url":"https:\/\/globalsew.com\/product\/strobel-444-2\/","name":"Strobel 444-2 - Global International B.V.","isPartOf":{"@id":"https:\/\/globalsew.com\/#website"},"primaryImageOfPage":{"@id":"https:\/\/globalsew.com\/product\/strobel-444-2\/#primaryimage"},"image":{"@id":"https:\/\/globalsew.com\/product\/strobel-444-2\/#primaryimage"},"thumbnailUrl":"https:\/\/globalsew.com\/wp-content\/uploads\/2018\/06\/products-STROBEL-444-2-01-global-1080-website-2024.jpg","datePublished":"2018-06-12T11:37:08+00:00","dateModified":"2024-04-15T07:08:10+00:00","breadcrumb":{"@id":"https:\/\/globalsew.com\/product\/strobel-444-2\/#breadcrumb"},"inLanguage":"de","potentialAction":[{"@type":"ReadAction","target":["https:\/\/globalsew.com\/product\/strobel-444-2\/"]}]},{"@type":"ImageObject","inLanguage":"de","@id":"https:\/\/globalsew.com\/product\/strobel-444-2\/#primaryimage","url":"https:\/\/globalsew.com\/wp-content\/uploads\/2018\/06\/products-STROBEL-444-2-01-global-1080-website-2024.jpg","contentUrl":"https:\/\/globalsew.com\/wp-content\/uploads\/2018\/06\/products-STROBEL-444-2-01-global-1080-website-2024.jpg","width":1819,"height":1080,"caption":"Strobel 444-2"},{"@type":"BreadcrumbList","@id":"https:\/\/globalsew.com\/product\/strobel-444-2\/#breadcrumb","itemListElement":[{"@type":"ListItem","position":1,"name":"Home","item":"https:\/\/globalsew.com\/"},{"@type":"ListItem","position":2,"name":"Products","item":"https:\/\/globalsew.com\/products\/"},{"@type":"ListItem","position":3,"name":"Strobel 444-2"}]},{"@type":"WebSite","@id":"https:\/\/globalsew.com\/#website","url":"https:\/\/globalsew.com\/","name":"Global International B.V.","description":"Industrielle N\u00e4hmaschinen","potentialAction":[{"@type":"SearchAction","target":{"@type":"EntryPoint","urlTemplate":"https:\/\/globalsew.com\/?s={search_term_string}"},"query-input":{"@type":"PropertyValueSpecification","valueRequired":true,"valueName":"search_term_string"}}],"inLanguage":"de"}]}},"_links":{"self":[{"href":"https:\/\/globalsew.com\/de\/wp-json\/wp\/v2\/product\/94769","targetHints":{"allow":["GET"]}}],"collection":[{"href":"https:\/\/globalsew.com\/de\/wp-json\/wp\/v2\/product"}],"about":[{"href":"https:\/\/globalsew.com\/de\/wp-json\/wp\/v2\/types\/product"}],"wp:featuredmedia":[{"embeddable":true,"href":"https:\/\/globalsew.com\/de\/wp-json\/wp\/v2\/media\/105325"}],"wp:attachment":[{"href":"https:\/\/globalsew.com\/de\/wp-json\/wp\/v2\/media?parent=94769"}],"wp:term":[{"taxonomy":"product_brand","embeddable":true,"href":"https:\/\/globalsew.com\/de\/wp-json\/wp\/v2\/product_brand?post=94769"},{"taxonomy":"product_cat","embeddable":true,"href":"https:\/\/globalsew.com\/de\/wp-json\/wp\/v2\/product_cat?post=94769"},{"taxonomy":"product_tag","embeddable":true,"href":"https:\/\/globalsew.com\/de\/wp-json\/wp\/v2\/product_tag?post=94769"}],"curies":[{"name":"wp","href":"https:\/\/api.w.org\/{rel}","templated":true}]}}