{"id":94560,"date":"2018-03-19T15:12:59","date_gmt":"2018-03-19T14:12:59","guid":{"rendered":"https:\/\/globalsew.com\/?post_type=product&#038;p=94560"},"modified":"2025-02-19T11:04:14","modified_gmt":"2025-02-19T10:04:14","slug":"g-reihe","status":"publish","type":"product","link":"https:\/\/globalsew.com\/de\/product\/g-series\/","title":{"rendered":"Baureihe G"},"content":{"rendered":"<p>Die erneuerte G-Serie ist hier, um die Nachfrage nach einem wirtschaftlichen, qualitativ hochwertigen und energiesparenden Servomotor mit Nadelpositionierung und einigen neuen Sonderfunktionen zu erf\u00fcllen. Die Geschwindigkeit l\u00e4sst sich mit dem neuen Potentiometer am Motor leicht regeln. Die neue G-Serie kann jetzt auch auf Sch\u00e4rfmaschinen, automatischen Fadenvorschubmaschinen und als Induktionsmotor eingesetzt werden, da sie \u00fcber eine neue automatische Dauerlauffunktion verf\u00fcgt. Mit einer neuen breiten Palette von Parametern kann die G-Serie so eingestellt werden, dass sie Ihre Maschine perfekt und viel gleichm\u00e4\u00dfiger antreibt. Diese neue G-Serie ist mit einem manuellen Drehzahlregler ausgestattet.<\/p>\n<p><strong>G40-1N<\/strong>: 400-Watt-Motorgeh\u00e4use f\u00fcr Steppstich, Overlock, Blindstich und normale Verriegelung mit manuellem Geschwindigkeitsregler.<br \/>\n<strong>G40-2N<\/strong>wie G40-1N, jedoch mit Ausgang f\u00fcr PNEUMATIC-Dr\u00fcckerfu\u00dflifter und Nadelk\u00fchlung (Motorlaufsignal).<br \/>\n<strong>G60-1N<\/strong>600-Watt-Motorgeh\u00e4use, aufgrund des relativ hohen Drehmoments kann der G-60 auf einigen schwereren Maschinen, wie leichten bis mittelschweren Walking-Foot-Maschinen mit manuellem Geschwindigkeitsregler eingesetzt werden.<br \/>\n<strong>G60-2N<\/strong>wie G60-1N, jedoch mit Ausgang f\u00fcr PNEUMATIC-Dr\u00fcckerfu\u00dflifter und Nadelk\u00fchlung (Motorlaufsignal).<br \/>\n<strong>G60-1-NP<\/strong>Wie G60-1, nur mit Drehzahlpotentiometer zur einfachen Begrenzung der maximalen Drehzahl.<br \/>\n<strong>G75-2<\/strong>wie G60-2, jedoch mit 750 Watt Leistung (Leistung f\u00fcr PNEUMATIC-Dr\u00fcckerfu\u00dflifter und Nadelk\u00fchlung\/Motorlaufsignal). Nicht geeignet f\u00fcr Maschinen mit einem gro\u00dfen Handrad wie Global WF 9204 \/ 9205. Ohne manuellen Geschwindigkeitsregler.<\/p>\n<p>Der externe Synchronisator 700-1 ist als Option erh\u00e4ltlich. Die G-Serie kann mit oder ohne externes Synchronisierger\u00e4t arbeiten und es ist nicht notwendig, irgendwelche Einstellungen daf\u00fcr zu \u00e4ndern, die Steuereinheit erkennt das externe Synchronisierger\u00e4t automatisch und stellt sich selbst ein.<\/p>\n<p>&nbsp;<\/p>\n<p>&nbsp;<\/p>\n<p><img decoding=\"async\" class=\"alignnone size-full wp-image-94846\" src=\"https:\/\/globalsew.com\/wp-content\/uploads\/2018\/03\/iso-xs-global.jpg\" alt=\"\" width=\"73\" height=\"68\" \/>\u00a0\u00a0<img decoding=\"async\" class=\"alignnone size-full wp-image-94845\" src=\"https:\/\/globalsew.com\/wp-content\/uploads\/2018\/03\/rohs-xs-global.jpg\" alt=\"\" width=\"73\" height=\"68\" \/>\u00a0 \u00a0 \u00a0<img decoding=\"async\" class=\"alignnone size-full wp-image-94794\" src=\"https:\/\/globalsew.com\/wp-content\/uploads\/2017\/04\/eac-xs-global.jpg\" alt=\"\" width=\"73\" height=\"68\" \/><img loading=\"lazy\" decoding=\"async\" class=\"alignnone size-full wp-image-94793\" src=\"https:\/\/globalsew.com\/wp-content\/uploads\/2017\/04\/ce-xs-global.jpg\" alt=\"\" width=\"73\" height=\"68\" \/><\/p>","protected":false},"excerpt":{"rendered":"<div class=\"row\">\n<div class=\"col-md-6\"><a class=\"download-button\" href=\"https:\/\/globalsew.com\/wp-content\/uploads\/2017\/03\/Ho-Hsing-brochure.pdf\" target=\"_blank\" rel=\"noopener\">Merkblatt herunterladen<\/a><\/div>\n<\/div>","protected":false},"featured_media":111507,"template":"","meta":{"_acf_changed":false},"product_brand":[],"product_cat":[378,141],"product_tag":[],"class_list":{"0":"post-94560","1":"product","2":"type-product","3":"status-publish","4":"has-post-thumbnail","6":"product_cat-ho-hsing-servomotors","7":"product_cat-motors","8":"tm-has-options","10":"first","11":"instock","12":"shipping-taxable","13":"purchasable","14":"product-type-simple"},"acf":[],"gallery_images":[111508,111511,111509,111510,111512],"yoast_head":"<!-- This site is optimized with the Yoast SEO plugin v27.3 - https:\/\/yoast.com\/product\/yoast-seo-wordpress\/ -->\n<title>G series - Global International B.V.<\/title>\n<meta name=\"robots\" content=\"index, follow, max-snippet:-1, max-image-preview:large, max-video-preview:-1\" \/>\n<link rel=\"canonical\" href=\"https:\/\/globalsew.com\/de\/produkt\/g-reihe\/\" \/>\n<meta property=\"og:locale\" content=\"de_DE\" \/>\n<meta property=\"og:type\" content=\"article\" \/>\n<meta property=\"og:title\" content=\"G series - Global International B.V.\" \/>\n<meta property=\"og:description\" content=\"Download Leaflet\" \/>\n<meta property=\"og:url\" content=\"https:\/\/globalsew.com\/de\/produkt\/g-reihe\/\" \/>\n<meta property=\"og:site_name\" content=\"Global International B.V.\" \/>\n<meta property=\"article:modified_time\" content=\"2025-02-19T10:04:14+00:00\" \/>\n<meta property=\"og:image\" content=\"https:\/\/globalsew.com\/wp-content\/uploads\/2018\/03\/products-HOHSING-G60SERIES-01-global-1080-website-2024-Recovered.jpg\" \/>\n\t<meta property=\"og:image:width\" content=\"1819\" \/>\n\t<meta property=\"og:image:height\" content=\"1080\" \/>\n\t<meta property=\"og:image:type\" content=\"image\/jpeg\" \/>\n<meta name=\"twitter:card\" content=\"summary_large_image\" \/>\n<meta name=\"twitter:label1\" content=\"Gesch\u00e4tzte Lesezeit\" \/>\n\t<meta name=\"twitter:data1\" content=\"3\u00a0Minuten\" \/>\n<script type=\"application\/ld+json\" class=\"yoast-schema-graph\">{\"@context\":\"https:\\\/\\\/schema.org\",\"@graph\":[{\"@type\":\"WebPage\",\"@id\":\"https:\\\/\\\/globalsew.com\\\/product\\\/g-series\\\/\",\"url\":\"https:\\\/\\\/globalsew.com\\\/product\\\/g-series\\\/\",\"name\":\"G series - Global International B.V.\",\"isPartOf\":{\"@id\":\"https:\\\/\\\/globalsew.com\\\/#website\"},\"primaryImageOfPage\":{\"@id\":\"https:\\\/\\\/globalsew.com\\\/product\\\/g-series\\\/#primaryimage\"},\"image\":{\"@id\":\"https:\\\/\\\/globalsew.com\\\/product\\\/g-series\\\/#primaryimage\"},\"thumbnailUrl\":\"https:\\\/\\\/globalsew.com\\\/wp-content\\\/uploads\\\/2018\\\/03\\\/products-HOHSING-G60SERIES-01-global-1080-website-2024-Recovered.jpg\",\"datePublished\":\"2018-03-19T14:12:59+00:00\",\"dateModified\":\"2025-02-19T10:04:14+00:00\",\"breadcrumb\":{\"@id\":\"https:\\\/\\\/globalsew.com\\\/product\\\/g-series\\\/#breadcrumb\"},\"inLanguage\":\"de\",\"potentialAction\":[{\"@type\":\"ReadAction\",\"target\":[\"https:\\\/\\\/globalsew.com\\\/product\\\/g-series\\\/\"]}]},{\"@type\":\"ImageObject\",\"inLanguage\":\"de\",\"@id\":\"https:\\\/\\\/globalsew.com\\\/product\\\/g-series\\\/#primaryimage\",\"url\":\"https:\\\/\\\/globalsew.com\\\/wp-content\\\/uploads\\\/2018\\\/03\\\/products-HOHSING-G60SERIES-01-global-1080-website-2024-Recovered.jpg\",\"contentUrl\":\"https:\\\/\\\/globalsew.com\\\/wp-content\\\/uploads\\\/2018\\\/03\\\/products-HOHSING-G60SERIES-01-global-1080-website-2024-Recovered.jpg\",\"width\":1819,\"height\":1080},{\"@type\":\"BreadcrumbList\",\"@id\":\"https:\\\/\\\/globalsew.com\\\/product\\\/g-series\\\/#breadcrumb\",\"itemListElement\":[{\"@type\":\"ListItem\",\"position\":1,\"name\":\"Home\",\"item\":\"https:\\\/\\\/globalsew.com\\\/\"},{\"@type\":\"ListItem\",\"position\":2,\"name\":\"Products\",\"item\":\"https:\\\/\\\/globalsew.com\\\/products\\\/\"},{\"@type\":\"ListItem\",\"position\":3,\"name\":\"G series\"}]},{\"@type\":\"WebSite\",\"@id\":\"https:\\\/\\\/globalsew.com\\\/#website\",\"url\":\"https:\\\/\\\/globalsew.com\\\/\",\"name\":\"Global International B.V.\",\"description\":\"Industrial Sewing Machines\",\"potentialAction\":[{\"@type\":\"SearchAction\",\"target\":{\"@type\":\"EntryPoint\",\"urlTemplate\":\"https:\\\/\\\/globalsew.com\\\/?s={search_term_string}\"},\"query-input\":{\"@type\":\"PropertyValueSpecification\",\"valueRequired\":true,\"valueName\":\"search_term_string\"}}],\"inLanguage\":\"de\"}]}<\/script>\n<!-- \/ Yoast SEO plugin. -->","yoast_head_json":{"title":"Reihe G - Global International B.V.","robots":{"index":"index","follow":"follow","max-snippet":"max-snippet:-1","max-image-preview":"max-image-preview:large","max-video-preview":"max-video-preview:-1"},"canonical":"https:\/\/globalsew.com\/de\/produkt\/g-reihe\/","og_locale":"de_DE","og_type":"article","og_title":"G series - Global International B.V.","og_description":"Download Leaflet","og_url":"https:\/\/globalsew.com\/de\/produkt\/g-reihe\/","og_site_name":"Global International B.V.","article_modified_time":"2025-02-19T10:04:14+00:00","og_image":[{"width":1819,"height":1080,"url":"https:\/\/globalsew.com\/wp-content\/uploads\/2018\/03\/products-HOHSING-G60SERIES-01-global-1080-website-2024-Recovered.jpg","type":"image\/jpeg"}],"twitter_card":"summary_large_image","twitter_misc":{"Gesch\u00e4tzte Lesezeit":"3\u00a0Minuten"},"schema":{"@context":"https:\/\/schema.org","@graph":[{"@type":"WebPage","@id":"https:\/\/globalsew.com\/product\/g-series\/","url":"https:\/\/globalsew.com\/product\/g-series\/","name":"Reihe G - Global International B.V.","isPartOf":{"@id":"https:\/\/globalsew.com\/#website"},"primaryImageOfPage":{"@id":"https:\/\/globalsew.com\/product\/g-series\/#primaryimage"},"image":{"@id":"https:\/\/globalsew.com\/product\/g-series\/#primaryimage"},"thumbnailUrl":"https:\/\/globalsew.com\/wp-content\/uploads\/2018\/03\/products-HOHSING-G60SERIES-01-global-1080-website-2024-Recovered.jpg","datePublished":"2018-03-19T14:12:59+00:00","dateModified":"2025-02-19T10:04:14+00:00","breadcrumb":{"@id":"https:\/\/globalsew.com\/product\/g-series\/#breadcrumb"},"inLanguage":"de","potentialAction":[{"@type":"ReadAction","target":["https:\/\/globalsew.com\/product\/g-series\/"]}]},{"@type":"ImageObject","inLanguage":"de","@id":"https:\/\/globalsew.com\/product\/g-series\/#primaryimage","url":"https:\/\/globalsew.com\/wp-content\/uploads\/2018\/03\/products-HOHSING-G60SERIES-01-global-1080-website-2024-Recovered.jpg","contentUrl":"https:\/\/globalsew.com\/wp-content\/uploads\/2018\/03\/products-HOHSING-G60SERIES-01-global-1080-website-2024-Recovered.jpg","width":1819,"height":1080},{"@type":"BreadcrumbList","@id":"https:\/\/globalsew.com\/product\/g-series\/#breadcrumb","itemListElement":[{"@type":"ListItem","position":1,"name":"Home","item":"https:\/\/globalsew.com\/"},{"@type":"ListItem","position":2,"name":"Products","item":"https:\/\/globalsew.com\/products\/"},{"@type":"ListItem","position":3,"name":"G series"}]},{"@type":"WebSite","@id":"https:\/\/globalsew.com\/#website","url":"https:\/\/globalsew.com\/","name":"Global International B.V.","description":"Industrielle N\u00e4hmaschinen","potentialAction":[{"@type":"SearchAction","target":{"@type":"EntryPoint","urlTemplate":"https:\/\/globalsew.com\/?s={search_term_string}"},"query-input":{"@type":"PropertyValueSpecification","valueRequired":true,"valueName":"search_term_string"}}],"inLanguage":"de"}]}},"_links":{"self":[{"href":"https:\/\/globalsew.com\/de\/wp-json\/wp\/v2\/product\/94560","targetHints":{"allow":["GET"]}}],"collection":[{"href":"https:\/\/globalsew.com\/de\/wp-json\/wp\/v2\/product"}],"about":[{"href":"https:\/\/globalsew.com\/de\/wp-json\/wp\/v2\/types\/product"}],"wp:featuredmedia":[{"embeddable":true,"href":"https:\/\/globalsew.com\/de\/wp-json\/wp\/v2\/media\/111507"}],"wp:attachment":[{"href":"https:\/\/globalsew.com\/de\/wp-json\/wp\/v2\/media?parent=94560"}],"wp:term":[{"taxonomy":"product_brand","embeddable":true,"href":"https:\/\/globalsew.com\/de\/wp-json\/wp\/v2\/product_brand?post=94560"},{"taxonomy":"product_cat","embeddable":true,"href":"https:\/\/globalsew.com\/de\/wp-json\/wp\/v2\/product_cat?post=94560"},{"taxonomy":"product_tag","embeddable":true,"href":"https:\/\/globalsew.com\/de\/wp-json\/wp\/v2\/product_tag?post=94560"}],"curies":[{"name":"wp","href":"https:\/\/api.w.org\/{rel}","templated":true}]}}