{"id":94558,"date":"2018-03-19T13:26:57","date_gmt":"2018-03-19T12:26:57","guid":{"rendered":"https:\/\/globalsew.com\/?post_type=product&#038;p=94558"},"modified":"2024-05-22T09:46:56","modified_gmt":"2024-05-22T07:46:56","slug":"i60-serie","status":"publish","type":"product","link":"https:\/\/globalsew.com\/de\/product\/i60-series\/","title":{"rendered":"i60-Serie"},"content":{"rendered":"<p><em>Separater Steuerkasten, der in Kombination mit einem 500, 600 oder 750 Watt Mini-Motor verwendet werden kann. Durch die Wahl des richtigen Minimotors f\u00fcr Ihre N\u00e4hmaschinenanwendung kann eine Vielzahl von N\u00e4hmaschinenmodellen mit dieser Steuerung ausgestattet werden (einschlie\u00dflich Direktantrieb). Das Bedienfeld C-200 (i60) ist optional.<\/p>\n<p>Verf\u00fcgbare Funktionen (je nach Modell der Kontrollbox):<br \/>\nTrimmer, Wischer, Spannungsentriegelung, N\u00e4hfu\u00dfl\u00fcftung, R\u00fcckw\u00e4rtsgang,<br \/>\nHP-Funktion, zweite Stichl\u00e4nge, Puller, Materialf\u00fchrung, Lichtschranke<br \/>\nEingang, Flip-Flop-Funktion und IOT-System.<\/p>\n<p>Die Modelle i60 und i70 verwenden einen separaten Geschwindigkeitsregler, der sich<br \/>\nin einer zuf\u00e4lligen Position unter dem Tisch installiert, daher sehr<br \/>\npraktisch f\u00fcr Langarmmaschinen.<\/p>\n<p>Verf\u00fcgbare i60-Modelle: Global, D\u00fcrkopp Adler, Brother, Juki,<br \/>\nMitsubishi und Pegasus.<\/p>\n<p>Kosteng\u00fcnstiges Steuerger\u00e4t und Geschwindigkeitsregler. Mini-Motor ist nicht enthalten.<\/em><\/p>\n<p><strong>i60-4-11-220<\/strong> - Mitsubishi-Modell<br \/>\n<strong>i60-4-7W-220<\/strong> - Juki-Modell<br \/>\n<strong>i60-4-66-220<\/strong> - Modell Pegasus<br \/>\n<strong>i60-4-BR-220<\/strong> - Modell Brother<br \/>\n<strong>i60-4-GL-220<\/strong> - f\u00fcr verschiedene Global &amp; DA Postbed Modelle<\/p>\n<p><em>Minimotoren f\u00fcr die Serie i60:<\/em><br \/>\n<strong>MT0150 - <\/strong>Mini-Motor 500 Watt f\u00fcr Untertischmontage<br \/>\n<strong>MT0160 - <\/strong>Mini-Motor 600 Watt f\u00fcr Untertischmontage<br \/>\n<strong>MT0175 - <\/strong>Mini-Motor 750 Watt f\u00fcr Untertischmontage<br \/>\n<strong>MT0250 - <\/strong>Mini-Motor 500 Watt f\u00fcr Maschinen mit Direktantrieb (dieser Motor ist ohne Halterung und hat einen eingebauten Synchronisator)<br \/>\n<strong>MT0260 - <\/strong>Mini-Motor 600 Watt f\u00fcr Maschinen mit Direktantrieb (dieser Motor ist ohne Halterung und hat einen eingebauten Synchronisator)<br \/>\n<strong>MT0275 - <\/strong>Mini-Motor 750 Watt f\u00fcr Maschinen mit Direktantrieb (dieser Motor ist ohne Konsole und hat einen eingebauten Synchronisator)<br \/>\n<strong>MT0350 - <\/strong>Mini-Motor 500 Watt f\u00fcr Kettenstichmaschinen (Motorriemenscheibe 85) f\u00fcr Untertischmontage<\/p>\n<p>Standard-Minimotor-Riemenscheibe Gr\u00f6\u00dfe 75 mm<\/p>\n<p>&nbsp;<\/p>","protected":false},"excerpt":{"rendered":"<div class=\"row\">\n<div class=\"col-md-6\"><a class=\"download-button\" href=\"https:\/\/globalsew.com\/wp-content\/uploads\/2017\/03\/Ho-Hsing-brochure.pdf\" target=\"_blank\" rel=\"noopener\">Merkblatt herunterladen<\/a><\/div>\n<\/div>","protected":false},"featured_media":94890,"template":"","meta":{"_acf_changed":false},"product_brand":[],"product_cat":[378,141],"product_tag":[],"class_list":{"0":"post-94558","1":"product","2":"type-product","3":"status-publish","4":"has-post-thumbnail","6":"product_cat-ho-hsing-servomotors","7":"product_cat-motors","8":"tm-has-options","10":"first","11":"instock","12":"shipping-taxable","13":"purchasable","14":"product-type-simple"},"acf":[],"gallery_images":[94891,94892],"yoast_head":"<!-- This site is optimized with the Yoast SEO plugin v27.3 - https:\/\/yoast.com\/product\/yoast-seo-wordpress\/ -->\n<title>i60 series - Global International B.V.<\/title>\n<meta name=\"robots\" content=\"index, follow, max-snippet:-1, max-image-preview:large, max-video-preview:-1\" \/>\n<link rel=\"canonical\" href=\"https:\/\/globalsew.com\/de\/produkt\/i60-serie\/\" \/>\n<meta property=\"og:locale\" content=\"de_DE\" \/>\n<meta property=\"og:type\" content=\"article\" \/>\n<meta property=\"og:title\" content=\"i60 series - Global International B.V.\" \/>\n<meta property=\"og:description\" content=\"Download Leaflet\" \/>\n<meta property=\"og:url\" content=\"https:\/\/globalsew.com\/de\/produkt\/i60-serie\/\" \/>\n<meta property=\"og:site_name\" content=\"Global International B.V.\" \/>\n<meta property=\"article:modified_time\" content=\"2024-05-22T07:46:56+00:00\" \/>\n<meta property=\"og:image\" content=\"https:\/\/globalsew.com\/wp-content\/uploads\/2018\/03\/WEB-HOHSING-BOX-I60-01-GLOBAL.jpg\" \/>\n\t<meta property=\"og:image:width\" content=\"555\" \/>\n\t<meta property=\"og:image:height\" content=\"347\" \/>\n\t<meta property=\"og:image:type\" content=\"image\/jpeg\" \/>\n<meta name=\"twitter:card\" content=\"summary_large_image\" \/>\n<meta name=\"twitter:label1\" content=\"Gesch\u00e4tzte Lesezeit\" \/>\n\t<meta name=\"twitter:data1\" content=\"2\u00a0Minuten\" \/>\n<script type=\"application\/ld+json\" class=\"yoast-schema-graph\">{\"@context\":\"https:\\\/\\\/schema.org\",\"@graph\":[{\"@type\":\"WebPage\",\"@id\":\"https:\\\/\\\/globalsew.com\\\/product\\\/i60-series\\\/\",\"url\":\"https:\\\/\\\/globalsew.com\\\/product\\\/i60-series\\\/\",\"name\":\"i60 series - Global International B.V.\",\"isPartOf\":{\"@id\":\"https:\\\/\\\/globalsew.com\\\/#website\"},\"primaryImageOfPage\":{\"@id\":\"https:\\\/\\\/globalsew.com\\\/product\\\/i60-series\\\/#primaryimage\"},\"image\":{\"@id\":\"https:\\\/\\\/globalsew.com\\\/product\\\/i60-series\\\/#primaryimage\"},\"thumbnailUrl\":\"https:\\\/\\\/globalsew.com\\\/wp-content\\\/uploads\\\/2018\\\/03\\\/WEB-HOHSING-BOX-I60-01-GLOBAL.jpg\",\"datePublished\":\"2018-03-19T12:26:57+00:00\",\"dateModified\":\"2024-05-22T07:46:56+00:00\",\"breadcrumb\":{\"@id\":\"https:\\\/\\\/globalsew.com\\\/product\\\/i60-series\\\/#breadcrumb\"},\"inLanguage\":\"de\",\"potentialAction\":[{\"@type\":\"ReadAction\",\"target\":[\"https:\\\/\\\/globalsew.com\\\/product\\\/i60-series\\\/\"]}]},{\"@type\":\"ImageObject\",\"inLanguage\":\"de\",\"@id\":\"https:\\\/\\\/globalsew.com\\\/product\\\/i60-series\\\/#primaryimage\",\"url\":\"https:\\\/\\\/globalsew.com\\\/wp-content\\\/uploads\\\/2018\\\/03\\\/WEB-HOHSING-BOX-I60-01-GLOBAL.jpg\",\"contentUrl\":\"https:\\\/\\\/globalsew.com\\\/wp-content\\\/uploads\\\/2018\\\/03\\\/WEB-HOHSING-BOX-I60-01-GLOBAL.jpg\",\"width\":555,\"height\":347},{\"@type\":\"BreadcrumbList\",\"@id\":\"https:\\\/\\\/globalsew.com\\\/product\\\/i60-series\\\/#breadcrumb\",\"itemListElement\":[{\"@type\":\"ListItem\",\"position\":1,\"name\":\"Home\",\"item\":\"https:\\\/\\\/globalsew.com\\\/\"},{\"@type\":\"ListItem\",\"position\":2,\"name\":\"Products\",\"item\":\"https:\\\/\\\/globalsew.com\\\/products\\\/\"},{\"@type\":\"ListItem\",\"position\":3,\"name\":\"i60 series\"}]},{\"@type\":\"WebSite\",\"@id\":\"https:\\\/\\\/globalsew.com\\\/#website\",\"url\":\"https:\\\/\\\/globalsew.com\\\/\",\"name\":\"Global International B.V.\",\"description\":\"Industrial Sewing Machines\",\"potentialAction\":[{\"@type\":\"SearchAction\",\"target\":{\"@type\":\"EntryPoint\",\"urlTemplate\":\"https:\\\/\\\/globalsew.com\\\/?s={search_term_string}\"},\"query-input\":{\"@type\":\"PropertyValueSpecification\",\"valueRequired\":true,\"valueName\":\"search_term_string\"}}],\"inLanguage\":\"de\"}]}<\/script>\n<!-- \/ Yoast SEO plugin. -->","yoast_head_json":{"title":"Baureihe i60 - Global International B.V.","robots":{"index":"index","follow":"follow","max-snippet":"max-snippet:-1","max-image-preview":"max-image-preview:large","max-video-preview":"max-video-preview:-1"},"canonical":"https:\/\/globalsew.com\/de\/produkt\/i60-serie\/","og_locale":"de_DE","og_type":"article","og_title":"i60 series - Global International B.V.","og_description":"Download Leaflet","og_url":"https:\/\/globalsew.com\/de\/produkt\/i60-serie\/","og_site_name":"Global International B.V.","article_modified_time":"2024-05-22T07:46:56+00:00","og_image":[{"width":555,"height":347,"url":"https:\/\/globalsew.com\/wp-content\/uploads\/2018\/03\/WEB-HOHSING-BOX-I60-01-GLOBAL.jpg","type":"image\/jpeg"}],"twitter_card":"summary_large_image","twitter_misc":{"Gesch\u00e4tzte Lesezeit":"2\u00a0Minuten"},"schema":{"@context":"https:\/\/schema.org","@graph":[{"@type":"WebPage","@id":"https:\/\/globalsew.com\/product\/i60-series\/","url":"https:\/\/globalsew.com\/product\/i60-series\/","name":"Baureihe i60 - Global International B.V.","isPartOf":{"@id":"https:\/\/globalsew.com\/#website"},"primaryImageOfPage":{"@id":"https:\/\/globalsew.com\/product\/i60-series\/#primaryimage"},"image":{"@id":"https:\/\/globalsew.com\/product\/i60-series\/#primaryimage"},"thumbnailUrl":"https:\/\/globalsew.com\/wp-content\/uploads\/2018\/03\/WEB-HOHSING-BOX-I60-01-GLOBAL.jpg","datePublished":"2018-03-19T12:26:57+00:00","dateModified":"2024-05-22T07:46:56+00:00","breadcrumb":{"@id":"https:\/\/globalsew.com\/product\/i60-series\/#breadcrumb"},"inLanguage":"de","potentialAction":[{"@type":"ReadAction","target":["https:\/\/globalsew.com\/product\/i60-series\/"]}]},{"@type":"ImageObject","inLanguage":"de","@id":"https:\/\/globalsew.com\/product\/i60-series\/#primaryimage","url":"https:\/\/globalsew.com\/wp-content\/uploads\/2018\/03\/WEB-HOHSING-BOX-I60-01-GLOBAL.jpg","contentUrl":"https:\/\/globalsew.com\/wp-content\/uploads\/2018\/03\/WEB-HOHSING-BOX-I60-01-GLOBAL.jpg","width":555,"height":347},{"@type":"BreadcrumbList","@id":"https:\/\/globalsew.com\/product\/i60-series\/#breadcrumb","itemListElement":[{"@type":"ListItem","position":1,"name":"Home","item":"https:\/\/globalsew.com\/"},{"@type":"ListItem","position":2,"name":"Products","item":"https:\/\/globalsew.com\/products\/"},{"@type":"ListItem","position":3,"name":"i60 series"}]},{"@type":"WebSite","@id":"https:\/\/globalsew.com\/#website","url":"https:\/\/globalsew.com\/","name":"Global International B.V.","description":"Industrielle N\u00e4hmaschinen","potentialAction":[{"@type":"SearchAction","target":{"@type":"EntryPoint","urlTemplate":"https:\/\/globalsew.com\/?s={search_term_string}"},"query-input":{"@type":"PropertyValueSpecification","valueRequired":true,"valueName":"search_term_string"}}],"inLanguage":"de"}]}},"_links":{"self":[{"href":"https:\/\/globalsew.com\/de\/wp-json\/wp\/v2\/product\/94558","targetHints":{"allow":["GET"]}}],"collection":[{"href":"https:\/\/globalsew.com\/de\/wp-json\/wp\/v2\/product"}],"about":[{"href":"https:\/\/globalsew.com\/de\/wp-json\/wp\/v2\/types\/product"}],"wp:featuredmedia":[{"embeddable":true,"href":"https:\/\/globalsew.com\/de\/wp-json\/wp\/v2\/media\/94890"}],"wp:attachment":[{"href":"https:\/\/globalsew.com\/de\/wp-json\/wp\/v2\/media?parent=94558"}],"wp:term":[{"taxonomy":"product_brand","embeddable":true,"href":"https:\/\/globalsew.com\/de\/wp-json\/wp\/v2\/product_brand?post=94558"},{"taxonomy":"product_cat","embeddable":true,"href":"https:\/\/globalsew.com\/de\/wp-json\/wp\/v2\/product_cat?post=94558"},{"taxonomy":"product_tag","embeddable":true,"href":"https:\/\/globalsew.com\/de\/wp-json\/wp\/v2\/product_tag?post=94558"}],"curies":[{"name":"wp","href":"https:\/\/api.w.org\/{rel}","templated":true}]}}