{"id":94490,"date":"2018-03-06T14:22:58","date_gmt":"2018-03-06T13:22:58","guid":{"rendered":"https:\/\/globalsew.com\/?post_type=product&#038;p=94490"},"modified":"2024-05-22T10:01:27","modified_gmt":"2024-05-22T08:01:27","slug":"bonis-s-serie","status":"publish","type":"product","link":"https:\/\/globalsew.com\/de\/product\/bonis-s-series\/","title":{"rendered":"Serie Bonis S"},"content":{"rendered":"<p><strong>S-51 - <\/strong>Pelzn\u00e4hmaschine f\u00fcr schwere Pelze, wie z. B. Schafsfell.<strong><br \/>\nSL-64<\/strong> - Maschine zum N\u00e4hen von Schuhen. Der h\u00f6here Arm bietet der Bedienperson mehr Platz, um das Oberteil durch die Maschine zu f\u00fchren. Die Bonis SL-64 n\u00e4ht den Kordelzug an Schuhoberteilen.<br \/>\n<strong>SP-65<\/strong> - Die speziell entwickelte lange Hochleistungsnadel wurde jetzt f\u00fcr das N\u00e4hen der Polsterung von Hausschuhsohlen angepasst. Das kleine Vorderrad erm\u00f6glicht einen ausreichenden Wenderadius in den kleinsten Bereichen. Der hohe Arm erm\u00f6glicht eine vollst\u00e4ndige Man\u00f6vrierf\u00e4higkeit des Pantoffels und gibt dem Bediener die volle Kontrolle.<br \/>\n<strong>ST-55 - <\/strong>Kleinere Vorderradscheibe, die es erm\u00f6glicht, in sehr kleine \u00d6ffnungen einzudringen und zu n\u00e4hen, z. B. um die Abs\u00e4tze von Schuhen und Hausschuhen zu n\u00e4hen und kleine Vinylschnauzen, H\u00e4nde und Schuhe an Pl\u00fcschtieren zu befestigen. Geeignet f\u00fcr alle anderen kleinen Detailarbeiten.<\/p>","protected":false},"excerpt":{"rendered":"<p>&nbsp;<\/p>\n<div class=\"row\">\n<div class=\"col-md-4\"><a class=\"download-button\" href=\"https:\/\/globalsew.com\/wp-content\/uploads\/2018\/03\/bonis.pdf\" target=\"_blank\" rel=\"noopener\">Flugblatt<\/a><\/div>\n<\/div>\n<p>&nbsp;<\/p>","protected":false},"featured_media":108116,"template":"","meta":{"_acf_changed":false},"product_brand":[],"product_cat":[344,24],"product_tag":[],"class_list":{"0":"post-94490","1":"product","2":"type-product","3":"status-publish","4":"has-post-thumbnail","6":"product_cat-fur","7":"product_cat-garment","8":"tm-has-options","10":"first","11":"instock","12":"shipping-taxable","13":"purchasable","14":"product-type-simple"},"acf":[],"gallery_images":[108117,108118,108119],"yoast_head":"<!-- This site is optimized with the Yoast SEO plugin v27.3 - https:\/\/yoast.com\/product\/yoast-seo-wordpress\/ -->\n<title>Bonis S series - Global International B.V.<\/title>\n<meta name=\"robots\" content=\"index, follow, max-snippet:-1, max-image-preview:large, max-video-preview:-1\" \/>\n<link rel=\"canonical\" href=\"https:\/\/globalsew.com\/de\/produkt\/bonis-s-serie\/\" \/>\n<meta property=\"og:locale\" content=\"de_DE\" \/>\n<meta property=\"og:type\" content=\"article\" \/>\n<meta property=\"og:title\" content=\"Bonis S series - Global International B.V.\" \/>\n<meta property=\"og:description\" content=\"&nbsp;  Leaflet  &nbsp;\" \/>\n<meta property=\"og:url\" content=\"https:\/\/globalsew.com\/de\/produkt\/bonis-s-serie\/\" \/>\n<meta property=\"og:site_name\" content=\"Global International B.V.\" \/>\n<meta property=\"article:modified_time\" content=\"2024-05-22T08:01:27+00:00\" \/>\n<meta property=\"og:image\" content=\"https:\/\/globalsew.com\/wp-content\/uploads\/2018\/03\/Bonis-S51.jpg\" \/>\n\t<meta property=\"og:image:width\" content=\"1819\" \/>\n\t<meta property=\"og:image:height\" content=\"1080\" \/>\n\t<meta property=\"og:image:type\" content=\"image\/jpeg\" \/>\n<meta name=\"twitter:card\" content=\"summary_large_image\" \/>\n<meta name=\"twitter:label1\" content=\"Gesch\u00e4tzte Lesezeit\" \/>\n\t<meta name=\"twitter:data1\" content=\"1\u00a0Minute\" \/>\n<script type=\"application\/ld+json\" class=\"yoast-schema-graph\">{\"@context\":\"https:\\\/\\\/schema.org\",\"@graph\":[{\"@type\":\"WebPage\",\"@id\":\"https:\\\/\\\/globalsew.com\\\/product\\\/bonis-s-series\\\/\",\"url\":\"https:\\\/\\\/globalsew.com\\\/product\\\/bonis-s-series\\\/\",\"name\":\"Bonis S series - Global International B.V.\",\"isPartOf\":{\"@id\":\"https:\\\/\\\/globalsew.com\\\/#website\"},\"primaryImageOfPage\":{\"@id\":\"https:\\\/\\\/globalsew.com\\\/product\\\/bonis-s-series\\\/#primaryimage\"},\"image\":{\"@id\":\"https:\\\/\\\/globalsew.com\\\/product\\\/bonis-s-series\\\/#primaryimage\"},\"thumbnailUrl\":\"https:\\\/\\\/globalsew.com\\\/wp-content\\\/uploads\\\/2018\\\/03\\\/Bonis-S51.jpg\",\"datePublished\":\"2018-03-06T13:22:58+00:00\",\"dateModified\":\"2024-05-22T08:01:27+00:00\",\"breadcrumb\":{\"@id\":\"https:\\\/\\\/globalsew.com\\\/product\\\/bonis-s-series\\\/#breadcrumb\"},\"inLanguage\":\"de\",\"potentialAction\":[{\"@type\":\"ReadAction\",\"target\":[\"https:\\\/\\\/globalsew.com\\\/product\\\/bonis-s-series\\\/\"]}]},{\"@type\":\"ImageObject\",\"inLanguage\":\"de\",\"@id\":\"https:\\\/\\\/globalsew.com\\\/product\\\/bonis-s-series\\\/#primaryimage\",\"url\":\"https:\\\/\\\/globalsew.com\\\/wp-content\\\/uploads\\\/2018\\\/03\\\/Bonis-S51.jpg\",\"contentUrl\":\"https:\\\/\\\/globalsew.com\\\/wp-content\\\/uploads\\\/2018\\\/03\\\/Bonis-S51.jpg\",\"width\":1819,\"height\":1080,\"caption\":\"Bonis S51 cupseamer, fur machine\"},{\"@type\":\"BreadcrumbList\",\"@id\":\"https:\\\/\\\/globalsew.com\\\/product\\\/bonis-s-series\\\/#breadcrumb\",\"itemListElement\":[{\"@type\":\"ListItem\",\"position\":1,\"name\":\"Home\",\"item\":\"https:\\\/\\\/globalsew.com\\\/\"},{\"@type\":\"ListItem\",\"position\":2,\"name\":\"Products\",\"item\":\"https:\\\/\\\/globalsew.com\\\/products\\\/\"},{\"@type\":\"ListItem\",\"position\":3,\"name\":\"Bonis S series\"}]},{\"@type\":\"WebSite\",\"@id\":\"https:\\\/\\\/globalsew.com\\\/#website\",\"url\":\"https:\\\/\\\/globalsew.com\\\/\",\"name\":\"Global International B.V.\",\"description\":\"Industrial Sewing Machines\",\"potentialAction\":[{\"@type\":\"SearchAction\",\"target\":{\"@type\":\"EntryPoint\",\"urlTemplate\":\"https:\\\/\\\/globalsew.com\\\/?s={search_term_string}\"},\"query-input\":{\"@type\":\"PropertyValueSpecification\",\"valueRequired\":true,\"valueName\":\"search_term_string\"}}],\"inLanguage\":\"de\"}]}<\/script>\n<!-- \/ Yoast SEO plugin. -->","yoast_head_json":{"title":"Serie Bonis S - Global International B.V.","robots":{"index":"index","follow":"follow","max-snippet":"max-snippet:-1","max-image-preview":"max-image-preview:large","max-video-preview":"max-video-preview:-1"},"canonical":"https:\/\/globalsew.com\/de\/produkt\/bonis-s-serie\/","og_locale":"de_DE","og_type":"article","og_title":"Bonis S series - Global International B.V.","og_description":"&nbsp;  Leaflet  &nbsp;","og_url":"https:\/\/globalsew.com\/de\/produkt\/bonis-s-serie\/","og_site_name":"Global International B.V.","article_modified_time":"2024-05-22T08:01:27+00:00","og_image":[{"width":1819,"height":1080,"url":"https:\/\/globalsew.com\/wp-content\/uploads\/2018\/03\/Bonis-S51.jpg","type":"image\/jpeg"}],"twitter_card":"summary_large_image","twitter_misc":{"Gesch\u00e4tzte Lesezeit":"1\u00a0Minute"},"schema":{"@context":"https:\/\/schema.org","@graph":[{"@type":"WebPage","@id":"https:\/\/globalsew.com\/product\/bonis-s-series\/","url":"https:\/\/globalsew.com\/product\/bonis-s-series\/","name":"Serie Bonis S - Global International B.V.","isPartOf":{"@id":"https:\/\/globalsew.com\/#website"},"primaryImageOfPage":{"@id":"https:\/\/globalsew.com\/product\/bonis-s-series\/#primaryimage"},"image":{"@id":"https:\/\/globalsew.com\/product\/bonis-s-series\/#primaryimage"},"thumbnailUrl":"https:\/\/globalsew.com\/wp-content\/uploads\/2018\/03\/Bonis-S51.jpg","datePublished":"2018-03-06T13:22:58+00:00","dateModified":"2024-05-22T08:01:27+00:00","breadcrumb":{"@id":"https:\/\/globalsew.com\/product\/bonis-s-series\/#breadcrumb"},"inLanguage":"de","potentialAction":[{"@type":"ReadAction","target":["https:\/\/globalsew.com\/product\/bonis-s-series\/"]}]},{"@type":"ImageObject","inLanguage":"de","@id":"https:\/\/globalsew.com\/product\/bonis-s-series\/#primaryimage","url":"https:\/\/globalsew.com\/wp-content\/uploads\/2018\/03\/Bonis-S51.jpg","contentUrl":"https:\/\/globalsew.com\/wp-content\/uploads\/2018\/03\/Bonis-S51.jpg","width":1819,"height":1080,"caption":"Bonis S51 cupseamer, fur machine"},{"@type":"BreadcrumbList","@id":"https:\/\/globalsew.com\/product\/bonis-s-series\/#breadcrumb","itemListElement":[{"@type":"ListItem","position":1,"name":"Home","item":"https:\/\/globalsew.com\/"},{"@type":"ListItem","position":2,"name":"Products","item":"https:\/\/globalsew.com\/products\/"},{"@type":"ListItem","position":3,"name":"Bonis S series"}]},{"@type":"WebSite","@id":"https:\/\/globalsew.com\/#website","url":"https:\/\/globalsew.com\/","name":"Global International B.V.","description":"Industrielle N\u00e4hmaschinen","potentialAction":[{"@type":"SearchAction","target":{"@type":"EntryPoint","urlTemplate":"https:\/\/globalsew.com\/?s={search_term_string}"},"query-input":{"@type":"PropertyValueSpecification","valueRequired":true,"valueName":"search_term_string"}}],"inLanguage":"de"}]}},"_links":{"self":[{"href":"https:\/\/globalsew.com\/de\/wp-json\/wp\/v2\/product\/94490","targetHints":{"allow":["GET"]}}],"collection":[{"href":"https:\/\/globalsew.com\/de\/wp-json\/wp\/v2\/product"}],"about":[{"href":"https:\/\/globalsew.com\/de\/wp-json\/wp\/v2\/types\/product"}],"wp:featuredmedia":[{"embeddable":true,"href":"https:\/\/globalsew.com\/de\/wp-json\/wp\/v2\/media\/108116"}],"wp:attachment":[{"href":"https:\/\/globalsew.com\/de\/wp-json\/wp\/v2\/media?parent=94490"}],"wp:term":[{"taxonomy":"product_brand","embeddable":true,"href":"https:\/\/globalsew.com\/de\/wp-json\/wp\/v2\/product_brand?post=94490"},{"taxonomy":"product_cat","embeddable":true,"href":"https:\/\/globalsew.com\/de\/wp-json\/wp\/v2\/product_cat?post=94490"},{"taxonomy":"product_tag","embeddable":true,"href":"https:\/\/globalsew.com\/de\/wp-json\/wp\/v2\/product_tag?post=94490"}],"curies":[{"name":"wp","href":"https:\/\/api.w.org\/{rel}","templated":true}]}}