{"id":94262,"date":"2018-02-07T13:30:09","date_gmt":"2018-02-07T12:30:09","guid":{"rendered":"https:\/\/globalsew.com\/?post_type=product&#038;p=94262"},"modified":"2025-01-23T11:51:54","modified_gmt":"2025-01-23T10:51:54","slug":"bt-400-x-300","status":"publish","type":"product","link":"https:\/\/globalsew.com\/de\/product\/bt-400-x-300\/","title":{"rendered":"BT 400 X 300 N"},"content":{"rendered":"<p><strong>BT 400\u00d7300 N<\/strong><br \/>\nDiese programmierbare Mustern\u00e4hmaschine eignet sich zum N\u00e4hen von mittelschweren bis schweren Materialien mit einer N\u00e4hfl\u00e4che von 400 x 300 mm. Die H\u00f6he des N\u00e4hfu\u00dflifters kann durch einen Schrittmotor eingestellt werden.<br \/>\nDie Muster sind auf dem benutzerfreundlichen Touchpanel programmierbar. Die linke und rechte Klammer k\u00f6nnen so programmiert werden, dass sie sich unabh\u00e4ngig voneinander nach unten bewegen. Die Maschine wird komplett mit Tischplatte, St\u00e4nder und einem direkt angetriebenen Mini-Servomotor geliefert. Maximale Maschinengeschwindigkeit 2400 spm. Die Maschine ist mit Barcodeleser, Schnellausl\u00f6ser, Fadenbruchsensoren und Nadelk\u00fchlung (mit Armdr\u00fccker) ausgestattet.<\/p>\n<p>&nbsp;<\/p>\n<p style=\"padding-left: 40px;\"><img fetchpriority=\"high\" decoding=\"async\" class=\"alignleft wp-image-95401\" src=\"https:\/\/globalsew.com\/wp-content\/uploads\/2020\/03\/BT-SOFTWARE-DAHAO-GLOBAL-1-1024x603.jpg\" alt=\"\" width=\"355\" height=\"209\" srcset=\"https:\/\/globalsew.com\/wp-content\/uploads\/2020\/03\/BT-SOFTWARE-DAHAO-GLOBAL-1-1024x603.jpg 1024w, https:\/\/globalsew.com\/wp-content\/uploads\/2020\/03\/BT-SOFTWARE-DAHAO-GLOBAL-1-1080x636.jpg 1080w, https:\/\/globalsew.com\/wp-content\/uploads\/2020\/03\/BT-SOFTWARE-DAHAO-GLOBAL-1-555x327.jpg 555w, https:\/\/globalsew.com\/wp-content\/uploads\/2020\/03\/BT-SOFTWARE-DAHAO-GLOBAL-1-300x177.jpg 300w, https:\/\/globalsew.com\/wp-content\/uploads\/2020\/03\/BT-SOFTWARE-DAHAO-GLOBAL-1-768x452.jpg 768w, https:\/\/globalsew.com\/wp-content\/uploads\/2020\/03\/BT-SOFTWARE-DAHAO-GLOBAL-1-205x121.jpg 205w, https:\/\/globalsew.com\/wp-content\/uploads\/2020\/03\/BT-SOFTWARE-DAHAO-GLOBAL-1.jpg 1417w\" sizes=\"(max-width: 355px) 100vw, 355px\" \/><img decoding=\"async\" class=\"wp-image-95338 alignright\" src=\"https:\/\/globalsew.com\/wp-content\/uploads\/2020\/03\/bt-panel-pc-global-m-300x180.jpg\" alt=\"\" width=\"299\" height=\"180\" srcset=\"https:\/\/globalsew.com\/wp-content\/uploads\/2020\/03\/bt-panel-pc-global-m-300x180.jpg 300w, https:\/\/globalsew.com\/wp-content\/uploads\/2020\/03\/bt-panel-pc-global-m-205x123.jpg 205w, https:\/\/globalsew.com\/wp-content\/uploads\/2020\/03\/bt-panel-pc-global-m.jpg 369w\" sizes=\"(max-width: 299px) 100vw, 299px\" \/><\/p>\n<p style=\"text-align: left;\">Dahao Technologies erm\u00f6glicht das Entwerfen und \u00c4ndern von Mustern sowohl \u00fcber das einfach zu bedienende Touchpanel als auch \u00fcber die Software, die direkt \u00fcber USB heruntergeladen werden kann. Die Maschine kann lesen: <span style=\"font-size: 10pt;\"><strong>.DXF .NSP .DST .SEW .EMB Dateien<\/strong><\/span><\/p>\n<p><a href=\"https:\/\/globalsew.com\/de\/dahao\/\"><img decoding=\"async\" class=\"alignnone wp-image-95625\" src=\"https:\/\/globalsew.com\/wp-content\/uploads\/2020\/03\/BANNER-TEST2-GLOBAL-DAHOA.jpg\" alt=\"\" width=\"176\" height=\"51\" srcset=\"https:\/\/globalsew.com\/wp-content\/uploads\/2020\/03\/BANNER-TEST2-GLOBAL-DAHOA.jpg 789w, https:\/\/globalsew.com\/wp-content\/uploads\/2020\/03\/BANNER-TEST2-GLOBAL-DAHOA-555x160.jpg 555w, https:\/\/globalsew.com\/wp-content\/uploads\/2020\/03\/BANNER-TEST2-GLOBAL-DAHOA-300x87.jpg 300w, https:\/\/globalsew.com\/wp-content\/uploads\/2020\/03\/BANNER-TEST2-GLOBAL-DAHOA-768x222.jpg 768w, https:\/\/globalsew.com\/wp-content\/uploads\/2020\/03\/BANNER-TEST2-GLOBAL-DAHOA-205x59.jpg 205w\" sizes=\"(max-width: 176px) 100vw, 176px\" \/><\/a><\/p>","protected":false},"excerpt":{"rendered":"<p>Downloads finden Sie auf unserer Download-Seite f\u00fcr die <a class=\"download-link\" href=\"https:\/\/globalsew.com\/de\/herunterladen\/bt-serie-elektronische-riegelmaschinen-programmierbare-musternahmaschinen-nur-broschuren\/\">BT-Serie<\/a>.<\/p>\n<p>&nbsp;<\/p>\n<p>Die Produktspezifikationen f\u00fcr das BT 400\u00d7300 sind:<\/p>\n<ul>\n<li>Kompletter Tisch, St\u00e4nder und Motor<\/li>\n<li>Maschinengeschwindigkeit: Max. 2000 SPM<\/li>\n<li>Vorschubsystem: durch Impulsmotor (X-Y)<\/li>\n<li>Hakentyp: Standard-Schiffchenhaken<\/li>\n<li>Stichl\u00e4nge: max. 10 mm<\/li>\n<li>Presserfu\u00dfhub: max. 16 mm<\/li>\n<li>Klammerhub: bis zu 20 mm (pneumatisch)<\/li>\n<li>Nadeltyp: DPx17<\/li>\n<li>Bereich N\u00e4hen: 400 x 300 mm<\/li>\n<li>Stromquelle: 240 V, 1 Phase, 50 - 60 Hz, Direktantrieb AC-Servomotor<\/li>\n<\/ul>","protected":false},"featured_media":105679,"template":"","meta":{"_acf_changed":false},"product_brand":[],"product_cat":[97,157,122,25,63],"product_tag":[],"class_list":{"0":"post-94262","1":"product","2":"type-product","3":"status-publish","4":"has-post-thumbnail","6":"product_cat-pattern-sewing-machines","7":"product_cat-pattern-sewing-machines-upholstery","8":"product_cat-shoe-machines","9":"product_cat-shoes","10":"product_cat-upholstery","11":"tm-has-options","13":"first","14":"instock","15":"shipping-taxable","16":"purchasable","17":"product-type-simple"},"acf":[],"gallery_images":[105676,105677,105678],"yoast_head":"<!-- This site is optimized with the Yoast SEO plugin v27.3 - https:\/\/yoast.com\/product\/yoast-seo-wordpress\/ -->\n<title>BT 400 X 300 N - Global International B.V.<\/title>\n<meta name=\"robots\" content=\"index, follow, max-snippet:-1, max-image-preview:large, max-video-preview:-1\" \/>\n<link rel=\"canonical\" href=\"https:\/\/globalsew.com\/de\/produkt\/bt-400-x-300\/\" \/>\n<meta property=\"og:locale\" content=\"de_DE\" \/>\n<meta property=\"og:type\" content=\"article\" \/>\n<meta property=\"og:title\" content=\"BT 400 X 300 N - Global International B.V.\" \/>\n<meta property=\"og:description\" content=\"For downloads see our downloads page for the BT Series.  &nbsp;  The product specifications for the BT 400x300 are:   Complete table, stand and motor  Machine speed: Max. 2000 SPM  Feeding system: by pulse motor (X-Y)  Hook type: standard shuttle hook  Stitch length: max 10 mm  Presser foot lift: max 16 mm  Clamp lift: up to 20 mm (pneumatic)  Needle type: DPx17  Sewing range: 400 x 300 mm  Power source: 240 V,\u00a0 1 phase, 50 - 60 Hz, direct drive AC servomotor\" \/>\n<meta property=\"og:url\" content=\"https:\/\/globalsew.com\/de\/produkt\/bt-400-x-300\/\" \/>\n<meta property=\"og:site_name\" content=\"Global International B.V.\" \/>\n<meta property=\"article:modified_time\" content=\"2025-01-23T10:51:54+00:00\" \/>\n<meta property=\"og:image\" content=\"https:\/\/globalsew.com\/wp-content\/uploads\/2018\/02\/products-BT400X300-global-03-1080-website-2024.jpg\" \/>\n\t<meta property=\"og:image:width\" content=\"1819\" \/>\n\t<meta property=\"og:image:height\" content=\"1080\" \/>\n\t<meta property=\"og:image:type\" content=\"image\/jpeg\" \/>\n<meta name=\"twitter:card\" content=\"summary_large_image\" \/>\n<meta name=\"twitter:label1\" content=\"Gesch\u00e4tzte Lesezeit\" \/>\n\t<meta name=\"twitter:data1\" content=\"2\u00a0Minuten\" \/>\n<script type=\"application\/ld+json\" class=\"yoast-schema-graph\">{\"@context\":\"https:\\\/\\\/schema.org\",\"@graph\":[{\"@type\":\"WebPage\",\"@id\":\"https:\\\/\\\/globalsew.com\\\/product\\\/bt-400-x-300\\\/\",\"url\":\"https:\\\/\\\/globalsew.com\\\/product\\\/bt-400-x-300\\\/\",\"name\":\"BT 400 X 300 N - Global International B.V.\",\"isPartOf\":{\"@id\":\"https:\\\/\\\/globalsew.com\\\/#website\"},\"primaryImageOfPage\":{\"@id\":\"https:\\\/\\\/globalsew.com\\\/product\\\/bt-400-x-300\\\/#primaryimage\"},\"image\":{\"@id\":\"https:\\\/\\\/globalsew.com\\\/product\\\/bt-400-x-300\\\/#primaryimage\"},\"thumbnailUrl\":\"https:\\\/\\\/globalsew.com\\\/wp-content\\\/uploads\\\/2018\\\/02\\\/products-BT400X300-global-03-1080-website-2024.jpg\",\"datePublished\":\"2018-02-07T12:30:09+00:00\",\"dateModified\":\"2025-01-23T10:51:54+00:00\",\"breadcrumb\":{\"@id\":\"https:\\\/\\\/globalsew.com\\\/product\\\/bt-400-x-300\\\/#breadcrumb\"},\"inLanguage\":\"de\",\"potentialAction\":[{\"@type\":\"ReadAction\",\"target\":[\"https:\\\/\\\/globalsew.com\\\/product\\\/bt-400-x-300\\\/\"]}]},{\"@type\":\"ImageObject\",\"inLanguage\":\"de\",\"@id\":\"https:\\\/\\\/globalsew.com\\\/product\\\/bt-400-x-300\\\/#primaryimage\",\"url\":\"https:\\\/\\\/globalsew.com\\\/wp-content\\\/uploads\\\/2018\\\/02\\\/products-BT400X300-global-03-1080-website-2024.jpg\",\"contentUrl\":\"https:\\\/\\\/globalsew.com\\\/wp-content\\\/uploads\\\/2018\\\/02\\\/products-BT400X300-global-03-1080-website-2024.jpg\",\"width\":1819,\"height\":1080,\"caption\":\"BT 400x300\"},{\"@type\":\"BreadcrumbList\",\"@id\":\"https:\\\/\\\/globalsew.com\\\/product\\\/bt-400-x-300\\\/#breadcrumb\",\"itemListElement\":[{\"@type\":\"ListItem\",\"position\":1,\"name\":\"Home\",\"item\":\"https:\\\/\\\/globalsew.com\\\/\"},{\"@type\":\"ListItem\",\"position\":2,\"name\":\"Products\",\"item\":\"https:\\\/\\\/globalsew.com\\\/products\\\/\"},{\"@type\":\"ListItem\",\"position\":3,\"name\":\"BT 400 X 300 N\"}]},{\"@type\":\"WebSite\",\"@id\":\"https:\\\/\\\/globalsew.com\\\/#website\",\"url\":\"https:\\\/\\\/globalsew.com\\\/\",\"name\":\"Global International B.V.\",\"description\":\"Industrial Sewing Machines\",\"potentialAction\":[{\"@type\":\"SearchAction\",\"target\":{\"@type\":\"EntryPoint\",\"urlTemplate\":\"https:\\\/\\\/globalsew.com\\\/?s={search_term_string}\"},\"query-input\":{\"@type\":\"PropertyValueSpecification\",\"valueRequired\":true,\"valueName\":\"search_term_string\"}}],\"inLanguage\":\"de\"}]}<\/script>\n<!-- \/ Yoast SEO plugin. -->","yoast_head_json":{"title":"BT 400 X 300 N - Global International B.V.","robots":{"index":"index","follow":"follow","max-snippet":"max-snippet:-1","max-image-preview":"max-image-preview:large","max-video-preview":"max-video-preview:-1"},"canonical":"https:\/\/globalsew.com\/de\/produkt\/bt-400-x-300\/","og_locale":"de_DE","og_type":"article","og_title":"BT 400 X 300 N - Global International B.V.","og_description":"For downloads see our downloads page for the BT Series.  &nbsp;  The product specifications for the BT 400x300 are:   Complete table, stand and motor  Machine speed: Max. 2000 SPM  Feeding system: by pulse motor (X-Y)  Hook type: standard shuttle hook  Stitch length: max 10 mm  Presser foot lift: max 16 mm  Clamp lift: up to 20 mm (pneumatic)  Needle type: DPx17  Sewing range: 400 x 300 mm  Power source: 240 V,\u00a0 1 phase, 50 - 60 Hz, direct drive AC servomotor","og_url":"https:\/\/globalsew.com\/de\/produkt\/bt-400-x-300\/","og_site_name":"Global International B.V.","article_modified_time":"2025-01-23T10:51:54+00:00","og_image":[{"width":1819,"height":1080,"url":"https:\/\/globalsew.com\/wp-content\/uploads\/2018\/02\/products-BT400X300-global-03-1080-website-2024.jpg","type":"image\/jpeg"}],"twitter_card":"summary_large_image","twitter_misc":{"Gesch\u00e4tzte Lesezeit":"2\u00a0Minuten"},"schema":{"@context":"https:\/\/schema.org","@graph":[{"@type":"WebPage","@id":"https:\/\/globalsew.com\/product\/bt-400-x-300\/","url":"https:\/\/globalsew.com\/product\/bt-400-x-300\/","name":"BT 400 X 300 N - Global International B.V.","isPartOf":{"@id":"https:\/\/globalsew.com\/#website"},"primaryImageOfPage":{"@id":"https:\/\/globalsew.com\/product\/bt-400-x-300\/#primaryimage"},"image":{"@id":"https:\/\/globalsew.com\/product\/bt-400-x-300\/#primaryimage"},"thumbnailUrl":"https:\/\/globalsew.com\/wp-content\/uploads\/2018\/02\/products-BT400X300-global-03-1080-website-2024.jpg","datePublished":"2018-02-07T12:30:09+00:00","dateModified":"2025-01-23T10:51:54+00:00","breadcrumb":{"@id":"https:\/\/globalsew.com\/product\/bt-400-x-300\/#breadcrumb"},"inLanguage":"de","potentialAction":[{"@type":"ReadAction","target":["https:\/\/globalsew.com\/product\/bt-400-x-300\/"]}]},{"@type":"ImageObject","inLanguage":"de","@id":"https:\/\/globalsew.com\/product\/bt-400-x-300\/#primaryimage","url":"https:\/\/globalsew.com\/wp-content\/uploads\/2018\/02\/products-BT400X300-global-03-1080-website-2024.jpg","contentUrl":"https:\/\/globalsew.com\/wp-content\/uploads\/2018\/02\/products-BT400X300-global-03-1080-website-2024.jpg","width":1819,"height":1080,"caption":"BT 400x300"},{"@type":"BreadcrumbList","@id":"https:\/\/globalsew.com\/product\/bt-400-x-300\/#breadcrumb","itemListElement":[{"@type":"ListItem","position":1,"name":"Home","item":"https:\/\/globalsew.com\/"},{"@type":"ListItem","position":2,"name":"Products","item":"https:\/\/globalsew.com\/products\/"},{"@type":"ListItem","position":3,"name":"BT 400 X 300 N"}]},{"@type":"WebSite","@id":"https:\/\/globalsew.com\/#website","url":"https:\/\/globalsew.com\/","name":"Global International B.V.","description":"Industrielle N\u00e4hmaschinen","potentialAction":[{"@type":"SearchAction","target":{"@type":"EntryPoint","urlTemplate":"https:\/\/globalsew.com\/?s={search_term_string}"},"query-input":{"@type":"PropertyValueSpecification","valueRequired":true,"valueName":"search_term_string"}}],"inLanguage":"de"}]}},"_links":{"self":[{"href":"https:\/\/globalsew.com\/de\/wp-json\/wp\/v2\/product\/94262","targetHints":{"allow":["GET"]}}],"collection":[{"href":"https:\/\/globalsew.com\/de\/wp-json\/wp\/v2\/product"}],"about":[{"href":"https:\/\/globalsew.com\/de\/wp-json\/wp\/v2\/types\/product"}],"wp:featuredmedia":[{"embeddable":true,"href":"https:\/\/globalsew.com\/de\/wp-json\/wp\/v2\/media\/105679"}],"wp:attachment":[{"href":"https:\/\/globalsew.com\/de\/wp-json\/wp\/v2\/media?parent=94262"}],"wp:term":[{"taxonomy":"product_brand","embeddable":true,"href":"https:\/\/globalsew.com\/de\/wp-json\/wp\/v2\/product_brand?post=94262"},{"taxonomy":"product_cat","embeddable":true,"href":"https:\/\/globalsew.com\/de\/wp-json\/wp\/v2\/product_cat?post=94262"},{"taxonomy":"product_tag","embeddable":true,"href":"https:\/\/globalsew.com\/de\/wp-json\/wp\/v2\/product_tag?post=94262"}],"curies":[{"name":"wp","href":"https:\/\/api.w.org\/{rel}","templated":true}]}}