{"id":94039,"date":"2018-01-29T14:26:01","date_gmt":"2018-01-29T13:26:01","guid":{"rendered":"https:\/\/globalsew.com\/?post_type=product&#038;p=94039"},"modified":"2024-01-18T16:13:43","modified_gmt":"2024-01-18T15:13:43","slug":"sm-7770","status":"publish","type":"product","link":"https:\/\/globalsew.com\/de\/product\/sm-7770\/","title":{"rendered":"Baureihe SM 7770"},"content":{"rendered":"<p><strong>SM 7773 -<br \/>\n<\/strong>Dreinadel-Kettenstich-N\u00e4hmaschine mit niedrigem Schaft, ideal zum N\u00e4hen von Arbeitsschuhen, Sicherheitsschuhen, Jagdschuhen und -stiefeln, Sandalen und Hausschuhen. Die Maschinen eignen sich auch zum N\u00e4hen von Gep\u00e4ck, Taschen, Sportartikeln (K\u00f6rperschutz, Boxs\u00e4cke usw.) und einer Vielzahl anderer Artikel. Je nach Anwendung sind Geschwindigkeiten von \u00fcber 1600 Stichen pro Minute m\u00f6glich. Komplett mit Tischplatte, Spezialst\u00e4nder und Ho Hsing Servomotor.<\/p>\n<p><strong>SM 7774 -<\/strong><br \/>\nWie oben, jedoch eine Vier-Nadel-Kettenstichmaschine mit einer Standard-Nadelst\u00e4rke von 7,2 mm<\/p>\n<p>&nbsp;<\/p>\n<p>&nbsp;<\/p>\n<p><img decoding=\"async\" class=\"alignnone size-full wp-image-94791\" src=\"https:\/\/globalsew.com\/wp-content\/uploads\/2017\/04\/hohsing-xs-global.jpg\" alt=\"\" width=\"73\" height=\"68\" \/>\u00a0 \u00a0 \u00a0 \u00a0 \u00a0 \u00a0 \u00a0 \u00a0 \u00a0 \u00a0 \u00a0 \u00a0 \u00a0 \u00a0 \u00a0 \u00a0 \u00a0 \u00a0 \u00a0 \u00a0 \u00a0 \u00a0 \u00a0 \u00a0 \u00a0 \u00a0 \u00a0 \u00a0 \u00a0 \u00a0 \u00a0 \u00a0 \u00a0 \u00a0 \u00a0 \u00a0 \u00a0\u00a0<img decoding=\"async\" class=\"alignnone size-full wp-image-94794\" src=\"https:\/\/globalsew.com\/wp-content\/uploads\/2017\/04\/eac-xs-global.jpg\" alt=\"\" width=\"73\" height=\"68\" \/>\u00a0<img decoding=\"async\" class=\"alignnone size-full wp-image-94793\" src=\"https:\/\/globalsew.com\/wp-content\/uploads\/2017\/04\/ce-xs-global.jpg\" alt=\"\" width=\"73\" height=\"68\" \/><\/p>","protected":false},"excerpt":{"rendered":"<p>Downloads finden Sie auf unserer Download-Seite f\u00fcr die <a class=\"download-link\" href=\"https:\/\/globalsew.com\/de\/herunterladen\/serie-sm-7700\/\">Baureihe SM 7700<\/a>.<\/p>\n<p>&nbsp;<\/p>\n<p><a href=\"#video\"><img decoding=\"async\" src=\"https:\/\/globalsew.com\/wp-content\/uploads\/2017\/11\/youtube-logo-4.png\" width=\"60px\" height=\"42px\" \/><\/a><\/p>\n<p>&nbsp;<\/p>\n<p>Die Produktspezifikationen f\u00fcr die Serie SM 7770:<\/p>\n<ul>\n<li>Kompletter Tisch, St\u00e4nder und Motor<\/li>\n<li>Maschinengeschwindigkeit: max. 1600 SPM<\/li>\n<li>Stichtyp: Einf\u00e4diger Kettenstich<\/li>\n<li>Stichl\u00e4nge: 3 - 6 mm<\/li>\n<li>Presserfu\u00dfl\u00fcftung: Standard (pneumatisch)<\/li>\n<li>Nahtst\u00e4rke: 2 - 6 mm<\/li>\n<li>Anzahl der Nadeln: 3 oder 4<\/li>\n<li>Verf\u00fcgbare Messger\u00e4te:<br \/>\nSM 7773: 6,4 oder 4,8 mm<br \/>\nSM 7774: 7,2 mm<\/li>\n<\/ul>","protected":false},"featured_media":67421,"template":"","meta":{"_acf_changed":false},"product_brand":[],"product_cat":[25,83],"product_tag":[],"class_list":{"0":"post-94039","1":"product","2":"type-product","3":"status-publish","4":"has-post-thumbnail","6":"product_cat-shoes","7":"product_cat-special-shoe-machines","8":"tm-no-options","10":"first","11":"instock","12":"shipping-taxable","13":"purchasable","14":"product-type-variable"},"acf":[],"gallery_images":[],"yoast_head":"<!-- This site is optimized with the Yoast SEO plugin v27.3 - https:\/\/yoast.com\/product\/yoast-seo-wordpress\/ -->\n<title>SM 7770 series - Global International B.V.<\/title>\n<meta name=\"robots\" content=\"index, follow, max-snippet:-1, max-image-preview:large, max-video-preview:-1\" \/>\n<link rel=\"canonical\" href=\"https:\/\/globalsew.com\/de\/produkt\/sm-7770\/\" \/>\n<meta property=\"og:locale\" content=\"de_DE\" \/>\n<meta property=\"og:type\" content=\"article\" \/>\n<meta property=\"og:title\" content=\"SM 7770 series - Global International B.V.\" \/>\n<meta property=\"og:description\" content=\"For downloads see our downloads page for the SM 7700 Series.  &nbsp;    &nbsp;  The product specifications for the SM 7770 series:   Complete table, stand and motor  Machine speed: max 1600 SPM  Stitch type: single thread chainstitch  Stitch length: 3 - 6\u00a0 mm  Presser foot lift: standard (pneumatic)  Sewing thickness: 2 - 6 mm  Number of needles: 3 or 4  Available gauges: SM 7773: 6,4 or 4,8 mm SM 7774: 7,2 mm\" \/>\n<meta property=\"og:url\" content=\"https:\/\/globalsew.com\/de\/produkt\/sm-7770\/\" \/>\n<meta property=\"og:site_name\" content=\"Global International B.V.\" \/>\n<meta property=\"article:modified_time\" content=\"2024-01-18T15:13:43+00:00\" \/>\n<meta property=\"og:image\" content=\"https:\/\/globalsew.com\/wp-content\/uploads\/2017\/03\/WEB-GLOBAL-SM-7774-01-GLOBAL-sewing-machines.jpg\" \/>\n\t<meta property=\"og:image:width\" content=\"555\" \/>\n\t<meta property=\"og:image:height\" content=\"347\" \/>\n\t<meta property=\"og:image:type\" content=\"image\/jpeg\" \/>\n<meta name=\"twitter:card\" content=\"summary_large_image\" \/>\n<meta name=\"twitter:label1\" content=\"Gesch\u00e4tzte Lesezeit\" \/>\n\t<meta name=\"twitter:data1\" content=\"1\u00a0Minute\" \/>\n<script type=\"application\/ld+json\" class=\"yoast-schema-graph\">{\"@context\":\"https:\\\/\\\/schema.org\",\"@graph\":[{\"@type\":\"WebPage\",\"@id\":\"https:\\\/\\\/globalsew.com\\\/product\\\/sm-7770\\\/\",\"url\":\"https:\\\/\\\/globalsew.com\\\/product\\\/sm-7770\\\/\",\"name\":\"SM 7770 series - Global International B.V.\",\"isPartOf\":{\"@id\":\"https:\\\/\\\/globalsew.com\\\/#website\"},\"primaryImageOfPage\":{\"@id\":\"https:\\\/\\\/globalsew.com\\\/product\\\/sm-7770\\\/#primaryimage\"},\"image\":{\"@id\":\"https:\\\/\\\/globalsew.com\\\/product\\\/sm-7770\\\/#primaryimage\"},\"thumbnailUrl\":\"https:\\\/\\\/globalsew.com\\\/wp-content\\\/uploads\\\/2017\\\/03\\\/WEB-GLOBAL-SM-7774-01-GLOBAL-sewing-machines.jpg\",\"datePublished\":\"2018-01-29T13:26:01+00:00\",\"dateModified\":\"2024-01-18T15:13:43+00:00\",\"breadcrumb\":{\"@id\":\"https:\\\/\\\/globalsew.com\\\/product\\\/sm-7770\\\/#breadcrumb\"},\"inLanguage\":\"de\",\"potentialAction\":[{\"@type\":\"ReadAction\",\"target\":[\"https:\\\/\\\/globalsew.com\\\/product\\\/sm-7770\\\/\"]}]},{\"@type\":\"ImageObject\",\"inLanguage\":\"de\",\"@id\":\"https:\\\/\\\/globalsew.com\\\/product\\\/sm-7770\\\/#primaryimage\",\"url\":\"https:\\\/\\\/globalsew.com\\\/wp-content\\\/uploads\\\/2017\\\/03\\\/WEB-GLOBAL-SM-7774-01-GLOBAL-sewing-machines.jpg\",\"contentUrl\":\"https:\\\/\\\/globalsew.com\\\/wp-content\\\/uploads\\\/2017\\\/03\\\/WEB-GLOBAL-SM-7774-01-GLOBAL-sewing-machines.jpg\",\"width\":555,\"height\":347,\"caption\":\"WEB-GLOBAL-SM-7774-01-GLOBAL-sewing-machines\"},{\"@type\":\"BreadcrumbList\",\"@id\":\"https:\\\/\\\/globalsew.com\\\/product\\\/sm-7770\\\/#breadcrumb\",\"itemListElement\":[{\"@type\":\"ListItem\",\"position\":1,\"name\":\"Home\",\"item\":\"https:\\\/\\\/globalsew.com\\\/\"},{\"@type\":\"ListItem\",\"position\":2,\"name\":\"Products\",\"item\":\"https:\\\/\\\/globalsew.com\\\/products\\\/\"},{\"@type\":\"ListItem\",\"position\":3,\"name\":\"SM 7770 series\"}]},{\"@type\":\"WebSite\",\"@id\":\"https:\\\/\\\/globalsew.com\\\/#website\",\"url\":\"https:\\\/\\\/globalsew.com\\\/\",\"name\":\"Global International B.V.\",\"description\":\"Industrial Sewing Machines\",\"potentialAction\":[{\"@type\":\"SearchAction\",\"target\":{\"@type\":\"EntryPoint\",\"urlTemplate\":\"https:\\\/\\\/globalsew.com\\\/?s={search_term_string}\"},\"query-input\":{\"@type\":\"PropertyValueSpecification\",\"valueRequired\":true,\"valueName\":\"search_term_string\"}}],\"inLanguage\":\"de\"}]}<\/script>\n<!-- \/ Yoast SEO plugin. -->","yoast_head_json":{"title":"Baureihe SM 7770 - Global International B.V.","robots":{"index":"index","follow":"follow","max-snippet":"max-snippet:-1","max-image-preview":"max-image-preview:large","max-video-preview":"max-video-preview:-1"},"canonical":"https:\/\/globalsew.com\/de\/produkt\/sm-7770\/","og_locale":"de_DE","og_type":"article","og_title":"SM 7770 series - Global International B.V.","og_description":"For downloads see our downloads page for the SM 7700 Series.  &nbsp;    &nbsp;  The product specifications for the SM 7770 series:   Complete table, stand and motor  Machine speed: max 1600 SPM  Stitch type: single thread chainstitch  Stitch length: 3 - 6\u00a0 mm  Presser foot lift: standard (pneumatic)  Sewing thickness: 2 - 6 mm  Number of needles: 3 or 4  Available gauges: SM 7773: 6,4 or 4,8 mm SM 7774: 7,2 mm","og_url":"https:\/\/globalsew.com\/de\/produkt\/sm-7770\/","og_site_name":"Global International B.V.","article_modified_time":"2024-01-18T15:13:43+00:00","og_image":[{"width":555,"height":347,"url":"https:\/\/globalsew.com\/wp-content\/uploads\/2017\/03\/WEB-GLOBAL-SM-7774-01-GLOBAL-sewing-machines.jpg","type":"image\/jpeg"}],"twitter_card":"summary_large_image","twitter_misc":{"Gesch\u00e4tzte Lesezeit":"1\u00a0Minute"},"schema":{"@context":"https:\/\/schema.org","@graph":[{"@type":"WebPage","@id":"https:\/\/globalsew.com\/product\/sm-7770\/","url":"https:\/\/globalsew.com\/product\/sm-7770\/","name":"Baureihe SM 7770 - Global International B.V.","isPartOf":{"@id":"https:\/\/globalsew.com\/#website"},"primaryImageOfPage":{"@id":"https:\/\/globalsew.com\/product\/sm-7770\/#primaryimage"},"image":{"@id":"https:\/\/globalsew.com\/product\/sm-7770\/#primaryimage"},"thumbnailUrl":"https:\/\/globalsew.com\/wp-content\/uploads\/2017\/03\/WEB-GLOBAL-SM-7774-01-GLOBAL-sewing-machines.jpg","datePublished":"2018-01-29T13:26:01+00:00","dateModified":"2024-01-18T15:13:43+00:00","breadcrumb":{"@id":"https:\/\/globalsew.com\/product\/sm-7770\/#breadcrumb"},"inLanguage":"de","potentialAction":[{"@type":"ReadAction","target":["https:\/\/globalsew.com\/product\/sm-7770\/"]}]},{"@type":"ImageObject","inLanguage":"de","@id":"https:\/\/globalsew.com\/product\/sm-7770\/#primaryimage","url":"https:\/\/globalsew.com\/wp-content\/uploads\/2017\/03\/WEB-GLOBAL-SM-7774-01-GLOBAL-sewing-machines.jpg","contentUrl":"https:\/\/globalsew.com\/wp-content\/uploads\/2017\/03\/WEB-GLOBAL-SM-7774-01-GLOBAL-sewing-machines.jpg","width":555,"height":347,"caption":"WEB-GLOBAL-SM-7774-01-GLOBAL-sewing-machines"},{"@type":"BreadcrumbList","@id":"https:\/\/globalsew.com\/product\/sm-7770\/#breadcrumb","itemListElement":[{"@type":"ListItem","position":1,"name":"Home","item":"https:\/\/globalsew.com\/"},{"@type":"ListItem","position":2,"name":"Products","item":"https:\/\/globalsew.com\/products\/"},{"@type":"ListItem","position":3,"name":"SM 7770 series"}]},{"@type":"WebSite","@id":"https:\/\/globalsew.com\/#website","url":"https:\/\/globalsew.com\/","name":"Global International B.V.","description":"Industrielle N\u00e4hmaschinen","potentialAction":[{"@type":"SearchAction","target":{"@type":"EntryPoint","urlTemplate":"https:\/\/globalsew.com\/?s={search_term_string}"},"query-input":{"@type":"PropertyValueSpecification","valueRequired":true,"valueName":"search_term_string"}}],"inLanguage":"de"}]}},"_links":{"self":[{"href":"https:\/\/globalsew.com\/de\/wp-json\/wp\/v2\/product\/94039","targetHints":{"allow":["GET"]}}],"collection":[{"href":"https:\/\/globalsew.com\/de\/wp-json\/wp\/v2\/product"}],"about":[{"href":"https:\/\/globalsew.com\/de\/wp-json\/wp\/v2\/types\/product"}],"wp:featuredmedia":[{"embeddable":true,"href":"https:\/\/globalsew.com\/de\/wp-json\/wp\/v2\/media\/67421"}],"wp:attachment":[{"href":"https:\/\/globalsew.com\/de\/wp-json\/wp\/v2\/media?parent=94039"}],"wp:term":[{"taxonomy":"product_brand","embeddable":true,"href":"https:\/\/globalsew.com\/de\/wp-json\/wp\/v2\/product_brand?post=94039"},{"taxonomy":"product_cat","embeddable":true,"href":"https:\/\/globalsew.com\/de\/wp-json\/wp\/v2\/product_cat?post=94039"},{"taxonomy":"product_tag","embeddable":true,"href":"https:\/\/globalsew.com\/de\/wp-json\/wp\/v2\/product_tag?post=94039"}],"curies":[{"name":"wp","href":"https:\/\/api.w.org\/{rel}","templated":true}]}}