{"id":91683,"date":"2017-10-31T15:54:11","date_gmt":"2017-10-31T14:54:11","guid":{"rendered":"https:\/\/globalsew.com\/?post_type=product&#038;p=91683"},"modified":"2024-05-22T09:57:22","modified_gmt":"2024-05-22T07:57:22","slug":"serie-fb-3600","status":"publish","type":"product","link":"https:\/\/globalsew.com\/de\/product\/fb-3600-series\/","title":{"rendered":"Baureihe FB 3600"},"content":{"rendered":"<div class=\"wpb-content-wrapper\"><div class=\"vc_row wpb_row vc_row-fluid\"><div class=\"wpb_column vc_column_container vc_col-sm-6\"><div class=\"vc_column-inner\"><div class=\"wpb_wrapper\">\n\t<div class=\"wpb_text_column wpb_content_element\" >\n\t\t<div class=\"wpb_wrapper\">\n\t\t\t<p><strong>FB 3603-64 BFC-DD<\/strong><br \/>\n- Hochgeschwindigkeits-Flachbett-Kettenstichmaschine mit 3 Nadeln, automatischer Schmierung und Differentialtransport f\u00fcr den oberen und unteren Umschlag. Diese multifunktionale Maschine eignet sich zum allgemeinen Glattn\u00e4hen, Bandeinfassen und Umschlagn\u00e4hen. Alle Teile f\u00fcr diese Varianten werden mit diesem Modell geliefert. Ausgestattet mit Direktantriebsmotor.<br \/>\n<strong>FB 3653-56 TMD<\/strong><br \/>\n- Hochgeschwindigkeits-Flachbett-Kettenstichmaschine mit 3 Nadeln, automatischer Schmierung, Differentialtransport, Oberdosiereinrichtung und rechtem Unterfadenschneider.<br \/>\n<strong>FB 3604-60 DD<\/strong><br \/>\n- Hochgeschwindigkeits-Flachbett-Kettenstichmaschinen mit 4 Nadeln, automatischer Schmierung und Differentialtransport. Nadelst\u00e4rke: 6,0 mm. Ausgestattet mit Direktantriebsmotor.<br \/>\n<strong>FB 3603-56 AUT<\/strong><br \/>\n- Hochgeschwindigkeits-Flachbett-Kettenstichmaschine mit 3 Nadeln, automatischer Schmierung und Differentialtransport f\u00fcr Ober- und Unterschichten. Ausgestattet mit Unter- und Oberfadenabschneider und N\u00e4hfu\u00dfliftung (alles pneumatisch). Die Maschine wird komplett mit Ho Hsing Mini-Servomotor mit Direktantrieb und Schaltkasten geliefert.<br \/>\n<strong>FB 3603-56 E-AUT<\/strong><br \/>\n- Wie oben, aber alle elektrischen Funktionen.<\/p>\n\n\t\t<\/div>\n\t<\/div>\n<\/div><\/div><\/div><div class=\"wpb_column vc_column_container vc_col-sm-6\"><div class=\"vc_column-inner\"><div class=\"wpb_wrapper\">\n\t<div class=\"wpb_text_column wpb_content_element\" >\n\t\t<div class=\"wpb_wrapper\">\n\t\t\t<p><a class=\"video-anchor\" name=\"video\"><\/a><\/p>\n\n\t\t<\/div>\n\t<\/div>\n\n\t<div class=\"wpb_video_widget wpb_content_element vc_clearfix   vc_video-aspect-ratio-169 vc_video-el-width-100 vc_video-align-left\" >\n\t\t<div class=\"wpb_wrapper\">\n\t\t\t\n\t\t\t<div class=\"wpb_video_wrapper\"><iframe title=\"GLOBAL FB 3603 - 64 BFC - Flachbett-Interlock-Kettenstichn\u00e4hmaschine f\u00fcr die Maschenindustrie\" width=\"500\" height=\"281\" src=\"https:\/\/www.youtube.com\/embed\/UIqN9u29EuE?feature=oembed\" frameborder=\"0\" allow=\"accelerometer; autoplay; clipboard-write; encrypted-media; gyroscope; picture-in-picture; web-share\" allowfullscreen><\/iframe><\/div>\n\t\t<\/div>\n\t<\/div>\n<\/div><\/div><\/div><\/div>\n<\/div>","protected":false},"excerpt":{"rendered":"<div class=\"row\">\n<div class=\"col-md-4\"><a class=\"download-button\" href=\"https:\/\/globalsew.com\/wp-content\/uploads\/2023\/04\/GLOBAL-FB-3600-SERIES-NEW.pdf\" target=\"_blank\" rel=\"noopener noreferrer\">Merkblatt herunterladen<\/a><\/div>\n<div class=\"col-md-4\"><a class=\"download-button\" href=\"https:\/\/globalsew.com\/wp-content\/uploads\/2020\/08\/FB-3600-Instruction-parts-manual.pdf\" target=\"_blank\" rel=\"noopener noreferrer\">Handbuch herunterladen<\/a><\/div>\n<div class=\"col-md-4\"><\/div>\n<\/div>\n<p>&nbsp;<\/p>","protected":false},"featured_media":106483,"template":"","meta":{"_acf_changed":false},"product_brand":[],"product_cat":[72,107,24],"product_tag":[],"class_list":{"0":"post-91683","1":"product","2":"type-product","3":"status-publish","4":"has-post-thumbnail","6":"product_cat-chainstitch-machine","7":"product_cat-chainstitch-machines","8":"product_cat-garment","9":"tm-has-options","11":"first","12":"instock","13":"shipping-taxable","14":"purchasable","15":"product-type-simple"},"acf":[],"gallery_images":[106481,106482,106485,106486,106487,106484],"yoast_head":"<!-- This site is optimized with the Yoast SEO plugin v27.3 - https:\/\/yoast.com\/product\/yoast-seo-wordpress\/ -->\n<title>FB 3600 series - Global International B.V.<\/title>\n<meta name=\"robots\" content=\"index, follow, max-snippet:-1, max-image-preview:large, max-video-preview:-1\" \/>\n<link rel=\"canonical\" href=\"https:\/\/globalsew.com\/de\/produkt\/serie-fb-3600\/\" \/>\n<meta property=\"og:locale\" content=\"de_DE\" \/>\n<meta property=\"og:type\" content=\"article\" \/>\n<meta property=\"og:title\" content=\"FB 3600 series - Global International B.V.\" \/>\n<meta property=\"og:description\" content=\"Download Leaflet Download Manual   &nbsp;\" \/>\n<meta property=\"og:url\" content=\"https:\/\/globalsew.com\/de\/produkt\/serie-fb-3600\/\" \/>\n<meta property=\"og:site_name\" content=\"Global International B.V.\" \/>\n<meta property=\"article:modified_time\" content=\"2024-05-22T07:57:22+00:00\" \/>\n<meta property=\"og:image\" content=\"https:\/\/globalsew.com\/wp-content\/uploads\/2017\/10\/FB-3603-56-E-AUT-06-1.jpg\" \/>\n\t<meta property=\"og:image:width\" content=\"1819\" \/>\n\t<meta property=\"og:image:height\" content=\"1080\" \/>\n\t<meta property=\"og:image:type\" content=\"image\/jpeg\" \/>\n<meta name=\"twitter:card\" content=\"summary_large_image\" \/>\n<meta name=\"twitter:label1\" content=\"Gesch\u00e4tzte Lesezeit\" \/>\n\t<meta name=\"twitter:data1\" content=\"1\u00a0Minute\" \/>\n<script type=\"application\/ld+json\" class=\"yoast-schema-graph\">{\"@context\":\"https:\\\/\\\/schema.org\",\"@graph\":[{\"@type\":\"WebPage\",\"@id\":\"https:\\\/\\\/globalsew.com\\\/product\\\/fb-3600-series\\\/\",\"url\":\"https:\\\/\\\/globalsew.com\\\/product\\\/fb-3600-series\\\/\",\"name\":\"FB 3600 series - Global International B.V.\",\"isPartOf\":{\"@id\":\"https:\\\/\\\/globalsew.com\\\/#website\"},\"primaryImageOfPage\":{\"@id\":\"https:\\\/\\\/globalsew.com\\\/product\\\/fb-3600-series\\\/#primaryimage\"},\"image\":{\"@id\":\"https:\\\/\\\/globalsew.com\\\/product\\\/fb-3600-series\\\/#primaryimage\"},\"thumbnailUrl\":\"https:\\\/\\\/globalsew.com\\\/wp-content\\\/uploads\\\/2017\\\/10\\\/FB-3603-56-E-AUT-06-1.jpg\",\"datePublished\":\"2017-10-31T14:54:11+00:00\",\"dateModified\":\"2024-05-22T07:57:22+00:00\",\"breadcrumb\":{\"@id\":\"https:\\\/\\\/globalsew.com\\\/product\\\/fb-3600-series\\\/#breadcrumb\"},\"inLanguage\":\"de\",\"potentialAction\":[{\"@type\":\"ReadAction\",\"target\":[\"https:\\\/\\\/globalsew.com\\\/product\\\/fb-3600-series\\\/\"]}]},{\"@type\":\"ImageObject\",\"inLanguage\":\"de\",\"@id\":\"https:\\\/\\\/globalsew.com\\\/product\\\/fb-3600-series\\\/#primaryimage\",\"url\":\"https:\\\/\\\/globalsew.com\\\/wp-content\\\/uploads\\\/2017\\\/10\\\/FB-3603-56-E-AUT-06-1.jpg\",\"contentUrl\":\"https:\\\/\\\/globalsew.com\\\/wp-content\\\/uploads\\\/2017\\\/10\\\/FB-3603-56-E-AUT-06-1.jpg\",\"width\":1819,\"height\":1080,\"caption\":\"FB 3603-56 E-AUT\"},{\"@type\":\"BreadcrumbList\",\"@id\":\"https:\\\/\\\/globalsew.com\\\/product\\\/fb-3600-series\\\/#breadcrumb\",\"itemListElement\":[{\"@type\":\"ListItem\",\"position\":1,\"name\":\"Home\",\"item\":\"https:\\\/\\\/globalsew.com\\\/\"},{\"@type\":\"ListItem\",\"position\":2,\"name\":\"Products\",\"item\":\"https:\\\/\\\/globalsew.com\\\/products\\\/\"},{\"@type\":\"ListItem\",\"position\":3,\"name\":\"FB 3600 series\"}]},{\"@type\":\"WebSite\",\"@id\":\"https:\\\/\\\/globalsew.com\\\/#website\",\"url\":\"https:\\\/\\\/globalsew.com\\\/\",\"name\":\"Global International B.V.\",\"description\":\"Industrial Sewing Machines\",\"potentialAction\":[{\"@type\":\"SearchAction\",\"target\":{\"@type\":\"EntryPoint\",\"urlTemplate\":\"https:\\\/\\\/globalsew.com\\\/?s={search_term_string}\"},\"query-input\":{\"@type\":\"PropertyValueSpecification\",\"valueRequired\":true,\"valueName\":\"search_term_string\"}}],\"inLanguage\":\"de\"}]}<\/script>\n<!-- \/ Yoast SEO plugin. -->","yoast_head_json":{"title":"Baureihe FB 3600 - Global International B.V.","robots":{"index":"index","follow":"follow","max-snippet":"max-snippet:-1","max-image-preview":"max-image-preview:large","max-video-preview":"max-video-preview:-1"},"canonical":"https:\/\/globalsew.com\/de\/produkt\/serie-fb-3600\/","og_locale":"de_DE","og_type":"article","og_title":"FB 3600 series - Global International B.V.","og_description":"Download Leaflet Download Manual   &nbsp;","og_url":"https:\/\/globalsew.com\/de\/produkt\/serie-fb-3600\/","og_site_name":"Global International B.V.","article_modified_time":"2024-05-22T07:57:22+00:00","og_image":[{"width":1819,"height":1080,"url":"https:\/\/globalsew.com\/wp-content\/uploads\/2017\/10\/FB-3603-56-E-AUT-06-1.jpg","type":"image\/jpeg"}],"twitter_card":"summary_large_image","twitter_misc":{"Gesch\u00e4tzte Lesezeit":"1\u00a0Minute"},"schema":{"@context":"https:\/\/schema.org","@graph":[{"@type":"WebPage","@id":"https:\/\/globalsew.com\/product\/fb-3600-series\/","url":"https:\/\/globalsew.com\/product\/fb-3600-series\/","name":"Baureihe FB 3600 - Global International B.V.","isPartOf":{"@id":"https:\/\/globalsew.com\/#website"},"primaryImageOfPage":{"@id":"https:\/\/globalsew.com\/product\/fb-3600-series\/#primaryimage"},"image":{"@id":"https:\/\/globalsew.com\/product\/fb-3600-series\/#primaryimage"},"thumbnailUrl":"https:\/\/globalsew.com\/wp-content\/uploads\/2017\/10\/FB-3603-56-E-AUT-06-1.jpg","datePublished":"2017-10-31T14:54:11+00:00","dateModified":"2024-05-22T07:57:22+00:00","breadcrumb":{"@id":"https:\/\/globalsew.com\/product\/fb-3600-series\/#breadcrumb"},"inLanguage":"de","potentialAction":[{"@type":"ReadAction","target":["https:\/\/globalsew.com\/product\/fb-3600-series\/"]}]},{"@type":"ImageObject","inLanguage":"de","@id":"https:\/\/globalsew.com\/product\/fb-3600-series\/#primaryimage","url":"https:\/\/globalsew.com\/wp-content\/uploads\/2017\/10\/FB-3603-56-E-AUT-06-1.jpg","contentUrl":"https:\/\/globalsew.com\/wp-content\/uploads\/2017\/10\/FB-3603-56-E-AUT-06-1.jpg","width":1819,"height":1080,"caption":"FB 3603-56 E-AUT"},{"@type":"BreadcrumbList","@id":"https:\/\/globalsew.com\/product\/fb-3600-series\/#breadcrumb","itemListElement":[{"@type":"ListItem","position":1,"name":"Home","item":"https:\/\/globalsew.com\/"},{"@type":"ListItem","position":2,"name":"Products","item":"https:\/\/globalsew.com\/products\/"},{"@type":"ListItem","position":3,"name":"FB 3600 series"}]},{"@type":"WebSite","@id":"https:\/\/globalsew.com\/#website","url":"https:\/\/globalsew.com\/","name":"Global International B.V.","description":"Industrielle N\u00e4hmaschinen","potentialAction":[{"@type":"SearchAction","target":{"@type":"EntryPoint","urlTemplate":"https:\/\/globalsew.com\/?s={search_term_string}"},"query-input":{"@type":"PropertyValueSpecification","valueRequired":true,"valueName":"search_term_string"}}],"inLanguage":"de"}]}},"_links":{"self":[{"href":"https:\/\/globalsew.com\/de\/wp-json\/wp\/v2\/product\/91683","targetHints":{"allow":["GET"]}}],"collection":[{"href":"https:\/\/globalsew.com\/de\/wp-json\/wp\/v2\/product"}],"about":[{"href":"https:\/\/globalsew.com\/de\/wp-json\/wp\/v2\/types\/product"}],"wp:featuredmedia":[{"embeddable":true,"href":"https:\/\/globalsew.com\/de\/wp-json\/wp\/v2\/media\/106483"}],"wp:attachment":[{"href":"https:\/\/globalsew.com\/de\/wp-json\/wp\/v2\/media?parent=91683"}],"wp:term":[{"taxonomy":"product_brand","embeddable":true,"href":"https:\/\/globalsew.com\/de\/wp-json\/wp\/v2\/product_brand?post=91683"},{"taxonomy":"product_cat","embeddable":true,"href":"https:\/\/globalsew.com\/de\/wp-json\/wp\/v2\/product_cat?post=91683"},{"taxonomy":"product_tag","embeddable":true,"href":"https:\/\/globalsew.com\/de\/wp-json\/wp\/v2\/product_tag?post=91683"}],"curies":[{"name":"wp","href":"https:\/\/api.w.org\/{rel}","templated":true}]}}