{"id":80451,"date":"2017-03-15T13:48:24","date_gmt":"2017-03-15T12:48:24","guid":{"rendered":"https:\/\/globalsew.com\/?post_type=product&#038;p=80451"},"modified":"2024-05-22T09:50:55","modified_gmt":"2024-05-22T07:50:55","slug":"wf-1515-65-wf-1516-65","status":"publish","type":"product","link":"https:\/\/globalsew.com\/de\/product\/wf-1515-65-wf-1516-65\/","title":{"rendered":"Baureihe WF 1510-65"},"content":{"rendered":"<p><strong>WF 1515-65<\/strong><br \/>\n- Einnadel-Langarmmaschine mit 9 mm Stichl\u00e4nge und Hubverstellung mit alternierendem Fu\u00df. Die Maschine ist mit gro\u00dfem Vertikalachsengreifer, pneumatischer Dr\u00fcckerfu\u00dfl\u00fcftung und Verriegelung ausgestattet. (65 cm Arbeitsraum).<br \/>\n<strong>WF 1515-65 AUT<\/strong><br \/>\n- Wie oben, jedoch mit elektrischem Fadenabschneider und Wechselfu\u00dfhubeinstellung per Drehknopf mit automatischer Geschwindigkeitsbegrenzung.<br \/>\n<strong>WF 1516-65<\/strong><br \/>\n- Langarm-Doppelnadel-Gehfu\u00dfmaschine mit 9 mm Stichl\u00e4nge und alternierender Fu\u00dfhubeinstellung. Standard-Nadelst\u00e4rke 8 mm. Die Maschine ist mit gro\u00dfen vertikalen Achsengreifern, pneumatischer Dr\u00fcckerfu\u00dfl\u00fcftung und Verriegelung ausgestattet. (65 cm Arbeitsfl\u00e4che).<br \/>\n<strong>WF 1516-65 AUT<\/strong><br \/>\n- Wie oben, jedoch mit elektrischem Fadenabschneider und Wechselfu\u00dfhubeinstellung per Drehknopf mit automatischer Geschwindigkeitsbegrenzung.<\/p>\n<p>&nbsp;<\/p>","protected":false},"excerpt":{"rendered":"<p>Downloads finden Sie auf unserer Download-Seite f\u00fcr die <a class=\"download-link\" href=\"https:\/\/globalsew.com\/de\/herunterladen\/serie-wf-1500\/\">Serie WF 1500<\/a>.<\/p>","protected":false},"featured_media":92101,"template":"","meta":{"_acf_changed":false},"product_brand":[],"product_cat":[21,160,95,63,22,159],"product_tag":[],"class_list":{"0":"post-80451","1":"product","2":"type-product","3":"status-publish","4":"has-post-thumbnail","6":"product_cat-automotive","7":"product_cat-flat-bed-walking-foot-machine-walking-foot-upholstery","8":"product_cat-flat-bed-walking-foot-machine","9":"product_cat-upholstery","10":"product_cat-walking-foot","11":"product_cat-walking-foot-upholstery","12":"tm-has-options","14":"first","15":"instock","16":"shipping-taxable","17":"purchasable","18":"product-type-simple"},"acf":[],"gallery_images":[],"yoast_head":"<!-- This site is optimized with the Yoast SEO plugin v27.3 - https:\/\/yoast.com\/product\/yoast-seo-wordpress\/ -->\n<title>WF 1510-65 series - Global International B.V.<\/title>\n<meta name=\"robots\" content=\"index, follow, max-snippet:-1, max-image-preview:large, max-video-preview:-1\" \/>\n<link rel=\"canonical\" href=\"https:\/\/globalsew.com\/de\/produkt\/wf-1515-65-wf-1516-65\/\" \/>\n<meta property=\"og:locale\" content=\"de_DE\" \/>\n<meta property=\"og:type\" content=\"article\" \/>\n<meta property=\"og:title\" content=\"WF 1510-65 series - Global International B.V.\" \/>\n<meta property=\"og:description\" content=\"For downloads see our downloads page for the WF 1500 series.\" \/>\n<meta property=\"og:url\" content=\"https:\/\/globalsew.com\/de\/produkt\/wf-1515-65-wf-1516-65\/\" \/>\n<meta property=\"og:site_name\" content=\"Global International B.V.\" \/>\n<meta property=\"article:modified_time\" content=\"2024-05-22T07:50:55+00:00\" \/>\n<meta property=\"og:image\" content=\"https:\/\/globalsew.com\/wp-content\/uploads\/2017\/11\/global-machine-wf-1516-65-sewstock_1.jpg\" \/>\n\t<meta property=\"og:image:width\" content=\"940\" \/>\n\t<meta property=\"og:image:height\" content=\"587\" \/>\n\t<meta property=\"og:image:type\" content=\"image\/jpeg\" \/>\n<meta name=\"twitter:card\" content=\"summary_large_image\" \/>\n<meta name=\"twitter:label1\" content=\"Gesch\u00e4tzte Lesezeit\" \/>\n\t<meta name=\"twitter:data1\" content=\"1\u00a0Minute\" \/>\n<script type=\"application\/ld+json\" class=\"yoast-schema-graph\">{\"@context\":\"https:\\\/\\\/schema.org\",\"@graph\":[{\"@type\":\"WebPage\",\"@id\":\"https:\\\/\\\/globalsew.com\\\/product\\\/wf-1515-65-wf-1516-65\\\/\",\"url\":\"https:\\\/\\\/globalsew.com\\\/product\\\/wf-1515-65-wf-1516-65\\\/\",\"name\":\"WF 1510-65 series - Global International B.V.\",\"isPartOf\":{\"@id\":\"https:\\\/\\\/globalsew.com\\\/#website\"},\"primaryImageOfPage\":{\"@id\":\"https:\\\/\\\/globalsew.com\\\/product\\\/wf-1515-65-wf-1516-65\\\/#primaryimage\"},\"image\":{\"@id\":\"https:\\\/\\\/globalsew.com\\\/product\\\/wf-1515-65-wf-1516-65\\\/#primaryimage\"},\"thumbnailUrl\":\"https:\\\/\\\/globalsew.com\\\/wp-content\\\/uploads\\\/2017\\\/11\\\/global-machine-wf-1516-65-sewstock_1.jpg\",\"datePublished\":\"2017-03-15T12:48:24+00:00\",\"dateModified\":\"2024-05-22T07:50:55+00:00\",\"breadcrumb\":{\"@id\":\"https:\\\/\\\/globalsew.com\\\/product\\\/wf-1515-65-wf-1516-65\\\/#breadcrumb\"},\"inLanguage\":\"de\",\"potentialAction\":[{\"@type\":\"ReadAction\",\"target\":[\"https:\\\/\\\/globalsew.com\\\/product\\\/wf-1515-65-wf-1516-65\\\/\"]}]},{\"@type\":\"ImageObject\",\"inLanguage\":\"de\",\"@id\":\"https:\\\/\\\/globalsew.com\\\/product\\\/wf-1515-65-wf-1516-65\\\/#primaryimage\",\"url\":\"https:\\\/\\\/globalsew.com\\\/wp-content\\\/uploads\\\/2017\\\/11\\\/global-machine-wf-1516-65-sewstock_1.jpg\",\"contentUrl\":\"https:\\\/\\\/globalsew.com\\\/wp-content\\\/uploads\\\/2017\\\/11\\\/global-machine-wf-1516-65-sewstock_1.jpg\",\"width\":940,\"height\":587},{\"@type\":\"BreadcrumbList\",\"@id\":\"https:\\\/\\\/globalsew.com\\\/product\\\/wf-1515-65-wf-1516-65\\\/#breadcrumb\",\"itemListElement\":[{\"@type\":\"ListItem\",\"position\":1,\"name\":\"Home\",\"item\":\"https:\\\/\\\/globalsew.com\\\/\"},{\"@type\":\"ListItem\",\"position\":2,\"name\":\"Products\",\"item\":\"https:\\\/\\\/globalsew.com\\\/products\\\/\"},{\"@type\":\"ListItem\",\"position\":3,\"name\":\"WF 1510-65 series\"}]},{\"@type\":\"WebSite\",\"@id\":\"https:\\\/\\\/globalsew.com\\\/#website\",\"url\":\"https:\\\/\\\/globalsew.com\\\/\",\"name\":\"Global International B.V.\",\"description\":\"Industrial Sewing Machines\",\"potentialAction\":[{\"@type\":\"SearchAction\",\"target\":{\"@type\":\"EntryPoint\",\"urlTemplate\":\"https:\\\/\\\/globalsew.com\\\/?s={search_term_string}\"},\"query-input\":{\"@type\":\"PropertyValueSpecification\",\"valueRequired\":true,\"valueName\":\"search_term_string\"}}],\"inLanguage\":\"de\"}]}<\/script>\n<!-- \/ Yoast SEO plugin. -->","yoast_head_json":{"title":"Baureihe WF 1510-65 - Global International B.V.","robots":{"index":"index","follow":"follow","max-snippet":"max-snippet:-1","max-image-preview":"max-image-preview:large","max-video-preview":"max-video-preview:-1"},"canonical":"https:\/\/globalsew.com\/de\/produkt\/wf-1515-65-wf-1516-65\/","og_locale":"de_DE","og_type":"article","og_title":"WF 1510-65 series - Global International B.V.","og_description":"For downloads see our downloads page for the WF 1500 series.","og_url":"https:\/\/globalsew.com\/de\/produkt\/wf-1515-65-wf-1516-65\/","og_site_name":"Global International B.V.","article_modified_time":"2024-05-22T07:50:55+00:00","og_image":[{"width":940,"height":587,"url":"https:\/\/globalsew.com\/wp-content\/uploads\/2017\/11\/global-machine-wf-1516-65-sewstock_1.jpg","type":"image\/jpeg"}],"twitter_card":"summary_large_image","twitter_misc":{"Gesch\u00e4tzte Lesezeit":"1\u00a0Minute"},"schema":{"@context":"https:\/\/schema.org","@graph":[{"@type":"WebPage","@id":"https:\/\/globalsew.com\/product\/wf-1515-65-wf-1516-65\/","url":"https:\/\/globalsew.com\/product\/wf-1515-65-wf-1516-65\/","name":"Baureihe WF 1510-65 - Global International B.V.","isPartOf":{"@id":"https:\/\/globalsew.com\/#website"},"primaryImageOfPage":{"@id":"https:\/\/globalsew.com\/product\/wf-1515-65-wf-1516-65\/#primaryimage"},"image":{"@id":"https:\/\/globalsew.com\/product\/wf-1515-65-wf-1516-65\/#primaryimage"},"thumbnailUrl":"https:\/\/globalsew.com\/wp-content\/uploads\/2017\/11\/global-machine-wf-1516-65-sewstock_1.jpg","datePublished":"2017-03-15T12:48:24+00:00","dateModified":"2024-05-22T07:50:55+00:00","breadcrumb":{"@id":"https:\/\/globalsew.com\/product\/wf-1515-65-wf-1516-65\/#breadcrumb"},"inLanguage":"de","potentialAction":[{"@type":"ReadAction","target":["https:\/\/globalsew.com\/product\/wf-1515-65-wf-1516-65\/"]}]},{"@type":"ImageObject","inLanguage":"de","@id":"https:\/\/globalsew.com\/product\/wf-1515-65-wf-1516-65\/#primaryimage","url":"https:\/\/globalsew.com\/wp-content\/uploads\/2017\/11\/global-machine-wf-1516-65-sewstock_1.jpg","contentUrl":"https:\/\/globalsew.com\/wp-content\/uploads\/2017\/11\/global-machine-wf-1516-65-sewstock_1.jpg","width":940,"height":587},{"@type":"BreadcrumbList","@id":"https:\/\/globalsew.com\/product\/wf-1515-65-wf-1516-65\/#breadcrumb","itemListElement":[{"@type":"ListItem","position":1,"name":"Home","item":"https:\/\/globalsew.com\/"},{"@type":"ListItem","position":2,"name":"Products","item":"https:\/\/globalsew.com\/products\/"},{"@type":"ListItem","position":3,"name":"WF 1510-65 series"}]},{"@type":"WebSite","@id":"https:\/\/globalsew.com\/#website","url":"https:\/\/globalsew.com\/","name":"Global International B.V.","description":"Industrielle N\u00e4hmaschinen","potentialAction":[{"@type":"SearchAction","target":{"@type":"EntryPoint","urlTemplate":"https:\/\/globalsew.com\/?s={search_term_string}"},"query-input":{"@type":"PropertyValueSpecification","valueRequired":true,"valueName":"search_term_string"}}],"inLanguage":"de"}]}},"_links":{"self":[{"href":"https:\/\/globalsew.com\/de\/wp-json\/wp\/v2\/product\/80451","targetHints":{"allow":["GET"]}}],"collection":[{"href":"https:\/\/globalsew.com\/de\/wp-json\/wp\/v2\/product"}],"about":[{"href":"https:\/\/globalsew.com\/de\/wp-json\/wp\/v2\/types\/product"}],"wp:featuredmedia":[{"embeddable":true,"href":"https:\/\/globalsew.com\/de\/wp-json\/wp\/v2\/media\/92101"}],"wp:attachment":[{"href":"https:\/\/globalsew.com\/de\/wp-json\/wp\/v2\/media?parent=80451"}],"wp:term":[{"taxonomy":"product_brand","embeddable":true,"href":"https:\/\/globalsew.com\/de\/wp-json\/wp\/v2\/product_brand?post=80451"},{"taxonomy":"product_cat","embeddable":true,"href":"https:\/\/globalsew.com\/de\/wp-json\/wp\/v2\/product_cat?post=80451"},{"taxonomy":"product_tag","embeddable":true,"href":"https:\/\/globalsew.com\/de\/wp-json\/wp\/v2\/product_tag?post=80451"}],"curies":[{"name":"wp","href":"https:\/\/api.w.org\/{rel}","templated":true}]}}