{"id":66219,"date":"2017-03-08T14:50:24","date_gmt":"2017-03-08T13:50:24","guid":{"rendered":"https:\/\/globalsew.com\/?post_type=product&#038;p=66219"},"modified":"2024-04-21T23:15:22","modified_gmt":"2024-04-21T21:15:22","slug":"strobel-vtd-410","status":"publish","type":"product","link":"https:\/\/globalsew.com\/de\/product\/strobel-vtd-410\/","title":{"rendered":"Strobel VTD 410"},"content":{"rendered":"<p><strong>Strobel VTD 410 EV<br \/>\n<\/strong>Der schwere Bechertransport VTD 410 EV kann selbst durchstichfeste Kevlar-Sohlen mit einer Materialst\u00e4rke von 11 mm n\u00e4hen - auch bei hoher Geschwindigkeit! Ein separater \"direkter\" Antrieb sorgt daf\u00fcr, dass der Vorschub und der vordere Becher millimetergenau arbeiten. Au\u00dferdem kann diese vielseitige Maschine dank des Differentialtransports bei Bedarf eine zus\u00e4tzliche Mehrweite von 48% in die Naht einbauen. Dadurch entf\u00e4llt der Arbeitsgang des Vorversammelns. Sonderausstattungen f\u00fcr die Herstellung solcher N\u00e4hte im \"California-Style\" werden auf Anfrage angeboten.<\/p>","protected":false},"excerpt":{"rendered":"<p>Downloads finden Sie auf unserer Download-Seite f\u00fcr die <a class=\"download-link\" href=\"https:\/\/globalsew.com\/de\/herunterladen\/strobel\/\">Strobel-Schuhmaschinen<\/a>.<\/p>","protected":false},"featured_media":105713,"template":"","meta":{"_acf_changed":false},"product_brand":[],"product_cat":[25,83],"product_tag":[],"class_list":{"0":"post-66219","1":"product","2":"type-product","3":"status-publish","4":"has-post-thumbnail","6":"product_cat-shoes","7":"product_cat-special-shoe-machines","8":"tm-has-options","10":"first","11":"instock","12":"shipping-taxable","13":"purchasable","14":"product-type-simple"},"acf":[],"gallery_images":[105717,105715,105716],"yoast_head":"<!-- This site is optimized with the Yoast SEO plugin v27.3 - https:\/\/yoast.com\/product\/yoast-seo-wordpress\/ -->\n<title>Strobel VTD 410 - Global International B.V.<\/title>\n<meta name=\"robots\" content=\"index, follow, max-snippet:-1, max-image-preview:large, max-video-preview:-1\" \/>\n<link rel=\"canonical\" href=\"https:\/\/globalsew.com\/de\/produkt\/strobel-vtd-410\/\" \/>\n<meta property=\"og:locale\" content=\"de_DE\" \/>\n<meta property=\"og:type\" content=\"article\" \/>\n<meta property=\"og:title\" content=\"Strobel VTD 410 - Global International B.V.\" \/>\n<meta property=\"og:description\" content=\"For downloads see our downloads page for the Strobel shoe machines.\" \/>\n<meta property=\"og:url\" content=\"https:\/\/globalsew.com\/de\/produkt\/strobel-vtd-410\/\" \/>\n<meta property=\"og:site_name\" content=\"Global International B.V.\" \/>\n<meta property=\"article:modified_time\" content=\"2024-04-21T21:15:22+00:00\" \/>\n<meta property=\"og:image\" content=\"https:\/\/globalsew.com\/wp-content\/uploads\/2017\/03\/products-STROBEL-410-EV-02-global-1080-website-2024.jpg\" \/>\n\t<meta property=\"og:image:width\" content=\"1819\" \/>\n\t<meta property=\"og:image:height\" content=\"1080\" \/>\n\t<meta property=\"og:image:type\" content=\"image\/jpeg\" \/>\n<meta name=\"twitter:card\" content=\"summary_large_image\" \/>\n<meta name=\"twitter:label1\" content=\"Gesch\u00e4tzte Lesezeit\" \/>\n\t<meta name=\"twitter:data1\" content=\"1\u00a0Minute\" \/>\n<script type=\"application\/ld+json\" class=\"yoast-schema-graph\">{\"@context\":\"https:\\\/\\\/schema.org\",\"@graph\":[{\"@type\":\"WebPage\",\"@id\":\"https:\\\/\\\/globalsew.com\\\/product\\\/strobel-vtd-410\\\/\",\"url\":\"https:\\\/\\\/globalsew.com\\\/product\\\/strobel-vtd-410\\\/\",\"name\":\"Strobel VTD 410 - Global International B.V.\",\"isPartOf\":{\"@id\":\"https:\\\/\\\/globalsew.com\\\/#website\"},\"primaryImageOfPage\":{\"@id\":\"https:\\\/\\\/globalsew.com\\\/product\\\/strobel-vtd-410\\\/#primaryimage\"},\"image\":{\"@id\":\"https:\\\/\\\/globalsew.com\\\/product\\\/strobel-vtd-410\\\/#primaryimage\"},\"thumbnailUrl\":\"https:\\\/\\\/globalsew.com\\\/wp-content\\\/uploads\\\/2017\\\/03\\\/products-STROBEL-410-EV-02-global-1080-website-2024.jpg\",\"datePublished\":\"2017-03-08T13:50:24+00:00\",\"dateModified\":\"2024-04-21T21:15:22+00:00\",\"breadcrumb\":{\"@id\":\"https:\\\/\\\/globalsew.com\\\/product\\\/strobel-vtd-410\\\/#breadcrumb\"},\"inLanguage\":\"de\",\"potentialAction\":[{\"@type\":\"ReadAction\",\"target\":[\"https:\\\/\\\/globalsew.com\\\/product\\\/strobel-vtd-410\\\/\"]}]},{\"@type\":\"ImageObject\",\"inLanguage\":\"de\",\"@id\":\"https:\\\/\\\/globalsew.com\\\/product\\\/strobel-vtd-410\\\/#primaryimage\",\"url\":\"https:\\\/\\\/globalsew.com\\\/wp-content\\\/uploads\\\/2017\\\/03\\\/products-STROBEL-410-EV-02-global-1080-website-2024.jpg\",\"contentUrl\":\"https:\\\/\\\/globalsew.com\\\/wp-content\\\/uploads\\\/2017\\\/03\\\/products-STROBEL-410-EV-02-global-1080-website-2024.jpg\",\"width\":1819,\"height\":1080,\"caption\":\"Strobel VTD 410 EV\"},{\"@type\":\"BreadcrumbList\",\"@id\":\"https:\\\/\\\/globalsew.com\\\/product\\\/strobel-vtd-410\\\/#breadcrumb\",\"itemListElement\":[{\"@type\":\"ListItem\",\"position\":1,\"name\":\"Home\",\"item\":\"https:\\\/\\\/globalsew.com\\\/\"},{\"@type\":\"ListItem\",\"position\":2,\"name\":\"Products\",\"item\":\"https:\\\/\\\/globalsew.com\\\/products\\\/\"},{\"@type\":\"ListItem\",\"position\":3,\"name\":\"Strobel VTD 410\"}]},{\"@type\":\"WebSite\",\"@id\":\"https:\\\/\\\/globalsew.com\\\/#website\",\"url\":\"https:\\\/\\\/globalsew.com\\\/\",\"name\":\"Global International B.V.\",\"description\":\"Industrial Sewing Machines\",\"potentialAction\":[{\"@type\":\"SearchAction\",\"target\":{\"@type\":\"EntryPoint\",\"urlTemplate\":\"https:\\\/\\\/globalsew.com\\\/?s={search_term_string}\"},\"query-input\":{\"@type\":\"PropertyValueSpecification\",\"valueRequired\":true,\"valueName\":\"search_term_string\"}}],\"inLanguage\":\"de\"}]}<\/script>\n<!-- \/ Yoast SEO plugin. -->","yoast_head_json":{"title":"Strobel VTD 410 - Global International B.V.","robots":{"index":"index","follow":"follow","max-snippet":"max-snippet:-1","max-image-preview":"max-image-preview:large","max-video-preview":"max-video-preview:-1"},"canonical":"https:\/\/globalsew.com\/de\/produkt\/strobel-vtd-410\/","og_locale":"de_DE","og_type":"article","og_title":"Strobel VTD 410 - Global International B.V.","og_description":"For downloads see our downloads page for the Strobel shoe machines.","og_url":"https:\/\/globalsew.com\/de\/produkt\/strobel-vtd-410\/","og_site_name":"Global International B.V.","article_modified_time":"2024-04-21T21:15:22+00:00","og_image":[{"width":1819,"height":1080,"url":"https:\/\/globalsew.com\/wp-content\/uploads\/2017\/03\/products-STROBEL-410-EV-02-global-1080-website-2024.jpg","type":"image\/jpeg"}],"twitter_card":"summary_large_image","twitter_misc":{"Gesch\u00e4tzte Lesezeit":"1\u00a0Minute"},"schema":{"@context":"https:\/\/schema.org","@graph":[{"@type":"WebPage","@id":"https:\/\/globalsew.com\/product\/strobel-vtd-410\/","url":"https:\/\/globalsew.com\/product\/strobel-vtd-410\/","name":"Strobel VTD 410 - Global International B.V.","isPartOf":{"@id":"https:\/\/globalsew.com\/#website"},"primaryImageOfPage":{"@id":"https:\/\/globalsew.com\/product\/strobel-vtd-410\/#primaryimage"},"image":{"@id":"https:\/\/globalsew.com\/product\/strobel-vtd-410\/#primaryimage"},"thumbnailUrl":"https:\/\/globalsew.com\/wp-content\/uploads\/2017\/03\/products-STROBEL-410-EV-02-global-1080-website-2024.jpg","datePublished":"2017-03-08T13:50:24+00:00","dateModified":"2024-04-21T21:15:22+00:00","breadcrumb":{"@id":"https:\/\/globalsew.com\/product\/strobel-vtd-410\/#breadcrumb"},"inLanguage":"de","potentialAction":[{"@type":"ReadAction","target":["https:\/\/globalsew.com\/product\/strobel-vtd-410\/"]}]},{"@type":"ImageObject","inLanguage":"de","@id":"https:\/\/globalsew.com\/product\/strobel-vtd-410\/#primaryimage","url":"https:\/\/globalsew.com\/wp-content\/uploads\/2017\/03\/products-STROBEL-410-EV-02-global-1080-website-2024.jpg","contentUrl":"https:\/\/globalsew.com\/wp-content\/uploads\/2017\/03\/products-STROBEL-410-EV-02-global-1080-website-2024.jpg","width":1819,"height":1080,"caption":"Strobel VTD 410 EV"},{"@type":"BreadcrumbList","@id":"https:\/\/globalsew.com\/product\/strobel-vtd-410\/#breadcrumb","itemListElement":[{"@type":"ListItem","position":1,"name":"Home","item":"https:\/\/globalsew.com\/"},{"@type":"ListItem","position":2,"name":"Products","item":"https:\/\/globalsew.com\/products\/"},{"@type":"ListItem","position":3,"name":"Strobel VTD 410"}]},{"@type":"WebSite","@id":"https:\/\/globalsew.com\/#website","url":"https:\/\/globalsew.com\/","name":"Global International B.V.","description":"Industrielle N\u00e4hmaschinen","potentialAction":[{"@type":"SearchAction","target":{"@type":"EntryPoint","urlTemplate":"https:\/\/globalsew.com\/?s={search_term_string}"},"query-input":{"@type":"PropertyValueSpecification","valueRequired":true,"valueName":"search_term_string"}}],"inLanguage":"de"}]}},"_links":{"self":[{"href":"https:\/\/globalsew.com\/de\/wp-json\/wp\/v2\/product\/66219","targetHints":{"allow":["GET"]}}],"collection":[{"href":"https:\/\/globalsew.com\/de\/wp-json\/wp\/v2\/product"}],"about":[{"href":"https:\/\/globalsew.com\/de\/wp-json\/wp\/v2\/types\/product"}],"wp:featuredmedia":[{"embeddable":true,"href":"https:\/\/globalsew.com\/de\/wp-json\/wp\/v2\/media\/105713"}],"wp:attachment":[{"href":"https:\/\/globalsew.com\/de\/wp-json\/wp\/v2\/media?parent=66219"}],"wp:term":[{"taxonomy":"product_brand","embeddable":true,"href":"https:\/\/globalsew.com\/de\/wp-json\/wp\/v2\/product_brand?post=66219"},{"taxonomy":"product_cat","embeddable":true,"href":"https:\/\/globalsew.com\/de\/wp-json\/wp\/v2\/product_cat?post=66219"},{"taxonomy":"product_tag","embeddable":true,"href":"https:\/\/globalsew.com\/de\/wp-json\/wp\/v2\/product_tag?post=66219"}],"curies":[{"name":"wp","href":"https:\/\/api.w.org\/{rel}","templated":true}]}}