{"id":61483,"date":"2017-02-22T15:07:56","date_gmt":"2017-02-22T14:07:56","guid":{"rendered":"https:\/\/globalsew.com\/?post_type=product&#038;p=61483"},"modified":"2024-05-22T09:44:13","modified_gmt":"2024-05-22T07:44:13","slug":"lp-2971-lh-aut","status":"publish","type":"product","link":"https:\/\/globalsew.com\/de\/product\/lp-2971-lh-aut\/","title":{"rendered":"LP 2971 LH-AUT"},"content":{"rendered":"<div class=\"wpb-content-wrapper\"><div class=\"vc_row wpb_row vc_row-fluid\"><div class=\"wpb_column vc_column_container vc_col-sm-6\"><div class=\"vc_column-inner\"><div class=\"wpb_wrapper\">\n\t<div class=\"wpb_text_column wpb_content_element\" >\n\t\t<div class=\"wpb_wrapper\">\n\t\t\t<div class=\"page\" title=\"Seite 1\">\n<div class=\"section\">\n<div class=\"layoutArea\">\n<div class=\"column\">\n<p>LP 2971 LH - AUT<\/p>\n<p>Einnadel-Doppelsteppstich-S\u00e4ulenmaschine mit Rollentransport, Nadeltransport, angetriebenem Rollfu\u00df und gro\u00dfem Greifer. Die Maschine ist mit automatischem Fadenabschneider, automatischer Verriegelung und Presserfu\u00dfl\u00fcftung ausgestattet.<\/p>\n<\/div>\n<\/div>\n<\/div>\n<\/div>\n<p>&nbsp;<\/p>\n<p><img decoding=\"async\" class=\"wp-image-89551 alignright\" src=\"https:\/\/globalsew.com\/wp-content\/uploads\/2017\/02\/CE-EAC-ICON-GLOBALSEW-300x148.jpg\" alt=\"\" width=\"111\" height=\"55\" srcset=\"https:\/\/globalsew.com\/wp-content\/uploads\/2017\/02\/CE-EAC-ICON-GLOBALSEW-300x148.jpg 300w, https:\/\/globalsew.com\/wp-content\/uploads\/2017\/02\/CE-EAC-ICON-GLOBALSEW-555x274.jpg 555w, https:\/\/globalsew.com\/wp-content\/uploads\/2017\/02\/CE-EAC-ICON-GLOBALSEW-768x379.jpg 768w, https:\/\/globalsew.com\/wp-content\/uploads\/2017\/02\/CE-EAC-ICON-GLOBALSEW-1024x505.jpg 1024w, https:\/\/globalsew.com\/wp-content\/uploads\/2017\/02\/CE-EAC-ICON-GLOBALSEW-205x101.jpg 205w\" sizes=\"(max-width: 111px) 100vw, 111px\" \/><\/p>\n\n\t\t<\/div>\n\t<\/div>\n<\/div><\/div><\/div><div class=\"wpb_column vc_column_container vc_col-sm-6\"><div class=\"vc_column-inner\"><div class=\"wpb_wrapper\">\n\t<div class=\"wpb_text_column wpb_content_element\" >\n\t\t<div class=\"wpb_wrapper\">\n\t\t\t<p><a class=\"video-anchor\" name=\"video\"><\/a><\/p>\n\n\t\t<\/div>\n\t<\/div>\n\n\t<div class=\"wpb_video_widget wpb_content_element vc_clearfix   vc_video-aspect-ratio-169 vc_video-el-width-100 vc_video-align-left\" >\n\t\t<div class=\"wpb_wrapper\">\n\t\t\t\n\t\t\t<div class=\"wpb_video_wrapper\"><iframe title=\"Global LP2971 - Einnadel-Doppelsteppstich-Postbed-N\u00e4hmaschine f\u00fcr die Schuhindustrie\" width=\"500\" height=\"281\" src=\"https:\/\/www.youtube.com\/embed\/6HgEyDdmaEY?feature=oembed\" frameborder=\"0\" allow=\"accelerometer; autoplay; clipboard-write; encrypted-media; gyroscope; picture-in-picture; web-share\" allowfullscreen><\/iframe><\/div>\n\t\t<\/div>\n\t<\/div>\n<\/div><\/div><\/div><\/div>\n<\/div>","protected":false},"excerpt":{"rendered":"<div class=\"row\">\n<div class=\"col-md-4\"><a class=\"download-button\" href=\"https:\/\/globalsew.com\/wp-content\/uploads\/2017\/02\/LP-2970-Leaflet.pdf\" target=\"_blank\" rel=\"noopener\">Flugblatt<\/a><\/div>\n<div class=\"col-md-4\"><a class=\"download-button\" href=\"https:\/\/globalsew.com\/wp-content\/uploads\/2017\/02\/LP-2970-Manual.pdf\" target=\"_blank\" rel=\"noopener\">Handbuch<\/a><\/div>\n<div class=\"col-md-4\"><a class=\"download-button\" href=\"https:\/\/globalsew.com\/wp-content\/uploads\/2017\/03\/lp2970service.pdf\" target=\"_blank\" rel=\"noopener\">Service-Handbuch<\/a><\/div>\n<div class=\"col-md-4\"><a class=\"download-button\" href=\"https:\/\/globalsew.com\/wp-content\/uploads\/2017\/03\/lp2970parts.pdf\" target=\"_blank\" rel=\"noopener\">Teilebuch<\/a><\/div>\n<div class=\"col-md-4\"><a href=\"#video\"><img decoding=\"async\" src=\"https:\/\/globalsew.com\/wp-content\/uploads\/2017\/11\/youtube-logo-4.png\" width=\"60\" height=\"42\" \/><\/a><\/div>\n<\/div>\n<p>&nbsp;<\/p>\n<p><img decoding=\"async\" class=\"alignnone size-medium wp-image-89541\" src=\"https:\/\/globalsew.com\/wp-content\/uploads\/2017\/02\/postbed.gif\" alt=\"\" width=\"53\" height=\"53\" \/>\u00a0<img loading=\"lazy\" decoding=\"async\" class=\"alignnone size-full wp-image-89537\" src=\"https:\/\/globalsew.com\/wp-content\/uploads\/2017\/02\/1-needle.gif\" alt=\"\" width=\"53\" height=\"53\" \/>\u00a0<img loading=\"lazy\" decoding=\"async\" class=\"alignnone size-full wp-image-89543\" src=\"https:\/\/globalsew.com\/wp-content\/uploads\/2017\/02\/vertical-hook-large.gif\" alt=\"\" width=\"53\" height=\"53\" \/>\u00a0<img loading=\"lazy\" decoding=\"async\" class=\"alignnone size-full wp-image-89540\" src=\"https:\/\/globalsew.com\/wp-content\/uploads\/2017\/02\/lockstitch.gif\" alt=\"\" width=\"53\" height=\"53\" \/>\u00a0<img loading=\"lazy\" decoding=\"async\" class=\"alignnone size-full wp-image-89538\" src=\"https:\/\/globalsew.com\/wp-content\/uploads\/2017\/02\/bottomfeed-needlefeed-alternatingfeed.gif\" alt=\"\" width=\"53\" height=\"53\" \/>\u00a0<img loading=\"lazy\" decoding=\"async\" class=\"alignnone size-full wp-image-89542\" src=\"https:\/\/globalsew.com\/wp-content\/uploads\/2017\/02\/stroke-adjust.gif\" alt=\"\" width=\"53\" height=\"53\" \/><\/p>\n<p>&nbsp;<\/p>","protected":false},"featured_media":67391,"template":"","meta":{"_acf_changed":false},"product_brand":[],"product_cat":[123,25],"product_tag":[],"class_list":{"0":"post-61483","1":"product","2":"type-product","3":"status-publish","4":"has-post-thumbnail","6":"product_cat-postbed-shoe-machines","7":"product_cat-shoes","8":"tm-has-options","10":"first","11":"instock","12":"shipping-taxable","13":"purchasable","14":"product-type-simple"},"acf":[],"gallery_images":[88812],"yoast_head":"<!-- This site is optimized with the Yoast SEO plugin v27.3 - https:\/\/yoast.com\/product\/yoast-seo-wordpress\/ -->\n<title>LP 2971 LH-AUT - Global International B.V.<\/title>\n<meta name=\"robots\" content=\"index, follow, max-snippet:-1, max-image-preview:large, max-video-preview:-1\" \/>\n<link rel=\"canonical\" href=\"https:\/\/globalsew.com\/de\/produkt\/lp-2971-lh-aut\/\" \/>\n<meta property=\"og:locale\" content=\"de_DE\" \/>\n<meta property=\"og:type\" content=\"article\" \/>\n<meta property=\"og:title\" content=\"LP 2971 LH-AUT - Global International B.V.\" \/>\n<meta property=\"og:description\" content=\"Leaflet Manual Service Manual Parts book   &nbsp;  \u00a0\u00a0\u00a0\u00a0\u00a0  &nbsp;\" \/>\n<meta property=\"og:url\" content=\"https:\/\/globalsew.com\/de\/produkt\/lp-2971-lh-aut\/\" \/>\n<meta property=\"og:site_name\" content=\"Global International B.V.\" \/>\n<meta property=\"article:modified_time\" content=\"2024-05-22T07:44:13+00:00\" \/>\n<meta property=\"og:image\" content=\"https:\/\/globalsew.com\/wp-content\/uploads\/2017\/02\/WEB-GLOBAL-LP-2971-01-GLOBAL-sewing-machines.jpg\" \/>\n\t<meta property=\"og:image:width\" content=\"555\" \/>\n\t<meta property=\"og:image:height\" content=\"347\" \/>\n\t<meta property=\"og:image:type\" content=\"image\/jpeg\" \/>\n<meta name=\"twitter:card\" content=\"summary_large_image\" \/>\n<meta name=\"twitter:label1\" content=\"Gesch\u00e4tzte Lesezeit\" \/>\n\t<meta name=\"twitter:data1\" content=\"1\u00a0Minute\" \/>\n<script type=\"application\/ld+json\" class=\"yoast-schema-graph\">{\"@context\":\"https:\\\/\\\/schema.org\",\"@graph\":[{\"@type\":\"WebPage\",\"@id\":\"https:\\\/\\\/globalsew.com\\\/product\\\/lp-2971-lh-aut\\\/\",\"url\":\"https:\\\/\\\/globalsew.com\\\/product\\\/lp-2971-lh-aut\\\/\",\"name\":\"LP 2971 LH-AUT - Global International B.V.\",\"isPartOf\":{\"@id\":\"https:\\\/\\\/globalsew.com\\\/#website\"},\"primaryImageOfPage\":{\"@id\":\"https:\\\/\\\/globalsew.com\\\/product\\\/lp-2971-lh-aut\\\/#primaryimage\"},\"image\":{\"@id\":\"https:\\\/\\\/globalsew.com\\\/product\\\/lp-2971-lh-aut\\\/#primaryimage\"},\"thumbnailUrl\":\"https:\\\/\\\/globalsew.com\\\/wp-content\\\/uploads\\\/2017\\\/02\\\/WEB-GLOBAL-LP-2971-01-GLOBAL-sewing-machines.jpg\",\"datePublished\":\"2017-02-22T14:07:56+00:00\",\"dateModified\":\"2024-05-22T07:44:13+00:00\",\"breadcrumb\":{\"@id\":\"https:\\\/\\\/globalsew.com\\\/product\\\/lp-2971-lh-aut\\\/#breadcrumb\"},\"inLanguage\":\"de\",\"potentialAction\":[{\"@type\":\"ReadAction\",\"target\":[\"https:\\\/\\\/globalsew.com\\\/product\\\/lp-2971-lh-aut\\\/\"]}]},{\"@type\":\"ImageObject\",\"inLanguage\":\"de\",\"@id\":\"https:\\\/\\\/globalsew.com\\\/product\\\/lp-2971-lh-aut\\\/#primaryimage\",\"url\":\"https:\\\/\\\/globalsew.com\\\/wp-content\\\/uploads\\\/2017\\\/02\\\/WEB-GLOBAL-LP-2971-01-GLOBAL-sewing-machines.jpg\",\"contentUrl\":\"https:\\\/\\\/globalsew.com\\\/wp-content\\\/uploads\\\/2017\\\/02\\\/WEB-GLOBAL-LP-2971-01-GLOBAL-sewing-machines.jpg\",\"width\":555,\"height\":347,\"caption\":\"WEB-GLOBAL-LP-2971-01-GLOBAL-sewing-machines\"},{\"@type\":\"BreadcrumbList\",\"@id\":\"https:\\\/\\\/globalsew.com\\\/product\\\/lp-2971-lh-aut\\\/#breadcrumb\",\"itemListElement\":[{\"@type\":\"ListItem\",\"position\":1,\"name\":\"Home\",\"item\":\"https:\\\/\\\/globalsew.com\\\/\"},{\"@type\":\"ListItem\",\"position\":2,\"name\":\"Products\",\"item\":\"https:\\\/\\\/globalsew.com\\\/products\\\/\"},{\"@type\":\"ListItem\",\"position\":3,\"name\":\"LP 2971 LH-AUT\"}]},{\"@type\":\"WebSite\",\"@id\":\"https:\\\/\\\/globalsew.com\\\/#website\",\"url\":\"https:\\\/\\\/globalsew.com\\\/\",\"name\":\"Global International B.V.\",\"description\":\"Industrial Sewing Machines\",\"potentialAction\":[{\"@type\":\"SearchAction\",\"target\":{\"@type\":\"EntryPoint\",\"urlTemplate\":\"https:\\\/\\\/globalsew.com\\\/?s={search_term_string}\"},\"query-input\":{\"@type\":\"PropertyValueSpecification\",\"valueRequired\":true,\"valueName\":\"search_term_string\"}}],\"inLanguage\":\"de\"}]}<\/script>\n<!-- \/ Yoast SEO plugin. -->","yoast_head_json":{"title":"LP 2971 LH-AUT - Global International B.V.","robots":{"index":"index","follow":"follow","max-snippet":"max-snippet:-1","max-image-preview":"max-image-preview:large","max-video-preview":"max-video-preview:-1"},"canonical":"https:\/\/globalsew.com\/de\/produkt\/lp-2971-lh-aut\/","og_locale":"de_DE","og_type":"article","og_title":"LP 2971 LH-AUT - Global International B.V.","og_description":"Leaflet Manual Service Manual Parts book   &nbsp;  \u00a0\u00a0\u00a0\u00a0\u00a0  &nbsp;","og_url":"https:\/\/globalsew.com\/de\/produkt\/lp-2971-lh-aut\/","og_site_name":"Global International B.V.","article_modified_time":"2024-05-22T07:44:13+00:00","og_image":[{"width":555,"height":347,"url":"https:\/\/globalsew.com\/wp-content\/uploads\/2017\/02\/WEB-GLOBAL-LP-2971-01-GLOBAL-sewing-machines.jpg","type":"image\/jpeg"}],"twitter_card":"summary_large_image","twitter_misc":{"Gesch\u00e4tzte Lesezeit":"1\u00a0Minute"},"schema":{"@context":"https:\/\/schema.org","@graph":[{"@type":"WebPage","@id":"https:\/\/globalsew.com\/product\/lp-2971-lh-aut\/","url":"https:\/\/globalsew.com\/product\/lp-2971-lh-aut\/","name":"LP 2971 LH-AUT - Global International B.V.","isPartOf":{"@id":"https:\/\/globalsew.com\/#website"},"primaryImageOfPage":{"@id":"https:\/\/globalsew.com\/product\/lp-2971-lh-aut\/#primaryimage"},"image":{"@id":"https:\/\/globalsew.com\/product\/lp-2971-lh-aut\/#primaryimage"},"thumbnailUrl":"https:\/\/globalsew.com\/wp-content\/uploads\/2017\/02\/WEB-GLOBAL-LP-2971-01-GLOBAL-sewing-machines.jpg","datePublished":"2017-02-22T14:07:56+00:00","dateModified":"2024-05-22T07:44:13+00:00","breadcrumb":{"@id":"https:\/\/globalsew.com\/product\/lp-2971-lh-aut\/#breadcrumb"},"inLanguage":"de","potentialAction":[{"@type":"ReadAction","target":["https:\/\/globalsew.com\/product\/lp-2971-lh-aut\/"]}]},{"@type":"ImageObject","inLanguage":"de","@id":"https:\/\/globalsew.com\/product\/lp-2971-lh-aut\/#primaryimage","url":"https:\/\/globalsew.com\/wp-content\/uploads\/2017\/02\/WEB-GLOBAL-LP-2971-01-GLOBAL-sewing-machines.jpg","contentUrl":"https:\/\/globalsew.com\/wp-content\/uploads\/2017\/02\/WEB-GLOBAL-LP-2971-01-GLOBAL-sewing-machines.jpg","width":555,"height":347,"caption":"WEB-GLOBAL-LP-2971-01-GLOBAL-sewing-machines"},{"@type":"BreadcrumbList","@id":"https:\/\/globalsew.com\/product\/lp-2971-lh-aut\/#breadcrumb","itemListElement":[{"@type":"ListItem","position":1,"name":"Home","item":"https:\/\/globalsew.com\/"},{"@type":"ListItem","position":2,"name":"Products","item":"https:\/\/globalsew.com\/products\/"},{"@type":"ListItem","position":3,"name":"LP 2971 LH-AUT"}]},{"@type":"WebSite","@id":"https:\/\/globalsew.com\/#website","url":"https:\/\/globalsew.com\/","name":"Global International B.V.","description":"Industrielle N\u00e4hmaschinen","potentialAction":[{"@type":"SearchAction","target":{"@type":"EntryPoint","urlTemplate":"https:\/\/globalsew.com\/?s={search_term_string}"},"query-input":{"@type":"PropertyValueSpecification","valueRequired":true,"valueName":"search_term_string"}}],"inLanguage":"de"}]}},"_links":{"self":[{"href":"https:\/\/globalsew.com\/de\/wp-json\/wp\/v2\/product\/61483","targetHints":{"allow":["GET"]}}],"collection":[{"href":"https:\/\/globalsew.com\/de\/wp-json\/wp\/v2\/product"}],"about":[{"href":"https:\/\/globalsew.com\/de\/wp-json\/wp\/v2\/types\/product"}],"wp:featuredmedia":[{"embeddable":true,"href":"https:\/\/globalsew.com\/de\/wp-json\/wp\/v2\/media\/67391"}],"wp:attachment":[{"href":"https:\/\/globalsew.com\/de\/wp-json\/wp\/v2\/media?parent=61483"}],"wp:term":[{"taxonomy":"product_brand","embeddable":true,"href":"https:\/\/globalsew.com\/de\/wp-json\/wp\/v2\/product_brand?post=61483"},{"taxonomy":"product_cat","embeddable":true,"href":"https:\/\/globalsew.com\/de\/wp-json\/wp\/v2\/product_cat?post=61483"},{"taxonomy":"product_tag","embeddable":true,"href":"https:\/\/globalsew.com\/de\/wp-json\/wp\/v2\/product_tag?post=61483"}],"curies":[{"name":"wp","href":"https:\/\/api.w.org\/{rel}","templated":true}]}}