{"id":52261,"date":"2017-02-20T12:44:16","date_gmt":"2017-02-20T11:44:16","guid":{"rendered":"https:\/\/globalsew.com\/?post_type=product&#038;p=52261"},"modified":"2024-05-22T09:42:36","modified_gmt":"2024-05-22T07:42:36","slug":"bh-9982-ose","status":"publish","type":"product","link":"https:\/\/globalsew.com\/de\/product\/bh-9982-eyelet\/","title":{"rendered":"BH 9982 \u00d6se"},"content":{"rendered":"<p>Elektronische Zweifaden-Kettenstich-Hochgeschwindigkeits-Knopflochmaschine mit Fadenabschneider f\u00fcr den Ober- und Unterfaden. Das programmierbare Steuerger\u00e4t erm\u00f6glicht den einfachen Wechsel von \"Nachschneiden\" zu \"Vorschneiden\" und das Herstellen von Knopfl\u00f6chern mit oder ohne Schlitzleiste und Querleiste. Bis zu 9 verschiedene Zyklusprogramme k\u00f6nnen im Speicher abgelegt werden. Die Maschine wird komplett mit St\u00e4nder, Tischplatte und Motor geliefert. Diese Maschine eignet sich zum N\u00e4hen von runden \u00d6sen zwischen 2 und 5 mm. Die ben\u00f6tigten Spezialteile m\u00fcssen separat erworben werden.<\/p>","protected":false},"excerpt":{"rendered":"<div class=\"row\">\n<div class=\"col-md-6\"><a class=\"download-button\" href=\"https:\/\/globalsew.com\/wp-content\/uploads\/2017\/02\/BH-9982-Leaflet.pdf\" target=\"_blank\" rel=\"noopener\">Merkblatt herunterladen<\/a><\/div>\n<div class=\"col-md-6\"><a class=\"download-button\" href=\"https:\/\/globalsew.com\/wp-content\/uploads\/2023\/02\/BH-9982-instructions.pdf\" target=\"_blank\" rel=\"noopener\">Handbuch herunterladen<\/a><\/div>\n<div class=\"col-md-6\"><a class=\"download-button\" href=\"https:\/\/globalsew.com\/wp-content\/uploads\/2023\/02\/bh9982-parts.pdf\" target=\"_blank\" rel=\"noopener\">Download Teilehandbuch<\/a><\/div>\n<\/div>\n<p>&nbsp;<\/p>\n<p>Die Produktspezifikationen f\u00fcr BH 9982 Eyelet:<\/p>\n<ul>\n<li>Maschinengeschwindigkeit: max. 2000 U\/min<\/li>\n<li>Stichtyp: 401<\/li>\n<li>Anzahl der Nadeln: 1<\/li>\n<li>Stiche pro Zyklus: einstellbar<\/li>\n<li>H\u00f6he der Arbeitsklemme: 12 mm<\/li>\n<li>Vorschubart: Impulsmotoren f\u00fcr pr\u00e4zisen x-y-Vorschub<\/li>\n<li>Nadeltyp: 558<\/li>\n<li>Knopflochgr\u00f6\u00dfe: 13-38 mm<\/li>\n<li>Runde \u00d6sengr\u00f6\u00dfe: 2,3,4 und 5 mm (N\u00e4hgarnitur, Messer und Bl\u00f6cke sind optional)<\/li>\n<\/ul>","protected":false},"featured_media":67371,"template":"","meta":{"_acf_changed":false},"product_brand":[],"product_cat":[68,24],"product_tag":[],"class_list":{"0":"post-52261","1":"product","2":"type-product","3":"status-publish","4":"has-post-thumbnail","6":"product_cat-eyelet-buttonhole","7":"product_cat-garment","8":"tm-no-options","10":"first","11":"instock","12":"shipping-taxable","13":"purchasable","14":"product-type-simple"},"acf":[],"gallery_images":[105758,105761],"yoast_head":"<!-- This site is optimized with the Yoast SEO plugin v27.3 - https:\/\/yoast.com\/product\/yoast-seo-wordpress\/ -->\n<title>BH 9982 Eyelet - Global International B.V.<\/title>\n<meta name=\"robots\" content=\"index, follow, max-snippet:-1, max-image-preview:large, max-video-preview:-1\" \/>\n<link rel=\"canonical\" href=\"https:\/\/globalsew.com\/de\/produkt\/bh-9982-ose\/\" \/>\n<meta property=\"og:locale\" content=\"de_DE\" \/>\n<meta property=\"og:type\" content=\"article\" \/>\n<meta property=\"og:title\" content=\"BH 9982 Eyelet - Global International B.V.\" \/>\n<meta property=\"og:description\" content=\"Download Leaflet Download Manual Download Partsmanual  &nbsp;  The product specifications for the BH 9982 Eyelet:   Machine speed: max 2000 spm  Stitch type: 401  Number of needles: 1  Stitches per cycle: adjustable  Work clamp height: 12 mm  Feed type: pulse motors for accurate x-y feeding  Needle type: 558  Buttonhole size: 13-38 mm  Round eyelet size: 2,3,4 and 5 mm (sewingset,knives and blocks are optional)\" \/>\n<meta property=\"og:url\" content=\"https:\/\/globalsew.com\/de\/produkt\/bh-9982-ose\/\" \/>\n<meta property=\"og:site_name\" content=\"Global International B.V.\" \/>\n<meta property=\"article:modified_time\" content=\"2024-05-22T07:42:36+00:00\" \/>\n<meta property=\"og:image\" content=\"https:\/\/globalsew.com\/wp-content\/uploads\/2017\/02\/WEB-GLOBAL-BH-9982-01-GLOBAL-sewing-machines.jpg\" \/>\n\t<meta property=\"og:image:width\" content=\"555\" \/>\n\t<meta property=\"og:image:height\" content=\"347\" \/>\n\t<meta property=\"og:image:type\" content=\"image\/jpeg\" \/>\n<meta name=\"twitter:card\" content=\"summary_large_image\" \/>\n<meta name=\"twitter:label1\" content=\"Gesch\u00e4tzte Lesezeit\" \/>\n\t<meta name=\"twitter:data1\" content=\"1\u00a0Minute\" \/>\n<script type=\"application\/ld+json\" class=\"yoast-schema-graph\">{\"@context\":\"https:\\\/\\\/schema.org\",\"@graph\":[{\"@type\":\"WebPage\",\"@id\":\"https:\\\/\\\/globalsew.com\\\/product\\\/bh-9982-eyelet\\\/\",\"url\":\"https:\\\/\\\/globalsew.com\\\/product\\\/bh-9982-eyelet\\\/\",\"name\":\"BH 9982 Eyelet - Global International B.V.\",\"isPartOf\":{\"@id\":\"https:\\\/\\\/globalsew.com\\\/#website\"},\"primaryImageOfPage\":{\"@id\":\"https:\\\/\\\/globalsew.com\\\/product\\\/bh-9982-eyelet\\\/#primaryimage\"},\"image\":{\"@id\":\"https:\\\/\\\/globalsew.com\\\/product\\\/bh-9982-eyelet\\\/#primaryimage\"},\"thumbnailUrl\":\"https:\\\/\\\/globalsew.com\\\/wp-content\\\/uploads\\\/2017\\\/02\\\/WEB-GLOBAL-BH-9982-01-GLOBAL-sewing-machines.jpg\",\"datePublished\":\"2017-02-20T11:44:16+00:00\",\"dateModified\":\"2024-05-22T07:42:36+00:00\",\"breadcrumb\":{\"@id\":\"https:\\\/\\\/globalsew.com\\\/product\\\/bh-9982-eyelet\\\/#breadcrumb\"},\"inLanguage\":\"de\",\"potentialAction\":[{\"@type\":\"ReadAction\",\"target\":[\"https:\\\/\\\/globalsew.com\\\/product\\\/bh-9982-eyelet\\\/\"]}]},{\"@type\":\"ImageObject\",\"inLanguage\":\"de\",\"@id\":\"https:\\\/\\\/globalsew.com\\\/product\\\/bh-9982-eyelet\\\/#primaryimage\",\"url\":\"https:\\\/\\\/globalsew.com\\\/wp-content\\\/uploads\\\/2017\\\/02\\\/WEB-GLOBAL-BH-9982-01-GLOBAL-sewing-machines.jpg\",\"contentUrl\":\"https:\\\/\\\/globalsew.com\\\/wp-content\\\/uploads\\\/2017\\\/02\\\/WEB-GLOBAL-BH-9982-01-GLOBAL-sewing-machines.jpg\",\"width\":555,\"height\":347,\"caption\":\"WEB-GLOBAL-BH-9982-01-GLOBAL-sewing-machines\"},{\"@type\":\"BreadcrumbList\",\"@id\":\"https:\\\/\\\/globalsew.com\\\/product\\\/bh-9982-eyelet\\\/#breadcrumb\",\"itemListElement\":[{\"@type\":\"ListItem\",\"position\":1,\"name\":\"Home\",\"item\":\"https:\\\/\\\/globalsew.com\\\/\"},{\"@type\":\"ListItem\",\"position\":2,\"name\":\"Products\",\"item\":\"https:\\\/\\\/globalsew.com\\\/products\\\/\"},{\"@type\":\"ListItem\",\"position\":3,\"name\":\"BH 9982 Eyelet\"}]},{\"@type\":\"WebSite\",\"@id\":\"https:\\\/\\\/globalsew.com\\\/#website\",\"url\":\"https:\\\/\\\/globalsew.com\\\/\",\"name\":\"Global International B.V.\",\"description\":\"Industrial Sewing Machines\",\"potentialAction\":[{\"@type\":\"SearchAction\",\"target\":{\"@type\":\"EntryPoint\",\"urlTemplate\":\"https:\\\/\\\/globalsew.com\\\/?s={search_term_string}\"},\"query-input\":{\"@type\":\"PropertyValueSpecification\",\"valueRequired\":true,\"valueName\":\"search_term_string\"}}],\"inLanguage\":\"de\"}]}<\/script>\n<!-- \/ Yoast SEO plugin. -->","yoast_head_json":{"title":"BH 9982 \u00d6se - Global International B.V.","robots":{"index":"index","follow":"follow","max-snippet":"max-snippet:-1","max-image-preview":"max-image-preview:large","max-video-preview":"max-video-preview:-1"},"canonical":"https:\/\/globalsew.com\/de\/produkt\/bh-9982-ose\/","og_locale":"de_DE","og_type":"article","og_title":"BH 9982 Eyelet - Global International B.V.","og_description":"Download Leaflet Download Manual Download Partsmanual  &nbsp;  The product specifications for the BH 9982 Eyelet:   Machine speed: max 2000 spm  Stitch type: 401  Number of needles: 1  Stitches per cycle: adjustable  Work clamp height: 12 mm  Feed type: pulse motors for accurate x-y feeding  Needle type: 558  Buttonhole size: 13-38 mm  Round eyelet size: 2,3,4 and 5 mm (sewingset,knives and blocks are optional)","og_url":"https:\/\/globalsew.com\/de\/produkt\/bh-9982-ose\/","og_site_name":"Global International B.V.","article_modified_time":"2024-05-22T07:42:36+00:00","og_image":[{"width":555,"height":347,"url":"https:\/\/globalsew.com\/wp-content\/uploads\/2017\/02\/WEB-GLOBAL-BH-9982-01-GLOBAL-sewing-machines.jpg","type":"image\/jpeg"}],"twitter_card":"summary_large_image","twitter_misc":{"Gesch\u00e4tzte Lesezeit":"1\u00a0Minute"},"schema":{"@context":"https:\/\/schema.org","@graph":[{"@type":"WebPage","@id":"https:\/\/globalsew.com\/product\/bh-9982-eyelet\/","url":"https:\/\/globalsew.com\/product\/bh-9982-eyelet\/","name":"BH 9982 \u00d6se - Global International B.V.","isPartOf":{"@id":"https:\/\/globalsew.com\/#website"},"primaryImageOfPage":{"@id":"https:\/\/globalsew.com\/product\/bh-9982-eyelet\/#primaryimage"},"image":{"@id":"https:\/\/globalsew.com\/product\/bh-9982-eyelet\/#primaryimage"},"thumbnailUrl":"https:\/\/globalsew.com\/wp-content\/uploads\/2017\/02\/WEB-GLOBAL-BH-9982-01-GLOBAL-sewing-machines.jpg","datePublished":"2017-02-20T11:44:16+00:00","dateModified":"2024-05-22T07:42:36+00:00","breadcrumb":{"@id":"https:\/\/globalsew.com\/product\/bh-9982-eyelet\/#breadcrumb"},"inLanguage":"de","potentialAction":[{"@type":"ReadAction","target":["https:\/\/globalsew.com\/product\/bh-9982-eyelet\/"]}]},{"@type":"ImageObject","inLanguage":"de","@id":"https:\/\/globalsew.com\/product\/bh-9982-eyelet\/#primaryimage","url":"https:\/\/globalsew.com\/wp-content\/uploads\/2017\/02\/WEB-GLOBAL-BH-9982-01-GLOBAL-sewing-machines.jpg","contentUrl":"https:\/\/globalsew.com\/wp-content\/uploads\/2017\/02\/WEB-GLOBAL-BH-9982-01-GLOBAL-sewing-machines.jpg","width":555,"height":347,"caption":"WEB-GLOBAL-BH-9982-01-GLOBAL-sewing-machines"},{"@type":"BreadcrumbList","@id":"https:\/\/globalsew.com\/product\/bh-9982-eyelet\/#breadcrumb","itemListElement":[{"@type":"ListItem","position":1,"name":"Home","item":"https:\/\/globalsew.com\/"},{"@type":"ListItem","position":2,"name":"Products","item":"https:\/\/globalsew.com\/products\/"},{"@type":"ListItem","position":3,"name":"BH 9982 Eyelet"}]},{"@type":"WebSite","@id":"https:\/\/globalsew.com\/#website","url":"https:\/\/globalsew.com\/","name":"Global International B.V.","description":"Industrielle N\u00e4hmaschinen","potentialAction":[{"@type":"SearchAction","target":{"@type":"EntryPoint","urlTemplate":"https:\/\/globalsew.com\/?s={search_term_string}"},"query-input":{"@type":"PropertyValueSpecification","valueRequired":true,"valueName":"search_term_string"}}],"inLanguage":"de"}]}},"_links":{"self":[{"href":"https:\/\/globalsew.com\/de\/wp-json\/wp\/v2\/product\/52261","targetHints":{"allow":["GET"]}}],"collection":[{"href":"https:\/\/globalsew.com\/de\/wp-json\/wp\/v2\/product"}],"about":[{"href":"https:\/\/globalsew.com\/de\/wp-json\/wp\/v2\/types\/product"}],"wp:featuredmedia":[{"embeddable":true,"href":"https:\/\/globalsew.com\/de\/wp-json\/wp\/v2\/media\/67371"}],"wp:attachment":[{"href":"https:\/\/globalsew.com\/de\/wp-json\/wp\/v2\/media?parent=52261"}],"wp:term":[{"taxonomy":"product_brand","embeddable":true,"href":"https:\/\/globalsew.com\/de\/wp-json\/wp\/v2\/product_brand?post=52261"},{"taxonomy":"product_cat","embeddable":true,"href":"https:\/\/globalsew.com\/de\/wp-json\/wp\/v2\/product_cat?post=52261"},{"taxonomy":"product_tag","embeddable":true,"href":"https:\/\/globalsew.com\/de\/wp-json\/wp\/v2\/product_tag?post=52261"}],"curies":[{"name":"wp","href":"https:\/\/api.w.org\/{rel}","templated":true}]}}