{"id":48176,"date":"2017-02-15T11:28:59","date_gmt":"2017-02-15T10:28:59","guid":{"rendered":"https:\/\/globalsew.com\/?post_type=product&#038;p=48176"},"modified":"2024-05-22T09:40:18","modified_gmt":"2024-05-22T07:40:18","slug":"baureihe-cb-3700","status":"publish","type":"product","link":"https:\/\/globalsew.com\/de\/product\/cb-3700-series\/","title":{"rendered":"Serie CB 3700"},"content":{"rendered":"<div class=\"wpb-content-wrapper\"><div class=\"vc_row wpb_row vc_row-fluid\"><div class=\"wpb_column vc_column_container vc_col-sm-6\"><div class=\"vc_column-inner\"><div class=\"wpb_wrapper\">\n\t<div class=\"wpb_text_column wpb_content_element\" >\n\t\t<div class=\"wpb_wrapper\">\n\t\t\t<p><strong>CB 3703-64 BFC-DD<br \/>\n\u2013 <\/strong>Hochgeschwindigkeits-Flachbett-Kettenstichmaschine mit 3 Nadeln, automatischer Schmierung und Differentialtransport f\u00fcr den oberen und unteren Umschlag. Diese multifunktionale Maschine eignet sich zum allgemeinen Glattn\u00e4hen, Bandeinfassen und Umschlagn\u00e4hen. Alle Teile f\u00fcr diese Varianten werden mit diesem Modell geliefert. Ausgestattet mit Direktantriebsmotor.<strong><br \/>\nCB 3703-56 AUT<\/strong><br \/>\n- Hochgeschwindigkeits-Dreinadel-Ober- und Unterdeck, Zylinderarm, Kettenstichmaschine mit vollautomatischer Schmierung und Differentialtransport. Die Maschine ist mit Unter- und Oberfadenabschneider, N\u00e4hfu\u00dfl\u00fcftung (alle pneumatisch) und Ho Hsing i60 Servomotor mit Direktantrieb ausgestattet.<br \/>\n<strong>CB 3703-56 E-AUT<\/strong><br \/>\n- Wie oben, jedoch sind alle Funktionen elektrisch.<br \/>\n<strong>CB 3703-56 NA-AUT<br \/>\n<\/strong>- Hochgeschwindigkeits-Zylinderarm-Kettenstichmaschine mit Ober- und Unterdeckel, einschlie\u00dflich Ho Hsing-Steuerungsbox. Diese Schmalarmmaschine hat einen Unter- und Oberfadenabschneider und eine Presserfu\u00dfl\u00fcftung (alle pneumatisch) und ist komplett mit einem Ho Hsing i60 Direktantrieb ausgestattet. Max. Maschinengeschwindigkeit 5000 SPM.<br \/>\n<strong>CB 3703-56 P-AUT<\/strong><br \/>\n- Wie CB 3703-56 AUT, jedoch mit Abzieher ausgestattet.<br \/>\n<strong>CB 3753-56 RP-AUT<br \/>\n<\/strong>- Hochgeschwindigkeits-Kettenstichmaschine f\u00fcr Ober- und Unterhosen mit Zylinderam. Diese Maschine ist mit einem Puller und vorderen und hinteren Rollen ausgestattet, um elastische B\u00e4nder am Bund von Unterhosen, Boxershorts und Slips zu befestigen. Standardm\u00e4\u00dfig ausgestattet mit Ho Hsing i60 Servomotor mit Direktantrieb. Max. Maschinengeschwindigkeit 6000 SPM.<br \/>\n<strong>CB 3783-56 AUT<\/strong><br \/>\n- Wie CB 3703-56 AUT, jedoch mit linksseitigem Stoffabschneider ausgestattet.<\/p>\n\n\t\t<\/div>\n\t<\/div>\n<div class=\"vc_empty_space\"   style=\"height: 32px\"><span class=\"vc_empty_space_inner\"><\/span><\/div><\/div><\/div><\/div><div class=\"wpb_column vc_column_container vc_col-sm-6\"><div class=\"vc_column-inner\"><div class=\"wpb_wrapper\">\n\t<div class=\"wpb_text_column wpb_content_element\" >\n\t\t<div class=\"wpb_wrapper\">\n\t\t\t<p><a class=\"video-anchor\" name=\"video\"><\/a><\/p>\n\n\t\t<\/div>\n\t<\/div>\n\n\t<div class=\"wpb_video_widget wpb_content_element vc_clearfix   vc_video-aspect-ratio-169 vc_video-el-width-100 vc_video-align-left\" >\n\t\t<div class=\"wpb_wrapper\">\n\t\t\t\n\t\t\t<div class=\"wpb_video_wrapper\"><iframe title=\"GLOBAL CB 3803 - 56 NA - AUT - Schmalarm-Kettenstich-N\u00e4hmaschine f\u00fcr die Maschenwarenindustrie\" width=\"500\" height=\"281\" src=\"https:\/\/www.youtube.com\/embed\/NHT_q2S9Ax8?feature=oembed\" frameborder=\"0\" allow=\"accelerometer; autoplay; clipboard-write; encrypted-media; gyroscope; picture-in-picture; web-share\" allowfullscreen><\/iframe><\/div>\n\t\t<\/div>\n\t<\/div>\n<div class=\"vc_empty_space\"   style=\"height: 32px\"><span class=\"vc_empty_space_inner\"><\/span><\/div>\n\t<div class=\"wpb_video_widget wpb_content_element vc_clearfix   vc_video-aspect-ratio-169 vc_video-el-width-100 vc_video-align-left\" >\n\t\t<div class=\"wpb_wrapper\">\n\t\t\t\n\t\t\t<div class=\"wpb_video_wrapper\"><iframe title=\"GLOBAL CB 3783 - 56 - AUT - 3-Nadel Kettenstich N\u00e4hmaschine mit linkem Messer zum N\u00e4hen von Badebekleidung\" width=\"500\" height=\"281\" src=\"https:\/\/www.youtube.com\/embed\/HD5Vgy29hO4?feature=oembed\" frameborder=\"0\" allow=\"accelerometer; autoplay; clipboard-write; encrypted-media; gyroscope; picture-in-picture; web-share\" allowfullscreen><\/iframe><\/div>\n\t\t<\/div>\n\t<\/div>\n<div class=\"vc_empty_space\"   style=\"height: 32px\"><span class=\"vc_empty_space_inner\"><\/span><\/div>\n\t<div class=\"wpb_video_widget wpb_content_element vc_clearfix   vc_video-aspect-ratio-169 vc_video-el-width-100 vc_video-align-left\" >\n\t\t<div class=\"wpb_wrapper\">\n\t\t\t\n\t\t\t<div class=\"wpb_video_wrapper\"><iframe title=\"Global CB 3700 Serie - Zylinderarm-Kettenstichn\u00e4hmaschinen\" width=\"500\" height=\"281\" src=\"https:\/\/www.youtube.com\/embed\/0jfFBKC9NeM?feature=oembed\" frameborder=\"0\" allow=\"accelerometer; autoplay; clipboard-write; encrypted-media; gyroscope; picture-in-picture; web-share\" allowfullscreen><\/iframe><\/div>\n\t\t<\/div>\n\t<\/div>\n<\/div><\/div><\/div><\/div>\n<\/div>","protected":false},"excerpt":{"rendered":"<p>Downloads finden Sie auf unserer Download-Seite f\u00fcr die <a class=\"download-link\" href=\"https:\/\/globalsew.com\/de\/herunterladen\/cb-3700-serie-2\/\">Zylinderbettmaschinen<\/a>.<\/p>","protected":false},"featured_media":106470,"template":"","meta":{"_acf_changed":false},"product_brand":[],"product_cat":[72,107,24],"product_tag":[],"class_list":{"0":"post-48176","1":"product","2":"type-product","3":"status-publish","4":"has-post-thumbnail","6":"product_cat-chainstitch-machine","7":"product_cat-chainstitch-machines","8":"product_cat-garment","9":"tm-has-options","11":"first","12":"instock","13":"shipping-taxable","14":"purchasable","15":"product-type-simple"},"acf":[],"gallery_images":[106474,106469,106471,106472,106473],"yoast_head":"<!-- This site is optimized with the Yoast SEO plugin v27.3 - https:\/\/yoast.com\/product\/yoast-seo-wordpress\/ -->\n<title>CB 3700 series - Global International B.V.<\/title>\n<meta name=\"robots\" content=\"index, follow, max-snippet:-1, max-image-preview:large, max-video-preview:-1\" \/>\n<link rel=\"canonical\" href=\"https:\/\/globalsew.com\/de\/produkt\/baureihe-cb-3700\/\" \/>\n<meta property=\"og:locale\" content=\"de_DE\" \/>\n<meta property=\"og:type\" content=\"article\" \/>\n<meta property=\"og:title\" content=\"CB 3700 series - Global International B.V.\" \/>\n<meta property=\"og:description\" content=\"For downloads see our downloads page for the Cylinder bed machines.\" \/>\n<meta property=\"og:url\" content=\"https:\/\/globalsew.com\/de\/produkt\/baureihe-cb-3700\/\" \/>\n<meta property=\"og:site_name\" content=\"Global International B.V.\" \/>\n<meta property=\"article:modified_time\" content=\"2024-05-22T07:40:18+00:00\" \/>\n<meta property=\"og:image\" content=\"https:\/\/globalsew.com\/wp-content\/uploads\/2017\/10\/products-CB-3703-56-E-AUT-01-global-1080-website-2024.jpg\" \/>\n\t<meta property=\"og:image:width\" content=\"1819\" \/>\n\t<meta property=\"og:image:height\" content=\"1080\" \/>\n\t<meta property=\"og:image:type\" content=\"image\/jpeg\" \/>\n<meta name=\"twitter:card\" content=\"summary_large_image\" \/>\n<meta name=\"twitter:label1\" content=\"Gesch\u00e4tzte Lesezeit\" \/>\n\t<meta name=\"twitter:data1\" content=\"2\u00a0Minuten\" \/>\n<script type=\"application\/ld+json\" class=\"yoast-schema-graph\">{\"@context\":\"https:\\\/\\\/schema.org\",\"@graph\":[{\"@type\":\"WebPage\",\"@id\":\"https:\\\/\\\/globalsew.com\\\/product\\\/cb-3700-series\\\/\",\"url\":\"https:\\\/\\\/globalsew.com\\\/product\\\/cb-3700-series\\\/\",\"name\":\"CB 3700 series - Global International B.V.\",\"isPartOf\":{\"@id\":\"https:\\\/\\\/globalsew.com\\\/#website\"},\"primaryImageOfPage\":{\"@id\":\"https:\\\/\\\/globalsew.com\\\/product\\\/cb-3700-series\\\/#primaryimage\"},\"image\":{\"@id\":\"https:\\\/\\\/globalsew.com\\\/product\\\/cb-3700-series\\\/#primaryimage\"},\"thumbnailUrl\":\"https:\\\/\\\/globalsew.com\\\/wp-content\\\/uploads\\\/2017\\\/10\\\/products-CB-3703-56-E-AUT-01-global-1080-website-2024.jpg\",\"datePublished\":\"2017-02-15T10:28:59+00:00\",\"dateModified\":\"2024-05-22T07:40:18+00:00\",\"breadcrumb\":{\"@id\":\"https:\\\/\\\/globalsew.com\\\/product\\\/cb-3700-series\\\/#breadcrumb\"},\"inLanguage\":\"de\",\"potentialAction\":[{\"@type\":\"ReadAction\",\"target\":[\"https:\\\/\\\/globalsew.com\\\/product\\\/cb-3700-series\\\/\"]}]},{\"@type\":\"ImageObject\",\"inLanguage\":\"de\",\"@id\":\"https:\\\/\\\/globalsew.com\\\/product\\\/cb-3700-series\\\/#primaryimage\",\"url\":\"https:\\\/\\\/globalsew.com\\\/wp-content\\\/uploads\\\/2017\\\/10\\\/products-CB-3703-56-E-AUT-01-global-1080-website-2024.jpg\",\"contentUrl\":\"https:\\\/\\\/globalsew.com\\\/wp-content\\\/uploads\\\/2017\\\/10\\\/products-CB-3703-56-E-AUT-01-global-1080-website-2024.jpg\",\"width\":1819,\"height\":1080,\"caption\":\"CB3703-56 E-AUT\"},{\"@type\":\"BreadcrumbList\",\"@id\":\"https:\\\/\\\/globalsew.com\\\/product\\\/cb-3700-series\\\/#breadcrumb\",\"itemListElement\":[{\"@type\":\"ListItem\",\"position\":1,\"name\":\"Home\",\"item\":\"https:\\\/\\\/globalsew.com\\\/\"},{\"@type\":\"ListItem\",\"position\":2,\"name\":\"Products\",\"item\":\"https:\\\/\\\/globalsew.com\\\/products\\\/\"},{\"@type\":\"ListItem\",\"position\":3,\"name\":\"CB 3700 series\"}]},{\"@type\":\"WebSite\",\"@id\":\"https:\\\/\\\/globalsew.com\\\/#website\",\"url\":\"https:\\\/\\\/globalsew.com\\\/\",\"name\":\"Global International B.V.\",\"description\":\"Industrial Sewing Machines\",\"potentialAction\":[{\"@type\":\"SearchAction\",\"target\":{\"@type\":\"EntryPoint\",\"urlTemplate\":\"https:\\\/\\\/globalsew.com\\\/?s={search_term_string}\"},\"query-input\":{\"@type\":\"PropertyValueSpecification\",\"valueRequired\":true,\"valueName\":\"search_term_string\"}}],\"inLanguage\":\"de\"}]}<\/script>\n<!-- \/ Yoast SEO plugin. -->","yoast_head_json":{"title":"Serie CB 3700 - Global International B.V.","robots":{"index":"index","follow":"follow","max-snippet":"max-snippet:-1","max-image-preview":"max-image-preview:large","max-video-preview":"max-video-preview:-1"},"canonical":"https:\/\/globalsew.com\/de\/produkt\/baureihe-cb-3700\/","og_locale":"de_DE","og_type":"article","og_title":"CB 3700 series - Global International B.V.","og_description":"For downloads see our downloads page for the Cylinder bed machines.","og_url":"https:\/\/globalsew.com\/de\/produkt\/baureihe-cb-3700\/","og_site_name":"Global International B.V.","article_modified_time":"2024-05-22T07:40:18+00:00","og_image":[{"width":1819,"height":1080,"url":"https:\/\/globalsew.com\/wp-content\/uploads\/2017\/10\/products-CB-3703-56-E-AUT-01-global-1080-website-2024.jpg","type":"image\/jpeg"}],"twitter_card":"summary_large_image","twitter_misc":{"Gesch\u00e4tzte Lesezeit":"2\u00a0Minuten"},"schema":{"@context":"https:\/\/schema.org","@graph":[{"@type":"WebPage","@id":"https:\/\/globalsew.com\/product\/cb-3700-series\/","url":"https:\/\/globalsew.com\/product\/cb-3700-series\/","name":"Serie CB 3700 - Global International B.V.","isPartOf":{"@id":"https:\/\/globalsew.com\/#website"},"primaryImageOfPage":{"@id":"https:\/\/globalsew.com\/product\/cb-3700-series\/#primaryimage"},"image":{"@id":"https:\/\/globalsew.com\/product\/cb-3700-series\/#primaryimage"},"thumbnailUrl":"https:\/\/globalsew.com\/wp-content\/uploads\/2017\/10\/products-CB-3703-56-E-AUT-01-global-1080-website-2024.jpg","datePublished":"2017-02-15T10:28:59+00:00","dateModified":"2024-05-22T07:40:18+00:00","breadcrumb":{"@id":"https:\/\/globalsew.com\/product\/cb-3700-series\/#breadcrumb"},"inLanguage":"de","potentialAction":[{"@type":"ReadAction","target":["https:\/\/globalsew.com\/product\/cb-3700-series\/"]}]},{"@type":"ImageObject","inLanguage":"de","@id":"https:\/\/globalsew.com\/product\/cb-3700-series\/#primaryimage","url":"https:\/\/globalsew.com\/wp-content\/uploads\/2017\/10\/products-CB-3703-56-E-AUT-01-global-1080-website-2024.jpg","contentUrl":"https:\/\/globalsew.com\/wp-content\/uploads\/2017\/10\/products-CB-3703-56-E-AUT-01-global-1080-website-2024.jpg","width":1819,"height":1080,"caption":"CB3703-56 E-AUT"},{"@type":"BreadcrumbList","@id":"https:\/\/globalsew.com\/product\/cb-3700-series\/#breadcrumb","itemListElement":[{"@type":"ListItem","position":1,"name":"Home","item":"https:\/\/globalsew.com\/"},{"@type":"ListItem","position":2,"name":"Products","item":"https:\/\/globalsew.com\/products\/"},{"@type":"ListItem","position":3,"name":"CB 3700 series"}]},{"@type":"WebSite","@id":"https:\/\/globalsew.com\/#website","url":"https:\/\/globalsew.com\/","name":"Global International B.V.","description":"Industrielle N\u00e4hmaschinen","potentialAction":[{"@type":"SearchAction","target":{"@type":"EntryPoint","urlTemplate":"https:\/\/globalsew.com\/?s={search_term_string}"},"query-input":{"@type":"PropertyValueSpecification","valueRequired":true,"valueName":"search_term_string"}}],"inLanguage":"de"}]}},"_links":{"self":[{"href":"https:\/\/globalsew.com\/de\/wp-json\/wp\/v2\/product\/48176","targetHints":{"allow":["GET"]}}],"collection":[{"href":"https:\/\/globalsew.com\/de\/wp-json\/wp\/v2\/product"}],"about":[{"href":"https:\/\/globalsew.com\/de\/wp-json\/wp\/v2\/types\/product"}],"wp:featuredmedia":[{"embeddable":true,"href":"https:\/\/globalsew.com\/de\/wp-json\/wp\/v2\/media\/106470"}],"wp:attachment":[{"href":"https:\/\/globalsew.com\/de\/wp-json\/wp\/v2\/media?parent=48176"}],"wp:term":[{"taxonomy":"product_brand","embeddable":true,"href":"https:\/\/globalsew.com\/de\/wp-json\/wp\/v2\/product_brand?post=48176"},{"taxonomy":"product_cat","embeddable":true,"href":"https:\/\/globalsew.com\/de\/wp-json\/wp\/v2\/product_cat?post=48176"},{"taxonomy":"product_tag","embeddable":true,"href":"https:\/\/globalsew.com\/de\/wp-json\/wp\/v2\/product_tag?post=48176"}],"curies":[{"name":"wp","href":"https:\/\/api.w.org\/{rel}","templated":true}]}}