{"id":15021,"date":"2017-02-09T11:03:12","date_gmt":"2017-02-09T10:03:12","guid":{"rendered":"https:\/\/globalsew.com\/?post_type=product&#038;p=15021"},"modified":"2024-05-22T09:57:21","modified_gmt":"2024-05-22T07:57:21","slug":"zz-1567-serie-75","status":"publish","type":"product","link":"https:\/\/globalsew.com\/de\/product\/zz-1567-75-series\/","title":{"rendered":"Baureihe ZZ 1567-75"},"content":{"rendered":"<div class=\"wpb-content-wrapper\"><div class=\"vc_row wpb_row vc_row-fluid\"><div class=\"wpb_column vc_column_container vc_col-sm-6\"><div class=\"vc_column-inner\"><div class=\"wpb_wrapper\">\n\t<div class=\"wpb_text_column wpb_content_element\" >\n\t\t<div class=\"wpb_wrapper\">\n\t\t\t<p><strong>ZZ 1567-75 P-AUT -<\/strong><br \/>\nKurvengesteuerte Hochgeschwindigkeits-Langarm-Zickzack-Maschine mit 2 Kurven in der Standardausf\u00fchrung. Extra: 18 optionale Nocken. Ausgestattet mit Puller, automatischem Fadenabschneider, Verriegelung und Dr\u00fcckerfu\u00dflifter. (alle elektrisch)<\/p>\n<p>Diese Maschine wird standardm\u00e4\u00dfig mit den Kurvenscheiben 038 und 058 geliefert. Andere Nocken sind optional<\/p>\n<p>&nbsp;<\/p>\n<p>&nbsp;<\/p>\n<p><img decoding=\"async\" class=\"alignnone size-full wp-image-94791\" src=\"https:\/\/globalsew.com\/wp-content\/uploads\/2017\/04\/hohsing-xs-global.jpg\" alt=\"\" width=\"73\" height=\"68\" \/>\u00a0 \u00a0 \u00a0 \u00a0 \u00a0 \u00a0 \u00a0 \u00a0 \u00a0 \u00a0 \u00a0 \u00a0 \u00a0 \u00a0 \u00a0 \u00a0 \u00a0 \u00a0 \u00a0 \u00a0 \u00a0 \u00a0 \u00a0 \u00a0 \u00a0 \u00a0 \u00a0 \u00a0 \u00a0 \u00a0 \u00a0 \u00a0 \u00a0 \u00a0 \u00a0 \u00a0 \u00a0 \u00a0 \u00a0<img decoding=\"async\" class=\"alignnone size-full wp-image-94794\" src=\"https:\/\/globalsew.com\/wp-content\/uploads\/2017\/04\/eac-xs-global.jpg\" alt=\"\" width=\"73\" height=\"68\" \/>\u00a0<img decoding=\"async\" class=\"alignnone size-full wp-image-94793\" src=\"https:\/\/globalsew.com\/wp-content\/uploads\/2017\/04\/ce-xs-global.jpg\" alt=\"\" width=\"73\" height=\"68\" \/><\/p>\n\n\t\t<\/div>\n\t<\/div>\n<\/div><\/div><\/div><div class=\"wpb_column vc_column_container vc_col-sm-6\"><div class=\"vc_column-inner\"><div class=\"wpb_wrapper\">\n\t<div class=\"wpb_video_widget wpb_content_element vc_clearfix   vc_video-aspect-ratio-169 vc_video-el-width-100 vc_video-align-left\" >\n\t\t<div class=\"wpb_wrapper\">\n\t\t\t\n\t\t\t<div class=\"wpb_video_wrapper\"><iframe title=\"Global ZZ1567-75 P-XH-AUT - EXTRA HOHE LANGARM ZIGZAG-N\u00c4HMASCHINE\" width=\"500\" height=\"281\" src=\"https:\/\/www.youtube.com\/embed\/iDTrKwZBYxU?feature=oembed\" frameborder=\"0\" allow=\"accelerometer; autoplay; clipboard-write; encrypted-media; gyroscope; picture-in-picture; web-share\" allowfullscreen><\/iframe><\/div>\n\t\t<\/div>\n\t<\/div>\n<\/div><\/div><\/div><\/div>\n<\/div>","protected":false},"excerpt":{"rendered":"<div class=\"row\">\n<div class=\"col-md-6\"><a class=\"download-button\" href=\"https:\/\/globalsew.com\/wp-content\/uploads\/2017\/01\/ZZ-1567-75.pdf\" target=\"_blank\" rel=\"noopener\">Merkblatt herunterladen<\/a><\/div>\n<\/div>\n<div><\/div>\n<div>Technische Daten:<\/div>\n<ul>\n<li>Maschinengeschwindigkeit: 4000 U\/min (abh\u00e4ngig von der Nocke)<\/li>\n<li>\u00d6lsystem: halbautomatisch<\/li>\n<li>Hakentyp: gro\u00dfer Haken<\/li>\n<li>Stichl\u00e4nge: 5 mm<\/li>\n<li>Presserfu\u00df-Hub: max. 15 mm<\/li>\n<li>Nadeltyp: 135\u00d717<\/li>\n<li>Zickzack-Breite: 10 mm<\/li>\n<li>Sonderausstattung f\u00fcr ZZ 1567-75 (P): elektrische Dr\u00fcckerfu\u00dfl\u00fcftung und \/ oder elektrischer Verriegelungsriegel (Standard bei AUT-Versionen)<\/li>\n<\/ul>","protected":false},"featured_media":105864,"template":"","meta":{"_acf_changed":false},"product_brand":[],"product_cat":[21,24,375,100],"product_tag":[],"class_list":{"0":"post-15021","1":"product","2":"type-product","3":"status-publish","4":"has-post-thumbnail","6":"product_cat-automotive","7":"product_cat-garment","8":"product_cat-sailmaking-machines","9":"product_cat-zig-zag-machines","10":"tm-has-options","12":"first","13":"instock","14":"shipping-taxable","15":"purchasable","16":"product-type-simple"},"acf":[],"gallery_images":[],"yoast_head":"<!-- This site is optimized with the Yoast SEO plugin v27.3 - https:\/\/yoast.com\/product\/yoast-seo-wordpress\/ -->\n<title>ZZ 1567-75 series - Global International B.V.<\/title>\n<meta name=\"robots\" content=\"index, follow, max-snippet:-1, max-image-preview:large, max-video-preview:-1\" \/>\n<link rel=\"canonical\" href=\"https:\/\/globalsew.com\/de\/produkt\/zz-1567-serie-75\/\" \/>\n<meta property=\"og:locale\" content=\"de_DE\" \/>\n<meta property=\"og:type\" content=\"article\" \/>\n<meta property=\"og:title\" content=\"ZZ 1567-75 series - Global International B.V.\" \/>\n<meta property=\"og:description\" content=\"Download Leaflet   Technical specifications:   Machine speed: 4000 spm (depends on the cam)  Oiling system: semi automatic  Hook type: large hook  Stitch length: 5 mm  Presser foot lift: max. 15 mm  Needle type: 135x17  zig-zag width: 10 mm  Optional extras for ZZ 1567-75 (P): electric presser foot lift and \/ or electric back tack (standard on AUT versions)\" \/>\n<meta property=\"og:url\" content=\"https:\/\/globalsew.com\/de\/produkt\/zz-1567-serie-75\/\" \/>\n<meta property=\"og:site_name\" content=\"Global International B.V.\" \/>\n<meta property=\"article:modified_time\" content=\"2024-05-22T07:57:21+00:00\" \/>\n<meta property=\"og:image\" content=\"https:\/\/globalsew.com\/wp-content\/uploads\/2017\/02\/products-ZZ-1567-75-03-global-1080-website-2024.jpg\" \/>\n\t<meta property=\"og:image:width\" content=\"1819\" \/>\n\t<meta property=\"og:image:height\" content=\"1080\" \/>\n\t<meta property=\"og:image:type\" content=\"image\/jpeg\" \/>\n<meta name=\"twitter:card\" content=\"summary_large_image\" \/>\n<meta name=\"twitter:label1\" content=\"Gesch\u00e4tzte Lesezeit\" \/>\n\t<meta name=\"twitter:data1\" content=\"2\u00a0Minuten\" \/>\n<script type=\"application\/ld+json\" class=\"yoast-schema-graph\">{\"@context\":\"https:\\\/\\\/schema.org\",\"@graph\":[{\"@type\":\"WebPage\",\"@id\":\"https:\\\/\\\/globalsew.com\\\/product\\\/zz-1567-75-series\\\/\",\"url\":\"https:\\\/\\\/globalsew.com\\\/product\\\/zz-1567-75-series\\\/\",\"name\":\"ZZ 1567-75 series - Global International B.V.\",\"isPartOf\":{\"@id\":\"https:\\\/\\\/globalsew.com\\\/#website\"},\"primaryImageOfPage\":{\"@id\":\"https:\\\/\\\/globalsew.com\\\/product\\\/zz-1567-75-series\\\/#primaryimage\"},\"image\":{\"@id\":\"https:\\\/\\\/globalsew.com\\\/product\\\/zz-1567-75-series\\\/#primaryimage\"},\"thumbnailUrl\":\"https:\\\/\\\/globalsew.com\\\/wp-content\\\/uploads\\\/2017\\\/02\\\/products-ZZ-1567-75-03-global-1080-website-2024.jpg\",\"datePublished\":\"2017-02-09T10:03:12+00:00\",\"dateModified\":\"2024-05-22T07:57:21+00:00\",\"breadcrumb\":{\"@id\":\"https:\\\/\\\/globalsew.com\\\/product\\\/zz-1567-75-series\\\/#breadcrumb\"},\"inLanguage\":\"de\",\"potentialAction\":[{\"@type\":\"ReadAction\",\"target\":[\"https:\\\/\\\/globalsew.com\\\/product\\\/zz-1567-75-series\\\/\"]}]},{\"@type\":\"ImageObject\",\"inLanguage\":\"de\",\"@id\":\"https:\\\/\\\/globalsew.com\\\/product\\\/zz-1567-75-series\\\/#primaryimage\",\"url\":\"https:\\\/\\\/globalsew.com\\\/wp-content\\\/uploads\\\/2017\\\/02\\\/products-ZZ-1567-75-03-global-1080-website-2024.jpg\",\"contentUrl\":\"https:\\\/\\\/globalsew.com\\\/wp-content\\\/uploads\\\/2017\\\/02\\\/products-ZZ-1567-75-03-global-1080-website-2024.jpg\",\"width\":1819,\"height\":1080,\"caption\":\"ZZ 1`567-75\"},{\"@type\":\"BreadcrumbList\",\"@id\":\"https:\\\/\\\/globalsew.com\\\/product\\\/zz-1567-75-series\\\/#breadcrumb\",\"itemListElement\":[{\"@type\":\"ListItem\",\"position\":1,\"name\":\"Home\",\"item\":\"https:\\\/\\\/globalsew.com\\\/\"},{\"@type\":\"ListItem\",\"position\":2,\"name\":\"Products\",\"item\":\"https:\\\/\\\/globalsew.com\\\/products\\\/\"},{\"@type\":\"ListItem\",\"position\":3,\"name\":\"ZZ 1567-75 series\"}]},{\"@type\":\"WebSite\",\"@id\":\"https:\\\/\\\/globalsew.com\\\/#website\",\"url\":\"https:\\\/\\\/globalsew.com\\\/\",\"name\":\"Global International B.V.\",\"description\":\"Industrial Sewing Machines\",\"potentialAction\":[{\"@type\":\"SearchAction\",\"target\":{\"@type\":\"EntryPoint\",\"urlTemplate\":\"https:\\\/\\\/globalsew.com\\\/?s={search_term_string}\"},\"query-input\":{\"@type\":\"PropertyValueSpecification\",\"valueRequired\":true,\"valueName\":\"search_term_string\"}}],\"inLanguage\":\"de\"}]}<\/script>\n<!-- \/ Yoast SEO plugin. -->","yoast_head_json":{"title":"Serie ZZ 1567-75 - Global International B.V.","robots":{"index":"index","follow":"follow","max-snippet":"max-snippet:-1","max-image-preview":"max-image-preview:large","max-video-preview":"max-video-preview:-1"},"canonical":"https:\/\/globalsew.com\/de\/produkt\/zz-1567-serie-75\/","og_locale":"de_DE","og_type":"article","og_title":"ZZ 1567-75 series - Global International B.V.","og_description":"Download Leaflet   Technical specifications:   Machine speed: 4000 spm (depends on the cam)  Oiling system: semi automatic  Hook type: large hook  Stitch length: 5 mm  Presser foot lift: max. 15 mm  Needle type: 135x17  zig-zag width: 10 mm  Optional extras for ZZ 1567-75 (P): electric presser foot lift and \/ or electric back tack (standard on AUT versions)","og_url":"https:\/\/globalsew.com\/de\/produkt\/zz-1567-serie-75\/","og_site_name":"Global International B.V.","article_modified_time":"2024-05-22T07:57:21+00:00","og_image":[{"width":1819,"height":1080,"url":"https:\/\/globalsew.com\/wp-content\/uploads\/2017\/02\/products-ZZ-1567-75-03-global-1080-website-2024.jpg","type":"image\/jpeg"}],"twitter_card":"summary_large_image","twitter_misc":{"Gesch\u00e4tzte Lesezeit":"2\u00a0Minuten"},"schema":{"@context":"https:\/\/schema.org","@graph":[{"@type":"WebPage","@id":"https:\/\/globalsew.com\/product\/zz-1567-75-series\/","url":"https:\/\/globalsew.com\/product\/zz-1567-75-series\/","name":"Serie ZZ 1567-75 - Global International B.V.","isPartOf":{"@id":"https:\/\/globalsew.com\/#website"},"primaryImageOfPage":{"@id":"https:\/\/globalsew.com\/product\/zz-1567-75-series\/#primaryimage"},"image":{"@id":"https:\/\/globalsew.com\/product\/zz-1567-75-series\/#primaryimage"},"thumbnailUrl":"https:\/\/globalsew.com\/wp-content\/uploads\/2017\/02\/products-ZZ-1567-75-03-global-1080-website-2024.jpg","datePublished":"2017-02-09T10:03:12+00:00","dateModified":"2024-05-22T07:57:21+00:00","breadcrumb":{"@id":"https:\/\/globalsew.com\/product\/zz-1567-75-series\/#breadcrumb"},"inLanguage":"de","potentialAction":[{"@type":"ReadAction","target":["https:\/\/globalsew.com\/product\/zz-1567-75-series\/"]}]},{"@type":"ImageObject","inLanguage":"de","@id":"https:\/\/globalsew.com\/product\/zz-1567-75-series\/#primaryimage","url":"https:\/\/globalsew.com\/wp-content\/uploads\/2017\/02\/products-ZZ-1567-75-03-global-1080-website-2024.jpg","contentUrl":"https:\/\/globalsew.com\/wp-content\/uploads\/2017\/02\/products-ZZ-1567-75-03-global-1080-website-2024.jpg","width":1819,"height":1080,"caption":"ZZ 1`567-75"},{"@type":"BreadcrumbList","@id":"https:\/\/globalsew.com\/product\/zz-1567-75-series\/#breadcrumb","itemListElement":[{"@type":"ListItem","position":1,"name":"Home","item":"https:\/\/globalsew.com\/"},{"@type":"ListItem","position":2,"name":"Products","item":"https:\/\/globalsew.com\/products\/"},{"@type":"ListItem","position":3,"name":"ZZ 1567-75 series"}]},{"@type":"WebSite","@id":"https:\/\/globalsew.com\/#website","url":"https:\/\/globalsew.com\/","name":"Global International B.V.","description":"Industrielle N\u00e4hmaschinen","potentialAction":[{"@type":"SearchAction","target":{"@type":"EntryPoint","urlTemplate":"https:\/\/globalsew.com\/?s={search_term_string}"},"query-input":{"@type":"PropertyValueSpecification","valueRequired":true,"valueName":"search_term_string"}}],"inLanguage":"de"}]}},"_links":{"self":[{"href":"https:\/\/globalsew.com\/de\/wp-json\/wp\/v2\/product\/15021","targetHints":{"allow":["GET"]}}],"collection":[{"href":"https:\/\/globalsew.com\/de\/wp-json\/wp\/v2\/product"}],"about":[{"href":"https:\/\/globalsew.com\/de\/wp-json\/wp\/v2\/types\/product"}],"wp:featuredmedia":[{"embeddable":true,"href":"https:\/\/globalsew.com\/de\/wp-json\/wp\/v2\/media\/105864"}],"wp:attachment":[{"href":"https:\/\/globalsew.com\/de\/wp-json\/wp\/v2\/media?parent=15021"}],"wp:term":[{"taxonomy":"product_brand","embeddable":true,"href":"https:\/\/globalsew.com\/de\/wp-json\/wp\/v2\/product_brand?post=15021"},{"taxonomy":"product_cat","embeddable":true,"href":"https:\/\/globalsew.com\/de\/wp-json\/wp\/v2\/product_cat?post=15021"},{"taxonomy":"product_tag","embeddable":true,"href":"https:\/\/globalsew.com\/de\/wp-json\/wp\/v2\/product_tag?post=15021"}],"curies":[{"name":"wp","href":"https:\/\/api.w.org\/{rel}","templated":true}]}}