{"id":113737,"date":"2025-09-29T12:59:53","date_gmt":"2025-09-29T10:59:53","guid":{"rendered":"https:\/\/globalsew.com\/?post_type=product&#038;p=113737"},"modified":"2025-10-20T16:14:50","modified_gmt":"2025-10-20T14:14:50","slug":"lp-2881-360","status":"publish","type":"product","link":"https:\/\/globalsew.com\/de\/product\/lp-2881-360\/","title":{"rendered":"LP 2881-360"},"content":{"rendered":"<p style=\"text-align: left;\"><strong>Global LP 2881-360<br \/>\n<\/strong>Einnadelige, 360 Grad drehbare Armn\u00e4hmaschine mit Standardgreifer, Rollfu\u00df mit Oberantrieb, Rad<br \/>\nund Nadeltransport. Die Maschine ist mit einer elektrischen Dr\u00fcckerfu\u00dfl\u00fcftung und einem elektrischen Verriegelungsmechanismus ausgestattet. Dieses Modell<br \/>\nwird von 3 Schrittmotoren angetrieben; am Rollendr\u00fccker, am Transportradmechanismus und am Nadeltransportmechanismus,<br \/>\nwas eine hervorragende Stich-in-Stich-Verarbeitung gew\u00e4hrleistet.<br \/>\nDie Maschine eignet sich zum N\u00e4hen von Lederstiefeln, Handtaschen, Schuhen und anderen sehr speziellen Materialien.<br \/>\nDer Stich wird elektronisch eingestellt, wodurch die Stichl\u00e4nge und der R\u00fcckw\u00e4rtsgang \"Stich in Stich\" pr\u00e4zise und von der<br \/>\nh\u00f6chste Qualit\u00e4t. Diese Maschine eignet sich hervorragend zum N\u00e4hen von Falten und seitlichen Abschl\u00fcssen, die sehr nah am Rand der<br \/>\ndas Material.<\/p>","protected":false},"excerpt":{"rendered":"<p><strong>Technische Daten:<\/strong><\/p>\n<ul>\n<li>Maschinengeschwindigkeit: 800 U\/min<\/li>\n<li>Oling-System: halbautomatisch<\/li>\n<li>Vorschubart: Nadel- und Radtransport, Rollendr\u00fccker mit Oberantrieb, 3x Schrittmotor<\/li>\n<li>Presserfu\u00dfhub: max. 10 mm<\/li>\n<li>Nadeltyp: 135\u00d75<\/li>\n<li>Arml\u00e4nge: 34 cm<\/li>\n<li>Stichl\u00e4nge: 5 mm<\/li>\n<\/ul>\n<p>&nbsp;<\/p>\n<div class=\"row\">\n<div class=\"col-md-4\"><a class=\"download-button\" href=\"https:\/\/globalsew.com\/wp-content\/uploads\/2021\/03\/Global-LP-2881-360.pdf\" target=\"_blank\" rel=\"noopener noreferrer\">Flugblatt<\/a><\/div>\n<\/div>","protected":false},"featured_media":113922,"template":"","meta":{"_acf_changed":false},"product_brand":[],"product_cat":[157,25,83],"product_tag":[],"class_list":{"0":"post-113737","1":"product","2":"type-product","3":"status-publish","4":"has-post-thumbnail","6":"product_cat-pattern-sewing-machines-upholstery","7":"product_cat-shoes","8":"product_cat-special-shoe-machines","9":"tm-no-options","11":"first","12":"instock","13":"shipping-taxable","14":"purchasable","15":"product-type-simple"},"acf":[],"gallery_images":[],"yoast_head":"<!-- This site is optimized with the Yoast SEO plugin v27.3 - https:\/\/yoast.com\/product\/yoast-seo-wordpress\/ -->\n<title>LP 2881-360 - Global International B.V.<\/title>\n<meta name=\"robots\" content=\"index, follow, max-snippet:-1, max-image-preview:large, max-video-preview:-1\" \/>\n<link rel=\"canonical\" href=\"https:\/\/globalsew.com\/de\/produkt\/lp-2881-360\/\" \/>\n<meta property=\"og:locale\" content=\"de_DE\" \/>\n<meta property=\"og:type\" content=\"article\" \/>\n<meta property=\"og:title\" content=\"LP 2881-360 - Global International B.V.\" \/>\n<meta property=\"og:description\" content=\"Technical specifications:   Machine speed: 800 spm  Oling system: semi automatic  Feed type: needle and wheel feed, top driven roller presser, 3x stepping motor  Presser foot lift: max 10 mm  Needle type: 135x5  Arm length: 34 cm  Stitch length: 5 mm  &nbsp;  Leaflet\" \/>\n<meta property=\"og:url\" content=\"https:\/\/globalsew.com\/de\/produkt\/lp-2881-360\/\" \/>\n<meta property=\"og:site_name\" content=\"Global International B.V.\" \/>\n<meta property=\"article:modified_time\" content=\"2025-10-20T14:14:50+00:00\" \/>\n<meta property=\"og:image\" content=\"https:\/\/globalsew.com\/wp-content\/uploads\/2025\/09\/products-LP-2881-360-01-global-1080-website-2025-copy.jpg\" \/>\n\t<meta property=\"og:image:width\" content=\"1819\" \/>\n\t<meta property=\"og:image:height\" content=\"1080\" \/>\n\t<meta property=\"og:image:type\" content=\"image\/jpeg\" \/>\n<meta name=\"twitter:card\" content=\"summary_large_image\" \/>\n<meta name=\"twitter:label1\" content=\"Gesch\u00e4tzte Lesezeit\" \/>\n\t<meta name=\"twitter:data1\" content=\"1\u00a0Minute\" \/>\n<script type=\"application\/ld+json\" class=\"yoast-schema-graph\">{\"@context\":\"https:\\\/\\\/schema.org\",\"@graph\":[{\"@type\":\"WebPage\",\"@id\":\"https:\\\/\\\/globalsew.com\\\/product\\\/lp-2881-360\\\/\",\"url\":\"https:\\\/\\\/globalsew.com\\\/product\\\/lp-2881-360\\\/\",\"name\":\"LP 2881-360 - Global International B.V.\",\"isPartOf\":{\"@id\":\"https:\\\/\\\/globalsew.com\\\/#website\"},\"primaryImageOfPage\":{\"@id\":\"https:\\\/\\\/globalsew.com\\\/product\\\/lp-2881-360\\\/#primaryimage\"},\"image\":{\"@id\":\"https:\\\/\\\/globalsew.com\\\/product\\\/lp-2881-360\\\/#primaryimage\"},\"thumbnailUrl\":\"https:\\\/\\\/globalsew.com\\\/wp-content\\\/uploads\\\/2025\\\/09\\\/products-LP-2881-360-01-global-1080-website-2025-copy.jpg\",\"datePublished\":\"2025-09-29T10:59:53+00:00\",\"dateModified\":\"2025-10-20T14:14:50+00:00\",\"breadcrumb\":{\"@id\":\"https:\\\/\\\/globalsew.com\\\/product\\\/lp-2881-360\\\/#breadcrumb\"},\"inLanguage\":\"de\",\"potentialAction\":[{\"@type\":\"ReadAction\",\"target\":[\"https:\\\/\\\/globalsew.com\\\/product\\\/lp-2881-360\\\/\"]}]},{\"@type\":\"ImageObject\",\"inLanguage\":\"de\",\"@id\":\"https:\\\/\\\/globalsew.com\\\/product\\\/lp-2881-360\\\/#primaryimage\",\"url\":\"https:\\\/\\\/globalsew.com\\\/wp-content\\\/uploads\\\/2025\\\/09\\\/products-LP-2881-360-01-global-1080-website-2025-copy.jpg\",\"contentUrl\":\"https:\\\/\\\/globalsew.com\\\/wp-content\\\/uploads\\\/2025\\\/09\\\/products-LP-2881-360-01-global-1080-website-2025-copy.jpg\",\"width\":1819,\"height\":1080},{\"@type\":\"BreadcrumbList\",\"@id\":\"https:\\\/\\\/globalsew.com\\\/product\\\/lp-2881-360\\\/#breadcrumb\",\"itemListElement\":[{\"@type\":\"ListItem\",\"position\":1,\"name\":\"Home\",\"item\":\"https:\\\/\\\/globalsew.com\\\/\"},{\"@type\":\"ListItem\",\"position\":2,\"name\":\"Products\",\"item\":\"https:\\\/\\\/globalsew.com\\\/products\\\/\"},{\"@type\":\"ListItem\",\"position\":3,\"name\":\"LP 2881-360\"}]},{\"@type\":\"WebSite\",\"@id\":\"https:\\\/\\\/globalsew.com\\\/#website\",\"url\":\"https:\\\/\\\/globalsew.com\\\/\",\"name\":\"Global International B.V.\",\"description\":\"Industrial Sewing Machines\",\"potentialAction\":[{\"@type\":\"SearchAction\",\"target\":{\"@type\":\"EntryPoint\",\"urlTemplate\":\"https:\\\/\\\/globalsew.com\\\/?s={search_term_string}\"},\"query-input\":{\"@type\":\"PropertyValueSpecification\",\"valueRequired\":true,\"valueName\":\"search_term_string\"}}],\"inLanguage\":\"de\"}]}<\/script>\n<!-- \/ Yoast SEO plugin. -->","yoast_head_json":{"title":"LP 2881-360 - Global International B.V.","robots":{"index":"index","follow":"follow","max-snippet":"max-snippet:-1","max-image-preview":"max-image-preview:large","max-video-preview":"max-video-preview:-1"},"canonical":"https:\/\/globalsew.com\/de\/produkt\/lp-2881-360\/","og_locale":"de_DE","og_type":"article","og_title":"LP 2881-360 - Global International B.V.","og_description":"Technical specifications:   Machine speed: 800 spm  Oling system: semi automatic  Feed type: needle and wheel feed, top driven roller presser, 3x stepping motor  Presser foot lift: max 10 mm  Needle type: 135x5  Arm length: 34 cm  Stitch length: 5 mm  &nbsp;  Leaflet","og_url":"https:\/\/globalsew.com\/de\/produkt\/lp-2881-360\/","og_site_name":"Global International B.V.","article_modified_time":"2025-10-20T14:14:50+00:00","og_image":[{"width":1819,"height":1080,"url":"https:\/\/globalsew.com\/wp-content\/uploads\/2025\/09\/products-LP-2881-360-01-global-1080-website-2025-copy.jpg","type":"image\/jpeg"}],"twitter_card":"summary_large_image","twitter_misc":{"Gesch\u00e4tzte Lesezeit":"1\u00a0Minute"},"schema":{"@context":"https:\/\/schema.org","@graph":[{"@type":"WebPage","@id":"https:\/\/globalsew.com\/product\/lp-2881-360\/","url":"https:\/\/globalsew.com\/product\/lp-2881-360\/","name":"LP 2881-360 - Global International B.V.","isPartOf":{"@id":"https:\/\/globalsew.com\/#website"},"primaryImageOfPage":{"@id":"https:\/\/globalsew.com\/product\/lp-2881-360\/#primaryimage"},"image":{"@id":"https:\/\/globalsew.com\/product\/lp-2881-360\/#primaryimage"},"thumbnailUrl":"https:\/\/globalsew.com\/wp-content\/uploads\/2025\/09\/products-LP-2881-360-01-global-1080-website-2025-copy.jpg","datePublished":"2025-09-29T10:59:53+00:00","dateModified":"2025-10-20T14:14:50+00:00","breadcrumb":{"@id":"https:\/\/globalsew.com\/product\/lp-2881-360\/#breadcrumb"},"inLanguage":"de","potentialAction":[{"@type":"ReadAction","target":["https:\/\/globalsew.com\/product\/lp-2881-360\/"]}]},{"@type":"ImageObject","inLanguage":"de","@id":"https:\/\/globalsew.com\/product\/lp-2881-360\/#primaryimage","url":"https:\/\/globalsew.com\/wp-content\/uploads\/2025\/09\/products-LP-2881-360-01-global-1080-website-2025-copy.jpg","contentUrl":"https:\/\/globalsew.com\/wp-content\/uploads\/2025\/09\/products-LP-2881-360-01-global-1080-website-2025-copy.jpg","width":1819,"height":1080},{"@type":"BreadcrumbList","@id":"https:\/\/globalsew.com\/product\/lp-2881-360\/#breadcrumb","itemListElement":[{"@type":"ListItem","position":1,"name":"Home","item":"https:\/\/globalsew.com\/"},{"@type":"ListItem","position":2,"name":"Products","item":"https:\/\/globalsew.com\/products\/"},{"@type":"ListItem","position":3,"name":"LP 2881-360"}]},{"@type":"WebSite","@id":"https:\/\/globalsew.com\/#website","url":"https:\/\/globalsew.com\/","name":"Global International B.V.","description":"Industrielle N\u00e4hmaschinen","potentialAction":[{"@type":"SearchAction","target":{"@type":"EntryPoint","urlTemplate":"https:\/\/globalsew.com\/?s={search_term_string}"},"query-input":{"@type":"PropertyValueSpecification","valueRequired":true,"valueName":"search_term_string"}}],"inLanguage":"de"}]}},"_links":{"self":[{"href":"https:\/\/globalsew.com\/de\/wp-json\/wp\/v2\/product\/113737","targetHints":{"allow":["GET"]}}],"collection":[{"href":"https:\/\/globalsew.com\/de\/wp-json\/wp\/v2\/product"}],"about":[{"href":"https:\/\/globalsew.com\/de\/wp-json\/wp\/v2\/types\/product"}],"wp:featuredmedia":[{"embeddable":true,"href":"https:\/\/globalsew.com\/de\/wp-json\/wp\/v2\/media\/113922"}],"wp:attachment":[{"href":"https:\/\/globalsew.com\/de\/wp-json\/wp\/v2\/media?parent=113737"}],"wp:term":[{"taxonomy":"product_brand","embeddable":true,"href":"https:\/\/globalsew.com\/de\/wp-json\/wp\/v2\/product_brand?post=113737"},{"taxonomy":"product_cat","embeddable":true,"href":"https:\/\/globalsew.com\/de\/wp-json\/wp\/v2\/product_cat?post=113737"},{"taxonomy":"product_tag","embeddable":true,"href":"https:\/\/globalsew.com\/de\/wp-json\/wp\/v2\/product_tag?post=113737"}],"curies":[{"name":"wp","href":"https:\/\/api.w.org\/{rel}","templated":true}]}}