{"id":113417,"date":"2025-07-01T13:30:34","date_gmt":"2025-07-01T11:30:34","guid":{"rendered":"https:\/\/globalsew.com\/?post_type=product&#038;p=113417"},"modified":"2025-10-22T09:15:12","modified_gmt":"2025-10-22T07:15:12","slug":"bt-1335-40","status":"publish","type":"product","link":"https:\/\/globalsew.com\/de\/product\/bt-1335-40\/","title":{"rendered":"BT 1335-40"},"content":{"rendered":"<p style=\"text-align: left;\"><strong>Global BT 1335-40\u00a0 \u00a0 \u00a0 \u00a0<img decoding=\"async\" class=\"alignnone wp-image-95402\" src=\"https:\/\/globalsew.com\/wp-content\/uploads\/2020\/03\/koban-xs-global.jpg\" alt=\"\" width=\"40\" height=\"37\" \/>\u00a0 \u00a0 \u00a0 \u00a0 \u00a0 \u00a0 \u00a0 \u00a0 \u00a0 \u00a0 \u00a0 \u00a0 \u00a0 \u00a0 \u00a0 \u00a0 \u00a0 \u00a0 \u00a0 \u00a0 \u00a0 \u00a0 \u00a0 \u00a0 \u00a0 \u00a0<\/strong><br \/>\nProgrammierbare elektronische Musterheftmaschine mit Direktantrieb, 40 cm Zylinderbett und normalem Greifer. Diese Maschine ist standardm\u00e4\u00dfig mit einer Fadenabrei\u00dfvorrichtung ausgestattet. Nadelk\u00fchlung und Barcodeleser sind optional erh\u00e4ltlich. Diese Maschine eignet sich zum N\u00e4hen von mittelschweren und schweren Materialien. Der Zylinderumfang betr\u00e4gt 180 mm. Es ist ein optionales Gestell erh\u00e4ltlich, um die Maschine mit einer N\u00e4hfl\u00e4che von 250 x 160 mm zu verwenden. Es ist m\u00f6glich, die Maschine mit der Musterdesign-Software f\u00fcr PC zu programmieren (optional). Die Maschine wird komplett mit Tischplatte, Gestell und einem direkt angetriebenen Mini-Servomotor geliefert.<\/p>\n<p style=\"padding-left: 40px;\"><img fetchpriority=\"high\" decoding=\"async\" class=\"alignleft wp-image-95401\" src=\"https:\/\/globalsew.com\/wp-content\/uploads\/2020\/03\/BT-SOFTWARE-DAHAO-GLOBAL-1-1024x603.jpg\" alt=\"\" width=\"355\" height=\"209\" srcset=\"https:\/\/globalsew.com\/wp-content\/uploads\/2020\/03\/BT-SOFTWARE-DAHAO-GLOBAL-1-1024x603.jpg 1024w, https:\/\/globalsew.com\/wp-content\/uploads\/2020\/03\/BT-SOFTWARE-DAHAO-GLOBAL-1-1080x636.jpg 1080w, https:\/\/globalsew.com\/wp-content\/uploads\/2020\/03\/BT-SOFTWARE-DAHAO-GLOBAL-1-555x327.jpg 555w, https:\/\/globalsew.com\/wp-content\/uploads\/2020\/03\/BT-SOFTWARE-DAHAO-GLOBAL-1-300x177.jpg 300w, https:\/\/globalsew.com\/wp-content\/uploads\/2020\/03\/BT-SOFTWARE-DAHAO-GLOBAL-1-768x452.jpg 768w, https:\/\/globalsew.com\/wp-content\/uploads\/2020\/03\/BT-SOFTWARE-DAHAO-GLOBAL-1-205x121.jpg 205w, https:\/\/globalsew.com\/wp-content\/uploads\/2020\/03\/BT-SOFTWARE-DAHAO-GLOBAL-1.jpg 1417w\" sizes=\"(max-width: 355px) 100vw, 355px\" \/><img decoding=\"async\" class=\"wp-image-95338 alignright\" src=\"https:\/\/globalsew.com\/wp-content\/uploads\/2020\/03\/bt-panel-pc-global-m-300x180.jpg\" alt=\"\" width=\"299\" height=\"180\" srcset=\"https:\/\/globalsew.com\/wp-content\/uploads\/2020\/03\/bt-panel-pc-global-m-300x180.jpg 300w, https:\/\/globalsew.com\/wp-content\/uploads\/2020\/03\/bt-panel-pc-global-m-205x123.jpg 205w, https:\/\/globalsew.com\/wp-content\/uploads\/2020\/03\/bt-panel-pc-global-m.jpg 369w\" sizes=\"(max-width: 299px) 100vw, 299px\" \/><\/p>\n<p style=\"text-align: left;\">Dahao Technologies erm\u00f6glicht das Entwerfen und \u00c4ndern von Mustern sowohl \u00fcber das einfach zu bedienende Touchpanel als auch \u00fcber die Software, die direkt \u00fcber USB heruntergeladen werden kann. Die Maschine kann lesen: <span style=\"font-size: 10pt;\"><strong>.DXF .NSP .DST .SEW .EMB Dateien<\/strong><\/span><\/p>\n<p><a href=\"https:\/\/globalsew.com\/de\/dahao\/\"><img loading=\"lazy\" decoding=\"async\" class=\"alignnone wp-image-95625\" src=\"https:\/\/globalsew.com\/wp-content\/uploads\/2020\/03\/BANNER-TEST2-GLOBAL-DAHOA.jpg\" alt=\"\" width=\"176\" height=\"51\" srcset=\"https:\/\/globalsew.com\/wp-content\/uploads\/2020\/03\/BANNER-TEST2-GLOBAL-DAHOA.jpg 789w, https:\/\/globalsew.com\/wp-content\/uploads\/2020\/03\/BANNER-TEST2-GLOBAL-DAHOA-555x160.jpg 555w, https:\/\/globalsew.com\/wp-content\/uploads\/2020\/03\/BANNER-TEST2-GLOBAL-DAHOA-300x87.jpg 300w, https:\/\/globalsew.com\/wp-content\/uploads\/2020\/03\/BANNER-TEST2-GLOBAL-DAHOA-768x222.jpg 768w, https:\/\/globalsew.com\/wp-content\/uploads\/2020\/03\/BANNER-TEST2-GLOBAL-DAHOA-205x59.jpg 205w\" sizes=\"(max-width: 176px) 100vw, 176px\" \/><\/a><\/p>\n<p>&nbsp;<\/p>\n<p>&nbsp;<\/p>\n<p style=\"text-align: left;\"><strong>ANWENDUNG :\u00a0<\/strong><br \/>\n<span style=\"font-size: inherit;\">Etiketten oder Muster in Schuhen, oder verschiedene Designs zum Aufn\u00e4hen von Schulterriemen auf Taschen. Die N\u00e4hfl\u00e4che betr\u00e4gt 250 x160 mm. Die H\u00f6he des N\u00e4hfu\u00dfes kann durch einen Schrittmotor eingestellt werden. Die Maschine wird komplett mit Tischplatte, Gestell und direkt angetriebenem Mini-Servomotor geliefert. Inklusive Fadenabrei\u00dfvorrichtung.<\/span><\/p>\n<p>&nbsp;<\/p>\n<p><strong>STANDARD :<\/strong><\/p>\n<p><img loading=\"lazy\" decoding=\"async\" class=\"alignnone wp-image-95409\" src=\"https:\/\/globalsew.com\/wp-content\/uploads\/2020\/03\/test-thread-software-bt-options-global-1.jpg\" alt=\"\" width=\"161\" height=\"169\" \/>\u00a0 \u00a0<img loading=\"lazy\" decoding=\"async\" class=\"alignnone wp-image-95411\" src=\"https:\/\/globalsew.com\/wp-content\/uploads\/2020\/03\/test-led-bt-options-global.jpg\" alt=\"\" width=\"163\" height=\"171\" \/>\u00a0 \u00a0 <img loading=\"lazy\" decoding=\"async\" class=\"alignnone wp-image-95412\" src=\"https:\/\/globalsew.com\/wp-content\/uploads\/2020\/03\/test-2-padel-bt-options-global.jpg\" alt=\"\" width=\"165\" height=\"173\" \/><\/p>\n<p style=\"text-align: left;\"><strong>OPTIONEN :<\/strong><\/p>\n<p>\u00a0 \u00a0<img loading=\"lazy\" decoding=\"async\" class=\"alignnone wp-image-95407\" src=\"https:\/\/globalsew.com\/wp-content\/uploads\/2020\/03\/test-thread-software-bt-options-global.jpg\" alt=\"\" width=\"154\" height=\"161\" \/>\u00a0 \u00a0 \u00a0<img loading=\"lazy\" decoding=\"async\" class=\"alignnone wp-image-95410\" src=\"https:\/\/globalsew.com\/wp-content\/uploads\/2020\/03\/test-needle-cooling-bt-options-global.jpg\" alt=\"\" width=\"159\" height=\"167\" \/>\u00a0 \u00a0 \u00a0<img loading=\"lazy\" decoding=\"async\" class=\"alignnone wp-image-95413\" src=\"https:\/\/globalsew.com\/wp-content\/uploads\/2020\/03\/test-3-padel-bt-options-global.jpg\" alt=\"\" width=\"162\" height=\"170\" \/>\u00a0 \u00a0 \u00a0 <img loading=\"lazy\" decoding=\"async\" class=\"alignnone wp-image-95414\" src=\"https:\/\/globalsew.com\/wp-content\/uploads\/2020\/03\/test-SECOND-TENTION-bt-options-global.jpg\" alt=\"\" width=\"163\" height=\"171\" \/>\u00a0 \u00a0 \u00a0 <img loading=\"lazy\" decoding=\"async\" class=\"alignnone wp-image-95415\" src=\"https:\/\/globalsew.com\/wp-content\/uploads\/2020\/03\/test-flat-plate-bt-options-global.jpg\" alt=\"\" width=\"168\" height=\"176\" \/>\u00a0 \u00a0 \u00a0 <img loading=\"lazy\" decoding=\"async\" class=\"alignnone wp-image-95416\" src=\"https:\/\/globalsew.com\/wp-content\/uploads\/2020\/03\/test-barcode-reader-bt-options-global.jpg\" alt=\"\" width=\"169\" height=\"177\" \/><\/p>\n<p style=\"text-align: left;\">","protected":false},"excerpt":{"rendered":"<p>&nbsp;<\/p>\n<div class=\"row\">\n<div class=\"col-md-4\"><a class=\"download-button\" href=\"https:\/\/globalsew.com\/wp-content\/uploads\/2017\/02\/Global-BT-1335-series.pdf\" target=\"_blank\" rel=\"noopener noreferrer\">Flugblatt<\/a><\/div>\n<\/div>\n<p>&nbsp;<\/p>\n<p>&nbsp;<\/p>\n<p><img loading=\"lazy\" decoding=\"async\" class=\"alignnone size-medium wp-image-95335\" src=\"https:\/\/globalsew.com\/wp-content\/uploads\/2020\/03\/icons-global-bt-m-300x42.jpg\" alt=\"\" width=\"300\" height=\"42\" srcset=\"https:\/\/globalsew.com\/wp-content\/uploads\/2020\/03\/icons-global-bt-m-300x42.jpg 300w, https:\/\/globalsew.com\/wp-content\/uploads\/2020\/03\/icons-global-bt-m-205x29.jpg 205w, https:\/\/globalsew.com\/wp-content\/uploads\/2020\/03\/icons-global-bt-m.jpg 344w\" sizes=\"(max-width: 300px) 100vw, 300px\" \/>\u00a0 \u00a0 \u00a0 \u00a0 \u00a0 \u00a0 \u00a0 \u00a0 \u00a0 \u00a0 \u00a0 \u00a0 \u00a0 \u00a0 <img loading=\"lazy\" decoding=\"async\" class=\"alignnone wp-image-95406\" src=\"https:\/\/globalsew.com\/wp-content\/uploads\/2020\/03\/CE-EAC-ICON-GLOBALSEW-300x148.jpg\" alt=\"\" width=\"77\" height=\"38\" srcset=\"https:\/\/globalsew.com\/wp-content\/uploads\/2020\/03\/CE-EAC-ICON-GLOBALSEW-300x148.jpg 300w, https:\/\/globalsew.com\/wp-content\/uploads\/2020\/03\/CE-EAC-ICON-GLOBALSEW-scaled-1080x533.jpg 1080w, https:\/\/globalsew.com\/wp-content\/uploads\/2020\/03\/CE-EAC-ICON-GLOBALSEW-555x274.jpg 555w, https:\/\/globalsew.com\/wp-content\/uploads\/2020\/03\/CE-EAC-ICON-GLOBALSEW-1024x505.jpg 1024w, https:\/\/globalsew.com\/wp-content\/uploads\/2020\/03\/CE-EAC-ICON-GLOBALSEW-768x379.jpg 768w, https:\/\/globalsew.com\/wp-content\/uploads\/2020\/03\/CE-EAC-ICON-GLOBALSEW-1536x758.jpg 1536w, https:\/\/globalsew.com\/wp-content\/uploads\/2020\/03\/CE-EAC-ICON-GLOBALSEW-2048x1011.jpg 2048w, https:\/\/globalsew.com\/wp-content\/uploads\/2020\/03\/CE-EAC-ICON-GLOBALSEW-205x101.jpg 205w\" sizes=\"(max-width: 77px) 100vw, 77px\" \/><\/p>\n<p>&nbsp;<\/p>\n<p><strong>Technische Daten:<\/strong><\/p>\n<ul>\n<li>Maschinengeschwindigkeit: 1200 U\/min<\/li>\n<li>Vorschubsystem: durch Impulsmotor (X-Y)<br \/>\nHakentyp: regelm\u00e4\u00dfige Drehhaken<\/li>\n<li>Stichl\u00e4nge: max. 12 mm<\/li>\n<li>Presserfu\u00dfhub: max. 16 mm<\/li>\n<li>Klammerhub: bis zu 22 mm (pneumatisch)<\/li>\n<li>Nadeltyp: DPx17<\/li>\n<li>Stromquelle: 220-240 V, einphasig, 50-60 Hz Direktantrieb AC-Servomotor<\/li>\n<li>N\u00e4hbereich 250\u00d7160 mm<\/li>\n<\/ul>\n<p>&nbsp;<\/p>\n<div class=\"row\"><\/div>","protected":false},"featured_media":113425,"template":"","meta":{"_acf_changed":false},"product_brand":[],"product_cat":[157,97,152],"product_tag":[],"class_list":{"0":"post-113417","1":"product","2":"type-product","3":"status-publish","4":"has-post-thumbnail","6":"product_cat-pattern-sewing-machines-upholstery","7":"product_cat-pattern-sewing-machines","8":"product_cat-patternsewers","9":"tm-has-options","11":"first","12":"instock","13":"shipping-taxable","14":"purchasable","15":"product-type-simple"},"acf":[],"gallery_images":[113423,113424,113422,113421,113420,113419,113418],"yoast_head":"<!-- This site is optimized with the Yoast SEO plugin v27.3 - https:\/\/yoast.com\/product\/yoast-seo-wordpress\/ -->\n<title>BT 1335-40 - Global International B.V.<\/title>\n<meta name=\"robots\" content=\"index, follow, max-snippet:-1, max-image-preview:large, max-video-preview:-1\" \/>\n<link rel=\"canonical\" href=\"https:\/\/globalsew.com\/de\/produkt\/bt-1335-40\/\" \/>\n<meta property=\"og:locale\" content=\"de_DE\" \/>\n<meta property=\"og:type\" content=\"article\" \/>\n<meta property=\"og:title\" content=\"BT 1335-40 - Global International B.V.\" \/>\n<meta property=\"og:description\" content=\"&nbsp;  Leaflet  &nbsp;  &nbsp;  \u00a0 \u00a0 \u00a0 \u00a0 \u00a0 \u00a0 \u00a0 \u00a0 \u00a0 \u00a0 \u00a0 \u00a0 \u00a0 \u00a0   &nbsp;  Technical specifications:   Machine speed: 1200 spm  Feeding system: by pulse motor (X-Y) Hook type: regular rotating ook  Stitch length: max 12 mm  Presser foot lift: max 16 mm  Clamp lift: up to 22 mm (pneumatic)  Needle type: DPx17  Power source: 220-240 V, single phase, 50-60 Hz direct drive AC servo motor  Sewing range 250x160 mm  &nbsp;\" \/>\n<meta property=\"og:url\" content=\"https:\/\/globalsew.com\/de\/produkt\/bt-1335-40\/\" \/>\n<meta property=\"og:site_name\" content=\"Global International B.V.\" \/>\n<meta property=\"article:modified_time\" content=\"2025-10-22T07:15:12+00:00\" \/>\n<meta property=\"og:image\" content=\"https:\/\/globalsew.com\/wp-content\/uploads\/2025\/07\/products-bt-1335-lh-05-global-1080-website-2025.jpeg\" \/>\n\t<meta property=\"og:image:width\" content=\"1280\" \/>\n\t<meta property=\"og:image:height\" content=\"760\" \/>\n\t<meta property=\"og:image:type\" content=\"image\/jpeg\" \/>\n<meta name=\"twitter:card\" content=\"summary_large_image\" \/>\n<meta name=\"twitter:label1\" content=\"Gesch\u00e4tzte Lesezeit\" \/>\n\t<meta name=\"twitter:data1\" content=\"4\u00a0Minuten\" \/>\n<script type=\"application\/ld+json\" class=\"yoast-schema-graph\">{\"@context\":\"https:\\\/\\\/schema.org\",\"@graph\":[{\"@type\":\"WebPage\",\"@id\":\"https:\\\/\\\/globalsew.com\\\/product\\\/bt-1335-40\\\/\",\"url\":\"https:\\\/\\\/globalsew.com\\\/product\\\/bt-1335-40\\\/\",\"name\":\"BT 1335-40 - Global International B.V.\",\"isPartOf\":{\"@id\":\"https:\\\/\\\/globalsew.com\\\/#website\"},\"primaryImageOfPage\":{\"@id\":\"https:\\\/\\\/globalsew.com\\\/product\\\/bt-1335-40\\\/#primaryimage\"},\"image\":{\"@id\":\"https:\\\/\\\/globalsew.com\\\/product\\\/bt-1335-40\\\/#primaryimage\"},\"thumbnailUrl\":\"https:\\\/\\\/globalsew.com\\\/wp-content\\\/uploads\\\/2025\\\/07\\\/products-bt-1335-lh-05-global-1080-website-2025.jpeg\",\"datePublished\":\"2025-07-01T11:30:34+00:00\",\"dateModified\":\"2025-10-22T07:15:12+00:00\",\"breadcrumb\":{\"@id\":\"https:\\\/\\\/globalsew.com\\\/product\\\/bt-1335-40\\\/#breadcrumb\"},\"inLanguage\":\"de\",\"potentialAction\":[{\"@type\":\"ReadAction\",\"target\":[\"https:\\\/\\\/globalsew.com\\\/product\\\/bt-1335-40\\\/\"]}]},{\"@type\":\"ImageObject\",\"inLanguage\":\"de\",\"@id\":\"https:\\\/\\\/globalsew.com\\\/product\\\/bt-1335-40\\\/#primaryimage\",\"url\":\"https:\\\/\\\/globalsew.com\\\/wp-content\\\/uploads\\\/2025\\\/07\\\/products-bt-1335-lh-05-global-1080-website-2025.jpeg\",\"contentUrl\":\"https:\\\/\\\/globalsew.com\\\/wp-content\\\/uploads\\\/2025\\\/07\\\/products-bt-1335-lh-05-global-1080-website-2025.jpeg\",\"width\":1280,\"height\":760},{\"@type\":\"BreadcrumbList\",\"@id\":\"https:\\\/\\\/globalsew.com\\\/product\\\/bt-1335-40\\\/#breadcrumb\",\"itemListElement\":[{\"@type\":\"ListItem\",\"position\":1,\"name\":\"Home\",\"item\":\"https:\\\/\\\/globalsew.com\\\/\"},{\"@type\":\"ListItem\",\"position\":2,\"name\":\"Products\",\"item\":\"https:\\\/\\\/globalsew.com\\\/products\\\/\"},{\"@type\":\"ListItem\",\"position\":3,\"name\":\"BT 1335-40\"}]},{\"@type\":\"WebSite\",\"@id\":\"https:\\\/\\\/globalsew.com\\\/#website\",\"url\":\"https:\\\/\\\/globalsew.com\\\/\",\"name\":\"Global International B.V.\",\"description\":\"Industrial Sewing Machines\",\"potentialAction\":[{\"@type\":\"SearchAction\",\"target\":{\"@type\":\"EntryPoint\",\"urlTemplate\":\"https:\\\/\\\/globalsew.com\\\/?s={search_term_string}\"},\"query-input\":{\"@type\":\"PropertyValueSpecification\",\"valueRequired\":true,\"valueName\":\"search_term_string\"}}],\"inLanguage\":\"de\"}]}<\/script>\n<!-- \/ Yoast SEO plugin. -->","yoast_head_json":{"title":"BT 1335-40 - Global International B.V.","robots":{"index":"index","follow":"follow","max-snippet":"max-snippet:-1","max-image-preview":"max-image-preview:large","max-video-preview":"max-video-preview:-1"},"canonical":"https:\/\/globalsew.com\/de\/produkt\/bt-1335-40\/","og_locale":"de_DE","og_type":"article","og_title":"BT 1335-40 - Global International B.V.","og_description":"&nbsp;  Leaflet  &nbsp;  &nbsp;  \u00a0 \u00a0 \u00a0 \u00a0 \u00a0 \u00a0 \u00a0 \u00a0 \u00a0 \u00a0 \u00a0 \u00a0 \u00a0 \u00a0   &nbsp;  Technical specifications:   Machine speed: 1200 spm  Feeding system: by pulse motor (X-Y) Hook type: regular rotating ook  Stitch length: max 12 mm  Presser foot lift: max 16 mm  Clamp lift: up to 22 mm (pneumatic)  Needle type: DPx17  Power source: 220-240 V, single phase, 50-60 Hz direct drive AC servo motor  Sewing range 250x160 mm  &nbsp;","og_url":"https:\/\/globalsew.com\/de\/produkt\/bt-1335-40\/","og_site_name":"Global International B.V.","article_modified_time":"2025-10-22T07:15:12+00:00","og_image":[{"width":1280,"height":760,"url":"https:\/\/globalsew.com\/wp-content\/uploads\/2025\/07\/products-bt-1335-lh-05-global-1080-website-2025.jpeg","type":"image\/jpeg"}],"twitter_card":"summary_large_image","twitter_misc":{"Gesch\u00e4tzte Lesezeit":"4\u00a0Minuten"},"schema":{"@context":"https:\/\/schema.org","@graph":[{"@type":"WebPage","@id":"https:\/\/globalsew.com\/product\/bt-1335-40\/","url":"https:\/\/globalsew.com\/product\/bt-1335-40\/","name":"BT 1335-40 - Global International B.V.","isPartOf":{"@id":"https:\/\/globalsew.com\/#website"},"primaryImageOfPage":{"@id":"https:\/\/globalsew.com\/product\/bt-1335-40\/#primaryimage"},"image":{"@id":"https:\/\/globalsew.com\/product\/bt-1335-40\/#primaryimage"},"thumbnailUrl":"https:\/\/globalsew.com\/wp-content\/uploads\/2025\/07\/products-bt-1335-lh-05-global-1080-website-2025.jpeg","datePublished":"2025-07-01T11:30:34+00:00","dateModified":"2025-10-22T07:15:12+00:00","breadcrumb":{"@id":"https:\/\/globalsew.com\/product\/bt-1335-40\/#breadcrumb"},"inLanguage":"de","potentialAction":[{"@type":"ReadAction","target":["https:\/\/globalsew.com\/product\/bt-1335-40\/"]}]},{"@type":"ImageObject","inLanguage":"de","@id":"https:\/\/globalsew.com\/product\/bt-1335-40\/#primaryimage","url":"https:\/\/globalsew.com\/wp-content\/uploads\/2025\/07\/products-bt-1335-lh-05-global-1080-website-2025.jpeg","contentUrl":"https:\/\/globalsew.com\/wp-content\/uploads\/2025\/07\/products-bt-1335-lh-05-global-1080-website-2025.jpeg","width":1280,"height":760},{"@type":"BreadcrumbList","@id":"https:\/\/globalsew.com\/product\/bt-1335-40\/#breadcrumb","itemListElement":[{"@type":"ListItem","position":1,"name":"Home","item":"https:\/\/globalsew.com\/"},{"@type":"ListItem","position":2,"name":"Products","item":"https:\/\/globalsew.com\/products\/"},{"@type":"ListItem","position":3,"name":"BT 1335-40"}]},{"@type":"WebSite","@id":"https:\/\/globalsew.com\/#website","url":"https:\/\/globalsew.com\/","name":"Global International B.V.","description":"Industrielle N\u00e4hmaschinen","potentialAction":[{"@type":"SearchAction","target":{"@type":"EntryPoint","urlTemplate":"https:\/\/globalsew.com\/?s={search_term_string}"},"query-input":{"@type":"PropertyValueSpecification","valueRequired":true,"valueName":"search_term_string"}}],"inLanguage":"de"}]}},"_links":{"self":[{"href":"https:\/\/globalsew.com\/de\/wp-json\/wp\/v2\/product\/113417","targetHints":{"allow":["GET"]}}],"collection":[{"href":"https:\/\/globalsew.com\/de\/wp-json\/wp\/v2\/product"}],"about":[{"href":"https:\/\/globalsew.com\/de\/wp-json\/wp\/v2\/types\/product"}],"wp:featuredmedia":[{"embeddable":true,"href":"https:\/\/globalsew.com\/de\/wp-json\/wp\/v2\/media\/113425"}],"wp:attachment":[{"href":"https:\/\/globalsew.com\/de\/wp-json\/wp\/v2\/media?parent=113417"}],"wp:term":[{"taxonomy":"product_brand","embeddable":true,"href":"https:\/\/globalsew.com\/de\/wp-json\/wp\/v2\/product_brand?post=113417"},{"taxonomy":"product_cat","embeddable":true,"href":"https:\/\/globalsew.com\/de\/wp-json\/wp\/v2\/product_cat?post=113417"},{"taxonomy":"product_tag","embeddable":true,"href":"https:\/\/globalsew.com\/de\/wp-json\/wp\/v2\/product_tag?post=113417"}],"curies":[{"name":"wp","href":"https:\/\/api.w.org\/{rel}","templated":true}]}}